{"id":23567,"date":"2025-07-07T14:48:23","date_gmt":"2025-07-07T13:48:23","guid":{"rendered":"https:\/\/readaptation.umontreal.ca\/?page_id=23567"},"modified":"2025-07-07T14:49:07","modified_gmt":"2025-07-07T13:49:07","slug":"laurence-roy-erg-phd","status":"publish","type":"page","link":"https:\/\/readaptation.umontreal.ca\/en\/laurence-roy-erg-phd\/","title":{"rendered":"Laurence Roy erg. PhD"},"content":{"rendered":"<div class=\"one-third first \">\n<span style=\"color: #ffffff;\">&#8211;<\/span><br \/>\n<img loading=\"lazy\" decoding=\"async\" src=\"https:\/\/readaptation.umontreal.ca\/wp-content\/uploads\/sites\/21\/2025\/07\/Roy_Laurence.jpg\" alt=\"\" class=\"alignnone wp-image-23560 size-full\" width=\"198\" height=\"283\" \/><br \/>\n<\/div>\n<div class=\"two-third  \">\n<h3>Aggregate Professor<\/h3>\n<p style=\"text-align: justify;\"><strong>Contact details (Research)<br \/>\n<\/strong>Centre de recherche de l\u2019Institut national de psychiatrie l\u00e9gale Philippe-Pinel (INPLPP)<\/p>\n<p style=\"text-align: justify;\">Centre de recherche de Montr\u00e9al sur les in\u00e9galit\u00e9s sociales, les discriminations et les pratiques alternatives de citoyennet\u00e9 (CREMIS)<\/p>\n<p><strong>Contact<\/strong><strong> details (School of Rehabilitation<\/strong>)<br \/>\n<a href=\"mailto:laurence.roy@umontreal.ca\">laurence.roy@umontreal.ca<\/a><\/p>\n<p><strong>Program<\/strong><strong><br \/>\n<\/strong>Occupational Therapy<\/p>\n<\/div>\n<hr\/>\n<h2>Education<\/h2>\n<ul>\n<li>B. Sc. Ergoth\u00e9rapie, Universit\u00e9 de Montr\u00e9al (2005)<\/li>\n<li>PhD Sciences biom\u00e9dicales (option R\u00e9adaptation), Universit\u00e9 de Montr\u00e9al (2012)<\/li>\n<li>Post-doctorat Psychiatrie, Universit\u00e9 McGill (2014)<\/li>\n<\/ul>\n<h2>Current research projects<\/h2>\n<ul>\n<li style=\"text-align: justify;\">Projet AMONT : Prevention of homelessness and monitoring the residential situation of new users of mental health services<\/li>\n<li style=\"text-align: justify;\">Preventing and reducing homelessness among individuals with acquired brain injury: Collaborative synthesis of knowledge<\/li>\n<li style=\"text-align: justify;\">Meaningful activities in secure forensic mental health care settings: A participatory mapping study<\/li>\n<li style=\"text-align: justify;\">Projet Lotus : Supporting the post-shelter transition of women through participatory research<\/li>\n<\/ul>\n<h2>Selected publications<\/h2>\n<ul>\n<li style=\"text-align: justify;\"><strong>Roy, L<\/strong>., Leclair, M., Crocker, A. G., Abdel-Baki, A., de Benedictis, L., B\u00e9rub\u00e9, F.-A., Thibeault, E., Latimer, E., Roy, M.-A. (2024). Risk factors for homelessness and housing instability in the first episode of mental illness: Initial findings from the AMONT study. <em>Early Intervention in Psychiatry<\/em>. doi: https:\/\/doi.org\/10.1111\/eip.13495<\/li>\n<li style=\"text-align: justify;\"><u>Jacobsen, K<\/u>., <strong>Roy, L<\/strong>., Seto, V., Marshall, C. A., &amp; Perreault, M. (2024). \u201cI Always Have my Key in my Hand\u201d: A Photovoice Exploration with Women in Post-Shelter Transition. <em>International Journal on Homelessness, 4<\/em>(2), 256-280. doi: 10.5206\/ijoh.2023.3.17310<\/li>\n<li style=\"text-align: justify;\"><u>Jubinville, W<\/u>., <u>Ducharme, R<\/u>., Hendryckx, C., <strong>Roy, L<\/strong>., &amp; Bottari, C. (2025). Barriers, facilitators and solutions to the care of people experiencing homelessness with traumatic brain injury in Quebec, Canada: clinicians\u2019 and concerned parties\u2019 perspectives. <em>Disability and Rehabilitation<\/em>, 1\u201310. <a href=\"https:\/\/doi.org\/10.1080\/09638288.2025.2496359\">https:\/\/doi.org\/10.1080\/09638288.2025.2496359<\/a><\/li>\n<li style=\"text-align: justify;\">Marshall, C. A., Gewurtz, R., Barbic, S., <strong>Roy, L<\/strong>., Lysaght, R., Ross, C., . . . Kirsh, B. (2023). <em>Bridging the transition from homeless to housed: A social justice framework to guide the practice of occupational therapists \u2013 2<sup>nd<\/sup> edition<\/em>: <a href=\"hpps:\/\/www.sjmhlab.cim\/publications.\">hpps:\/\/www.sjmhlab.cim\/publications.<\/a><\/li>\n<li style=\"text-align: justify;\"><strong>Roy, L<\/strong>., Campbell, A., Gervais, I., Crocker, A.G. (2023). La pre\u0301vention de l\u2019itine\u0301rance lie\u0301e aux processus judiciaires et correctionnels : proposition de recommandations. Collectif que\u0301be\u0301cois pour la pre\u0301vention de l\u2019itine\u0301rance (CQPI)\u00a0: <a href=\"https:\/\/www.cqpi.ca\/processus-judiciaires-et-correctionnels\">https:\/\/www.cqpi.ca\/processus-judiciaires-et-correctionnels<\/a><\/li>\n<\/ul>\n<h2>Research interests<\/h2>\n<ul>\n<li>Occupational Therapy and Mental Health<\/li>\n<li>Mental health and Forensic Services<\/li>\n<li>Health and Rehabilitation Needs of Populations experiencing Homelessness and Residential instability<\/li>\n<li>Homelessness Prevention<\/li>\n<li>Health Inequities<\/li>\n<li>Participatory, Qualitative and Mixed Methods Research<\/li>\n<\/ul>\n","protected":false},"excerpt":{"rendered":"<p>Education B. Sc. Ergoth\u00e9rapie, Universit\u00e9 de Montr\u00e9al (2005) PhD Sciences biom\u00e9dicales (option R\u00e9adaptation), Universit\u00e9 de Montr\u00e9al (2012) Post-doctorat Psychiatrie, Universit\u00e9 McGill (2014) Current research projects Projet AMONT : Prevention of [&hellip;]<\/p>\n","protected":false},"author":59,"featured_media":0,"parent":0,"menu_order":0,"comment_status":"closed","ping_status":"closed","template":"","meta":{"footnotes":""},"class_list":["post-23567","page","type-page","status-publish","hentry"],"yoast_head":"<!-- This site is optimized with the Yoast SEO plugin v25.0 - https:\/\/yoast.com\/wordpress\/plugins\/seo\/ -->\n<title>Laurence Roy erg. PhD - \u00c9cole de r\u00e9adaptation - Universit\u00e9 de Montr\u00e9al<\/title>\n<meta name=\"robots\" content=\"index, follow, max-snippet:-1, max-image-preview:large, max-video-preview:-1\" \/>\n<link rel=\"canonical\" href=\"https:\/\/readaptation.umontreal.ca\/en\/laurence-roy-erg-phd\/\" \/>\n<meta property=\"og:locale\" content=\"en_US\" \/>\n<meta property=\"og:type\" content=\"article\" \/>\n<meta property=\"og:title\" content=\"Laurence Roy erg. PhD - \u00c9cole de r\u00e9adaptation - Universit\u00e9 de Montr\u00e9al\" \/>\n<meta property=\"og:description\" content=\"Education B. Sc. Ergoth\u00e9rapie, Universit\u00e9 de Montr\u00e9al (2005) PhD Sciences biom\u00e9dicales (option R\u00e9adaptation), Universit\u00e9 de Montr\u00e9al (2012) Post-doctorat Psychiatrie, Universit\u00e9 McGill (2014) Current research projects Projet AMONT : Prevention of [&hellip;]\" \/>\n<meta property=\"og:url\" content=\"https:\/\/readaptation.umontreal.ca\/en\/laurence-roy-erg-phd\/\" \/>\n<meta property=\"og:site_name\" content=\"\u00c9cole de r\u00e9adaptation\" \/>\n<meta property=\"article:modified_time\" content=\"2025-07-07T13:49:07+00:00\" \/>\n<meta property=\"og:image\" content=\"https:\/\/readaptation.umontreal.ca\/wp-content\/uploads\/sites\/21\/2025\/07\/Roy_Laurence.jpg\" \/>\n\t<meta property=\"og:image:width\" content=\"198\" \/>\n\t<meta property=\"og:image:height\" content=\"283\" \/>\n\t<meta property=\"og:image:type\" content=\"image\/jpeg\" \/>\n<meta name=\"twitter:label1\" content=\"Est. reading time\" \/>\n\t<meta name=\"twitter:data1\" content=\"3 minutes\" \/>\n<script type=\"application\/ld+json\" class=\"yoast-schema-graph\">{\"@context\":\"https:\/\/schema.org\",\"@graph\":[{\"@type\":\"WebPage\",\"@id\":\"https:\/\/readaptation.umontreal.ca\/en\/laurence-roy-erg-phd\/\",\"url\":\"https:\/\/readaptation.umontreal.ca\/en\/laurence-roy-erg-phd\/\",\"name\":\"Laurence Roy erg. PhD - \u00c9cole de r\u00e9adaptation - Universit\u00e9 de Montr\u00e9al\",\"isPartOf\":{\"@id\":\"https:\/\/readaptation.umontreal.ca\/#website\"},\"primaryImageOfPage\":{\"@id\":\"https:\/\/readaptation.umontreal.ca\/en\/laurence-roy-erg-phd\/#primaryimage\"},\"image\":{\"@id\":\"https:\/\/readaptation.umontreal.ca\/en\/laurence-roy-erg-phd\/#primaryimage\"},\"thumbnailUrl\":\"https:\/\/readaptation.umontreal.ca\/wp-content\/uploads\/sites\/21\/2025\/07\/Roy_Laurence.jpg\",\"datePublished\":\"2025-07-07T13:48:23+00:00\",\"dateModified\":\"2025-07-07T13:49:07+00:00\",\"breadcrumb\":{\"@id\":\"https:\/\/readaptation.umontreal.ca\/en\/laurence-roy-erg-phd\/#breadcrumb\"},\"inLanguage\":\"en-US\",\"potentialAction\":[{\"@type\":\"ReadAction\",\"target\":[\"https:\/\/readaptation.umontreal.ca\/en\/laurence-roy-erg-phd\/\"]}]},{\"@type\":\"ImageObject\",\"inLanguage\":\"en-US\",\"@id\":\"https:\/\/readaptation.umontreal.ca\/en\/laurence-roy-erg-phd\/#primaryimage\",\"url\":\"https:\/\/readaptation.umontreal.ca\/wp-content\/uploads\/sites\/21\/2025\/07\/Roy_Laurence.jpg\",\"contentUrl\":\"https:\/\/readaptation.umontreal.ca\/wp-content\/uploads\/sites\/21\/2025\/07\/Roy_Laurence.jpg\"},{\"@type\":\"BreadcrumbList\",\"@id\":\"https:\/\/readaptation.umontreal.ca\/en\/laurence-roy-erg-phd\/#breadcrumb\",\"itemListElement\":[{\"@type\":\"ListItem\",\"position\":1,\"name\":\"Accueil\",\"item\":\"https:\/\/readaptation.umontreal.ca\/\"},{\"@type\":\"ListItem\",\"position\":2,\"name\":\"Laurence Roy erg. PhD\"}]},{\"@type\":\"WebSite\",\"@id\":\"https:\/\/readaptation.umontreal.ca\/#website\",\"url\":\"https:\/\/readaptation.umontreal.ca\/\",\"name\":\"\u00c9cole de r\u00e9adaptation\",\"description\":\"\",\"potentialAction\":[{\"@type\":\"SearchAction\",\"target\":{\"@type\":\"EntryPoint\",\"urlTemplate\":\"https:\/\/readaptation.umontreal.ca\/?s={search_term_string}\"},\"query-input\":{\"@type\":\"PropertyValueSpecification\",\"valueRequired\":true,\"valueName\":\"search_term_string\"}}],\"inLanguage\":\"en-US\"}]}<\/script>\n<!-- \/ Yoast SEO plugin. -->","yoast_head_json":{"title":"Laurence Roy erg. PhD - \u00c9cole de r\u00e9adaptation - Universit\u00e9 de Montr\u00e9al","robots":{"index":"index","follow":"follow","max-snippet":"max-snippet:-1","max-image-preview":"max-image-preview:large","max-video-preview":"max-video-preview:-1"},"canonical":"https:\/\/readaptation.umontreal.ca\/en\/laurence-roy-erg-phd\/","og_locale":"en_US","og_type":"article","og_title":"Laurence Roy erg. PhD - \u00c9cole de r\u00e9adaptation - Universit\u00e9 de Montr\u00e9al","og_description":"Education B. Sc. Ergoth\u00e9rapie, Universit\u00e9 de Montr\u00e9al (2005) PhD Sciences biom\u00e9dicales (option R\u00e9adaptation), Universit\u00e9 de Montr\u00e9al (2012) Post-doctorat Psychiatrie, Universit\u00e9 McGill (2014) Current research projects Projet AMONT : Prevention of [&hellip;]","og_url":"https:\/\/readaptation.umontreal.ca\/en\/laurence-roy-erg-phd\/","og_site_name":"\u00c9cole de r\u00e9adaptation","article_modified_time":"2025-07-07T13:49:07+00:00","og_image":[{"width":198,"height":283,"url":"https:\/\/readaptation.umontreal.ca\/wp-content\/uploads\/sites\/21\/2025\/07\/Roy_Laurence.jpg","type":"image\/jpeg"}],"twitter_misc":{"Est. reading time":"3 minutes"},"schema":{"@context":"https:\/\/schema.org","@graph":[{"@type":"WebPage","@id":"https:\/\/readaptation.umontreal.ca\/en\/laurence-roy-erg-phd\/","url":"https:\/\/readaptation.umontreal.ca\/en\/laurence-roy-erg-phd\/","name":"Laurence Roy erg. PhD - \u00c9cole de r\u00e9adaptation - Universit\u00e9 de Montr\u00e9al","isPartOf":{"@id":"https:\/\/readaptation.umontreal.ca\/#website"},"primaryImageOfPage":{"@id":"https:\/\/readaptation.umontreal.ca\/en\/laurence-roy-erg-phd\/#primaryimage"},"image":{"@id":"https:\/\/readaptation.umontreal.ca\/en\/laurence-roy-erg-phd\/#primaryimage"},"thumbnailUrl":"https:\/\/readaptation.umontreal.ca\/wp-content\/uploads\/sites\/21\/2025\/07\/Roy_Laurence.jpg","datePublished":"2025-07-07T13:48:23+00:00","dateModified":"2025-07-07T13:49:07+00:00","breadcrumb":{"@id":"https:\/\/readaptation.umontreal.ca\/en\/laurence-roy-erg-phd\/#breadcrumb"},"inLanguage":"en-US","potentialAction":[{"@type":"ReadAction","target":["https:\/\/readaptation.umontreal.ca\/en\/laurence-roy-erg-phd\/"]}]},{"@type":"ImageObject","inLanguage":"en-US","@id":"https:\/\/readaptation.umontreal.ca\/en\/laurence-roy-erg-phd\/#primaryimage","url":"https:\/\/readaptation.umontreal.ca\/wp-content\/uploads\/sites\/21\/2025\/07\/Roy_Laurence.jpg","contentUrl":"https:\/\/readaptation.umontreal.ca\/wp-content\/uploads\/sites\/21\/2025\/07\/Roy_Laurence.jpg"},{"@type":"BreadcrumbList","@id":"https:\/\/readaptation.umontreal.ca\/en\/laurence-roy-erg-phd\/#breadcrumb","itemListElement":[{"@type":"ListItem","position":1,"name":"Accueil","item":"https:\/\/readaptation.umontreal.ca\/"},{"@type":"ListItem","position":2,"name":"Laurence Roy erg. PhD"}]},{"@type":"WebSite","@id":"https:\/\/readaptation.umontreal.ca\/#website","url":"https:\/\/readaptation.umontreal.ca\/","name":"\u00c9cole de r\u00e9adaptation","description":"","potentialAction":[{"@type":"SearchAction","target":{"@type":"EntryPoint","urlTemplate":"https:\/\/readaptation.umontreal.ca\/?s={search_term_string}"},"query-input":{"@type":"PropertyValueSpecification","valueRequired":true,"valueName":"search_term_string"}}],"inLanguage":"en-US"}]}},"_links":{"self":[{"href":"https:\/\/readaptation.umontreal.ca\/en\/wp-json\/wp\/v2\/pages\/23567","targetHints":{"allow":["GET"]}}],"collection":[{"href":"https:\/\/readaptation.umontreal.ca\/en\/wp-json\/wp\/v2\/pages"}],"about":[{"href":"https:\/\/readaptation.umontreal.ca\/en\/wp-json\/wp\/v2\/types\/page"}],"author":[{"embeddable":true,"href":"https:\/\/readaptation.umontreal.ca\/en\/wp-json\/wp\/v2\/users\/59"}],"replies":[{"embeddable":true,"href":"https:\/\/readaptation.umontreal.ca\/en\/wp-json\/wp\/v2\/comments?post=23567"}],"version-history":[{"count":2,"href":"https:\/\/readaptation.umontreal.ca\/en\/wp-json\/wp\/v2\/pages\/23567\/revisions"}],"predecessor-version":[{"id":23569,"href":"https:\/\/readaptation.umontreal.ca\/en\/wp-json\/wp\/v2\/pages\/23567\/revisions\/23569"}],"wp:attachment":[{"href":"https:\/\/readaptation.umontreal.ca\/en\/wp-json\/wp\/v2\/media?parent=23567"}],"curies":[{"name":"wp","href":"https:\/\/api.w.org\/{rel}","templated":true}]}}