{"id":19481,"date":"2022-09-23T16:02:32","date_gmt":"2022-09-23T15:02:32","guid":{"rendered":"https:\/\/readaptation.umontreal.ca\/?page_id=19481"},"modified":"2025-08-09T17:05:33","modified_gmt":"2025-08-09T16:05:33","slug":"marika-demers-erg-phd","status":"publish","type":"page","link":"https:\/\/readaptation.umontreal.ca\/en\/research\/researchers\/marika-demers-erg-phd\/","title":{"rendered":"Marika Demers erg., PhD"},"content":{"rendered":"<div class=\"one-third first \">\n<hr\/>\n<p><img loading=\"lazy\" decoding=\"async\" src=\"https:\/\/readaptation.umontreal.ca\/wp-content\/uploads\/sites\/21\/2022\/08\/DEMERS_picture.jpg\" alt=\"\" class=\"alignnone wp-image-19397\" width=\"144\" height=\"180\" \/><br \/>\n<\/div>\n<div class=\"two-third  \">\n<h3>Assistant professor<\/h3>\n<p><strong>Contact details (Research)<br \/>\n<\/strong>Centre for Interdisciplinary Research in Rehabilitation of Greater Montreal (CRIR)<br \/>\nInstitut de r\u00e9adaptation Gingras Lindsay de Montr\u00e9al (IRGLM)<br \/>\n6300 Avenue Darlington<br \/>\nMontr\u00e9al (Qu\u00e9bec) H3S 2J4<\/p>\n<p><strong>Contact details (School of Rehabilitation)<\/strong><br \/>\n<strong>T<\/strong> 514-343-6111 # 30897<br \/>\n<a href=\"mailto:marika.demers@umontreal.ca\">marika.demers@umontreal.ca<\/a><\/p>\n<p><strong>Program<\/strong><br \/>\nOccupational therapy<\/p>\n<\/div>\n<hr\/>\n<h2>Education<\/h2>\n<ul>\n<li>B.Sc., Occupational therapy, Universit\u00e9 de Montr\u00e9al (2008)<\/li>\n<li>M.Sc., Readaptation sciences, McGill University (2014)<\/li>\n<li>Ph.D., Readaptation sciences, McGill University (2019)<\/li>\n<li>Post-doctorate, Biokinesiology and Physiotherapy Division, University of Southern California (2019-2022)<\/li>\n<\/ul>\n<h2>Current research projects<\/h2>\n<ul>\n<li style=\"text-align: justify;\">Development of a dance-based version of the GRASP program<\/li>\n<li style=\"text-align: justify;\">Piano training to better cope with multiple sclerosis<\/li>\n<li style=\"text-align: justify;\">Soft robotic exoskeleton for sensorimotor rehabilitation of the hand after a stroke<\/li>\n<li style=\"text-align: justify;\">Use of inertial sensors for the assessment and treatment of upper limb motor impairments after a stroke<\/li>\n<li style=\"text-align: justify;\">The CIME Upper Limb Program: Development and implementation of an Intensification and Neuromodulation Clinic for individuals with spinal cord injury<\/li>\n<\/ul>\n<h2>Selected publications<\/h2>\n<ul>\n<li style=\"text-align: justify;\">Cain A, Gunby T, Winstein C, <strong>Demers M. <\/strong>(2025) Integration of wearable technology into stroke rehabilitation: rehabilitation researchers\u2019 perspectives. Disability and Rehabilitation : Assistive Technology. 20(5) : 1460-1469 Doi : 10.1080\/17483107.2025.2459326<\/li>\n<li style=\"text-align: justify;\"><strong>Demers M<\/strong>, Charalambous M, Kwah LK, Thilarajah S, Bazadona D, Chapman S, Nasreldein A, Yperzeele L, Amoah D, Winstein C, Bernhardt J, Gopaul U. (2025) The unique needs and challenges experienced by young people with stroke: an international qualitative analysis. Neurology: Clinical Practice. 15(1):e200406. doi: 10.1212\/CPJ.0000000000200406.<\/li>\n<li style=\"text-align: justify;\"><strong>Demers M<\/strong>, Bishop L, Cain A, Saba J, Rowe J, Zondervan D, Winstein C. (2024) Wearable technology to capture arm use of stroke survivors in home and community settings: feasibility and insights on motor performance. Phys Ther (PTJ). 104(2):pzad172. DOI: 10.1093\/ptj\/pzad172.<\/li>\n<li style=\"text-align: justify;\"><strong>Demers M<\/strong>, Cain A, Bishop L, Gunby T, Rowe J, Zondervan D, Winstein C. (2023) Understanding preferences of stroke survivors for feedback provision about functional movement behavior from wearable sensors: a mixed-methods study. J Neuroeng Rehabil. 20: 146. DOI: 10.21203\/rs.3.rs-2789807\/v1<\/li>\n<li style=\"text-align: justify;\"><strong>Demers M<\/strong>, Varhese R, Winstein C. (2022) Retrospective Analysis of Task-Specific Effects on Brain Activity after Stroke. Frontiers in Human Neuroscience, section Motor Neuroscience. 16: 871239. doi\u00a0: 10.3389\/fnhum.2022.871239.<\/li>\n<li style=\"text-align: justify;\">Levin MF, <strong>Demers M<\/strong> (2021). Motor learning in neurological rehabilitation. Disabil Rehabil 2021; 43(24):3445-3453 doi: 10.1080\/09638288.2020.1752317<\/li>\n<\/ul>\n<h2>Research interests<\/h2>\n<ul>\n<li>Assessment of upper limbs<\/li>\n<li>Mechanisms underlying motor recovery after stroke<\/li>\n<li>Interventions using innovative rehabilitation approaches<\/li>\n<li>New technologies in rehabilitation<\/li>\n<li>Stroke<\/li>\n<\/ul>\n","protected":false},"excerpt":{"rendered":"<p>Education B.Sc., Occupational therapy, Universit\u00e9 de Montr\u00e9al (2008) M.Sc., Readaptation sciences, McGill University (2014) Ph.D., Readaptation sciences, McGill University (2019) Post-doctorate, Biokinesiology and Physiotherapy Division, University of Southern California (2019-2022) [&hellip;]<\/p>\n","protected":false},"author":59,"featured_media":0,"parent":13845,"menu_order":0,"comment_status":"closed","ping_status":"closed","template":"","meta":{"footnotes":""},"class_list":["post-19481","page","type-page","status-publish","hentry"],"yoast_head":"<!-- This site is optimized with the Yoast SEO plugin v25.0 - https:\/\/yoast.com\/wordpress\/plugins\/seo\/ -->\n<title>Marika Demers erg., PhD - \u00c9cole de r\u00e9adaptation - Universit\u00e9 de Montr\u00e9al<\/title>\n<meta name=\"robots\" content=\"index, follow, max-snippet:-1, max-image-preview:large, max-video-preview:-1\" \/>\n<link rel=\"canonical\" href=\"https:\/\/readaptation.umontreal.ca\/en\/research\/researchers\/marika-demers-erg-phd\/\" \/>\n<meta property=\"og:locale\" content=\"en_US\" \/>\n<meta property=\"og:type\" content=\"article\" \/>\n<meta property=\"og:title\" content=\"Marika Demers erg., PhD - \u00c9cole de r\u00e9adaptation - Universit\u00e9 de Montr\u00e9al\" \/>\n<meta property=\"og:description\" content=\"Education B.Sc., Occupational therapy, Universit\u00e9 de Montr\u00e9al (2008) M.Sc., Readaptation sciences, McGill University (2014) Ph.D., Readaptation sciences, McGill University (2019) Post-doctorate, Biokinesiology and Physiotherapy Division, University of Southern California (2019-2022) [&hellip;]\" \/>\n<meta property=\"og:url\" content=\"https:\/\/readaptation.umontreal.ca\/en\/research\/researchers\/marika-demers-erg-phd\/\" \/>\n<meta property=\"og:site_name\" content=\"\u00c9cole de r\u00e9adaptation\" \/>\n<meta property=\"article:modified_time\" content=\"2025-08-09T16:05:33+00:00\" \/>\n<meta property=\"og:image\" content=\"https:\/\/readaptation.umontreal.ca\/wp-content\/uploads\/sites\/21\/2022\/08\/DEMERS_picture.jpg\" \/>\n\t<meta property=\"og:image:width\" content=\"312\" \/>\n\t<meta property=\"og:image:height\" content=\"389\" \/>\n\t<meta property=\"og:image:type\" content=\"image\/jpeg\" \/>\n<meta name=\"twitter:label1\" content=\"Est. reading time\" \/>\n\t<meta name=\"twitter:data1\" content=\"3 minutes\" \/>\n<script type=\"application\/ld+json\" class=\"yoast-schema-graph\">{\"@context\":\"https:\/\/schema.org\",\"@graph\":[{\"@type\":\"WebPage\",\"@id\":\"https:\/\/readaptation.umontreal.ca\/en\/research\/researchers\/marika-demers-erg-phd\/\",\"url\":\"https:\/\/readaptation.umontreal.ca\/en\/research\/researchers\/marika-demers-erg-phd\/\",\"name\":\"Marika Demers erg., PhD - \u00c9cole de r\u00e9adaptation - Universit\u00e9 de Montr\u00e9al\",\"isPartOf\":{\"@id\":\"https:\/\/readaptation.umontreal.ca\/#website\"},\"primaryImageOfPage\":{\"@id\":\"https:\/\/readaptation.umontreal.ca\/en\/research\/researchers\/marika-demers-erg-phd\/#primaryimage\"},\"image\":{\"@id\":\"https:\/\/readaptation.umontreal.ca\/en\/research\/researchers\/marika-demers-erg-phd\/#primaryimage\"},\"thumbnailUrl\":\"https:\/\/readaptation.umontreal.ca\/wp-content\/uploads\/sites\/21\/2022\/08\/DEMERS_picture.jpg\",\"datePublished\":\"2022-09-23T15:02:32+00:00\",\"dateModified\":\"2025-08-09T16:05:33+00:00\",\"breadcrumb\":{\"@id\":\"https:\/\/readaptation.umontreal.ca\/en\/research\/researchers\/marika-demers-erg-phd\/#breadcrumb\"},\"inLanguage\":\"en-US\",\"potentialAction\":[{\"@type\":\"ReadAction\",\"target\":[\"https:\/\/readaptation.umontreal.ca\/en\/research\/researchers\/marika-demers-erg-phd\/\"]}]},{\"@type\":\"ImageObject\",\"inLanguage\":\"en-US\",\"@id\":\"https:\/\/readaptation.umontreal.ca\/en\/research\/researchers\/marika-demers-erg-phd\/#primaryimage\",\"url\":\"https:\/\/readaptation.umontreal.ca\/wp-content\/uploads\/sites\/21\/2022\/08\/DEMERS_picture.jpg\",\"contentUrl\":\"https:\/\/readaptation.umontreal.ca\/wp-content\/uploads\/sites\/21\/2022\/08\/DEMERS_picture.jpg\"},{\"@type\":\"BreadcrumbList\",\"@id\":\"https:\/\/readaptation.umontreal.ca\/en\/research\/researchers\/marika-demers-erg-phd\/#breadcrumb\",\"itemListElement\":[{\"@type\":\"ListItem\",\"position\":1,\"name\":\"Accueil\",\"item\":\"https:\/\/readaptation.umontreal.ca\/\"},{\"@type\":\"ListItem\",\"position\":2,\"name\":\"Research\",\"item\":\"https:\/\/readaptation.umontreal.ca\/en\/research\/\"},{\"@type\":\"ListItem\",\"position\":3,\"name\":\"Researchers\",\"item\":\"https:\/\/readaptation.umontreal.ca\/en\/research\/researchers\/\"},{\"@type\":\"ListItem\",\"position\":4,\"name\":\"Marika Demers erg., PhD\"}]},{\"@type\":\"WebSite\",\"@id\":\"https:\/\/readaptation.umontreal.ca\/#website\",\"url\":\"https:\/\/readaptation.umontreal.ca\/\",\"name\":\"\u00c9cole de r\u00e9adaptation\",\"description\":\"\",\"potentialAction\":[{\"@type\":\"SearchAction\",\"target\":{\"@type\":\"EntryPoint\",\"urlTemplate\":\"https:\/\/readaptation.umontreal.ca\/?s={search_term_string}\"},\"query-input\":{\"@type\":\"PropertyValueSpecification\",\"valueRequired\":true,\"valueName\":\"search_term_string\"}}],\"inLanguage\":\"en-US\"}]}<\/script>\n<!-- \/ Yoast SEO plugin. -->","yoast_head_json":{"title":"Marika Demers erg., PhD - \u00c9cole de r\u00e9adaptation - Universit\u00e9 de Montr\u00e9al","robots":{"index":"index","follow":"follow","max-snippet":"max-snippet:-1","max-image-preview":"max-image-preview:large","max-video-preview":"max-video-preview:-1"},"canonical":"https:\/\/readaptation.umontreal.ca\/en\/research\/researchers\/marika-demers-erg-phd\/","og_locale":"en_US","og_type":"article","og_title":"Marika Demers erg., PhD - \u00c9cole de r\u00e9adaptation - Universit\u00e9 de Montr\u00e9al","og_description":"Education B.Sc., Occupational therapy, Universit\u00e9 de Montr\u00e9al (2008) M.Sc., Readaptation sciences, McGill University (2014) Ph.D., Readaptation sciences, McGill University (2019) Post-doctorate, Biokinesiology and Physiotherapy Division, University of Southern California (2019-2022) [&hellip;]","og_url":"https:\/\/readaptation.umontreal.ca\/en\/research\/researchers\/marika-demers-erg-phd\/","og_site_name":"\u00c9cole de r\u00e9adaptation","article_modified_time":"2025-08-09T16:05:33+00:00","og_image":[{"width":312,"height":389,"url":"https:\/\/readaptation.umontreal.ca\/wp-content\/uploads\/sites\/21\/2022\/08\/DEMERS_picture.jpg","type":"image\/jpeg"}],"twitter_misc":{"Est. reading time":"3 minutes"},"schema":{"@context":"https:\/\/schema.org","@graph":[{"@type":"WebPage","@id":"https:\/\/readaptation.umontreal.ca\/en\/research\/researchers\/marika-demers-erg-phd\/","url":"https:\/\/readaptation.umontreal.ca\/en\/research\/researchers\/marika-demers-erg-phd\/","name":"Marika Demers erg., PhD - \u00c9cole de r\u00e9adaptation - Universit\u00e9 de Montr\u00e9al","isPartOf":{"@id":"https:\/\/readaptation.umontreal.ca\/#website"},"primaryImageOfPage":{"@id":"https:\/\/readaptation.umontreal.ca\/en\/research\/researchers\/marika-demers-erg-phd\/#primaryimage"},"image":{"@id":"https:\/\/readaptation.umontreal.ca\/en\/research\/researchers\/marika-demers-erg-phd\/#primaryimage"},"thumbnailUrl":"https:\/\/readaptation.umontreal.ca\/wp-content\/uploads\/sites\/21\/2022\/08\/DEMERS_picture.jpg","datePublished":"2022-09-23T15:02:32+00:00","dateModified":"2025-08-09T16:05:33+00:00","breadcrumb":{"@id":"https:\/\/readaptation.umontreal.ca\/en\/research\/researchers\/marika-demers-erg-phd\/#breadcrumb"},"inLanguage":"en-US","potentialAction":[{"@type":"ReadAction","target":["https:\/\/readaptation.umontreal.ca\/en\/research\/researchers\/marika-demers-erg-phd\/"]}]},{"@type":"ImageObject","inLanguage":"en-US","@id":"https:\/\/readaptation.umontreal.ca\/en\/research\/researchers\/marika-demers-erg-phd\/#primaryimage","url":"https:\/\/readaptation.umontreal.ca\/wp-content\/uploads\/sites\/21\/2022\/08\/DEMERS_picture.jpg","contentUrl":"https:\/\/readaptation.umontreal.ca\/wp-content\/uploads\/sites\/21\/2022\/08\/DEMERS_picture.jpg"},{"@type":"BreadcrumbList","@id":"https:\/\/readaptation.umontreal.ca\/en\/research\/researchers\/marika-demers-erg-phd\/#breadcrumb","itemListElement":[{"@type":"ListItem","position":1,"name":"Accueil","item":"https:\/\/readaptation.umontreal.ca\/"},{"@type":"ListItem","position":2,"name":"Research","item":"https:\/\/readaptation.umontreal.ca\/en\/research\/"},{"@type":"ListItem","position":3,"name":"Researchers","item":"https:\/\/readaptation.umontreal.ca\/en\/research\/researchers\/"},{"@type":"ListItem","position":4,"name":"Marika Demers erg., PhD"}]},{"@type":"WebSite","@id":"https:\/\/readaptation.umontreal.ca\/#website","url":"https:\/\/readaptation.umontreal.ca\/","name":"\u00c9cole de r\u00e9adaptation","description":"","potentialAction":[{"@type":"SearchAction","target":{"@type":"EntryPoint","urlTemplate":"https:\/\/readaptation.umontreal.ca\/?s={search_term_string}"},"query-input":{"@type":"PropertyValueSpecification","valueRequired":true,"valueName":"search_term_string"}}],"inLanguage":"en-US"}]}},"_links":{"self":[{"href":"https:\/\/readaptation.umontreal.ca\/en\/wp-json\/wp\/v2\/pages\/19481","targetHints":{"allow":["GET"]}}],"collection":[{"href":"https:\/\/readaptation.umontreal.ca\/en\/wp-json\/wp\/v2\/pages"}],"about":[{"href":"https:\/\/readaptation.umontreal.ca\/en\/wp-json\/wp\/v2\/types\/page"}],"author":[{"embeddable":true,"href":"https:\/\/readaptation.umontreal.ca\/en\/wp-json\/wp\/v2\/users\/59"}],"replies":[{"embeddable":true,"href":"https:\/\/readaptation.umontreal.ca\/en\/wp-json\/wp\/v2\/comments?post=19481"}],"version-history":[{"count":8,"href":"https:\/\/readaptation.umontreal.ca\/en\/wp-json\/wp\/v2\/pages\/19481\/revisions"}],"predecessor-version":[{"id":23651,"href":"https:\/\/readaptation.umontreal.ca\/en\/wp-json\/wp\/v2\/pages\/19481\/revisions\/23651"}],"up":[{"embeddable":true,"href":"https:\/\/readaptation.umontreal.ca\/en\/wp-json\/wp\/v2\/pages\/13845"}],"wp:attachment":[{"href":"https:\/\/readaptation.umontreal.ca\/en\/wp-json\/wp\/v2\/media?parent=19481"}],"curies":[{"name":"wp","href":"https:\/\/api.w.org\/{rel}","templated":true}]}}