{"id":19181,"date":"2022-04-27T15:51:29","date_gmt":"2022-04-27T14:51:29","guid":{"rendered":"https:\/\/readaptation.umontreal.ca\/research\/researchers\/quan-nha-hong-ph-d\/"},"modified":"2025-06-19T16:10:35","modified_gmt":"2025-06-19T15:10:35","slug":"quan-nha-hong-ph-d","status":"publish","type":"page","link":"https:\/\/readaptation.umontreal.ca\/en\/research\/researchers\/quan-nha-hong-ph-d\/","title":{"rendered":"Quan Nha Hong, Ph.D."},"content":{"rendered":"<div class=\"one-third first \">\n<span style=\"color: #ffffff;\">&#8211;<\/span><br \/>\n<img loading=\"lazy\" decoding=\"async\" src=\"https:\/\/readaptation.umontreal.ca\/wp-content\/uploads\/sites\/21\/2022\/04\/HONG_Photo-300x450.jpg\" alt=\"\" width=\"144\" height=\"216\" class=\"alignnone wp-image-19175\" srcset=\"https:\/\/readaptation.umontreal.ca\/wp-content\/uploads\/sites\/21\/2022\/04\/HONG_Photo-300x450.jpg 300w, https:\/\/readaptation.umontreal.ca\/wp-content\/uploads\/sites\/21\/2022\/04\/HONG_Photo.jpg 335w\" sizes=\"auto, (max-width: 144px) 100vw, 144px\" \/><br \/>\n<\/div>\n<div class=\"two-third  \">\n<h3>Assistant professor<\/h3>\n<p><strong>Contact details (Research)<br \/>\n<\/strong>Centre for Interdisciplinary Research in Rehabilitation of Greater Montreal (CRIR)<br \/>\nSite Institut universitaire sur la r\u00e9adaptation en d\u00e9ficience physique de Montr\u00e9al (IURDPM)<br \/>\n6363 Chemin Hudson, Pavillon Lindsay<br \/>\nMontr\u00e9al (Qu\u00e9bec) H3S 1M9<\/p>\n<p><strong>Contact details (School of Rehabilitation)<\/strong><br \/>\n<strong>T<\/strong> 514-343-6111 # 52178<br \/>\n<a href=\"mailto:quan.nha.hong@umontreal.ca\">quan.nha.hong@umontreal.ca<\/a><\/p>\n<p><strong>Program<\/strong><br \/>\nOccupational therapy<\/p>\n<\/div>\n<hr\/>\n<h2>Education<\/h2>\n<ul>\n<li style=\"text-align: justify;\">B.Sc., Occupational therapy, Universit\u00e9 de Montr\u00e9al (1999)<\/li>\n<li style=\"text-align: justify;\">M.Sc., Clinical sciences, Universit\u00e9 de Sherbrooke (2001)<\/li>\n<li style=\"text-align: justify;\">M.Sc., Health technology assessment, Universit\u00e9 de Montr\u00e9al (2010)<\/li>\n<li style=\"text-align: justify;\">Ph.D., Family medicine and primary care, McGill University (2018)<\/li>\n<li style=\"text-align: justify;\">Post-doctorate, Evidence for Policy and Practice Information and Co-ordinating Centre (EPPI-Centre), Social Research Institute, University College London (UCL) et Institut national d\u2019excellence en sant\u00e9 et en services sociaux (INESSS) (2018-2020)<\/li>\n<\/ul>\n<h2>Current research projects<\/h2>\n<ul>\n<li>Work disability in teleworkers with musculoskeletal disorders<\/li>\n<li>Improving research literacy of patient partners<\/li>\n<li>Use of rapid reviews to inform decision-making<\/li>\n<li>Assessment of the implementation acceptability of an OT-led program in primary care<\/li>\n<\/ul>\n<h2>Selected publications<\/h2>\n<ul>\n<li style=\"text-align: justify;\"><strong>Hong, Q.N.<\/strong>, Brunton, G. (2025). Helping trainees understand the strategies to minimize errors and bias in systematic review approaches. Education for Information. <a href=\"https:\/\/journals.sagepub.com\/doi\/pdf\/10.1177\/01678329251323445\">https:\/\/journals.sagepub.com\/doi\/pdf\/10.1177\/01678329251323445<\/a><\/li>\n<li style=\"text-align: justify;\"><strong>Hong, Q.N.<\/strong>, F\u00e0bregues, S. (2025). Critical reflection of generalization in mixed methods research. Evaluation Review. 1-31. https:\/\/doi.org\/10.1177\/0193841X251331723.<\/li>\n<li style=\"text-align: justify;\"><strong>Hong, Q.N.<\/strong>, McSween-Cadieux, E., Guillette, M., Manceau, L.M., Li, J.J., Granikov, V., Pomey, M.P., Gagnon, M.P., Ziam, S., Dagenais, C., Dagenais, P., Lesage, A., Poder, T.G., Drapeau, M., Ridde, V., Lane, J. Addressing evidence needs during health crises in the province of Quebec (Canada): a proposed action plan for rapid evidence synthesis. BMC Health Services Research 25(1), 61. https:\/\/doi.org\/10.1186\/s12913-025-12204-y.<\/li>\n<li style=\"text-align: justify;\"><strong>Hong, Q.N.<\/strong>, Li, J.J., Kersal\u00e9, M., Dieterlen, E., Mares, A., Ahmadian Sangkar, Z., Paquet, V., Lederer, V., Laberge, M., Coutu, M.F. (2024). Work disability and musculoskeletal disorders among teleworkers: a scoping review. <em>Journal of Occupational Rehabilitation<\/em>, 35, 17-29. <a href=\"https:\/\/doi.org\/10.1007\/s10926-024-10184-0\">https:\/\/doi.org\/10.1007\/s10926-024-10184-0<\/a><\/li>\n<li style=\"text-align: justify;\"><strong>Hong, Q.N.,<\/strong> Bouix-Picasso, J., Ruchon, C. (2022). Creation of an online inventory for choosing critical appraisal tools. Education for Information. Education for Information, 38(2), 205-210. http:\/\/dx.doi.org\/10.3233\/EFI-211567.<\/li>\n<li style=\"text-align: justify;\"><strong>Hong, Q.N.,<\/strong> Bangpan, M., Stanfield, C., Kneale, D., O\u2019Mara-Eves, A., van Grootel, L., Thomas, J. (2022). Using systems perspectives in evidence synthesis: a methodological mapping review. <em>Research Synthesis Methods<\/em>, 13, 667-680. <a href=\"https:\/\/doi.org\/10.1002\/jrsm.1595\">https:\/\/doi.org\/10.1002\/jrsm.1595<\/a>.<\/li>\n<li style=\"text-align: justify;\"><strong>Hong, Q.N.,<\/strong> Rees, R., Sutcliffe, K. Thomas, J. (2020). Variations of mixed methods reviews approaches: A case study. Research Synthesis Methods, 11(6), 795-811.<\/li>\n<li style=\"text-align: justify;\"><strong>Hong, Q.N.,<\/strong> Pluye, P. (2019). A conceptual framework for critical appraisal in systematic mixed studies reviews. Journal of Mixed Methods Research, 13(4), 446-460.<\/li>\n<li style=\"text-align: justify;\"><strong>Hong, Q.N.<\/strong>, Pluye, P., F\u00e0bregues, S., Bartlett, G., Boardman, F., Cargo, M., Dagenais, P., Gagnon, M.-P., Griffiths, F., Nicolau, B., O\u2019Cathain, A., Rousseau, M.-C., Vedel, I. (2019). Improving the content validity of the Mixed Methods Appraisal Tool (MMAT): A modified e-Delphi study. Journal of Clinical Epidemiology, 111(7), 49-59.e1.<\/li>\n<li style=\"text-align: justify;\"><strong>Hong, Q.N.,<\/strong> Pluye, P., Bujold, M., Wassef, M. (2017). Convergent and sequential synthesis designs: Implications for conducting and reporting systematic reviews of qualitative and quantitative evidence. Systematic Reviews. 6(1), 61.<\/li>\n<\/ul>\n<h2>Research interests<\/h2>\n<ul>\n<li>Work rehabilitation<\/li>\n<li>Teleworking<\/li>\n<li>Mixed methods<\/li>\n<li>Evidence-based practice<\/li>\n<li>Systematic reviews<\/li>\n<li>Knowledge translation<\/li>\n<li>Health technology assessment and assessment of social services<\/li>\n<li>Program evaluation<\/li>\n<\/ul>\n","protected":false},"excerpt":{"rendered":"<p>Education B.Sc., Occupational therapy, Universit\u00e9 de Montr\u00e9al (1999) M.Sc., Clinical sciences, Universit\u00e9 de Sherbrooke (2001) M.Sc., Health technology assessment, Universit\u00e9 de Montr\u00e9al (2010) Ph.D., Family medicine and primary care, McGill [&hellip;]<\/p>\n","protected":false},"author":237,"featured_media":0,"parent":13845,"menu_order":0,"comment_status":"closed","ping_status":"closed","template":"","meta":{"footnotes":""},"class_list":["post-19181","page","type-page","status-publish","hentry"],"yoast_head":"<!-- This site is optimized with the Yoast SEO plugin v25.0 - https:\/\/yoast.com\/wordpress\/plugins\/seo\/ -->\n<title>Quan Nha Hong, Ph.D. - \u00c9cole de r\u00e9adaptation - Universit\u00e9 de Montr\u00e9al<\/title>\n<meta name=\"robots\" content=\"index, follow, max-snippet:-1, max-image-preview:large, max-video-preview:-1\" \/>\n<link rel=\"canonical\" href=\"https:\/\/readaptation.umontreal.ca\/en\/research\/researchers\/quan-nha-hong-ph-d\/\" \/>\n<meta property=\"og:locale\" content=\"en_US\" \/>\n<meta property=\"og:type\" content=\"article\" \/>\n<meta property=\"og:title\" content=\"Quan Nha Hong, Ph.D. - \u00c9cole de r\u00e9adaptation - Universit\u00e9 de Montr\u00e9al\" \/>\n<meta property=\"og:description\" content=\"Education B.Sc., Occupational therapy, Universit\u00e9 de Montr\u00e9al (1999) M.Sc., Clinical sciences, Universit\u00e9 de Sherbrooke (2001) M.Sc., Health technology assessment, Universit\u00e9 de Montr\u00e9al (2010) Ph.D., Family medicine and primary care, McGill [&hellip;]\" \/>\n<meta property=\"og:url\" content=\"https:\/\/readaptation.umontreal.ca\/en\/research\/researchers\/quan-nha-hong-ph-d\/\" \/>\n<meta property=\"og:site_name\" content=\"\u00c9cole de r\u00e9adaptation\" \/>\n<meta property=\"article:modified_time\" content=\"2025-06-19T15:10:35+00:00\" \/>\n<meta property=\"og:image\" content=\"https:\/\/readaptation.umontreal.ca\/wp-content\/uploads\/sites\/21\/2022\/04\/HONG_Photo.jpg\" \/>\n\t<meta property=\"og:image:width\" content=\"335\" \/>\n\t<meta property=\"og:image:height\" content=\"503\" \/>\n\t<meta property=\"og:image:type\" content=\"image\/jpeg\" \/>\n<meta name=\"twitter:label1\" content=\"Est. reading time\" \/>\n\t<meta name=\"twitter:data1\" content=\"3 minutes\" \/>\n<script type=\"application\/ld+json\" class=\"yoast-schema-graph\">{\"@context\":\"https:\/\/schema.org\",\"@graph\":[{\"@type\":\"WebPage\",\"@id\":\"https:\/\/readaptation.umontreal.ca\/en\/research\/researchers\/quan-nha-hong-ph-d\/\",\"url\":\"https:\/\/readaptation.umontreal.ca\/en\/research\/researchers\/quan-nha-hong-ph-d\/\",\"name\":\"Quan Nha Hong, Ph.D. - \u00c9cole de r\u00e9adaptation - Universit\u00e9 de Montr\u00e9al\",\"isPartOf\":{\"@id\":\"https:\/\/readaptation.umontreal.ca\/#website\"},\"primaryImageOfPage\":{\"@id\":\"https:\/\/readaptation.umontreal.ca\/en\/research\/researchers\/quan-nha-hong-ph-d\/#primaryimage\"},\"image\":{\"@id\":\"https:\/\/readaptation.umontreal.ca\/en\/research\/researchers\/quan-nha-hong-ph-d\/#primaryimage\"},\"thumbnailUrl\":\"https:\/\/readaptation.umontreal.ca\/wp-content\/uploads\/sites\/21\/2022\/04\/HONG_Photo-300x450.jpg\",\"datePublished\":\"2022-04-27T14:51:29+00:00\",\"dateModified\":\"2025-06-19T15:10:35+00:00\",\"breadcrumb\":{\"@id\":\"https:\/\/readaptation.umontreal.ca\/en\/research\/researchers\/quan-nha-hong-ph-d\/#breadcrumb\"},\"inLanguage\":\"en-US\",\"potentialAction\":[{\"@type\":\"ReadAction\",\"target\":[\"https:\/\/readaptation.umontreal.ca\/en\/research\/researchers\/quan-nha-hong-ph-d\/\"]}]},{\"@type\":\"ImageObject\",\"inLanguage\":\"en-US\",\"@id\":\"https:\/\/readaptation.umontreal.ca\/en\/research\/researchers\/quan-nha-hong-ph-d\/#primaryimage\",\"url\":\"https:\/\/readaptation.umontreal.ca\/wp-content\/uploads\/sites\/21\/2022\/04\/HONG_Photo-300x450.jpg\",\"contentUrl\":\"https:\/\/readaptation.umontreal.ca\/wp-content\/uploads\/sites\/21\/2022\/04\/HONG_Photo-300x450.jpg\"},{\"@type\":\"BreadcrumbList\",\"@id\":\"https:\/\/readaptation.umontreal.ca\/en\/research\/researchers\/quan-nha-hong-ph-d\/#breadcrumb\",\"itemListElement\":[{\"@type\":\"ListItem\",\"position\":1,\"name\":\"Accueil\",\"item\":\"https:\/\/readaptation.umontreal.ca\/\"},{\"@type\":\"ListItem\",\"position\":2,\"name\":\"Research\",\"item\":\"https:\/\/readaptation.umontreal.ca\/en\/research\/\"},{\"@type\":\"ListItem\",\"position\":3,\"name\":\"Researchers\",\"item\":\"https:\/\/readaptation.umontreal.ca\/en\/research\/researchers\/\"},{\"@type\":\"ListItem\",\"position\":4,\"name\":\"Quan Nha Hong, Ph.D.\"}]},{\"@type\":\"WebSite\",\"@id\":\"https:\/\/readaptation.umontreal.ca\/#website\",\"url\":\"https:\/\/readaptation.umontreal.ca\/\",\"name\":\"\u00c9cole de r\u00e9adaptation\",\"description\":\"\",\"potentialAction\":[{\"@type\":\"SearchAction\",\"target\":{\"@type\":\"EntryPoint\",\"urlTemplate\":\"https:\/\/readaptation.umontreal.ca\/?s={search_term_string}\"},\"query-input\":{\"@type\":\"PropertyValueSpecification\",\"valueRequired\":true,\"valueName\":\"search_term_string\"}}],\"inLanguage\":\"en-US\"}]}<\/script>\n<!-- \/ Yoast SEO plugin. -->","yoast_head_json":{"title":"Quan Nha Hong, Ph.D. - \u00c9cole de r\u00e9adaptation - Universit\u00e9 de Montr\u00e9al","robots":{"index":"index","follow":"follow","max-snippet":"max-snippet:-1","max-image-preview":"max-image-preview:large","max-video-preview":"max-video-preview:-1"},"canonical":"https:\/\/readaptation.umontreal.ca\/en\/research\/researchers\/quan-nha-hong-ph-d\/","og_locale":"en_US","og_type":"article","og_title":"Quan Nha Hong, Ph.D. - \u00c9cole de r\u00e9adaptation - Universit\u00e9 de Montr\u00e9al","og_description":"Education B.Sc., Occupational therapy, Universit\u00e9 de Montr\u00e9al (1999) M.Sc., Clinical sciences, Universit\u00e9 de Sherbrooke (2001) M.Sc., Health technology assessment, Universit\u00e9 de Montr\u00e9al (2010) Ph.D., Family medicine and primary care, McGill [&hellip;]","og_url":"https:\/\/readaptation.umontreal.ca\/en\/research\/researchers\/quan-nha-hong-ph-d\/","og_site_name":"\u00c9cole de r\u00e9adaptation","article_modified_time":"2025-06-19T15:10:35+00:00","og_image":[{"width":335,"height":503,"url":"https:\/\/readaptation.umontreal.ca\/wp-content\/uploads\/sites\/21\/2022\/04\/HONG_Photo.jpg","type":"image\/jpeg"}],"twitter_misc":{"Est. reading time":"3 minutes"},"schema":{"@context":"https:\/\/schema.org","@graph":[{"@type":"WebPage","@id":"https:\/\/readaptation.umontreal.ca\/en\/research\/researchers\/quan-nha-hong-ph-d\/","url":"https:\/\/readaptation.umontreal.ca\/en\/research\/researchers\/quan-nha-hong-ph-d\/","name":"Quan Nha Hong, Ph.D. - \u00c9cole de r\u00e9adaptation - Universit\u00e9 de Montr\u00e9al","isPartOf":{"@id":"https:\/\/readaptation.umontreal.ca\/#website"},"primaryImageOfPage":{"@id":"https:\/\/readaptation.umontreal.ca\/en\/research\/researchers\/quan-nha-hong-ph-d\/#primaryimage"},"image":{"@id":"https:\/\/readaptation.umontreal.ca\/en\/research\/researchers\/quan-nha-hong-ph-d\/#primaryimage"},"thumbnailUrl":"https:\/\/readaptation.umontreal.ca\/wp-content\/uploads\/sites\/21\/2022\/04\/HONG_Photo-300x450.jpg","datePublished":"2022-04-27T14:51:29+00:00","dateModified":"2025-06-19T15:10:35+00:00","breadcrumb":{"@id":"https:\/\/readaptation.umontreal.ca\/en\/research\/researchers\/quan-nha-hong-ph-d\/#breadcrumb"},"inLanguage":"en-US","potentialAction":[{"@type":"ReadAction","target":["https:\/\/readaptation.umontreal.ca\/en\/research\/researchers\/quan-nha-hong-ph-d\/"]}]},{"@type":"ImageObject","inLanguage":"en-US","@id":"https:\/\/readaptation.umontreal.ca\/en\/research\/researchers\/quan-nha-hong-ph-d\/#primaryimage","url":"https:\/\/readaptation.umontreal.ca\/wp-content\/uploads\/sites\/21\/2022\/04\/HONG_Photo-300x450.jpg","contentUrl":"https:\/\/readaptation.umontreal.ca\/wp-content\/uploads\/sites\/21\/2022\/04\/HONG_Photo-300x450.jpg"},{"@type":"BreadcrumbList","@id":"https:\/\/readaptation.umontreal.ca\/en\/research\/researchers\/quan-nha-hong-ph-d\/#breadcrumb","itemListElement":[{"@type":"ListItem","position":1,"name":"Accueil","item":"https:\/\/readaptation.umontreal.ca\/"},{"@type":"ListItem","position":2,"name":"Research","item":"https:\/\/readaptation.umontreal.ca\/en\/research\/"},{"@type":"ListItem","position":3,"name":"Researchers","item":"https:\/\/readaptation.umontreal.ca\/en\/research\/researchers\/"},{"@type":"ListItem","position":4,"name":"Quan Nha Hong, Ph.D."}]},{"@type":"WebSite","@id":"https:\/\/readaptation.umontreal.ca\/#website","url":"https:\/\/readaptation.umontreal.ca\/","name":"\u00c9cole de r\u00e9adaptation","description":"","potentialAction":[{"@type":"SearchAction","target":{"@type":"EntryPoint","urlTemplate":"https:\/\/readaptation.umontreal.ca\/?s={search_term_string}"},"query-input":{"@type":"PropertyValueSpecification","valueRequired":true,"valueName":"search_term_string"}}],"inLanguage":"en-US"}]}},"_links":{"self":[{"href":"https:\/\/readaptation.umontreal.ca\/en\/wp-json\/wp\/v2\/pages\/19181","targetHints":{"allow":["GET"]}}],"collection":[{"href":"https:\/\/readaptation.umontreal.ca\/en\/wp-json\/wp\/v2\/pages"}],"about":[{"href":"https:\/\/readaptation.umontreal.ca\/en\/wp-json\/wp\/v2\/types\/page"}],"author":[{"embeddable":true,"href":"https:\/\/readaptation.umontreal.ca\/en\/wp-json\/wp\/v2\/users\/237"}],"replies":[{"embeddable":true,"href":"https:\/\/readaptation.umontreal.ca\/en\/wp-json\/wp\/v2\/comments?post=19181"}],"version-history":[{"count":5,"href":"https:\/\/readaptation.umontreal.ca\/en\/wp-json\/wp\/v2\/pages\/19181\/revisions"}],"predecessor-version":[{"id":23535,"href":"https:\/\/readaptation.umontreal.ca\/en\/wp-json\/wp\/v2\/pages\/19181\/revisions\/23535"}],"up":[{"embeddable":true,"href":"https:\/\/readaptation.umontreal.ca\/en\/wp-json\/wp\/v2\/pages\/13845"}],"wp:attachment":[{"href":"https:\/\/readaptation.umontreal.ca\/en\/wp-json\/wp\/v2\/media?parent=19181"}],"curies":[{"name":"wp","href":"https:\/\/api.w.org\/{rel}","templated":true}]}}