{"id":17221,"date":"2019-11-08T21:35:24","date_gmt":"2019-11-08T20:35:24","guid":{"rendered":"https:\/\/readaptation.umontreal.ca\/research\/researchers\/diana-zidarov-ph-d\/"},"modified":"2020-08-06T21:30:52","modified_gmt":"2020-08-06T20:30:52","slug":"diana-zidarov-ph-d","status":"publish","type":"page","link":"https:\/\/readaptation.umontreal.ca\/en\/research\/researchers\/diana-zidarov-ph-d\/","title":{"rendered":"Diana Zidarov, Ph.D."},"content":{"rendered":"<div class=\"one-third first \">\n<div class=\"hr_invisible\"><\/div>\n<div class=\"hr_invisible\"><\/div>\n<p><img loading=\"lazy\" decoding=\"async\" src=\"https:\/\/readaptation.umontreal.ca\/wp-content\/uploads\/sites\/21\/2019\/11\/Zidarov_Photo_Web.jpg\" alt=\"\" class=\"alignnone wp-image-17217\" width=\"150\" height=\"169\" \/><br \/>\n<\/div>\n<div class=\"two-third  \">\n<h3><strong>Adjunct professor<\/strong><\/h3>\n<p><strong><\/strong><strong><\/strong><strong>Contact details (Research)<\/strong><\/p>\n<p>Centre de recherche interdisciplinaire en r\u00e9adaptation du Montr\u00e9al m\u00e9tropolitain (CRIR)<br \/>\nInstitut universitaire sur la r\u00e9adaptation en d\u00e9ficience physique de Montr\u00e9al (IURDPM) du Centre int\u00e9gr\u00e9 universitaire de sant\u00e9 et de services sociaux du Centre-Sud-de-l\u2019\u00cele-de-Montr\u00e9al<br \/>\n6363, chemin Hudson<br \/>\nMontr\u00e9al (Qu\u00e9bec) H3S 1M9<br \/>\n<strong>T <\/strong>514\u00a0340-2085 # 4711<\/p>\n<p><strong>Contact details (School of Rehabilitation)<\/strong><br \/>\n<a href=\"mailto:diana.zidarov@umontreal.ca\" target=\"_blank\" rel=\"noopener noreferrer\">diana.zidarov@umontreal.ca<\/a><\/p>\n<p><strong>Program<\/strong><br \/>\nPhysiotherapy<\/p>\n<\/div>\n<hr\/>\n<h2><strong>Education<\/strong><\/h2>\n<ul>\n<li>B.Sc. Physiotherapy, University of Montreal (1995)<\/li>\n<li>M.Sc. Rehabilitation Sciences, University of Montreal (2008)<\/li>\n<li>Ph.D. Public Health, University of Montreal (2015)<\/li>\n<li>Fellowship, School of Physical and Occupational Therapy, McGill University (2019)<\/li>\n<\/ul>\n<h2><strong>Current research projects<\/strong><\/h2>\n<ul>\n<li>Implementation of an early mobilization program for vulnerable older patients in a hospital setting<\/li>\n<li>Implementation of outcome measures to promote patient-centered care for persons with upper limb amputation<\/li>\n<li>Development and implementation of a mobility circuit to promote mobility and communication of people with stroke<\/li>\n<li>Development and implementation of a registry for individuals with lower limb osseointegration<\/li>\n<li>Development and implementation of a clinical information system to guide clinical decision-making in rehabilitation for individuals with spinal cord injury<\/li>\n<li>Development and validation of performance indicators for an integrated network for the prevention and management of chronic pain<\/li>\n<li>Implementation of outcome measures in an electronic medical record for better clinical management of people with chronic pain<\/li>\n<\/ul>\n<h2><strong>Selected publications<\/strong>es<\/h2>\n<ul>\n<li><strong>Zidarov, D.<\/strong>, Visca, R., &amp; Ahmed, S. (2019). Type of clinical outcomes used by healthcare professionals to evaluate health-related quality of life domains to inform clinical decision making for chronic pain management. <em>Quality of life research: an international journal of quality of life aspects of treatment, care and rehabilitation<\/em>. doi:10.1007\/s11136-019-02215-8<\/li>\n<li>Moreno, A., <strong>Zidarov, D.<\/strong>, Raju, C., Boruff, J., &amp; Ahmed, S. (2017). Integrating the perspectives of individuals with spinal cord injuries, their family caregivers and healthcare professionals from the time of rehabilitation admission to community reintegration: protocol for a scoping study on SCI needs. <em>BMJ Open, 7<\/em>(8), e014331. doi:10.1136\/bmjopen-2016-014331<\/li>\n<li>Kairy, D., Messier, F., <strong>Zidarov, D.<\/strong>, Ahmed, S., Poissant, L., Rushton, P. W., . . . Lavoie, V. (2017). Evaluating the implementation process of a new telerehabilitation modality in three rehabilitation settings using the normalization process theory: study protocol. <em>International Journal of Healthcare Management<\/em>, 1-8. doi:10.1080\/20479700.2017.1314119<\/li>\n<li><strong>Zidarov, D.<\/strong>, Poissant, L., &amp; Sicotte, C. (2017). Use of comparative performance indicators in rehabilitation. <em>Health Care Management Review, 42<\/em>(2), 142-150. doi:10.1097\/hmr.0000000000000099<\/li>\n<li><strong>Zidarov, D.<\/strong>, Sicotte, C., Menon, A., Hall\u00e9, M. C., &amp; Poissant, L. (2016). Factors influencing use of a performance measurement system in a rehabilitation hospital.\u00a0<em>Journal of Hospital Administration<\/em>,\u00a0<em>5<\/em>(5), 79.<\/li>\n<li><strong>Zidarov, D.<\/strong>, Visca, R., Gogovor, A., &amp; Ahmed, S. (2016). Performance and quality indicators for the management of non-cancer chronic pain: a scoping review protocol. <em>BMJ Open, 6<\/em>(2), e010487. doi:10.1136\/bmjopen-2015-010487<\/li>\n<li><strong>Zidarov, D.<\/strong>, Poissant, L., &amp; Sicotte, C. (2014). Healthcare executives\u2019 readiness for a performance measurement system: a rehabilitation hospital case study.\u00a0<em>Journal of Hospital Administration<\/em>,\u00a0<em>3<\/em>(4), 157-172.<\/li>\n<li><strong>Zidarov, D.<\/strong>, &amp; Poissant, L. (2014). Exploring Factors in the Systematic Use of Outcome Measures: A Multi-Disciplinary Rehabilitation Team Perspective. <em>Open Journal of Therapy and Rehabilitation, 2<\/em>(2), 86-96.<\/li>\n<li><strong>Zidarov, D.<\/strong>, Thomas, A., &amp; Poissant, L. (2013). Knowledge translation in physical therapy: from theory to practice. <em>Disability and Rehabilitation<\/em><em>, 35<\/em>(18), 1571-1577. doi:10.3109\/09638288.2012.748841<\/li>\n<li><strong>Zidarov, D.<\/strong>, Swaine, B., &amp; Gauthier-Gagnon, C. (2009). Life habits and prosthetic profile of persons with lower-limb amputation during rehabilitation and at 3-month follow-up. <em>Archives of Physical Medecine and Rehabilitation<\/em><em>, 90<\/em>(11), 1953-1959. doi:10.1016\/j.apmr.2009.06.011<\/li>\n<li><strong>Zidarov, D.<\/strong>, Swaine, B., &amp; Gauthier-Gagnon, C. (2009). Quality of life of persons with lower-limb amputation during rehabilitation and at 3-month follow-up. <em>Archives of Physical Medecine and Rehabilitation, 90<\/em>(4), 634-645. doi:10.1016\/j.apmr.2008.11.003<\/li>\n<\/ul>\n<h2><strong>Research interests<\/strong><\/h2>\n<ul>\n<li>Knowledge translation<\/li>\n<li>Program and health interventions evaluation<\/li>\n<li>Implementation of best practices and health care innovations<\/li>\n<li>Quality of rehabilitation services<\/li>\n<li>Participatory, qualitative and mixed methods approaches<\/li>\n<\/ul>\n","protected":false},"excerpt":{"rendered":"<p>Education B.Sc. Physiotherapy, University of Montreal (1995) M.Sc. Rehabilitation Sciences, University of Montreal (2008) Ph.D. Public Health, University of Montreal (2015) Fellowship, School of Physical and Occupational Therapy, McGill University [&hellip;]<\/p>\n","protected":false},"author":90,"featured_media":0,"parent":13845,"menu_order":0,"comment_status":"closed","ping_status":"closed","template":"","meta":{"footnotes":""},"class_list":["post-17221","page","type-page","status-publish","hentry"],"yoast_head":"<!-- This site is optimized with the Yoast SEO plugin v25.0 - https:\/\/yoast.com\/wordpress\/plugins\/seo\/ -->\n<title>Diana Zidarov, Ph.D. - \u00c9cole de r\u00e9adaptation - Universit\u00e9 de Montr\u00e9al<\/title>\n<meta name=\"robots\" content=\"index, follow, max-snippet:-1, max-image-preview:large, max-video-preview:-1\" \/>\n<link rel=\"canonical\" href=\"https:\/\/readaptation.umontreal.ca\/en\/research\/researchers\/diana-zidarov-ph-d\/\" \/>\n<meta property=\"og:locale\" content=\"en_US\" \/>\n<meta property=\"og:type\" content=\"article\" \/>\n<meta property=\"og:title\" content=\"Diana Zidarov, Ph.D. - \u00c9cole de r\u00e9adaptation - Universit\u00e9 de Montr\u00e9al\" \/>\n<meta property=\"og:description\" content=\"Education B.Sc. Physiotherapy, University of Montreal (1995) M.Sc. Rehabilitation Sciences, University of Montreal (2008) Ph.D. Public Health, University of Montreal (2015) Fellowship, School of Physical and Occupational Therapy, McGill University [&hellip;]\" \/>\n<meta property=\"og:url\" content=\"https:\/\/readaptation.umontreal.ca\/en\/research\/researchers\/diana-zidarov-ph-d\/\" \/>\n<meta property=\"og:site_name\" content=\"\u00c9cole de r\u00e9adaptation\" \/>\n<meta property=\"article:modified_time\" content=\"2020-08-06T20:30:52+00:00\" \/>\n<meta property=\"og:image\" content=\"https:\/\/readaptation-prod.umontreal.ca\/wp-content\/uploads\/sites\/21\/2019\/11\/Zidarov_Photo_Web.jpg\" \/>\n<meta name=\"twitter:label1\" content=\"Est. reading time\" \/>\n\t<meta name=\"twitter:data1\" content=\"3 minutes\" \/>\n<script type=\"application\/ld+json\" class=\"yoast-schema-graph\">{\"@context\":\"https:\/\/schema.org\",\"@graph\":[{\"@type\":\"WebPage\",\"@id\":\"https:\/\/readaptation.umontreal.ca\/en\/research\/researchers\/diana-zidarov-ph-d\/\",\"url\":\"https:\/\/readaptation.umontreal.ca\/en\/research\/researchers\/diana-zidarov-ph-d\/\",\"name\":\"Diana Zidarov, Ph.D. - \u00c9cole de r\u00e9adaptation - Universit\u00e9 de Montr\u00e9al\",\"isPartOf\":{\"@id\":\"https:\/\/readaptation.umontreal.ca\/#website\"},\"primaryImageOfPage\":{\"@id\":\"https:\/\/readaptation.umontreal.ca\/en\/research\/researchers\/diana-zidarov-ph-d\/#primaryimage\"},\"image\":{\"@id\":\"https:\/\/readaptation.umontreal.ca\/en\/research\/researchers\/diana-zidarov-ph-d\/#primaryimage\"},\"thumbnailUrl\":\"https:\/\/readaptation.umontreal.ca\/wp-content\/uploads\/sites\/21\/2019\/11\/Zidarov_Photo_Web.jpg\",\"datePublished\":\"2019-11-08T20:35:24+00:00\",\"dateModified\":\"2020-08-06T20:30:52+00:00\",\"breadcrumb\":{\"@id\":\"https:\/\/readaptation.umontreal.ca\/en\/research\/researchers\/diana-zidarov-ph-d\/#breadcrumb\"},\"inLanguage\":\"en-US\",\"potentialAction\":[{\"@type\":\"ReadAction\",\"target\":[\"https:\/\/readaptation.umontreal.ca\/en\/research\/researchers\/diana-zidarov-ph-d\/\"]}]},{\"@type\":\"ImageObject\",\"inLanguage\":\"en-US\",\"@id\":\"https:\/\/readaptation.umontreal.ca\/en\/research\/researchers\/diana-zidarov-ph-d\/#primaryimage\",\"url\":\"https:\/\/readaptation.umontreal.ca\/wp-content\/uploads\/sites\/21\/2019\/11\/Zidarov_Photo_Web.jpg\",\"contentUrl\":\"https:\/\/readaptation.umontreal.ca\/wp-content\/uploads\/sites\/21\/2019\/11\/Zidarov_Photo_Web.jpg\"},{\"@type\":\"BreadcrumbList\",\"@id\":\"https:\/\/readaptation.umontreal.ca\/en\/research\/researchers\/diana-zidarov-ph-d\/#breadcrumb\",\"itemListElement\":[{\"@type\":\"ListItem\",\"position\":1,\"name\":\"Accueil\",\"item\":\"https:\/\/readaptation.umontreal.ca\/\"},{\"@type\":\"ListItem\",\"position\":2,\"name\":\"Research\",\"item\":\"https:\/\/readaptation.umontreal.ca\/en\/research\/\"},{\"@type\":\"ListItem\",\"position\":3,\"name\":\"Researchers\",\"item\":\"https:\/\/readaptation.umontreal.ca\/en\/research\/researchers\/\"},{\"@type\":\"ListItem\",\"position\":4,\"name\":\"Diana Zidarov, Ph.D.\"}]},{\"@type\":\"WebSite\",\"@id\":\"https:\/\/readaptation.umontreal.ca\/#website\",\"url\":\"https:\/\/readaptation.umontreal.ca\/\",\"name\":\"\u00c9cole de r\u00e9adaptation\",\"description\":\"\",\"potentialAction\":[{\"@type\":\"SearchAction\",\"target\":{\"@type\":\"EntryPoint\",\"urlTemplate\":\"https:\/\/readaptation.umontreal.ca\/?s={search_term_string}\"},\"query-input\":{\"@type\":\"PropertyValueSpecification\",\"valueRequired\":true,\"valueName\":\"search_term_string\"}}],\"inLanguage\":\"en-US\"}]}<\/script>\n<!-- \/ Yoast SEO plugin. -->","yoast_head_json":{"title":"Diana Zidarov, Ph.D. - \u00c9cole de r\u00e9adaptation - Universit\u00e9 de Montr\u00e9al","robots":{"index":"index","follow":"follow","max-snippet":"max-snippet:-1","max-image-preview":"max-image-preview:large","max-video-preview":"max-video-preview:-1"},"canonical":"https:\/\/readaptation.umontreal.ca\/en\/research\/researchers\/diana-zidarov-ph-d\/","og_locale":"en_US","og_type":"article","og_title":"Diana Zidarov, Ph.D. - \u00c9cole de r\u00e9adaptation - Universit\u00e9 de Montr\u00e9al","og_description":"Education B.Sc. Physiotherapy, University of Montreal (1995) M.Sc. Rehabilitation Sciences, University of Montreal (2008) Ph.D. Public Health, University of Montreal (2015) Fellowship, School of Physical and Occupational Therapy, McGill University [&hellip;]","og_url":"https:\/\/readaptation.umontreal.ca\/en\/research\/researchers\/diana-zidarov-ph-d\/","og_site_name":"\u00c9cole de r\u00e9adaptation","article_modified_time":"2020-08-06T20:30:52+00:00","og_image":[{"url":"https:\/\/readaptation-prod.umontreal.ca\/wp-content\/uploads\/sites\/21\/2019\/11\/Zidarov_Photo_Web.jpg","type":"","width":"","height":""}],"twitter_misc":{"Est. reading time":"3 minutes"},"schema":{"@context":"https:\/\/schema.org","@graph":[{"@type":"WebPage","@id":"https:\/\/readaptation.umontreal.ca\/en\/research\/researchers\/diana-zidarov-ph-d\/","url":"https:\/\/readaptation.umontreal.ca\/en\/research\/researchers\/diana-zidarov-ph-d\/","name":"Diana Zidarov, Ph.D. - \u00c9cole de r\u00e9adaptation - Universit\u00e9 de Montr\u00e9al","isPartOf":{"@id":"https:\/\/readaptation.umontreal.ca\/#website"},"primaryImageOfPage":{"@id":"https:\/\/readaptation.umontreal.ca\/en\/research\/researchers\/diana-zidarov-ph-d\/#primaryimage"},"image":{"@id":"https:\/\/readaptation.umontreal.ca\/en\/research\/researchers\/diana-zidarov-ph-d\/#primaryimage"},"thumbnailUrl":"https:\/\/readaptation.umontreal.ca\/wp-content\/uploads\/sites\/21\/2019\/11\/Zidarov_Photo_Web.jpg","datePublished":"2019-11-08T20:35:24+00:00","dateModified":"2020-08-06T20:30:52+00:00","breadcrumb":{"@id":"https:\/\/readaptation.umontreal.ca\/en\/research\/researchers\/diana-zidarov-ph-d\/#breadcrumb"},"inLanguage":"en-US","potentialAction":[{"@type":"ReadAction","target":["https:\/\/readaptation.umontreal.ca\/en\/research\/researchers\/diana-zidarov-ph-d\/"]}]},{"@type":"ImageObject","inLanguage":"en-US","@id":"https:\/\/readaptation.umontreal.ca\/en\/research\/researchers\/diana-zidarov-ph-d\/#primaryimage","url":"https:\/\/readaptation.umontreal.ca\/wp-content\/uploads\/sites\/21\/2019\/11\/Zidarov_Photo_Web.jpg","contentUrl":"https:\/\/readaptation.umontreal.ca\/wp-content\/uploads\/sites\/21\/2019\/11\/Zidarov_Photo_Web.jpg"},{"@type":"BreadcrumbList","@id":"https:\/\/readaptation.umontreal.ca\/en\/research\/researchers\/diana-zidarov-ph-d\/#breadcrumb","itemListElement":[{"@type":"ListItem","position":1,"name":"Accueil","item":"https:\/\/readaptation.umontreal.ca\/"},{"@type":"ListItem","position":2,"name":"Research","item":"https:\/\/readaptation.umontreal.ca\/en\/research\/"},{"@type":"ListItem","position":3,"name":"Researchers","item":"https:\/\/readaptation.umontreal.ca\/en\/research\/researchers\/"},{"@type":"ListItem","position":4,"name":"Diana Zidarov, Ph.D."}]},{"@type":"WebSite","@id":"https:\/\/readaptation.umontreal.ca\/#website","url":"https:\/\/readaptation.umontreal.ca\/","name":"\u00c9cole de r\u00e9adaptation","description":"","potentialAction":[{"@type":"SearchAction","target":{"@type":"EntryPoint","urlTemplate":"https:\/\/readaptation.umontreal.ca\/?s={search_term_string}"},"query-input":{"@type":"PropertyValueSpecification","valueRequired":true,"valueName":"search_term_string"}}],"inLanguage":"en-US"}]}},"_links":{"self":[{"href":"https:\/\/readaptation.umontreal.ca\/en\/wp-json\/wp\/v2\/pages\/17221","targetHints":{"allow":["GET"]}}],"collection":[{"href":"https:\/\/readaptation.umontreal.ca\/en\/wp-json\/wp\/v2\/pages"}],"about":[{"href":"https:\/\/readaptation.umontreal.ca\/en\/wp-json\/wp\/v2\/types\/page"}],"author":[{"embeddable":true,"href":"https:\/\/readaptation.umontreal.ca\/en\/wp-json\/wp\/v2\/users\/90"}],"replies":[{"embeddable":true,"href":"https:\/\/readaptation.umontreal.ca\/en\/wp-json\/wp\/v2\/comments?post=17221"}],"version-history":[{"count":5,"href":"https:\/\/readaptation.umontreal.ca\/en\/wp-json\/wp\/v2\/pages\/17221\/revisions"}],"predecessor-version":[{"id":18077,"href":"https:\/\/readaptation.umontreal.ca\/en\/wp-json\/wp\/v2\/pages\/17221\/revisions\/18077"}],"up":[{"embeddable":true,"href":"https:\/\/readaptation.umontreal.ca\/en\/wp-json\/wp\/v2\/pages\/13845"}],"wp:attachment":[{"href":"https:\/\/readaptation.umontreal.ca\/en\/wp-json\/wp\/v2\/media?parent=17221"}],"curies":[{"name":"wp","href":"https:\/\/api.w.org\/{rel}","templated":true}]}}