{"id":17029,"date":"2019-09-19T20:04:08","date_gmt":"2019-09-19T19:04:08","guid":{"rendered":"https:\/\/readaptation.umontreal.ca\/?page_id=17029"},"modified":"2020-04-08T17:30:11","modified_gmt":"2020-04-08T16:30:11","slug":"anne-hudon-ph-d-2","status":"publish","type":"page","link":"https:\/\/readaptation.umontreal.ca\/en\/research\/researchers\/anne-hudon-ph-d-2\/","title":{"rendered":"Anne Hudon, Ph.D."},"content":{"rendered":"<div class=\"one-third first \">\n\n<p><img loading=\"lazy\" decoding=\"async\" src=\"https:\/\/readaptation.umontreal.ca\/wp-content\/uploads\/sites\/21\/2019\/09\/HUDON_Anne.jpg\" alt=\"\" class=\"alignnone wp-image-17020\" width=\"150\" height=\"174\" \/><br \/>\n<\/div>\n<div class=\"two-third  \">\n<h3>Assistant professor<\/h3>\n<p><strong>Contact details (Research)<br \/>\n<\/strong>Centre de recherche interdisciplinaire en r\u00e9adaptation (CRIR) du Montr\u00e9al m\u00e9tropolitain<br \/>\nInstitut universitaire sur la r\u00e9adaptation en d\u00e9ficience physique de Montr\u00e9al<br \/>\nLindsay Pavilion<br \/>\n6300, avenue Darlington<br \/>\nMontr\u00e9al (Qu\u00e9bec) \u00a0H3S 2J4<strong><\/strong><\/p>\n<p><strong>Contact details (School of rehabilitation)<\/strong><br \/>\n<strong>T<\/strong> 514 343-6111, ext. 5935<br \/>\n<a href=\"mailto:anne.hudon@umontreal.ca\" target=\"_blank\" rel=\"noopener noreferrer\">anne.hudon@umontreal.ca<\/a><\/p>\n<p><strong>Program<\/strong><br \/>\nPhysiotherapy<\/p>\n<\/div>\n<hr\/>\n<h2>Education<\/h2>\n<ul>\n<li>B.Sc. Physiotherapy, Universit\u00e9 de Montr\u00e9al (2009)<\/li>\n<li>M.Sc. Physiotherapy, Universit\u00e9 de Montr\u00e9al (2010)<\/li>\n<li>Ph.D. Rehabilitation Sciences, Universit\u00e9 de Montr\u00e9al (2017)<\/li>\n<li>CIHR Strategic Training Program on Work Disability Prevention, Dalla Lana School of Public Health, University of Toronto (2014-2015)<\/li>\n<li>Postdoctorate School of Public Health and Health Systems (University of Waterloo) and Faculty of Law &#8211; Civil Law Section (University of Ottawa) (2017-2019)<\/li>\n<\/ul>\n<ul><\/ul>\n<ul><\/ul>\n<h2><strong>Current research projects<\/strong><\/h2>\n<ul>\n<li>Roles and impacts of fist-line healthcare professionals in the care of injured workers in four jurisdictions (Quebec, Ontario, Victoria &#8211; Australia, Washington State &#8211; United States).<\/li>\n<li>Health policies, organization of services and access to physiotherapy care in Quebec and Canada.<\/li>\n<li>Access to non-pharmacological care for patients with musculoskeletal pain.<\/li>\n<li>Development of the role of advocate by healthcare professionals.<\/li>\n<li>Teaching and curriculum development about pain in physiotherapy programs.<\/li>\n<\/ul>\n<h2><strong>Selected publications<\/strong><\/h2>\n<ul>\n<li><strong>Hudon, A.<\/strong>, Lippel, K., &amp; MacEachen, E. (2019). Mapping first-line health care providers&#8217; roles, practices, and impacts on care for workers with compensable musculoskeletal disorders in four jurisdictions: A critical interpretive synthesis. <em>American Journal of Industrial Medicine, 62<\/em>(7), 545-558. doi:10.1002\/ajim.22972<\/li>\n<li><strong>Hudon, A.<\/strong>, Ehrmann Feldman, D., &amp; Hunt, M. (2019). Tensions Living Out Professional Values for Physical Therapists Treating Injured Workers. <em>Qualitative Health Research<\/em><em>, 29<\/em>(6), 876-888. doi:10.1177\/1049732318803589<\/li>\n<li>Wideman, T. H., Edwards, R. R., Walton, D. M., Martel, M. O., <strong>Hudon, A.<\/strong>, &amp; Seminowicz, D. A. (2019). The Multimodal Assessment Model of Pain: A Novel Framework for Further Integrating the Subjective Pain Experience Within Research and Practice. <em>Clinical Journal of Pain, 35<\/em>(3), 212-221. doi:10.1097\/ajp.0000000000000670<\/li>\n<li><strong>Hudon, A.<\/strong>, Hunt, M., &amp; Ehrmann Feldman, D. (2018). Physiotherapy for injured workers in Canada: are insurers\u2019 and clinics\u2019 policies threatening good quality and equity of care? Results of a qualitative study. <em>BMC Health Services Research, 18<\/em>(1), 682. doi:10.1186\/s12913-018-3491-1<\/li>\n<li><strong>Hudon, A.<\/strong>, Blackburn, \u00c9., Lalibert\u00e9, M., Perreault, K., Mazer, B., Ehrmann Feldman, D., Williams-Jones, B., &amp; Hunt, M. (2018). Supporting ethics educators in Canadian occupational therapy and physical therapy programs: A national interprofessional knowledge exchange project. <em>Journal of Interprofessional Care, 32<\/em>(4), 452-462. doi:10.1080\/13561820.2018.1435514<\/li>\n<li>Deslauriers, S., Raymond, M.-H., Lalibert\u00e9, M., <strong>Hudon, A.<\/strong>, Desmeules, F., Feldman, D. E., &amp; Perreault, K. (2018). Prioritization of Referrals in Outpatient Physiotherapy Departments in Qu\u00e9bec and Implications for Equity in Access. <em>Canadian Journal of Bioethics \/ Revue canadienne de bio\u00e9thique, 1<\/em>(3), 49-60. doi:https:\/\/doi.org\/10.7202\/1058251ar<\/li>\n<li><strong>Hudon, A.<\/strong>, Deslauriers, S., &amp; Cleaver, S. (2019). Les iniquit\u00e9s dans l\u2019offre de services en physioth\u00e9rapie : r\u00e9sultats d\u2019un atelier et appel \u00e0 l\u2019action! <em>PhysioQu\u00e9bec (Revue de l\u2019Ordre professionnel de la physioth\u00e9rapie du Qu\u00e9bec), 46<\/em>(1), 16-20.<\/li>\n<li><strong>Hudon, A.<\/strong>, Drolet, M. J., &amp; Williams-Jones, B. (2015). Ethical issues raised by private practice physiotherapy are more diverse than first meets the eye: recommendations from a literature review. <em>Physiotherapy Canada, 67<\/em>(2), 124-132. doi:10.3138\/ptc.2014-10<\/li>\n<\/ul>\n<h2><strong>Research interests<\/strong><\/h2>\n<ul>\n<li>Ethical and organizational issues in rehabilitation<\/li>\n<li>Work-related musculoskeletal injuries and work rehabilitation<\/li>\n<li>Analysis of health policies and healthcare systems<\/li>\n<li>Access to physiotherapy care<\/li>\n<li>Equity in healthcare and advocacy<\/li>\n<li>Innovative approaches to teaching and managing pain<\/li>\n<li>Qualitative and mixed methods<\/li>\n<\/ul>\n","protected":false},"excerpt":{"rendered":"<p>Education B.Sc. Physiotherapy, Universit\u00e9 de Montr\u00e9al (2009) M.Sc. Physiotherapy, Universit\u00e9 de Montr\u00e9al (2010) Ph.D. Rehabilitation Sciences, Universit\u00e9 de Montr\u00e9al (2017) CIHR Strategic Training Program on Work Disability Prevention, Dalla Lana [&hellip;]<\/p>\n","protected":false},"author":90,"featured_media":0,"parent":13845,"menu_order":0,"comment_status":"closed","ping_status":"closed","template":"","meta":{"footnotes":""},"class_list":["post-17029","page","type-page","status-publish","hentry"],"yoast_head":"<!-- This site is optimized with the Yoast SEO plugin v25.0 - https:\/\/yoast.com\/wordpress\/plugins\/seo\/ -->\n<title>Anne Hudon, Ph.D. - \u00c9cole de r\u00e9adaptation - Universit\u00e9 de Montr\u00e9al<\/title>\n<meta name=\"robots\" content=\"index, follow, max-snippet:-1, max-image-preview:large, max-video-preview:-1\" \/>\n<link rel=\"canonical\" href=\"https:\/\/readaptation.umontreal.ca\/en\/research\/researchers\/anne-hudon-ph-d-2\/\" \/>\n<meta property=\"og:locale\" content=\"en_US\" \/>\n<meta property=\"og:type\" content=\"article\" \/>\n<meta property=\"og:title\" content=\"Anne Hudon, Ph.D. - \u00c9cole de r\u00e9adaptation - Universit\u00e9 de Montr\u00e9al\" \/>\n<meta property=\"og:description\" content=\"Education B.Sc. Physiotherapy, Universit\u00e9 de Montr\u00e9al (2009) M.Sc. Physiotherapy, Universit\u00e9 de Montr\u00e9al (2010) Ph.D. Rehabilitation Sciences, Universit\u00e9 de Montr\u00e9al (2017) CIHR Strategic Training Program on Work Disability Prevention, Dalla Lana [&hellip;]\" \/>\n<meta property=\"og:url\" content=\"https:\/\/readaptation.umontreal.ca\/en\/research\/researchers\/anne-hudon-ph-d-2\/\" \/>\n<meta property=\"og:site_name\" content=\"\u00c9cole de r\u00e9adaptation\" \/>\n<meta property=\"article:modified_time\" content=\"2020-04-08T16:30:11+00:00\" \/>\n<meta property=\"og:image\" content=\"https:\/\/readaptation-prod.umontreal.ca\/wp-content\/uploads\/sites\/21\/2019\/09\/HUDON_Anne.jpg\" \/>\n<meta name=\"twitter:label1\" content=\"Est. reading time\" \/>\n\t<meta name=\"twitter:data1\" content=\"3 minutes\" \/>\n<script type=\"application\/ld+json\" class=\"yoast-schema-graph\">{\"@context\":\"https:\/\/schema.org\",\"@graph\":[{\"@type\":\"WebPage\",\"@id\":\"https:\/\/readaptation.umontreal.ca\/en\/research\/researchers\/anne-hudon-ph-d-2\/\",\"url\":\"https:\/\/readaptation.umontreal.ca\/en\/research\/researchers\/anne-hudon-ph-d-2\/\",\"name\":\"Anne Hudon, Ph.D. - \u00c9cole de r\u00e9adaptation - Universit\u00e9 de Montr\u00e9al\",\"isPartOf\":{\"@id\":\"https:\/\/readaptation.umontreal.ca\/#website\"},\"primaryImageOfPage\":{\"@id\":\"https:\/\/readaptation.umontreal.ca\/en\/research\/researchers\/anne-hudon-ph-d-2\/#primaryimage\"},\"image\":{\"@id\":\"https:\/\/readaptation.umontreal.ca\/en\/research\/researchers\/anne-hudon-ph-d-2\/#primaryimage\"},\"thumbnailUrl\":\"https:\/\/readaptation.umontreal.ca\/wp-content\/uploads\/sites\/21\/2019\/09\/HUDON_Anne.jpg\",\"datePublished\":\"2019-09-19T19:04:08+00:00\",\"dateModified\":\"2020-04-08T16:30:11+00:00\",\"breadcrumb\":{\"@id\":\"https:\/\/readaptation.umontreal.ca\/en\/research\/researchers\/anne-hudon-ph-d-2\/#breadcrumb\"},\"inLanguage\":\"en-US\",\"potentialAction\":[{\"@type\":\"ReadAction\",\"target\":[\"https:\/\/readaptation.umontreal.ca\/en\/research\/researchers\/anne-hudon-ph-d-2\/\"]}]},{\"@type\":\"ImageObject\",\"inLanguage\":\"en-US\",\"@id\":\"https:\/\/readaptation.umontreal.ca\/en\/research\/researchers\/anne-hudon-ph-d-2\/#primaryimage\",\"url\":\"https:\/\/readaptation.umontreal.ca\/wp-content\/uploads\/sites\/21\/2019\/09\/HUDON_Anne.jpg\",\"contentUrl\":\"https:\/\/readaptation.umontreal.ca\/wp-content\/uploads\/sites\/21\/2019\/09\/HUDON_Anne.jpg\"},{\"@type\":\"BreadcrumbList\",\"@id\":\"https:\/\/readaptation.umontreal.ca\/en\/research\/researchers\/anne-hudon-ph-d-2\/#breadcrumb\",\"itemListElement\":[{\"@type\":\"ListItem\",\"position\":1,\"name\":\"Accueil\",\"item\":\"https:\/\/readaptation.umontreal.ca\/\"},{\"@type\":\"ListItem\",\"position\":2,\"name\":\"Research\",\"item\":\"https:\/\/readaptation.umontreal.ca\/en\/research\/\"},{\"@type\":\"ListItem\",\"position\":3,\"name\":\"Researchers\",\"item\":\"https:\/\/readaptation.umontreal.ca\/en\/research\/researchers\/\"},{\"@type\":\"ListItem\",\"position\":4,\"name\":\"Anne Hudon, Ph.D.\"}]},{\"@type\":\"WebSite\",\"@id\":\"https:\/\/readaptation.umontreal.ca\/#website\",\"url\":\"https:\/\/readaptation.umontreal.ca\/\",\"name\":\"\u00c9cole de r\u00e9adaptation\",\"description\":\"\",\"potentialAction\":[{\"@type\":\"SearchAction\",\"target\":{\"@type\":\"EntryPoint\",\"urlTemplate\":\"https:\/\/readaptation.umontreal.ca\/?s={search_term_string}\"},\"query-input\":{\"@type\":\"PropertyValueSpecification\",\"valueRequired\":true,\"valueName\":\"search_term_string\"}}],\"inLanguage\":\"en-US\"}]}<\/script>\n<!-- \/ Yoast SEO plugin. -->","yoast_head_json":{"title":"Anne Hudon, Ph.D. - \u00c9cole de r\u00e9adaptation - Universit\u00e9 de Montr\u00e9al","robots":{"index":"index","follow":"follow","max-snippet":"max-snippet:-1","max-image-preview":"max-image-preview:large","max-video-preview":"max-video-preview:-1"},"canonical":"https:\/\/readaptation.umontreal.ca\/en\/research\/researchers\/anne-hudon-ph-d-2\/","og_locale":"en_US","og_type":"article","og_title":"Anne Hudon, Ph.D. - \u00c9cole de r\u00e9adaptation - Universit\u00e9 de Montr\u00e9al","og_description":"Education B.Sc. Physiotherapy, Universit\u00e9 de Montr\u00e9al (2009) M.Sc. Physiotherapy, Universit\u00e9 de Montr\u00e9al (2010) Ph.D. Rehabilitation Sciences, Universit\u00e9 de Montr\u00e9al (2017) CIHR Strategic Training Program on Work Disability Prevention, Dalla Lana [&hellip;]","og_url":"https:\/\/readaptation.umontreal.ca\/en\/research\/researchers\/anne-hudon-ph-d-2\/","og_site_name":"\u00c9cole de r\u00e9adaptation","article_modified_time":"2020-04-08T16:30:11+00:00","og_image":[{"url":"https:\/\/readaptation-prod.umontreal.ca\/wp-content\/uploads\/sites\/21\/2019\/09\/HUDON_Anne.jpg","type":"","width":"","height":""}],"twitter_misc":{"Est. reading time":"3 minutes"},"schema":{"@context":"https:\/\/schema.org","@graph":[{"@type":"WebPage","@id":"https:\/\/readaptation.umontreal.ca\/en\/research\/researchers\/anne-hudon-ph-d-2\/","url":"https:\/\/readaptation.umontreal.ca\/en\/research\/researchers\/anne-hudon-ph-d-2\/","name":"Anne Hudon, Ph.D. - \u00c9cole de r\u00e9adaptation - Universit\u00e9 de Montr\u00e9al","isPartOf":{"@id":"https:\/\/readaptation.umontreal.ca\/#website"},"primaryImageOfPage":{"@id":"https:\/\/readaptation.umontreal.ca\/en\/research\/researchers\/anne-hudon-ph-d-2\/#primaryimage"},"image":{"@id":"https:\/\/readaptation.umontreal.ca\/en\/research\/researchers\/anne-hudon-ph-d-2\/#primaryimage"},"thumbnailUrl":"https:\/\/readaptation.umontreal.ca\/wp-content\/uploads\/sites\/21\/2019\/09\/HUDON_Anne.jpg","datePublished":"2019-09-19T19:04:08+00:00","dateModified":"2020-04-08T16:30:11+00:00","breadcrumb":{"@id":"https:\/\/readaptation.umontreal.ca\/en\/research\/researchers\/anne-hudon-ph-d-2\/#breadcrumb"},"inLanguage":"en-US","potentialAction":[{"@type":"ReadAction","target":["https:\/\/readaptation.umontreal.ca\/en\/research\/researchers\/anne-hudon-ph-d-2\/"]}]},{"@type":"ImageObject","inLanguage":"en-US","@id":"https:\/\/readaptation.umontreal.ca\/en\/research\/researchers\/anne-hudon-ph-d-2\/#primaryimage","url":"https:\/\/readaptation.umontreal.ca\/wp-content\/uploads\/sites\/21\/2019\/09\/HUDON_Anne.jpg","contentUrl":"https:\/\/readaptation.umontreal.ca\/wp-content\/uploads\/sites\/21\/2019\/09\/HUDON_Anne.jpg"},{"@type":"BreadcrumbList","@id":"https:\/\/readaptation.umontreal.ca\/en\/research\/researchers\/anne-hudon-ph-d-2\/#breadcrumb","itemListElement":[{"@type":"ListItem","position":1,"name":"Accueil","item":"https:\/\/readaptation.umontreal.ca\/"},{"@type":"ListItem","position":2,"name":"Research","item":"https:\/\/readaptation.umontreal.ca\/en\/research\/"},{"@type":"ListItem","position":3,"name":"Researchers","item":"https:\/\/readaptation.umontreal.ca\/en\/research\/researchers\/"},{"@type":"ListItem","position":4,"name":"Anne Hudon, Ph.D."}]},{"@type":"WebSite","@id":"https:\/\/readaptation.umontreal.ca\/#website","url":"https:\/\/readaptation.umontreal.ca\/","name":"\u00c9cole de r\u00e9adaptation","description":"","potentialAction":[{"@type":"SearchAction","target":{"@type":"EntryPoint","urlTemplate":"https:\/\/readaptation.umontreal.ca\/?s={search_term_string}"},"query-input":{"@type":"PropertyValueSpecification","valueRequired":true,"valueName":"search_term_string"}}],"inLanguage":"en-US"}]}},"_links":{"self":[{"href":"https:\/\/readaptation.umontreal.ca\/en\/wp-json\/wp\/v2\/pages\/17029","targetHints":{"allow":["GET"]}}],"collection":[{"href":"https:\/\/readaptation.umontreal.ca\/en\/wp-json\/wp\/v2\/pages"}],"about":[{"href":"https:\/\/readaptation.umontreal.ca\/en\/wp-json\/wp\/v2\/types\/page"}],"author":[{"embeddable":true,"href":"https:\/\/readaptation.umontreal.ca\/en\/wp-json\/wp\/v2\/users\/90"}],"replies":[{"embeddable":true,"href":"https:\/\/readaptation.umontreal.ca\/en\/wp-json\/wp\/v2\/comments?post=17029"}],"version-history":[{"count":4,"href":"https:\/\/readaptation.umontreal.ca\/en\/wp-json\/wp\/v2\/pages\/17029\/revisions"}],"predecessor-version":[{"id":17790,"href":"https:\/\/readaptation.umontreal.ca\/en\/wp-json\/wp\/v2\/pages\/17029\/revisions\/17790"}],"up":[{"embeddable":true,"href":"https:\/\/readaptation.umontreal.ca\/en\/wp-json\/wp\/v2\/pages\/13845"}],"wp:attachment":[{"href":"https:\/\/readaptation.umontreal.ca\/en\/wp-json\/wp\/v2\/media?parent=17029"}],"curies":[{"name":"wp","href":"https:\/\/api.w.org\/{rel}","templated":true}]}}