{"id":16876,"date":"2019-07-23T19:33:34","date_gmt":"2019-07-23T18:33:34","guid":{"rendered":"https:\/\/readaptation.umontreal.ca\/?page_id=16876"},"modified":"2020-11-09T16:20:11","modified_gmt":"2020-11-09T15:20:11","slug":"lisa-carlesso-ph-d","status":"publish","type":"page","link":"https:\/\/readaptation.umontreal.ca\/en\/research\/researchers\/lisa-carlesso-ph-d\/","title":{"rendered":"Lisa Carlesso, Ph.D."},"content":{"rendered":"<div class=\"one-third first \">\n<span style=\"color: #ffffff\"> &#8211; <\/span><br \/>\n<img loading=\"lazy\" decoding=\"async\" src=\"https:\/\/readaptation.umontreal.ca\/wp-content\/uploads\/sites\/21\/2019\/07\/L_Carlesso.png\" alt=\"\" class=\"alignnone size-full wp-image-16874\" width=\"180\" height=\"180\" srcset=\"https:\/\/readaptation.umontreal.ca\/wp-content\/uploads\/sites\/21\/2019\/07\/L_Carlesso.png 180w, https:\/\/readaptation.umontreal.ca\/wp-content\/uploads\/sites\/21\/2019\/07\/L_Carlesso-150x150.png 150w\" sizes=\"auto, (max-width: 180px) 100vw, 180px\" \/><br \/>\n<\/div>\n<div class=\"two-third  \">\n<h3>Adjunct Professor<strong><\/strong><\/h3>\n<p><strong>Contact details (Research)<br \/>\n<\/strong>School of Rehabilitation Science, McMaster University<br \/>\nThe Research Institute of St. Joe\u2019s Hamilton<br \/>\nOntario<br \/>\n<a href=\"mailto:carlesl@mcmaster.ca\">carlesl@mcmaster.ca<\/a><\/p>\n<p><strong>Contact details (School of rehabilitation)<br \/>\n<\/strong><a href=\"mailto:lisa.carlesso@umontreal.ca\">lisa.carlesso@umontreal.ca<\/a><\/p>\n<p><strong>Program<\/strong><br \/>\nPhysiotherapy<\/p>\n<\/div>\n<hr\/>\n<h2>Education<strong><\/strong><\/h2>\n<ul>\n<li>B.Sc., Physiotherapy, University of Toronto (1990)<\/li>\n<li>M.Sc., Physiotherapy, Western University (2005)<\/li>\n<li>Ph.D., Health Research Methodology, McMaster University (2013)<\/li>\n<li>Postdoctoral fellow, Health Care and Outcomes, Toronto Western Research Institute (2013-2016)<\/li>\n<\/ul>\n<h2>Current research projects<strong><\/strong><\/h2>\n<ul>\n<li>Pain phenotypes in persons with knee osteoarthritis<\/li>\n<li>Pain phenotyping of injured workers with chronic low back pain<\/li>\n<\/ul>\n<h2>Selected publications<strong><\/strong><\/h2>\n<ul>\n<li><strong>Carlesso, L. C.<\/strong>, Frey Law, L., Wang, N., Nevitt, M., Lewis, C. E. &amp; Neogi, T. (2020). The association of pain sensitization and conditioned pain modulation to pain patterns in knee osteoarthritis. <em>Arthritis Care &amp; Research<\/em>. <a href=\"https:\/\/doi.org\/10.1002\/acr.24437\">https:\/\/doi.org\/10.1002\/acr.24437<\/a><\/li>\n<li><strong>Carlesso, L. C.<\/strong>, Hawker, G. A., Torner, J., Lewis, C. E., Nevitt, M. &amp; Neogi, T. (2020). Association of intermittent and constant knee pain patterns with knee pain severity, radiographic knee osteoarthritis duration and severity. <em>Arthritis Care &amp; Research<\/em>. <a href=\"https:\/\/doi.org\/10.1002\/acr.24194\">https:\/\/doi.org\/10.1002\/acr.24194<\/a><\/li>\n<li>Hoteit, F., Feldman, D. E., Pollice, J. &amp; <strong>Carlesso, L. C.<\/strong> (2020). Scoping review of pain and patient characteristics and function associated with intermittent and constant pain in people with knee osteoarthritis. <em>Physiotherapy Canada<\/em>. <a href=\"https:\/\/doi.org\/10.3138\/ptc-2019-0049\">https:\/\/doi.org\/10.3138\/ptc-2019-0049<\/a><\/li>\n<li>Gue\u0301rard, O., Dufort, S., Forget Besnard, L., Gougeon, A. &amp; <strong>Carlesso, L. C. <\/strong>(2020). Comparing the association of widespread pain, multi-joint pain and low back pain with measures of pain sensitization and function in people with knee osteoarthritis. <em>Clinical Rheumatology, 39<\/em>(3), 873-879. <a href=\"https:\/\/doi.org\/10.1007\/s10067-019-04828-3\">https:\/\/doi.org\/10.1007\/s10067-019-04828-3<\/a><\/li>\n<li><strong>Carlesso, L. C.<\/strong>, Segal, N. A., Frey Law, L., Zhang, Y., Na, L., Nevitt, M., Lewis, C. E. &amp; Neogi, T. (2019). Pain susceptibility phenotypes in those free of knee pain with or at risk of knee osteoarthritis: The Multicenter Osteoarthritis Study. <em>Arthritis &amp; Rheumatology, 71<\/em>(4), 542-549. <a href=\"https:\/\/doi.org\/10.1002\/art.40752\">https:\/\/doi.org\/10.1002\/art.40752<\/a><\/li>\n<li><strong>Carlesso, L. C.<\/strong>, Raja Rampersaud, Y., &amp; Davis, A. M. (2017). Clinical classes of injured workers with chronic low back pain: a latent class analysis with relationship to working status. <em>European Spine Journal, 27<\/em>(1), 117\u2013124. <a href=\"https:\/\/doi.org\/10.1007\/s00586-017-4966-1\">https:\/\/doi.org\/10.1007\/s00586-017-4966-1<\/a> <strong><\/strong><\/li>\n<li><strong>Carlesso, L. C.<\/strong>, Sturgeon, J. A., &amp; Zautra, A. J. (2016). Exploring the relationship between disease-related pain and cortisol levels in women with osteoarthritis. <em>Osteoarthritis Cartilage, 24<\/em>(12), 2048-2054. doi:10.1016\/j.joca.2016.06.018<\/li>\n<\/ul>\n<h2>Research interests<strong><\/strong><\/h2>\n<ul>\n<li>Chronic Pain<\/li>\n<li>Epidemiology<\/li>\n<li>Knee Osteoarthritis<\/li>\n<li>Low Back Pain<\/li>\n<\/ul>\n","protected":false},"excerpt":{"rendered":"<p>Education B.Sc., Physiotherapy, University of Toronto (1990) M.Sc., Physiotherapy, Western University (2005) Ph.D., Health Research Methodology, McMaster University (2013) Postdoctoral fellow, Health Care and Outcomes, Toronto Western Research Institute (2013-2016) [&hellip;]<\/p>\n","protected":false},"author":90,"featured_media":0,"parent":13845,"menu_order":0,"comment_status":"closed","ping_status":"closed","template":"","meta":{"footnotes":""},"class_list":["post-16876","page","type-page","status-publish","hentry"],"yoast_head":"<!-- This site is optimized with the Yoast SEO plugin v25.0 - https:\/\/yoast.com\/wordpress\/plugins\/seo\/ -->\n<title>Lisa Carlesso, Ph.D. - \u00c9cole de r\u00e9adaptation - Universit\u00e9 de Montr\u00e9al<\/title>\n<meta name=\"robots\" content=\"index, follow, max-snippet:-1, max-image-preview:large, max-video-preview:-1\" \/>\n<link rel=\"canonical\" href=\"https:\/\/readaptation.umontreal.ca\/en\/research\/researchers\/lisa-carlesso-ph-d\/\" \/>\n<meta property=\"og:locale\" content=\"en_US\" \/>\n<meta property=\"og:type\" content=\"article\" \/>\n<meta property=\"og:title\" content=\"Lisa Carlesso, Ph.D. - \u00c9cole de r\u00e9adaptation - Universit\u00e9 de Montr\u00e9al\" \/>\n<meta property=\"og:description\" content=\"Education B.Sc., Physiotherapy, University of Toronto (1990) M.Sc., Physiotherapy, Western University (2005) Ph.D., Health Research Methodology, McMaster University (2013) Postdoctoral fellow, Health Care and Outcomes, Toronto Western Research Institute (2013-2016) [&hellip;]\" \/>\n<meta property=\"og:url\" content=\"https:\/\/readaptation.umontreal.ca\/en\/research\/researchers\/lisa-carlesso-ph-d\/\" \/>\n<meta property=\"og:site_name\" content=\"\u00c9cole de r\u00e9adaptation\" \/>\n<meta property=\"article:modified_time\" content=\"2020-11-09T15:20:11+00:00\" \/>\n<meta property=\"og:image\" content=\"https:\/\/readaptation-prod.umontreal.ca\/wp-content\/uploads\/sites\/21\/2019\/07\/L_Carlesso.png\" \/>\n<meta name=\"twitter:label1\" content=\"Est. reading time\" \/>\n\t<meta name=\"twitter:data1\" content=\"2 minutes\" \/>\n<script type=\"application\/ld+json\" class=\"yoast-schema-graph\">{\"@context\":\"https:\/\/schema.org\",\"@graph\":[{\"@type\":\"WebPage\",\"@id\":\"https:\/\/readaptation.umontreal.ca\/en\/research\/researchers\/lisa-carlesso-ph-d\/\",\"url\":\"https:\/\/readaptation.umontreal.ca\/en\/research\/researchers\/lisa-carlesso-ph-d\/\",\"name\":\"Lisa Carlesso, Ph.D. - \u00c9cole de r\u00e9adaptation - Universit\u00e9 de Montr\u00e9al\",\"isPartOf\":{\"@id\":\"https:\/\/readaptation.umontreal.ca\/#website\"},\"primaryImageOfPage\":{\"@id\":\"https:\/\/readaptation.umontreal.ca\/en\/research\/researchers\/lisa-carlesso-ph-d\/#primaryimage\"},\"image\":{\"@id\":\"https:\/\/readaptation.umontreal.ca\/en\/research\/researchers\/lisa-carlesso-ph-d\/#primaryimage\"},\"thumbnailUrl\":\"https:\/\/readaptation.umontreal.ca\/wp-content\/uploads\/sites\/21\/2019\/07\/L_Carlesso.png\",\"datePublished\":\"2019-07-23T18:33:34+00:00\",\"dateModified\":\"2020-11-09T15:20:11+00:00\",\"breadcrumb\":{\"@id\":\"https:\/\/readaptation.umontreal.ca\/en\/research\/researchers\/lisa-carlesso-ph-d\/#breadcrumb\"},\"inLanguage\":\"en-US\",\"potentialAction\":[{\"@type\":\"ReadAction\",\"target\":[\"https:\/\/readaptation.umontreal.ca\/en\/research\/researchers\/lisa-carlesso-ph-d\/\"]}]},{\"@type\":\"ImageObject\",\"inLanguage\":\"en-US\",\"@id\":\"https:\/\/readaptation.umontreal.ca\/en\/research\/researchers\/lisa-carlesso-ph-d\/#primaryimage\",\"url\":\"https:\/\/readaptation.umontreal.ca\/wp-content\/uploads\/sites\/21\/2019\/07\/L_Carlesso.png\",\"contentUrl\":\"https:\/\/readaptation.umontreal.ca\/wp-content\/uploads\/sites\/21\/2019\/07\/L_Carlesso.png\"},{\"@type\":\"BreadcrumbList\",\"@id\":\"https:\/\/readaptation.umontreal.ca\/en\/research\/researchers\/lisa-carlesso-ph-d\/#breadcrumb\",\"itemListElement\":[{\"@type\":\"ListItem\",\"position\":1,\"name\":\"Accueil\",\"item\":\"https:\/\/readaptation.umontreal.ca\/\"},{\"@type\":\"ListItem\",\"position\":2,\"name\":\"Research\",\"item\":\"https:\/\/readaptation.umontreal.ca\/en\/research\/\"},{\"@type\":\"ListItem\",\"position\":3,\"name\":\"Researchers\",\"item\":\"https:\/\/readaptation.umontreal.ca\/en\/research\/researchers\/\"},{\"@type\":\"ListItem\",\"position\":4,\"name\":\"Lisa Carlesso, Ph.D.\"}]},{\"@type\":\"WebSite\",\"@id\":\"https:\/\/readaptation.umontreal.ca\/#website\",\"url\":\"https:\/\/readaptation.umontreal.ca\/\",\"name\":\"\u00c9cole de r\u00e9adaptation\",\"description\":\"\",\"potentialAction\":[{\"@type\":\"SearchAction\",\"target\":{\"@type\":\"EntryPoint\",\"urlTemplate\":\"https:\/\/readaptation.umontreal.ca\/?s={search_term_string}\"},\"query-input\":{\"@type\":\"PropertyValueSpecification\",\"valueRequired\":true,\"valueName\":\"search_term_string\"}}],\"inLanguage\":\"en-US\"}]}<\/script>\n<!-- \/ Yoast SEO plugin. -->","yoast_head_json":{"title":"Lisa Carlesso, Ph.D. - \u00c9cole de r\u00e9adaptation - Universit\u00e9 de Montr\u00e9al","robots":{"index":"index","follow":"follow","max-snippet":"max-snippet:-1","max-image-preview":"max-image-preview:large","max-video-preview":"max-video-preview:-1"},"canonical":"https:\/\/readaptation.umontreal.ca\/en\/research\/researchers\/lisa-carlesso-ph-d\/","og_locale":"en_US","og_type":"article","og_title":"Lisa Carlesso, Ph.D. - \u00c9cole de r\u00e9adaptation - Universit\u00e9 de Montr\u00e9al","og_description":"Education B.Sc., Physiotherapy, University of Toronto (1990) M.Sc., Physiotherapy, Western University (2005) Ph.D., Health Research Methodology, McMaster University (2013) Postdoctoral fellow, Health Care and Outcomes, Toronto Western Research Institute (2013-2016) [&hellip;]","og_url":"https:\/\/readaptation.umontreal.ca\/en\/research\/researchers\/lisa-carlesso-ph-d\/","og_site_name":"\u00c9cole de r\u00e9adaptation","article_modified_time":"2020-11-09T15:20:11+00:00","og_image":[{"url":"https:\/\/readaptation-prod.umontreal.ca\/wp-content\/uploads\/sites\/21\/2019\/07\/L_Carlesso.png","type":"","width":"","height":""}],"twitter_misc":{"Est. reading time":"2 minutes"},"schema":{"@context":"https:\/\/schema.org","@graph":[{"@type":"WebPage","@id":"https:\/\/readaptation.umontreal.ca\/en\/research\/researchers\/lisa-carlesso-ph-d\/","url":"https:\/\/readaptation.umontreal.ca\/en\/research\/researchers\/lisa-carlesso-ph-d\/","name":"Lisa Carlesso, Ph.D. - \u00c9cole de r\u00e9adaptation - Universit\u00e9 de Montr\u00e9al","isPartOf":{"@id":"https:\/\/readaptation.umontreal.ca\/#website"},"primaryImageOfPage":{"@id":"https:\/\/readaptation.umontreal.ca\/en\/research\/researchers\/lisa-carlesso-ph-d\/#primaryimage"},"image":{"@id":"https:\/\/readaptation.umontreal.ca\/en\/research\/researchers\/lisa-carlesso-ph-d\/#primaryimage"},"thumbnailUrl":"https:\/\/readaptation.umontreal.ca\/wp-content\/uploads\/sites\/21\/2019\/07\/L_Carlesso.png","datePublished":"2019-07-23T18:33:34+00:00","dateModified":"2020-11-09T15:20:11+00:00","breadcrumb":{"@id":"https:\/\/readaptation.umontreal.ca\/en\/research\/researchers\/lisa-carlesso-ph-d\/#breadcrumb"},"inLanguage":"en-US","potentialAction":[{"@type":"ReadAction","target":["https:\/\/readaptation.umontreal.ca\/en\/research\/researchers\/lisa-carlesso-ph-d\/"]}]},{"@type":"ImageObject","inLanguage":"en-US","@id":"https:\/\/readaptation.umontreal.ca\/en\/research\/researchers\/lisa-carlesso-ph-d\/#primaryimage","url":"https:\/\/readaptation.umontreal.ca\/wp-content\/uploads\/sites\/21\/2019\/07\/L_Carlesso.png","contentUrl":"https:\/\/readaptation.umontreal.ca\/wp-content\/uploads\/sites\/21\/2019\/07\/L_Carlesso.png"},{"@type":"BreadcrumbList","@id":"https:\/\/readaptation.umontreal.ca\/en\/research\/researchers\/lisa-carlesso-ph-d\/#breadcrumb","itemListElement":[{"@type":"ListItem","position":1,"name":"Accueil","item":"https:\/\/readaptation.umontreal.ca\/"},{"@type":"ListItem","position":2,"name":"Research","item":"https:\/\/readaptation.umontreal.ca\/en\/research\/"},{"@type":"ListItem","position":3,"name":"Researchers","item":"https:\/\/readaptation.umontreal.ca\/en\/research\/researchers\/"},{"@type":"ListItem","position":4,"name":"Lisa Carlesso, Ph.D."}]},{"@type":"WebSite","@id":"https:\/\/readaptation.umontreal.ca\/#website","url":"https:\/\/readaptation.umontreal.ca\/","name":"\u00c9cole de r\u00e9adaptation","description":"","potentialAction":[{"@type":"SearchAction","target":{"@type":"EntryPoint","urlTemplate":"https:\/\/readaptation.umontreal.ca\/?s={search_term_string}"},"query-input":{"@type":"PropertyValueSpecification","valueRequired":true,"valueName":"search_term_string"}}],"inLanguage":"en-US"}]}},"_links":{"self":[{"href":"https:\/\/readaptation.umontreal.ca\/en\/wp-json\/wp\/v2\/pages\/16876","targetHints":{"allow":["GET"]}}],"collection":[{"href":"https:\/\/readaptation.umontreal.ca\/en\/wp-json\/wp\/v2\/pages"}],"about":[{"href":"https:\/\/readaptation.umontreal.ca\/en\/wp-json\/wp\/v2\/types\/page"}],"author":[{"embeddable":true,"href":"https:\/\/readaptation.umontreal.ca\/en\/wp-json\/wp\/v2\/users\/90"}],"replies":[{"embeddable":true,"href":"https:\/\/readaptation.umontreal.ca\/en\/wp-json\/wp\/v2\/comments?post=16876"}],"version-history":[{"count":7,"href":"https:\/\/readaptation.umontreal.ca\/en\/wp-json\/wp\/v2\/pages\/16876\/revisions"}],"predecessor-version":[{"id":18344,"href":"https:\/\/readaptation.umontreal.ca\/en\/wp-json\/wp\/v2\/pages\/16876\/revisions\/18344"}],"up":[{"embeddable":true,"href":"https:\/\/readaptation.umontreal.ca\/en\/wp-json\/wp\/v2\/pages\/13845"}],"wp:attachment":[{"href":"https:\/\/readaptation.umontreal.ca\/en\/wp-json\/wp\/v2\/media?parent=16876"}],"curies":[{"name":"wp","href":"https:\/\/api.w.org\/{rel}","templated":true}]}}