{"id":16470,"date":"2019-05-10T20:30:58","date_gmt":"2019-05-10T19:30:58","guid":{"rendered":"https:\/\/readaptation.umontreal.ca\/?page_id=16470"},"modified":"2025-06-11T20:47:58","modified_gmt":"2025-06-11T19:47:58","slug":"sabrina-cavallo-ph-d","status":"publish","type":"page","link":"https:\/\/readaptation.umontreal.ca\/en\/research\/researchers\/sabrina-cavallo-ph-d\/","title":{"rendered":"Sabrina Cavallo, Ph.D."},"content":{"rendered":"<div class=\"one-third first \">\n<p><span style=\"color: #ffffff;\">&#8211; <\/span><img loading=\"lazy\" decoding=\"async\" src=\"https:\/\/readaptation.umontreal.ca\/wp-content\/uploads\/sites\/21\/2018\/02\/blanc.jpg\" alt=\"\" class=\"alignnone size-full wp-image-14194\" width=\"36\" height=\"36\" \/><br \/>\n<img loading=\"lazy\" decoding=\"async\" src=\"https:\/\/readaptation.umontreal.ca\/wp-content\/uploads\/sites\/21\/2017\/11\/Sabrina_Cavallo_cv.jpg\" alt=\"\" class=\"alignnone size-full wp-image-13954\" width=\"150\" height=\"175\" \/><br \/>\n<\/div>\n<div class=\"two-third  \">\n<h3>Tenured professor<\/h3>\n<p><strong>Contact details (Research)<\/strong><br \/>\nCentre de recherche interdisciplinaire en r\u00e9adaptation (CRIR) du Montr\u00e9al m\u00e9tropolitain<\/p>\n<p><strong>Contact details (School of Rehabilitation)<br \/>\n<\/strong><a href=\"mailto:nathalie.bier@umontreal.ca\"><\/a><strong>T<\/strong> 514 343-7217<br \/>\n<a href=\"mailto:sabrina.cavallo@umontreal.ca\">sabrina.cavallo@umontreal.ca<\/a><a href=\"mailto:nathalie.bier@umontreal.ca\"><\/a><\/p>\n<p><strong>Program<br \/>\n<\/strong>Occupational therapy<br \/>\n<a href=\"https:\/\/medecine.umontreal.ca\/recherche\/les-chercheurs-de-la-faculte\/portraits-chercheurs\/nathalie-bier-qualite-de-vie-patients-filigrane\/\" target=\"_blank\" rel=\"noopener noreferrer\"><\/a><\/div>\n<hr\/>\n<h2>Education<\/h2>\n<ul>\n<li>B.Sc. Occupational therapy, McGill University (2003)<\/li>\n<li>M.Sc. Biomedical sciences (Rehabilitation), Universit\u00e9 de Montr\u00e9al (2007)<\/li>\n<li>Ph.D. Public Health (Epidemiology), Universit\u00e9 de Montr\u00e9al (2016)<\/li>\n<li>Post-doctorate fellowship in knowledge translation, Faculty of Health Sciences, University of Ottawa (2015-2017)<\/li>\n<\/ul>\n<h2>Current research projects<\/h2>\n<ul>\n<li>The use of social networking sites for promoting leisure and physical activities among adolescents living with chronic conditions<\/li>\n<li>Describing the role of occupational therapists in the transition from paediatric to adult care among young people living with juvenile idiopathic arthritis<\/li>\n<li>Evaluating potential effects of stretching and aerobic dance on pain among adolescents living with juvenile idiopathic arthritis<\/li>\n<li>Assessing the potential effects of delays in service provision from pediatric to adult rheumatology care on health-related outcomes among people living with juvenile idiopathic arthritis<\/li>\n<li>Exploring the use of collective adapted sports as an intervention for improving physical activity among those living with chronic pain<\/li>\n<\/ul>\n<h2>Selected publications<\/h2>\n<ul>\n<li><strong>Cavallo, S.<\/strong>, Brosseau, L., Toupin-April, K., Wells, G. A., Smith, C. A., Pugh, A. G., . . . Bigford, S. (2017). Ottawa Panel Evidence-Based Clinical Practice Guidelines for Structured Physical Activity in the Management of Juvenile Idiopathic Arthritis. <em>Archives of Physical Medicine and Rehabilitation, 98<\/em>(5), 1018-1041. doi:10.1016\/j.apmr.2016.09.135<\/li>\n<li>De Angelis, G., Davies, B., King, J., McEwan, J., <strong>Cavallo, S.<\/strong>, Loew, L., . . . Brosseau, L. (2016). Information and Communication Technologies for the Dissemination of Clinical Practice Guidelines to Health Professionals: A Systematic Review. <em>JMIR Medical Education, 2<\/em>(2), e16. doi:10.2196\/mededu.6288<\/li>\n<li><strong>Cavallo, S.<\/strong>, Majnemer, A., Duffy, C. M., &amp; Feldman, D. E. (2015). Participation in Leisure Activities by Children and Adolescents with Juvenile Idiopathic Arthritis. <em>Journal of Rheumatology, 42<\/em>(9), 1708-1715. doi:10.3899\/jrheum.140844<\/li>\n<li><strong>Cavallo, S.<\/strong>, April, K. T., Grandpierre, V., Majnemer, A., &amp; Feldman, D. E. (2014). Leisure in Children and Adolescents with Juvenile Idiopathic Arthritis: A Systematic Review.\u00a0<em>PLoS ONE<\/em>,\u00a0<em>9<\/em>(10), e104642. doi:10.1371\/journal.pone.0104642<\/li>\n<li><strong>Cavallo, S.<\/strong>, &amp; Feldman, D. E. (2017). Rehabilitation and Psychosocial issues in Juvenile Idiopathic Arthritis. In Marc Hochberg, Alan J. Silman, Josef Smolen, Michael Weinblatt &amp; Michael Weisman [eds.]. <em>Rheumatology<\/em> (7th edition), Saunders: An Imprint of Elsevier Science.<\/li>\n<\/ul>\n<h2>Research interests<\/h2>\n<ul>\n<li>Promotion of leisure and physical activity among children and adolescents living with chronic disease<\/li>\n<li>Determinants of social participation among children and adolescents with physical disabilities<\/li>\n<li>Knowledge translation in pediatric rehabilitation<\/li>\n<li>Transition from pediatric care to adult care among adolescents living with chronic disease<\/li>\n<\/ul>\n","protected":false},"excerpt":{"rendered":"<p>Education B.Sc. Occupational therapy, McGill University (2003) M.Sc. Biomedical sciences (Rehabilitation), Universit\u00e9 de Montr\u00e9al (2007) Ph.D. Public Health (Epidemiology), Universit\u00e9 de Montr\u00e9al (2016) Post-doctorate fellowship in knowledge translation, Faculty of [&hellip;]<\/p>\n","protected":false},"author":90,"featured_media":0,"parent":13845,"menu_order":0,"comment_status":"closed","ping_status":"closed","template":"","meta":{"footnotes":""},"class_list":["post-16470","page","type-page","status-publish","hentry"],"yoast_head":"<!-- This site is optimized with the Yoast SEO plugin v25.0 - https:\/\/yoast.com\/wordpress\/plugins\/seo\/ -->\n<title>Sabrina Cavallo, Ph.D. - \u00c9cole de r\u00e9adaptation - Universit\u00e9 de Montr\u00e9al<\/title>\n<meta name=\"robots\" content=\"index, follow, max-snippet:-1, max-image-preview:large, max-video-preview:-1\" \/>\n<link rel=\"canonical\" href=\"https:\/\/readaptation.umontreal.ca\/en\/research\/researchers\/sabrina-cavallo-ph-d\/\" \/>\n<meta property=\"og:locale\" content=\"en_US\" \/>\n<meta property=\"og:type\" content=\"article\" \/>\n<meta property=\"og:title\" content=\"Sabrina Cavallo, Ph.D. - \u00c9cole de r\u00e9adaptation - Universit\u00e9 de Montr\u00e9al\" \/>\n<meta property=\"og:description\" content=\"Education B.Sc. Occupational therapy, McGill University (2003) M.Sc. Biomedical sciences (Rehabilitation), Universit\u00e9 de Montr\u00e9al (2007) Ph.D. Public Health (Epidemiology), Universit\u00e9 de Montr\u00e9al (2016) Post-doctorate fellowship in knowledge translation, Faculty of [&hellip;]\" \/>\n<meta property=\"og:url\" content=\"https:\/\/readaptation.umontreal.ca\/en\/research\/researchers\/sabrina-cavallo-ph-d\/\" \/>\n<meta property=\"og:site_name\" content=\"\u00c9cole de r\u00e9adaptation\" \/>\n<meta property=\"article:modified_time\" content=\"2025-06-11T19:47:58+00:00\" \/>\n<meta property=\"og:image\" content=\"https:\/\/readaptation.umontreal.ca\/wp-content\/uploads\/sites\/21\/2018\/02\/blanc.jpg\" \/>\n\t<meta property=\"og:image:width\" content=\"36\" \/>\n\t<meta property=\"og:image:height\" content=\"36\" \/>\n\t<meta property=\"og:image:type\" content=\"image\/jpeg\" \/>\n<meta name=\"twitter:label1\" content=\"Est. reading time\" \/>\n\t<meta name=\"twitter:data1\" content=\"3 minutes\" \/>\n<script type=\"application\/ld+json\" class=\"yoast-schema-graph\">{\"@context\":\"https:\/\/schema.org\",\"@graph\":[{\"@type\":\"WebPage\",\"@id\":\"https:\/\/readaptation.umontreal.ca\/en\/research\/researchers\/sabrina-cavallo-ph-d\/\",\"url\":\"https:\/\/readaptation.umontreal.ca\/en\/research\/researchers\/sabrina-cavallo-ph-d\/\",\"name\":\"Sabrina Cavallo, Ph.D. - \u00c9cole de r\u00e9adaptation - Universit\u00e9 de Montr\u00e9al\",\"isPartOf\":{\"@id\":\"https:\/\/readaptation.umontreal.ca\/#website\"},\"primaryImageOfPage\":{\"@id\":\"https:\/\/readaptation.umontreal.ca\/en\/research\/researchers\/sabrina-cavallo-ph-d\/#primaryimage\"},\"image\":{\"@id\":\"https:\/\/readaptation.umontreal.ca\/en\/research\/researchers\/sabrina-cavallo-ph-d\/#primaryimage\"},\"thumbnailUrl\":\"https:\/\/readaptation.umontreal.ca\/wp-content\/uploads\/sites\/21\/2018\/02\/blanc.jpg\",\"datePublished\":\"2019-05-10T19:30:58+00:00\",\"dateModified\":\"2025-06-11T19:47:58+00:00\",\"breadcrumb\":{\"@id\":\"https:\/\/readaptation.umontreal.ca\/en\/research\/researchers\/sabrina-cavallo-ph-d\/#breadcrumb\"},\"inLanguage\":\"en-US\",\"potentialAction\":[{\"@type\":\"ReadAction\",\"target\":[\"https:\/\/readaptation.umontreal.ca\/en\/research\/researchers\/sabrina-cavallo-ph-d\/\"]}]},{\"@type\":\"ImageObject\",\"inLanguage\":\"en-US\",\"@id\":\"https:\/\/readaptation.umontreal.ca\/en\/research\/researchers\/sabrina-cavallo-ph-d\/#primaryimage\",\"url\":\"https:\/\/readaptation.umontreal.ca\/wp-content\/uploads\/sites\/21\/2018\/02\/blanc.jpg\",\"contentUrl\":\"https:\/\/readaptation.umontreal.ca\/wp-content\/uploads\/sites\/21\/2018\/02\/blanc.jpg\"},{\"@type\":\"BreadcrumbList\",\"@id\":\"https:\/\/readaptation.umontreal.ca\/en\/research\/researchers\/sabrina-cavallo-ph-d\/#breadcrumb\",\"itemListElement\":[{\"@type\":\"ListItem\",\"position\":1,\"name\":\"Accueil\",\"item\":\"https:\/\/readaptation.umontreal.ca\/\"},{\"@type\":\"ListItem\",\"position\":2,\"name\":\"Research\",\"item\":\"https:\/\/readaptation.umontreal.ca\/en\/research\/\"},{\"@type\":\"ListItem\",\"position\":3,\"name\":\"Researchers\",\"item\":\"https:\/\/readaptation.umontreal.ca\/en\/research\/researchers\/\"},{\"@type\":\"ListItem\",\"position\":4,\"name\":\"Sabrina Cavallo, Ph.D.\"}]},{\"@type\":\"WebSite\",\"@id\":\"https:\/\/readaptation.umontreal.ca\/#website\",\"url\":\"https:\/\/readaptation.umontreal.ca\/\",\"name\":\"\u00c9cole de r\u00e9adaptation\",\"description\":\"\",\"potentialAction\":[{\"@type\":\"SearchAction\",\"target\":{\"@type\":\"EntryPoint\",\"urlTemplate\":\"https:\/\/readaptation.umontreal.ca\/?s={search_term_string}\"},\"query-input\":{\"@type\":\"PropertyValueSpecification\",\"valueRequired\":true,\"valueName\":\"search_term_string\"}}],\"inLanguage\":\"en-US\"}]}<\/script>\n<!-- \/ Yoast SEO plugin. -->","yoast_head_json":{"title":"Sabrina Cavallo, Ph.D. - \u00c9cole de r\u00e9adaptation - Universit\u00e9 de Montr\u00e9al","robots":{"index":"index","follow":"follow","max-snippet":"max-snippet:-1","max-image-preview":"max-image-preview:large","max-video-preview":"max-video-preview:-1"},"canonical":"https:\/\/readaptation.umontreal.ca\/en\/research\/researchers\/sabrina-cavallo-ph-d\/","og_locale":"en_US","og_type":"article","og_title":"Sabrina Cavallo, Ph.D. - \u00c9cole de r\u00e9adaptation - Universit\u00e9 de Montr\u00e9al","og_description":"Education B.Sc. Occupational therapy, McGill University (2003) M.Sc. Biomedical sciences (Rehabilitation), Universit\u00e9 de Montr\u00e9al (2007) Ph.D. Public Health (Epidemiology), Universit\u00e9 de Montr\u00e9al (2016) Post-doctorate fellowship in knowledge translation, Faculty of [&hellip;]","og_url":"https:\/\/readaptation.umontreal.ca\/en\/research\/researchers\/sabrina-cavallo-ph-d\/","og_site_name":"\u00c9cole de r\u00e9adaptation","article_modified_time":"2025-06-11T19:47:58+00:00","og_image":[{"width":36,"height":36,"url":"https:\/\/readaptation.umontreal.ca\/wp-content\/uploads\/sites\/21\/2018\/02\/blanc.jpg","type":"image\/jpeg"}],"twitter_misc":{"Est. reading time":"3 minutes"},"schema":{"@context":"https:\/\/schema.org","@graph":[{"@type":"WebPage","@id":"https:\/\/readaptation.umontreal.ca\/en\/research\/researchers\/sabrina-cavallo-ph-d\/","url":"https:\/\/readaptation.umontreal.ca\/en\/research\/researchers\/sabrina-cavallo-ph-d\/","name":"Sabrina Cavallo, Ph.D. - \u00c9cole de r\u00e9adaptation - Universit\u00e9 de Montr\u00e9al","isPartOf":{"@id":"https:\/\/readaptation.umontreal.ca\/#website"},"primaryImageOfPage":{"@id":"https:\/\/readaptation.umontreal.ca\/en\/research\/researchers\/sabrina-cavallo-ph-d\/#primaryimage"},"image":{"@id":"https:\/\/readaptation.umontreal.ca\/en\/research\/researchers\/sabrina-cavallo-ph-d\/#primaryimage"},"thumbnailUrl":"https:\/\/readaptation.umontreal.ca\/wp-content\/uploads\/sites\/21\/2018\/02\/blanc.jpg","datePublished":"2019-05-10T19:30:58+00:00","dateModified":"2025-06-11T19:47:58+00:00","breadcrumb":{"@id":"https:\/\/readaptation.umontreal.ca\/en\/research\/researchers\/sabrina-cavallo-ph-d\/#breadcrumb"},"inLanguage":"en-US","potentialAction":[{"@type":"ReadAction","target":["https:\/\/readaptation.umontreal.ca\/en\/research\/researchers\/sabrina-cavallo-ph-d\/"]}]},{"@type":"ImageObject","inLanguage":"en-US","@id":"https:\/\/readaptation.umontreal.ca\/en\/research\/researchers\/sabrina-cavallo-ph-d\/#primaryimage","url":"https:\/\/readaptation.umontreal.ca\/wp-content\/uploads\/sites\/21\/2018\/02\/blanc.jpg","contentUrl":"https:\/\/readaptation.umontreal.ca\/wp-content\/uploads\/sites\/21\/2018\/02\/blanc.jpg"},{"@type":"BreadcrumbList","@id":"https:\/\/readaptation.umontreal.ca\/en\/research\/researchers\/sabrina-cavallo-ph-d\/#breadcrumb","itemListElement":[{"@type":"ListItem","position":1,"name":"Accueil","item":"https:\/\/readaptation.umontreal.ca\/"},{"@type":"ListItem","position":2,"name":"Research","item":"https:\/\/readaptation.umontreal.ca\/en\/research\/"},{"@type":"ListItem","position":3,"name":"Researchers","item":"https:\/\/readaptation.umontreal.ca\/en\/research\/researchers\/"},{"@type":"ListItem","position":4,"name":"Sabrina Cavallo, Ph.D."}]},{"@type":"WebSite","@id":"https:\/\/readaptation.umontreal.ca\/#website","url":"https:\/\/readaptation.umontreal.ca\/","name":"\u00c9cole de r\u00e9adaptation","description":"","potentialAction":[{"@type":"SearchAction","target":{"@type":"EntryPoint","urlTemplate":"https:\/\/readaptation.umontreal.ca\/?s={search_term_string}"},"query-input":{"@type":"PropertyValueSpecification","valueRequired":true,"valueName":"search_term_string"}}],"inLanguage":"en-US"}]}},"_links":{"self":[{"href":"https:\/\/readaptation.umontreal.ca\/en\/wp-json\/wp\/v2\/pages\/16470","targetHints":{"allow":["GET"]}}],"collection":[{"href":"https:\/\/readaptation.umontreal.ca\/en\/wp-json\/wp\/v2\/pages"}],"about":[{"href":"https:\/\/readaptation.umontreal.ca\/en\/wp-json\/wp\/v2\/types\/page"}],"author":[{"embeddable":true,"href":"https:\/\/readaptation.umontreal.ca\/en\/wp-json\/wp\/v2\/users\/90"}],"replies":[{"embeddable":true,"href":"https:\/\/readaptation.umontreal.ca\/en\/wp-json\/wp\/v2\/comments?post=16470"}],"version-history":[{"count":4,"href":"https:\/\/readaptation.umontreal.ca\/en\/wp-json\/wp\/v2\/pages\/16470\/revisions"}],"predecessor-version":[{"id":23437,"href":"https:\/\/readaptation.umontreal.ca\/en\/wp-json\/wp\/v2\/pages\/16470\/revisions\/23437"}],"up":[{"embeddable":true,"href":"https:\/\/readaptation.umontreal.ca\/en\/wp-json\/wp\/v2\/pages\/13845"}],"wp:attachment":[{"href":"https:\/\/readaptation.umontreal.ca\/en\/wp-json\/wp\/v2\/media?parent=16470"}],"curies":[{"name":"wp","href":"https:\/\/api.w.org\/{rel}","templated":true}]}}