{"id":16464,"date":"2019-05-10T20:19:04","date_gmt":"2019-05-10T19:19:04","guid":{"rendered":"https:\/\/readaptation.umontreal.ca\/?page_id=16464"},"modified":"2022-07-11T17:49:12","modified_gmt":"2022-07-11T16:49:12","slug":"francois-desmeules-ph-d","status":"publish","type":"page","link":"https:\/\/readaptation.umontreal.ca\/en\/research\/researchers\/francois-desmeules-ph-d\/","title":{"rendered":"Fran\u00e7ois Desmeules, Ph.D."},"content":{"rendered":"<div class=\"one-third first \">\n<p><img loading=\"lazy\" decoding=\"async\" src=\"https:\/\/readaptation.umontreal.ca\/wp-content\/uploads\/sites\/21\/DesmeulesF-200x300-200x300.jpg\" alt=\"\" class=\"alignnone size-medium wp-image-10940\" width=\"200\" height=\"300\" srcset=\"https:\/\/readaptation.umontreal.ca\/wp-content\/uploads\/sites\/21\/DesmeulesF-200x300.jpg 200w, https:\/\/readaptation.umontreal.ca\/wp-content\/uploads\/sites\/21\/DesmeulesF-200x300-197x295.jpg 197w, https:\/\/readaptation.umontreal.ca\/wp-content\/uploads\/sites\/21\/DesmeulesF-200x300-132x198.jpg 132w\" sizes=\"auto, (max-width: 200px) 100vw, 200px\" \/><\/p>\n<\/div>\n<div class=\"two-third  \">\n<h3><strong>Full P<\/strong>rofessor<\/h3>\n<p><strong>Contact details (Research)<br \/>\n<\/strong><\/p>\n<p>Orthopaedic Clinical Research Unit<br \/>\nCentre de recherche de l\u2019H\u00f4pital Maisonneuve-Rosemont<br \/>\n5415, Boulevard L\u2019Assomption<br \/>\nMontr\u00e9al (Qu\u00e9bec) H1T 2M4<br \/>\nPav. Rachel Tourigny, porte 4163<br \/>\n<strong>T<\/strong> 514 252-3400, # 5607<\/p>\n<p><strong>Contact details (School of Rehabilitation)<br \/>\n<\/strong><strong>T<\/strong> 514 343-6791<br \/>\n<a href=\"mailto:f.desmeules@umontreal.ca\">f.desmeules@umontreal.ca<\/a><a target=\"_blank\" href=\"mailto:nicolas.dumont.1@umontreal.ca\" rel=\"noopener noreferrer\"><\/a><\/p>\n<p><strong>Program<\/strong><strong><br \/>\n<\/strong>Physiotherapy<\/p>\n<\/div>\n<hr\/>\n<h2>Education<strong>\u00a0<\/strong><\/h2>\n<ul>\n<li>B.Sc. Physiotherapy, Universit\u00e9 Laval (2000)<\/li>\n<li>M.Sc. Experimental Medicine (rehabilitation), Universit\u00e9 Laval (2003)<\/li>\n<li>Ph.D. Epidemiology, Universit\u00e9 Laval (2010)<\/li>\n<\/ul>\n<h2>Selected publications<\/h2>\n<ul>\n<li>D\u00e9cary, S., Fallaha, M., Fr\u00e9mont, P., Martel-Pelletier, J., Pelletier, J.-P., Feldman, D., <strong>Desmeules, F.<\/strong> (2017). Diagnostic validity of combining history elements and physical examination tests for traumatic and degenerative symptomatic meniscal tears. <em>PM&amp;R.<\/em> doi:10.1016\/j.pmrj.2017.10.009<\/li>\n<li>Lowry, V., Ouellet, P., Vendittoli, P. A., Carlesso, L. C., Wideman, T. H., &amp; <strong>Desmeules, F.<\/strong> (2017). Determinants of pain, disability, health-related quality of life and physical performance in patients with knee osteoarthritis awaiting total joint arthroplasty. <em>Disability and Rehabilitation<\/em>, 1-11. doi:10.1080\/09638288.2017.1355412<\/li>\n<li>Doiron-Cadrin, P., Kairy, D., Vendittoli, P.-A., Lowry, V., Poitras, S., &amp; <strong>Desmeules, F.<\/strong> (2016). Effects of a tele-prehabilitation program or an in-person prehabilitation program in surgical candidates awaiting total hip or knee arthroplasty: Protocol of a pilot single blind randomized controlled trial. <em>Contemporary Clinical Trials Communications, 4<\/em>(Supplement C), 192-198. doi:10.1016\/j.conctc.2016.10.001<\/li>\n<li><strong>Desmeules, F.<\/strong>, Boudreault, J., Dionne, C. E., Fremont, P., Lowry, V., MacDermid, J. C., &amp; Roy, J. S. (2016). Efficacy of exercise therapy in workers with rotator cuff tendinopathy: a systematic review. <em>Journal of Occupational Health, 58<\/em>(5), 389-403. doi:10.1539\/joh.15-0103-RA<\/li>\n<li>Lungu, E., Vendittoli, P.-A., &amp; <strong>Desmeules, F.<\/strong> (2015). Identification of patients with suboptimal results after hip arthroplasty: development of a preliminary prediction algorithm.\u00a0<em>BMC Musculoskeletal Disorders<\/em>,\u00a0<em>16<\/em>, 279. doi:10.1186\/s12891-015-0720-1<\/li>\n<li>Desjardins-Charbonneau, A., Roy, J. S., Dionne, C. E., Fremont, P., MacDermid, J. C., &amp; <strong>Desmeules, F.<\/strong> (2015). The efficacy of manual therapy for rotator cuff tendinopathy: a systematic review and meta-analysis. <em>Journal of Orthopaedic and Sports Physical Therapy, 45<\/em>(5), 330-350. doi:10.2519\/jospt.2015.5455<\/li>\n<li><strong>Desmeules, F.<\/strong>, Toliopoulos, P., Roy, J.-S., Woodhouse, L. J., Lacelle, M., Leroux, M., . . . Fernandes, J. C. (2013). Validation of an advanced practice physiotherapy model of care in an orthopaedic outpatient clinic. <em>BMC Musculoskeletal Disorders, 14<\/em>, 162. doi:10.1186\/1471-2474-14-162<\/li>\n<\/ul>\n<h2>Research interests<\/h2>\n<ul>\n<li>Orthopedic interventions and musculoskeletal rehabilitation<\/li>\n<li>Advanced practices of physiotherapy<\/li>\n<li>Diagnostic aid for shoulder and knee musculoskeletal disorders<\/li>\n<li>Identification of disability associated with shoulder and knee musculoskeletal disorders<\/li>\n<li>Epidemiology and health service research<\/li>\n<\/ul>\n<p>&nbsp;<\/p>\n<p>&nbsp;<\/p>\n","protected":false},"excerpt":{"rendered":"<p>Education\u00a0 B.Sc. Physiotherapy, Universit\u00e9 Laval (2000) M.Sc. Experimental Medicine (rehabilitation), Universit\u00e9 Laval (2003) Ph.D. Epidemiology, Universit\u00e9 Laval (2010) Selected publications D\u00e9cary, S., Fallaha, M., Fr\u00e9mont, P., Martel-Pelletier, J., Pelletier, J.-P., [&hellip;]<\/p>\n","protected":false},"author":90,"featured_media":0,"parent":13845,"menu_order":21,"comment_status":"closed","ping_status":"closed","template":"","meta":{"footnotes":""},"class_list":["post-16464","page","type-page","status-publish","hentry"],"yoast_head":"<!-- This site is optimized with the Yoast SEO plugin v25.0 - https:\/\/yoast.com\/wordpress\/plugins\/seo\/ -->\n<title>Fran\u00e7ois Desmeules, Ph.D. - \u00c9cole de r\u00e9adaptation - Universit\u00e9 de Montr\u00e9al<\/title>\n<meta name=\"robots\" content=\"index, follow, max-snippet:-1, max-image-preview:large, max-video-preview:-1\" \/>\n<link rel=\"canonical\" href=\"https:\/\/readaptation.umontreal.ca\/en\/research\/researchers\/francois-desmeules-ph-d\/\" \/>\n<meta property=\"og:locale\" content=\"en_US\" \/>\n<meta property=\"og:type\" content=\"article\" \/>\n<meta property=\"og:title\" content=\"Fran\u00e7ois Desmeules, Ph.D. - \u00c9cole de r\u00e9adaptation - Universit\u00e9 de Montr\u00e9al\" \/>\n<meta property=\"og:description\" content=\"Education\u00a0 B.Sc. Physiotherapy, Universit\u00e9 Laval (2000) M.Sc. Experimental Medicine (rehabilitation), Universit\u00e9 Laval (2003) Ph.D. Epidemiology, Universit\u00e9 Laval (2010) Selected publications D\u00e9cary, S., Fallaha, M., Fr\u00e9mont, P., Martel-Pelletier, J., Pelletier, J.-P., [&hellip;]\" \/>\n<meta property=\"og:url\" content=\"https:\/\/readaptation.umontreal.ca\/en\/research\/researchers\/francois-desmeules-ph-d\/\" \/>\n<meta property=\"og:site_name\" content=\"\u00c9cole de r\u00e9adaptation\" \/>\n<meta property=\"article:modified_time\" content=\"2022-07-11T16:49:12+00:00\" \/>\n<meta property=\"og:image\" content=\"https:\/\/readaptation-prod.umontreal.ca\/wp-content\/uploads\/sites\/21\/DesmeulesF-200x300-200x300.jpg\" \/>\n<meta name=\"twitter:label1\" content=\"Est. reading time\" \/>\n\t<meta name=\"twitter:data1\" content=\"2 minutes\" \/>\n<script type=\"application\/ld+json\" class=\"yoast-schema-graph\">{\"@context\":\"https:\/\/schema.org\",\"@graph\":[{\"@type\":\"WebPage\",\"@id\":\"https:\/\/readaptation.umontreal.ca\/en\/research\/researchers\/francois-desmeules-ph-d\/\",\"url\":\"https:\/\/readaptation.umontreal.ca\/en\/research\/researchers\/francois-desmeules-ph-d\/\",\"name\":\"Fran\u00e7ois Desmeules, Ph.D. - \u00c9cole de r\u00e9adaptation - Universit\u00e9 de Montr\u00e9al\",\"isPartOf\":{\"@id\":\"https:\/\/readaptation.umontreal.ca\/#website\"},\"primaryImageOfPage\":{\"@id\":\"https:\/\/readaptation.umontreal.ca\/en\/research\/researchers\/francois-desmeules-ph-d\/#primaryimage\"},\"image\":{\"@id\":\"https:\/\/readaptation.umontreal.ca\/en\/research\/researchers\/francois-desmeules-ph-d\/#primaryimage\"},\"thumbnailUrl\":\"https:\/\/readaptation.umontreal.ca\/wp-content\/uploads\/sites\/21\/DesmeulesF-200x300-200x300.jpg\",\"datePublished\":\"2019-05-10T19:19:04+00:00\",\"dateModified\":\"2022-07-11T16:49:12+00:00\",\"breadcrumb\":{\"@id\":\"https:\/\/readaptation.umontreal.ca\/en\/research\/researchers\/francois-desmeules-ph-d\/#breadcrumb\"},\"inLanguage\":\"en-US\",\"potentialAction\":[{\"@type\":\"ReadAction\",\"target\":[\"https:\/\/readaptation.umontreal.ca\/en\/research\/researchers\/francois-desmeules-ph-d\/\"]}]},{\"@type\":\"ImageObject\",\"inLanguage\":\"en-US\",\"@id\":\"https:\/\/readaptation.umontreal.ca\/en\/research\/researchers\/francois-desmeules-ph-d\/#primaryimage\",\"url\":\"https:\/\/readaptation.umontreal.ca\/wp-content\/uploads\/sites\/21\/DesmeulesF-200x300-200x300.jpg\",\"contentUrl\":\"https:\/\/readaptation.umontreal.ca\/wp-content\/uploads\/sites\/21\/DesmeulesF-200x300-200x300.jpg\"},{\"@type\":\"BreadcrumbList\",\"@id\":\"https:\/\/readaptation.umontreal.ca\/en\/research\/researchers\/francois-desmeules-ph-d\/#breadcrumb\",\"itemListElement\":[{\"@type\":\"ListItem\",\"position\":1,\"name\":\"Accueil\",\"item\":\"https:\/\/readaptation.umontreal.ca\/\"},{\"@type\":\"ListItem\",\"position\":2,\"name\":\"Research\",\"item\":\"https:\/\/readaptation.umontreal.ca\/en\/research\/\"},{\"@type\":\"ListItem\",\"position\":3,\"name\":\"Researchers\",\"item\":\"https:\/\/readaptation.umontreal.ca\/en\/research\/researchers\/\"},{\"@type\":\"ListItem\",\"position\":4,\"name\":\"Fran\u00e7ois Desmeules, Ph.D.\"}]},{\"@type\":\"WebSite\",\"@id\":\"https:\/\/readaptation.umontreal.ca\/#website\",\"url\":\"https:\/\/readaptation.umontreal.ca\/\",\"name\":\"\u00c9cole de r\u00e9adaptation\",\"description\":\"\",\"potentialAction\":[{\"@type\":\"SearchAction\",\"target\":{\"@type\":\"EntryPoint\",\"urlTemplate\":\"https:\/\/readaptation.umontreal.ca\/?s={search_term_string}\"},\"query-input\":{\"@type\":\"PropertyValueSpecification\",\"valueRequired\":true,\"valueName\":\"search_term_string\"}}],\"inLanguage\":\"en-US\"}]}<\/script>\n<!-- \/ Yoast SEO plugin. -->","yoast_head_json":{"title":"Fran\u00e7ois Desmeules, Ph.D. - \u00c9cole de r\u00e9adaptation - Universit\u00e9 de Montr\u00e9al","robots":{"index":"index","follow":"follow","max-snippet":"max-snippet:-1","max-image-preview":"max-image-preview:large","max-video-preview":"max-video-preview:-1"},"canonical":"https:\/\/readaptation.umontreal.ca\/en\/research\/researchers\/francois-desmeules-ph-d\/","og_locale":"en_US","og_type":"article","og_title":"Fran\u00e7ois Desmeules, Ph.D. - \u00c9cole de r\u00e9adaptation - Universit\u00e9 de Montr\u00e9al","og_description":"Education\u00a0 B.Sc. Physiotherapy, Universit\u00e9 Laval (2000) M.Sc. Experimental Medicine (rehabilitation), Universit\u00e9 Laval (2003) Ph.D. Epidemiology, Universit\u00e9 Laval (2010) Selected publications D\u00e9cary, S., Fallaha, M., Fr\u00e9mont, P., Martel-Pelletier, J., Pelletier, J.-P., [&hellip;]","og_url":"https:\/\/readaptation.umontreal.ca\/en\/research\/researchers\/francois-desmeules-ph-d\/","og_site_name":"\u00c9cole de r\u00e9adaptation","article_modified_time":"2022-07-11T16:49:12+00:00","og_image":[{"url":"https:\/\/readaptation-prod.umontreal.ca\/wp-content\/uploads\/sites\/21\/DesmeulesF-200x300-200x300.jpg","type":"","width":"","height":""}],"twitter_misc":{"Est. reading time":"2 minutes"},"schema":{"@context":"https:\/\/schema.org","@graph":[{"@type":"WebPage","@id":"https:\/\/readaptation.umontreal.ca\/en\/research\/researchers\/francois-desmeules-ph-d\/","url":"https:\/\/readaptation.umontreal.ca\/en\/research\/researchers\/francois-desmeules-ph-d\/","name":"Fran\u00e7ois Desmeules, Ph.D. - \u00c9cole de r\u00e9adaptation - Universit\u00e9 de Montr\u00e9al","isPartOf":{"@id":"https:\/\/readaptation.umontreal.ca\/#website"},"primaryImageOfPage":{"@id":"https:\/\/readaptation.umontreal.ca\/en\/research\/researchers\/francois-desmeules-ph-d\/#primaryimage"},"image":{"@id":"https:\/\/readaptation.umontreal.ca\/en\/research\/researchers\/francois-desmeules-ph-d\/#primaryimage"},"thumbnailUrl":"https:\/\/readaptation.umontreal.ca\/wp-content\/uploads\/sites\/21\/DesmeulesF-200x300-200x300.jpg","datePublished":"2019-05-10T19:19:04+00:00","dateModified":"2022-07-11T16:49:12+00:00","breadcrumb":{"@id":"https:\/\/readaptation.umontreal.ca\/en\/research\/researchers\/francois-desmeules-ph-d\/#breadcrumb"},"inLanguage":"en-US","potentialAction":[{"@type":"ReadAction","target":["https:\/\/readaptation.umontreal.ca\/en\/research\/researchers\/francois-desmeules-ph-d\/"]}]},{"@type":"ImageObject","inLanguage":"en-US","@id":"https:\/\/readaptation.umontreal.ca\/en\/research\/researchers\/francois-desmeules-ph-d\/#primaryimage","url":"https:\/\/readaptation.umontreal.ca\/wp-content\/uploads\/sites\/21\/DesmeulesF-200x300-200x300.jpg","contentUrl":"https:\/\/readaptation.umontreal.ca\/wp-content\/uploads\/sites\/21\/DesmeulesF-200x300-200x300.jpg"},{"@type":"BreadcrumbList","@id":"https:\/\/readaptation.umontreal.ca\/en\/research\/researchers\/francois-desmeules-ph-d\/#breadcrumb","itemListElement":[{"@type":"ListItem","position":1,"name":"Accueil","item":"https:\/\/readaptation.umontreal.ca\/"},{"@type":"ListItem","position":2,"name":"Research","item":"https:\/\/readaptation.umontreal.ca\/en\/research\/"},{"@type":"ListItem","position":3,"name":"Researchers","item":"https:\/\/readaptation.umontreal.ca\/en\/research\/researchers\/"},{"@type":"ListItem","position":4,"name":"Fran\u00e7ois Desmeules, Ph.D."}]},{"@type":"WebSite","@id":"https:\/\/readaptation.umontreal.ca\/#website","url":"https:\/\/readaptation.umontreal.ca\/","name":"\u00c9cole de r\u00e9adaptation","description":"","potentialAction":[{"@type":"SearchAction","target":{"@type":"EntryPoint","urlTemplate":"https:\/\/readaptation.umontreal.ca\/?s={search_term_string}"},"query-input":{"@type":"PropertyValueSpecification","valueRequired":true,"valueName":"search_term_string"}}],"inLanguage":"en-US"}]}},"_links":{"self":[{"href":"https:\/\/readaptation.umontreal.ca\/en\/wp-json\/wp\/v2\/pages\/16464","targetHints":{"allow":["GET"]}}],"collection":[{"href":"https:\/\/readaptation.umontreal.ca\/en\/wp-json\/wp\/v2\/pages"}],"about":[{"href":"https:\/\/readaptation.umontreal.ca\/en\/wp-json\/wp\/v2\/types\/page"}],"author":[{"embeddable":true,"href":"https:\/\/readaptation.umontreal.ca\/en\/wp-json\/wp\/v2\/users\/90"}],"replies":[{"embeddable":true,"href":"https:\/\/readaptation.umontreal.ca\/en\/wp-json\/wp\/v2\/comments?post=16464"}],"version-history":[{"count":6,"href":"https:\/\/readaptation.umontreal.ca\/en\/wp-json\/wp\/v2\/pages\/16464\/revisions"}],"predecessor-version":[{"id":19349,"href":"https:\/\/readaptation.umontreal.ca\/en\/wp-json\/wp\/v2\/pages\/16464\/revisions\/19349"}],"up":[{"embeddable":true,"href":"https:\/\/readaptation.umontreal.ca\/en\/wp-json\/wp\/v2\/pages\/13845"}],"wp:attachment":[{"href":"https:\/\/readaptation.umontreal.ca\/en\/wp-json\/wp\/v2\/media?parent=16464"}],"curies":[{"name":"wp","href":"https:\/\/api.w.org\/{rel}","templated":true}]}}