{"id":15705,"date":"2019-02-26T14:11:50","date_gmt":"2019-02-26T13:11:50","guid":{"rendered":"https:\/\/readaptation.umontreal.ca\/?page_id=15705"},"modified":"2020-06-17T21:40:32","modified_gmt":"2020-06-17T20:40:32","slug":"bonnie-swaine-ph-d","status":"publish","type":"page","link":"https:\/\/readaptation.umontreal.ca\/en\/research\/researchers\/bonnie-swaine-ph-d\/","title":{"rendered":"Bonnie Swaine, Ph.D."},"content":{"rendered":"<div class=\"one-third first \">\n<span style=\"color: #ffffff\">_<\/span><\/p>\n<p><strong><img loading=\"lazy\" decoding=\"async\" src=\"https:\/\/readaptation.umontreal.ca\/wp-content\/uploads\/sites\/21\/2012\/04\/Bonnie_Swaine_2015-2.jpg\" alt=\"\" class=\"alignnone size-full wp-image-13649\" width=\"178\" height=\"233\" \/><\/strong><\/p>\n<\/div>\n<p><div class=\"two-third  \"><strong><\/strong><\/p>\n<h3>Full professor <strong>and Department Head, \u00c9cole de r\u00e9adaptation<\/strong><\/h3>\n<p><strong>Contact details (research)<\/strong><br \/>\nCentre de recherche interdisciplinaire en r\u00e9adaptation (CRIR) du Montr\u00e9al m\u00e9tropolitain<br \/>\nInstitut universitaire sur la r\u00e9adaptation en d\u00e9ficience physique de Montr\u00e9al (IURDPM)<br \/>\n<strong>T<\/strong> 514\u00a0343-7361<\/p>\n<p><strong>Contact details (School of Rehabilitation)<\/strong><br \/>\n<strong>T<\/strong> 514 343-7361<br \/>\n<u><a href=\"mailto:bonnie.swaine@umontreal.ca\" target=\"_blank\" rel=\"noopener noreferrer\">bonnie.swaine@umontreal.ca<\/a><\/u><\/p>\n<p><strong>Program<\/strong><br \/>\nPhysiotherapy<a href=\"https:\/\/youtu.be\/_yjgT4J8Xnk\" target=\"_blank\" rel=\"noopener noreferrer\"><\/a><\/p>\n<p><a href=\"https:\/\/youtu.be\/_yjgT4J8Xnk\" target=\"_blank\" rel=\"noopener noreferrer\">Research background (in french)<\/a><br \/>\n<\/div><br \/>\n<hr\/><\/p>\n<h2>Education<\/h2>\n<ul>\n<li>B.Sc. (P.T.) Physical Therapy, McGill University (1982)<\/li>\n<li>M.Sc. Sciences biom\u00e9dicales, Universit\u00e9 de Montr\u00e9al (1991)<\/li>\n<li>Ph.D. Sciences biom\u00e9dicales, Universit\u00e9 de Montr\u00e9al (1996)<\/li>\n<li>Postdoctoral fellowship: Epidemiology &amp; Biostatistics, McGill University, Department of pediatric community research, l\u2019H\u00f4pital de Montr\u00e9al pour enfants (1998)<\/li>\n<\/ul>\n<h2>Current research projects<strong><\/strong><\/h2>\n<ul>\n<li>Cocreation, implementation and evaluation of an intervention\u00a0incorporating physical activity for adults with a mild TBI (concussion)<\/li>\n<li>Projet BRILLIANT: Biomedical Research &amp; Informatics Living Laboratory for Innovative Advances of New Technologies in Community Mobility Rehabilitation<\/li>\n<li>Cocreating, implementing and evaluating a community-based peer-run physical activity program to enhance exercise and sport participation for adults with moderate to severe traumatic brain injury<\/li>\n<li>Effectiveness of dance therapy as an adjunct to rehabilitation<\/li>\n<\/ul>\n<h2>Selected publications<strong><\/strong><\/h2>\n<ul>\n<li><strong>Swaine, B.<\/strong>, Bayley, M. T., Marshall, S., Kua, A., Marier-Deschenes, P., Allaire, A. S., . . . Lamontagne, M. E. (2018). Why Do We Need a New Clinical Practice Guideline for Moderate to Severe Traumatic Brain Injury? <em>Journal of Head Trauma and Rehabilitation, 33<\/em>(5), 285-287. doi:10.1097\/htr.0000000000000427<\/li>\n<li><strong>Swaine, B.<\/strong>, Dassa, C., Kone, A., Dutil, E., Demers, L., &amp; Trempe, C. (2017). The PQRS-Montreal: a measure of patients&#8217; perceptions of the quality of rehabilitation services for persons with a traumatic brain injury. <em>Disability and Rehabilitation, 39<\/em>(1), 59-72. doi:10.3109\/09638288.2016.1140828<\/li>\n<li><strong>Swaine, B.<\/strong>, Cullen, N., Messier, F., Bayley, M., Lavoie, A., Marshall, S., . . . Lam Wai Shun, P. (2016). Post-acute care referral and inpatient rehabilitation admission criteria for persons with brain injury across two Canadian provinces. <em>Disability and Rehabilitation<\/em>, 1-8. doi:10.1080\/09638288.2016.1262911<\/li>\n<li>Lachance, B., Proulx-Goulet, C., Poncet, F., Brousse, B., McKinley, P., &amp; <strong>Swaine, B<\/strong>. (2016). Exp\u00e9rimentation d\u2019un mod\u00e8le novateur de th\u00e9rapie par la danse, une nouvelle modalit\u00e9 d\u2019intervention favorisant l\u2019int\u00e9gration et la participation sociale des personnes adultes atteintes de d\u00e9ficiences motrices. Rapport Final d\u00e9pos\u00e9 le 30 juin 2016 (13 pages), ISBN : 978-2-550-76629-2<\/li>\n<li><strong>Swaine, B.<\/strong>, Labb\u00e9, D., Poldma, T., Barile, M., Fichten, C., Havel, A., . . . Rochette, A. (2014). Exploring the facilitators and barriers to shopping mall use by persons with disabilities and strategies for improvements: Perspectives from persons with disabilities, rehabilitation professionals and shopkeepers. <em>ALTER &#8211; European Journal of Disability Research \/ Revue Europ\u00e9enne de Recherche sur le Handicap, 8<\/em>(3), 217-229. doi:https:\/\/doi.org\/10.1016\/j.alter.2014.04.003<\/li>\n<li>Richard, Y. F., <strong>Swaine, B.<\/strong>, Sylvestre, M. P., Lesage, A., Zhang, X., &amp; Feldman, D. E. (2015). The association between traumatic brain injury and suicide: are kids at risk? <em>American Journal of Epidemiology, 182<\/em>(2), 177-184. doi:10.1093\/aje\/kwv014<\/li>\n<\/ul>\n<h2>Research interests<strong><\/strong><\/h2>\n<ul>\n<li>Quality and evaluation of rehabilitation services<\/li>\n<li>Adaptation and development of clinical practice guidelines<\/li>\n<li>Traumatic brain injury<\/li>\n<li>Living Laboratory approach<\/li>\n<li>Development of clinical measurement tools<\/li>\n<\/ul>\n","protected":false},"excerpt":{"rendered":"<p>Education B.Sc. (P.T.) Physical Therapy, McGill University (1982) M.Sc. Sciences biom\u00e9dicales, Universit\u00e9 de Montr\u00e9al (1991) Ph.D. Sciences biom\u00e9dicales, Universit\u00e9 de Montr\u00e9al (1996) Postdoctoral fellowship: Epidemiology &amp; Biostatistics, McGill University, Department [&hellip;]<\/p>\n","protected":false},"author":90,"featured_media":0,"parent":13845,"menu_order":19,"comment_status":"closed","ping_status":"closed","template":"","meta":{"footnotes":""},"class_list":["post-15705","page","type-page","status-publish","hentry"],"yoast_head":"<!-- This site is optimized with the Yoast SEO plugin v25.0 - https:\/\/yoast.com\/wordpress\/plugins\/seo\/ -->\n<title>Bonnie Swaine, Ph.D. - \u00c9cole de r\u00e9adaptation - Universit\u00e9 de Montr\u00e9al<\/title>\n<meta name=\"robots\" content=\"index, follow, max-snippet:-1, max-image-preview:large, max-video-preview:-1\" \/>\n<link rel=\"canonical\" href=\"https:\/\/readaptation.umontreal.ca\/en\/research\/researchers\/bonnie-swaine-ph-d\/\" \/>\n<meta property=\"og:locale\" content=\"en_US\" \/>\n<meta property=\"og:type\" content=\"article\" \/>\n<meta property=\"og:title\" content=\"Bonnie Swaine, Ph.D. - \u00c9cole de r\u00e9adaptation - Universit\u00e9 de Montr\u00e9al\" \/>\n<meta property=\"og:description\" content=\"Education B.Sc. (P.T.) Physical Therapy, McGill University (1982) M.Sc. Sciences biom\u00e9dicales, Universit\u00e9 de Montr\u00e9al (1991) Ph.D. Sciences biom\u00e9dicales, Universit\u00e9 de Montr\u00e9al (1996) Postdoctoral fellowship: Epidemiology &amp; Biostatistics, McGill University, Department [&hellip;]\" \/>\n<meta property=\"og:url\" content=\"https:\/\/readaptation.umontreal.ca\/en\/research\/researchers\/bonnie-swaine-ph-d\/\" \/>\n<meta property=\"og:site_name\" content=\"\u00c9cole de r\u00e9adaptation\" \/>\n<meta property=\"article:modified_time\" content=\"2020-06-17T20:40:32+00:00\" \/>\n<meta property=\"og:image\" content=\"https:\/\/readaptation-prod.umontreal.ca\/wp-content\/uploads\/sites\/21\/2012\/04\/Bonnie_Swaine_2015-2.jpg\" \/>\n<meta name=\"twitter:label1\" content=\"Est. reading time\" \/>\n\t<meta name=\"twitter:data1\" content=\"2 minutes\" \/>\n<script type=\"application\/ld+json\" class=\"yoast-schema-graph\">{\"@context\":\"https:\/\/schema.org\",\"@graph\":[{\"@type\":\"WebPage\",\"@id\":\"https:\/\/readaptation.umontreal.ca\/en\/research\/researchers\/bonnie-swaine-ph-d\/\",\"url\":\"https:\/\/readaptation.umontreal.ca\/en\/research\/researchers\/bonnie-swaine-ph-d\/\",\"name\":\"Bonnie Swaine, Ph.D. - \u00c9cole de r\u00e9adaptation - Universit\u00e9 de Montr\u00e9al\",\"isPartOf\":{\"@id\":\"https:\/\/readaptation.umontreal.ca\/#website\"},\"primaryImageOfPage\":{\"@id\":\"https:\/\/readaptation.umontreal.ca\/en\/research\/researchers\/bonnie-swaine-ph-d\/#primaryimage\"},\"image\":{\"@id\":\"https:\/\/readaptation.umontreal.ca\/en\/research\/researchers\/bonnie-swaine-ph-d\/#primaryimage\"},\"thumbnailUrl\":\"https:\/\/readaptation.umontreal.ca\/wp-content\/uploads\/sites\/21\/2012\/04\/Bonnie_Swaine_2015-2.jpg\",\"datePublished\":\"2019-02-26T13:11:50+00:00\",\"dateModified\":\"2020-06-17T20:40:32+00:00\",\"breadcrumb\":{\"@id\":\"https:\/\/readaptation.umontreal.ca\/en\/research\/researchers\/bonnie-swaine-ph-d\/#breadcrumb\"},\"inLanguage\":\"en-US\",\"potentialAction\":[{\"@type\":\"ReadAction\",\"target\":[\"https:\/\/readaptation.umontreal.ca\/en\/research\/researchers\/bonnie-swaine-ph-d\/\"]}]},{\"@type\":\"ImageObject\",\"inLanguage\":\"en-US\",\"@id\":\"https:\/\/readaptation.umontreal.ca\/en\/research\/researchers\/bonnie-swaine-ph-d\/#primaryimage\",\"url\":\"https:\/\/readaptation.umontreal.ca\/wp-content\/uploads\/sites\/21\/2012\/04\/Bonnie_Swaine_2015-2.jpg\",\"contentUrl\":\"https:\/\/readaptation.umontreal.ca\/wp-content\/uploads\/sites\/21\/2012\/04\/Bonnie_Swaine_2015-2.jpg\"},{\"@type\":\"BreadcrumbList\",\"@id\":\"https:\/\/readaptation.umontreal.ca\/en\/research\/researchers\/bonnie-swaine-ph-d\/#breadcrumb\",\"itemListElement\":[{\"@type\":\"ListItem\",\"position\":1,\"name\":\"Accueil\",\"item\":\"https:\/\/readaptation.umontreal.ca\/\"},{\"@type\":\"ListItem\",\"position\":2,\"name\":\"Research\",\"item\":\"https:\/\/readaptation.umontreal.ca\/en\/research\/\"},{\"@type\":\"ListItem\",\"position\":3,\"name\":\"Researchers\",\"item\":\"https:\/\/readaptation.umontreal.ca\/en\/research\/researchers\/\"},{\"@type\":\"ListItem\",\"position\":4,\"name\":\"Bonnie Swaine, Ph.D.\"}]},{\"@type\":\"WebSite\",\"@id\":\"https:\/\/readaptation.umontreal.ca\/#website\",\"url\":\"https:\/\/readaptation.umontreal.ca\/\",\"name\":\"\u00c9cole de r\u00e9adaptation\",\"description\":\"\",\"potentialAction\":[{\"@type\":\"SearchAction\",\"target\":{\"@type\":\"EntryPoint\",\"urlTemplate\":\"https:\/\/readaptation.umontreal.ca\/?s={search_term_string}\"},\"query-input\":{\"@type\":\"PropertyValueSpecification\",\"valueRequired\":true,\"valueName\":\"search_term_string\"}}],\"inLanguage\":\"en-US\"}]}<\/script>\n<!-- \/ Yoast SEO plugin. -->","yoast_head_json":{"title":"Bonnie Swaine, Ph.D. - \u00c9cole de r\u00e9adaptation - Universit\u00e9 de Montr\u00e9al","robots":{"index":"index","follow":"follow","max-snippet":"max-snippet:-1","max-image-preview":"max-image-preview:large","max-video-preview":"max-video-preview:-1"},"canonical":"https:\/\/readaptation.umontreal.ca\/en\/research\/researchers\/bonnie-swaine-ph-d\/","og_locale":"en_US","og_type":"article","og_title":"Bonnie Swaine, Ph.D. - \u00c9cole de r\u00e9adaptation - Universit\u00e9 de Montr\u00e9al","og_description":"Education B.Sc. (P.T.) Physical Therapy, McGill University (1982) M.Sc. Sciences biom\u00e9dicales, Universit\u00e9 de Montr\u00e9al (1991) Ph.D. Sciences biom\u00e9dicales, Universit\u00e9 de Montr\u00e9al (1996) Postdoctoral fellowship: Epidemiology &amp; Biostatistics, McGill University, Department [&hellip;]","og_url":"https:\/\/readaptation.umontreal.ca\/en\/research\/researchers\/bonnie-swaine-ph-d\/","og_site_name":"\u00c9cole de r\u00e9adaptation","article_modified_time":"2020-06-17T20:40:32+00:00","og_image":[{"url":"https:\/\/readaptation-prod.umontreal.ca\/wp-content\/uploads\/sites\/21\/2012\/04\/Bonnie_Swaine_2015-2.jpg","type":"","width":"","height":""}],"twitter_misc":{"Est. reading time":"2 minutes"},"schema":{"@context":"https:\/\/schema.org","@graph":[{"@type":"WebPage","@id":"https:\/\/readaptation.umontreal.ca\/en\/research\/researchers\/bonnie-swaine-ph-d\/","url":"https:\/\/readaptation.umontreal.ca\/en\/research\/researchers\/bonnie-swaine-ph-d\/","name":"Bonnie Swaine, Ph.D. - \u00c9cole de r\u00e9adaptation - Universit\u00e9 de Montr\u00e9al","isPartOf":{"@id":"https:\/\/readaptation.umontreal.ca\/#website"},"primaryImageOfPage":{"@id":"https:\/\/readaptation.umontreal.ca\/en\/research\/researchers\/bonnie-swaine-ph-d\/#primaryimage"},"image":{"@id":"https:\/\/readaptation.umontreal.ca\/en\/research\/researchers\/bonnie-swaine-ph-d\/#primaryimage"},"thumbnailUrl":"https:\/\/readaptation.umontreal.ca\/wp-content\/uploads\/sites\/21\/2012\/04\/Bonnie_Swaine_2015-2.jpg","datePublished":"2019-02-26T13:11:50+00:00","dateModified":"2020-06-17T20:40:32+00:00","breadcrumb":{"@id":"https:\/\/readaptation.umontreal.ca\/en\/research\/researchers\/bonnie-swaine-ph-d\/#breadcrumb"},"inLanguage":"en-US","potentialAction":[{"@type":"ReadAction","target":["https:\/\/readaptation.umontreal.ca\/en\/research\/researchers\/bonnie-swaine-ph-d\/"]}]},{"@type":"ImageObject","inLanguage":"en-US","@id":"https:\/\/readaptation.umontreal.ca\/en\/research\/researchers\/bonnie-swaine-ph-d\/#primaryimage","url":"https:\/\/readaptation.umontreal.ca\/wp-content\/uploads\/sites\/21\/2012\/04\/Bonnie_Swaine_2015-2.jpg","contentUrl":"https:\/\/readaptation.umontreal.ca\/wp-content\/uploads\/sites\/21\/2012\/04\/Bonnie_Swaine_2015-2.jpg"},{"@type":"BreadcrumbList","@id":"https:\/\/readaptation.umontreal.ca\/en\/research\/researchers\/bonnie-swaine-ph-d\/#breadcrumb","itemListElement":[{"@type":"ListItem","position":1,"name":"Accueil","item":"https:\/\/readaptation.umontreal.ca\/"},{"@type":"ListItem","position":2,"name":"Research","item":"https:\/\/readaptation.umontreal.ca\/en\/research\/"},{"@type":"ListItem","position":3,"name":"Researchers","item":"https:\/\/readaptation.umontreal.ca\/en\/research\/researchers\/"},{"@type":"ListItem","position":4,"name":"Bonnie Swaine, Ph.D."}]},{"@type":"WebSite","@id":"https:\/\/readaptation.umontreal.ca\/#website","url":"https:\/\/readaptation.umontreal.ca\/","name":"\u00c9cole de r\u00e9adaptation","description":"","potentialAction":[{"@type":"SearchAction","target":{"@type":"EntryPoint","urlTemplate":"https:\/\/readaptation.umontreal.ca\/?s={search_term_string}"},"query-input":{"@type":"PropertyValueSpecification","valueRequired":true,"valueName":"search_term_string"}}],"inLanguage":"en-US"}]}},"_links":{"self":[{"href":"https:\/\/readaptation.umontreal.ca\/en\/wp-json\/wp\/v2\/pages\/15705","targetHints":{"allow":["GET"]}}],"collection":[{"href":"https:\/\/readaptation.umontreal.ca\/en\/wp-json\/wp\/v2\/pages"}],"about":[{"href":"https:\/\/readaptation.umontreal.ca\/en\/wp-json\/wp\/v2\/types\/page"}],"author":[{"embeddable":true,"href":"https:\/\/readaptation.umontreal.ca\/en\/wp-json\/wp\/v2\/users\/90"}],"replies":[{"embeddable":true,"href":"https:\/\/readaptation.umontreal.ca\/en\/wp-json\/wp\/v2\/comments?post=15705"}],"version-history":[{"count":7,"href":"https:\/\/readaptation.umontreal.ca\/en\/wp-json\/wp\/v2\/pages\/15705\/revisions"}],"predecessor-version":[{"id":17953,"href":"https:\/\/readaptation.umontreal.ca\/en\/wp-json\/wp\/v2\/pages\/15705\/revisions\/17953"}],"up":[{"embeddable":true,"href":"https:\/\/readaptation.umontreal.ca\/en\/wp-json\/wp\/v2\/pages\/13845"}],"wp:attachment":[{"href":"https:\/\/readaptation.umontreal.ca\/en\/wp-json\/wp\/v2\/media?parent=15705"}],"curies":[{"name":"wp","href":"https:\/\/api.w.org\/{rel}","templated":true}]}}