{"id":15634,"date":"2019-02-18T15:34:31","date_gmt":"2019-02-18T14:34:31","guid":{"rendered":"https:\/\/readaptation.umontreal.ca\/?page_id=15634"},"modified":"2022-05-26T21:38:22","modified_gmt":"2022-05-26T20:38:22","slug":"daniel-bourbonnais-erg-ph-d","status":"publish","type":"page","link":"https:\/\/readaptation.umontreal.ca\/en\/research\/researchers\/daniel-bourbonnais-erg-ph-d\/","title":{"rendered":"Daniel Bourbonnais, Ph.D."},"content":{"rendered":"<div class=\"one-third first \">\n\n<p><img loading=\"lazy\" decoding=\"async\" class=\"alignnone\" src=\"https:\/\/readaptation.umontreal.ca\/wp-content\/uploads\/sites\/21\/Daniel_Bourbonnais-278x300.png\" width=\"176\" height=\"190\" \/><br \/>\n<\/div>\n<div class=\"two-third  \">\n<h3>Professor Emeritus and adjunct professor<\/h3>\n<p><strong>Contact details (Research)<br \/>\n<\/strong>Centre de recherche interdisciplinaire en r\u00e9adaptation (CRIR) du Montr\u00e9al-M\u00e9tropolitain<br \/>\nSite Institut de r\u00e9adaptation Gingras-Lindsay-de-Montr\u00e9al<br \/>\n6300, avenue Darlington<br \/>\nMontr\u00e9al (Qu\u00e9bec) H3S 2J4<\/p>\n<p><strong>Contact details\u00a0<\/strong><br \/>\n<a href=\"mailto:daniel.bourbonnais@umontreal.ca\">daniel.bourbonnais@umontreal.ca<\/a><\/p>\n<p><strong>Program<\/strong><br \/>\nOccupational Therapy<\/p>\n<\/div>\n<hr\/>\n<h2>Education<\/h2>\n<ul>\n<li>B. Sc., Occupational Therapy, Universit\u00e9 de Montr\u00e9al (1978)<\/li>\n<li>M. Sc., Neurosciences, Universit\u00e9 de Montr\u00e9al (1981)<\/li>\n<li>Ph. D., Neurosciences, Universit\u00e9 de Montr\u00e9al (1984)<\/li>\n<li>Postdoctorate, Laboratoires de neurosciences fonctionnelles C.N.R.S., Marseille (1984-1985)<\/li>\n<li>Postdoctorate, Northwestern University and Rehabilitation Institute of Chicago, Chicago (1985-1986)<\/li>\n<\/ul>\n<h2><strong>Current research projects<\/strong><\/h2>\n<ul>\n<li>Rehabilitation of muscle synergies during normal walking and functional tasks<\/li>\n<li>Sensory re-education and pain<\/li>\n<\/ul>\n<h2><strong>Selected publications<\/strong><\/h2>\n<ul>\n<li>Pelletier, R., <strong>Bourbonnais, D.<\/strong>, Higgins, J., Mireault, M., Harris, P. G., &amp; Danino, M. A. (2019). Pain interference may be an important link between pain severity, impairment, and self-reported disability in participants with wrist\/hand pain. <em>Journal of Hand Therapy.<\/em> doi:10.1016\/jht.2019.06.001<\/li>\n<li>Pelletier, R., Paquette, E., <strong>Bourbonnais, D.<\/strong>, Higgins, J., Harris, P. G., &amp; Danino, M. A. (2019). Bilateral sensory and motor as well as cognitive differences between persons with and without musculoskeletal disorders of the wrist and hand. <em>Musculoskeletal Science &amp; Practice, 44<\/em>, 102058. doi:10.1016\/j.msksp.2019.102058<\/li>\n<li>Pelletier, R., <strong>Bourbonnais, D.<\/strong>, Higgins, J., Mireault, M., Danino, M. A., &amp; Harris, P. G. (2018). Left right judgement task and sensory, motor, and cognitive assessment in participants with wrist\/hand pain. <em>Rehabilitation Research and Practice, 2018<\/em>, 1530245. doi:10.1155\/2018\/1530245<\/li>\n<li>Pelletier, R., Higgins, J., &amp; <strong>Bourbonnais, D.<\/strong> (2018). Laterality recognition of images, motor performance, and aspects related to pain in participants with and without wrist\/hand disorders: An observational cross-sectional study. <em>Musculoskeletal Science &amp; Practice, 35<\/em>, 18-24. doi:10.1016\/j.msksp.2018.01.010<\/li>\n<li>Quintal, I., Poir\u00e9-Hamel, L., <strong>Bourbonnais, D.<\/strong>, &amp; Dyer, J.O. (2018). Management of long-term complex regional pain syndrome with allodynia: a case report. <em>Journal of Hand Therapy, 31<\/em>(2), 255-264. doi:10.1016\/j.jht.2018.01.012<\/li>\n<li>Hamasaki, T., Pelletier, R., <strong>Bourbonnais, D.<\/strong>, Harris, P., &amp; Choini\u00e8re, M. (2018). Pain-related psychological issues in hand therapy. <em>Journal of Hand Therapy, 31<\/em>(2), 215-226. doi:10.1016\/j.jht.2017.12.009<\/li>\n<\/ul>\n<h2><strong>Research interests<\/strong><\/h2>\n<ul>\n<li>Neuronal plasticity and pain<\/li>\n<li>Muscle synergies and motor performance<\/li>\n<\/ul>\n","protected":false},"excerpt":{"rendered":"<p>Education B. Sc., Occupational Therapy, Universit\u00e9 de Montr\u00e9al (1978) M. Sc., Neurosciences, Universit\u00e9 de Montr\u00e9al (1981) Ph. D., Neurosciences, Universit\u00e9 de Montr\u00e9al (1984) Postdoctorate, Laboratoires de neurosciences fonctionnelles C.N.R.S., Marseille [&hellip;]<\/p>\n","protected":false},"author":90,"featured_media":0,"parent":13845,"menu_order":19,"comment_status":"closed","ping_status":"closed","template":"","meta":{"footnotes":""},"class_list":["post-15634","page","type-page","status-publish","hentry"],"yoast_head":"<!-- This site is optimized with the Yoast SEO plugin v25.0 - https:\/\/yoast.com\/wordpress\/plugins\/seo\/ -->\n<title>Daniel Bourbonnais, Ph.D. - \u00c9cole de r\u00e9adaptation - Universit\u00e9 de Montr\u00e9al<\/title>\n<meta name=\"robots\" content=\"index, follow, max-snippet:-1, max-image-preview:large, max-video-preview:-1\" \/>\n<link rel=\"canonical\" href=\"https:\/\/readaptation.umontreal.ca\/en\/research\/researchers\/daniel-bourbonnais-erg-ph-d\/\" \/>\n<meta property=\"og:locale\" content=\"en_US\" \/>\n<meta property=\"og:type\" content=\"article\" \/>\n<meta property=\"og:title\" content=\"Daniel Bourbonnais, Ph.D. - \u00c9cole de r\u00e9adaptation - Universit\u00e9 de Montr\u00e9al\" \/>\n<meta property=\"og:description\" content=\"Education B. Sc., Occupational Therapy, Universit\u00e9 de Montr\u00e9al (1978) M. Sc., Neurosciences, Universit\u00e9 de Montr\u00e9al (1981) Ph. D., Neurosciences, Universit\u00e9 de Montr\u00e9al (1984) Postdoctorate, Laboratoires de neurosciences fonctionnelles C.N.R.S., Marseille [&hellip;]\" \/>\n<meta property=\"og:url\" content=\"https:\/\/readaptation.umontreal.ca\/en\/research\/researchers\/daniel-bourbonnais-erg-ph-d\/\" \/>\n<meta property=\"og:site_name\" content=\"\u00c9cole de r\u00e9adaptation\" \/>\n<meta property=\"article:modified_time\" content=\"2022-05-26T20:38:22+00:00\" \/>\n<meta property=\"og:image\" content=\"https:\/\/readaptation-prod.umontreal.ca\/wp-content\/uploads\/sites\/21\/Daniel_Bourbonnais-278x300.png\" \/>\n<meta name=\"twitter:label1\" content=\"Est. reading time\" \/>\n\t<meta name=\"twitter:data1\" content=\"2 minutes\" \/>\n<script type=\"application\/ld+json\" class=\"yoast-schema-graph\">{\"@context\":\"https:\/\/schema.org\",\"@graph\":[{\"@type\":\"WebPage\",\"@id\":\"https:\/\/readaptation.umontreal.ca\/en\/research\/researchers\/daniel-bourbonnais-erg-ph-d\/\",\"url\":\"https:\/\/readaptation.umontreal.ca\/en\/research\/researchers\/daniel-bourbonnais-erg-ph-d\/\",\"name\":\"Daniel Bourbonnais, Ph.D. - \u00c9cole de r\u00e9adaptation - Universit\u00e9 de Montr\u00e9al\",\"isPartOf\":{\"@id\":\"https:\/\/readaptation.umontreal.ca\/#website\"},\"primaryImageOfPage\":{\"@id\":\"https:\/\/readaptation.umontreal.ca\/en\/research\/researchers\/daniel-bourbonnais-erg-ph-d\/#primaryimage\"},\"image\":{\"@id\":\"https:\/\/readaptation.umontreal.ca\/en\/research\/researchers\/daniel-bourbonnais-erg-ph-d\/#primaryimage\"},\"thumbnailUrl\":\"https:\/\/readaptation.umontreal.ca\/wp-content\/uploads\/sites\/21\/Daniel_Bourbonnais-278x300.png\",\"datePublished\":\"2019-02-18T14:34:31+00:00\",\"dateModified\":\"2022-05-26T20:38:22+00:00\",\"breadcrumb\":{\"@id\":\"https:\/\/readaptation.umontreal.ca\/en\/research\/researchers\/daniel-bourbonnais-erg-ph-d\/#breadcrumb\"},\"inLanguage\":\"en-US\",\"potentialAction\":[{\"@type\":\"ReadAction\",\"target\":[\"https:\/\/readaptation.umontreal.ca\/en\/research\/researchers\/daniel-bourbonnais-erg-ph-d\/\"]}]},{\"@type\":\"ImageObject\",\"inLanguage\":\"en-US\",\"@id\":\"https:\/\/readaptation.umontreal.ca\/en\/research\/researchers\/daniel-bourbonnais-erg-ph-d\/#primaryimage\",\"url\":\"https:\/\/readaptation.umontreal.ca\/wp-content\/uploads\/sites\/21\/Daniel_Bourbonnais-278x300.png\",\"contentUrl\":\"https:\/\/readaptation.umontreal.ca\/wp-content\/uploads\/sites\/21\/Daniel_Bourbonnais-278x300.png\"},{\"@type\":\"BreadcrumbList\",\"@id\":\"https:\/\/readaptation.umontreal.ca\/en\/research\/researchers\/daniel-bourbonnais-erg-ph-d\/#breadcrumb\",\"itemListElement\":[{\"@type\":\"ListItem\",\"position\":1,\"name\":\"Accueil\",\"item\":\"https:\/\/readaptation.umontreal.ca\/\"},{\"@type\":\"ListItem\",\"position\":2,\"name\":\"Research\",\"item\":\"https:\/\/readaptation.umontreal.ca\/en\/research\/\"},{\"@type\":\"ListItem\",\"position\":3,\"name\":\"Researchers\",\"item\":\"https:\/\/readaptation.umontreal.ca\/en\/research\/researchers\/\"},{\"@type\":\"ListItem\",\"position\":4,\"name\":\"Daniel Bourbonnais, Ph.D.\"}]},{\"@type\":\"WebSite\",\"@id\":\"https:\/\/readaptation.umontreal.ca\/#website\",\"url\":\"https:\/\/readaptation.umontreal.ca\/\",\"name\":\"\u00c9cole de r\u00e9adaptation\",\"description\":\"\",\"potentialAction\":[{\"@type\":\"SearchAction\",\"target\":{\"@type\":\"EntryPoint\",\"urlTemplate\":\"https:\/\/readaptation.umontreal.ca\/?s={search_term_string}\"},\"query-input\":{\"@type\":\"PropertyValueSpecification\",\"valueRequired\":true,\"valueName\":\"search_term_string\"}}],\"inLanguage\":\"en-US\"}]}<\/script>\n<!-- \/ Yoast SEO plugin. -->","yoast_head_json":{"title":"Daniel Bourbonnais, Ph.D. - \u00c9cole de r\u00e9adaptation - Universit\u00e9 de Montr\u00e9al","robots":{"index":"index","follow":"follow","max-snippet":"max-snippet:-1","max-image-preview":"max-image-preview:large","max-video-preview":"max-video-preview:-1"},"canonical":"https:\/\/readaptation.umontreal.ca\/en\/research\/researchers\/daniel-bourbonnais-erg-ph-d\/","og_locale":"en_US","og_type":"article","og_title":"Daniel Bourbonnais, Ph.D. - \u00c9cole de r\u00e9adaptation - Universit\u00e9 de Montr\u00e9al","og_description":"Education B. Sc., Occupational Therapy, Universit\u00e9 de Montr\u00e9al (1978) M. Sc., Neurosciences, Universit\u00e9 de Montr\u00e9al (1981) Ph. D., Neurosciences, Universit\u00e9 de Montr\u00e9al (1984) Postdoctorate, Laboratoires de neurosciences fonctionnelles C.N.R.S., Marseille [&hellip;]","og_url":"https:\/\/readaptation.umontreal.ca\/en\/research\/researchers\/daniel-bourbonnais-erg-ph-d\/","og_site_name":"\u00c9cole de r\u00e9adaptation","article_modified_time":"2022-05-26T20:38:22+00:00","og_image":[{"url":"https:\/\/readaptation-prod.umontreal.ca\/wp-content\/uploads\/sites\/21\/Daniel_Bourbonnais-278x300.png","type":"","width":"","height":""}],"twitter_misc":{"Est. reading time":"2 minutes"},"schema":{"@context":"https:\/\/schema.org","@graph":[{"@type":"WebPage","@id":"https:\/\/readaptation.umontreal.ca\/en\/research\/researchers\/daniel-bourbonnais-erg-ph-d\/","url":"https:\/\/readaptation.umontreal.ca\/en\/research\/researchers\/daniel-bourbonnais-erg-ph-d\/","name":"Daniel Bourbonnais, Ph.D. - \u00c9cole de r\u00e9adaptation - Universit\u00e9 de Montr\u00e9al","isPartOf":{"@id":"https:\/\/readaptation.umontreal.ca\/#website"},"primaryImageOfPage":{"@id":"https:\/\/readaptation.umontreal.ca\/en\/research\/researchers\/daniel-bourbonnais-erg-ph-d\/#primaryimage"},"image":{"@id":"https:\/\/readaptation.umontreal.ca\/en\/research\/researchers\/daniel-bourbonnais-erg-ph-d\/#primaryimage"},"thumbnailUrl":"https:\/\/readaptation.umontreal.ca\/wp-content\/uploads\/sites\/21\/Daniel_Bourbonnais-278x300.png","datePublished":"2019-02-18T14:34:31+00:00","dateModified":"2022-05-26T20:38:22+00:00","breadcrumb":{"@id":"https:\/\/readaptation.umontreal.ca\/en\/research\/researchers\/daniel-bourbonnais-erg-ph-d\/#breadcrumb"},"inLanguage":"en-US","potentialAction":[{"@type":"ReadAction","target":["https:\/\/readaptation.umontreal.ca\/en\/research\/researchers\/daniel-bourbonnais-erg-ph-d\/"]}]},{"@type":"ImageObject","inLanguage":"en-US","@id":"https:\/\/readaptation.umontreal.ca\/en\/research\/researchers\/daniel-bourbonnais-erg-ph-d\/#primaryimage","url":"https:\/\/readaptation.umontreal.ca\/wp-content\/uploads\/sites\/21\/Daniel_Bourbonnais-278x300.png","contentUrl":"https:\/\/readaptation.umontreal.ca\/wp-content\/uploads\/sites\/21\/Daniel_Bourbonnais-278x300.png"},{"@type":"BreadcrumbList","@id":"https:\/\/readaptation.umontreal.ca\/en\/research\/researchers\/daniel-bourbonnais-erg-ph-d\/#breadcrumb","itemListElement":[{"@type":"ListItem","position":1,"name":"Accueil","item":"https:\/\/readaptation.umontreal.ca\/"},{"@type":"ListItem","position":2,"name":"Research","item":"https:\/\/readaptation.umontreal.ca\/en\/research\/"},{"@type":"ListItem","position":3,"name":"Researchers","item":"https:\/\/readaptation.umontreal.ca\/en\/research\/researchers\/"},{"@type":"ListItem","position":4,"name":"Daniel Bourbonnais, Ph.D."}]},{"@type":"WebSite","@id":"https:\/\/readaptation.umontreal.ca\/#website","url":"https:\/\/readaptation.umontreal.ca\/","name":"\u00c9cole de r\u00e9adaptation","description":"","potentialAction":[{"@type":"SearchAction","target":{"@type":"EntryPoint","urlTemplate":"https:\/\/readaptation.umontreal.ca\/?s={search_term_string}"},"query-input":{"@type":"PropertyValueSpecification","valueRequired":true,"valueName":"search_term_string"}}],"inLanguage":"en-US"}]}},"_links":{"self":[{"href":"https:\/\/readaptation.umontreal.ca\/en\/wp-json\/wp\/v2\/pages\/15634","targetHints":{"allow":["GET"]}}],"collection":[{"href":"https:\/\/readaptation.umontreal.ca\/en\/wp-json\/wp\/v2\/pages"}],"about":[{"href":"https:\/\/readaptation.umontreal.ca\/en\/wp-json\/wp\/v2\/types\/page"}],"author":[{"embeddable":true,"href":"https:\/\/readaptation.umontreal.ca\/en\/wp-json\/wp\/v2\/users\/90"}],"replies":[{"embeddable":true,"href":"https:\/\/readaptation.umontreal.ca\/en\/wp-json\/wp\/v2\/comments?post=15634"}],"version-history":[{"count":8,"href":"https:\/\/readaptation.umontreal.ca\/en\/wp-json\/wp\/v2\/pages\/15634\/revisions"}],"predecessor-version":[{"id":19279,"href":"https:\/\/readaptation.umontreal.ca\/en\/wp-json\/wp\/v2\/pages\/15634\/revisions\/19279"}],"up":[{"embeddable":true,"href":"https:\/\/readaptation.umontreal.ca\/en\/wp-json\/wp\/v2\/pages\/13845"}],"wp:attachment":[{"href":"https:\/\/readaptation.umontreal.ca\/en\/wp-json\/wp\/v2\/media?parent=15634"}],"curies":[{"name":"wp","href":"https:\/\/api.w.org\/{rel}","templated":true}]}}