{"id":15555,"date":"2019-01-15T20:54:18","date_gmt":"2019-01-15T19:54:18","guid":{"rendered":"https:\/\/readaptation.umontreal.ca\/?page_id=15555"},"modified":"2025-07-10T17:03:36","modified_gmt":"2025-07-10T16:03:36","slug":"carolina-bottari-ph-d-2","status":"publish","type":"page","link":"https:\/\/readaptation.umontreal.ca\/en\/research\/researchers\/carolina-bottari-ph-d-2\/","title":{"rendered":"Carolina Bottari, Ph.D."},"content":{"rendered":"<div class=\"one-third first \">\n<span style=\"color: #ffffff;\">_<\/span><br \/>\n<img loading=\"lazy\" decoding=\"async\" src=\"https:\/\/readaptation.umontreal.ca\/wp-content\/uploads\/sites\/21\/2018\/12\/BOTTARI_Photo2018-e1547582042564.jpg\" alt=\"\" class=\"alignnone size-full wp-image-15500\" width=\"175\" height=\"210\" \/><br \/>\n<\/div>\n<div class=\"two-third  \">\n<h3>Full Professor<\/h3>\n<p><strong>Contact details (Research)<br \/>\n<\/strong>Center for Interdisciplinary Research in Rehabilitation of Greater Montreal (CRIR)<br \/>\nInstitut universitaire sur la r\u00e9adaptation en d\u00e9ficience physique de Montr\u00e9al (IURDPM)<br \/>\n6363, Chemin Hudson<br \/>\nMontr\u00e9al, Qu\u00e9bec, H3S 1M9<\/p>\n<p><strong>Contact details (School of Rehabilitation)<br \/>\n<\/strong><strong>T<\/strong> 514 343-6111, ext. 44048<br \/>\n<strong><\/strong><a href=\"mailto:carolina.bottari@umontreal.ca\" target=\"_blank\" rel=\"noopener noreferrer\">carolina.bottari@umontreal.ca<\/a><\/p>\n<p><strong>Program<br \/>\n<\/strong><\/p>\n<p>Occupational Therapy<\/p>\n<\/div>\n<hr\/>\n<h2>Education<\/h2>\n<ul>\n<li>B. Sc. Occupational Therapy, School of Physical and Occupational Therapy, McGill University (1986)<\/li>\n<li>M. Sc. Biomedical Sciences, School of Rehabilitation, Universit\u00e9 de Montr\u00e9al (2001)<\/li>\n<li>Ph. D. Biomedical Sciences, School of Rehabilitation, Universit\u00e9 de Montr\u00e9al (2007)<\/li>\n<li>Postdoctoral fellowship, Baycrest Hospital, Kunin Lunenfeld Applied Research Unit, Toronto University (2007)<\/li>\n<li>Postdoctoral fellowship, Department of Neurology and Neurosurgery, Cognitive neuroscience unit, Montreal Neurological Institute and Hospital, McGill University (2010)<\/li>\n<\/ul>\n<h2>Current research projects<\/h2>\n<ul>\n<li style=\"text-align: justify;\"><strong>Preventing and Reducing Homelessness in People with Acquired Brain Injury: A Collaborative Knowledge Synthesis, <\/strong>minist\u00e8re de la Sant\u00e9 et des Services sociaux du Qu\u00e9bec, le Fonds de recherche du Qu\u00e9bec \u2013 Soci\u00e9t\u00e9 et culture \u2013 Action concert\u00e9e, 2023-2025.<\/li>\n<li style=\"text-align: justify;\"><strong>Telemonitoring of activities of daily living in homecare services of older adults with conitive deficits\u00a0: an evaluative study,<\/strong> Instituts de recherche en sant\u00e9 du Canada, 2024-2028.<\/li>\n<li style=\"text-align: justify;\"><strong>A sustainable ecosystem of care for women with traumatic brain injury following intimate partner violence: First steps<\/strong>, Brain Canada, 2024-2026<\/li>\n<li style=\"text-align: justify;\"><strong>Co-design of an adapted support ecosystem for women victims of domestic violence and traumatic brain injury, <\/strong>minist\u00e8re de l\u2019\u00c9conomie, de l\u2019Innovation et de l\u2019\u00c9nergie et minist\u00e8re de la Sant\u00e9 et des Services Sociaux, 2024-2027<\/li>\n<li style=\"text-align: justify;\"><strong>Impact of traumatic brain injury (TBI) on the empowerment process of women who are victims of domestic violence, <\/strong>minist\u00e8re de l\u2019Enseignement Sup\u00e9rieur et le Fonds des services aux collectivit\u00e9s, 2022-2024.<\/li>\n<li style=\"text-align: justify;\"><strong>Understanding the impact of central nervous system impairments on daily life in myotonic dystrophy,<\/strong> Dystrophie musculaire Canada, 2024-2025<\/li>\n<li style=\"text-align: justify;\"><strong>Mobilization of community, socio-legal and health-rehabilitation sectors to design a support ecosystem adapted to women who are victims of domestic violence and suffering from a traumatic brain injury,<\/strong> Soci\u00e9t\u00e9 Inclusive, 2024-2025<\/li>\n<li style=\"text-align: justify;\"><strong>Strengthening Parenting Practices in Rwanda in a Post-Genocide Context: Occupation-Centred Community Development, <\/strong>Centre de recherche pour le d\u00e9veloppement international et UdeM international, 2022-2027<\/li>\n<li style=\"text-align: justify;\"><strong>Brain Injury Pandemic Preparedness: Optimizing Community Strategies<\/strong>, Instituts de recherche en sant\u00e9 du Canada, 2021-2024<\/li>\n<li style=\"text-align: justify;\"><strong>Assistance with diagnosis and assistance in occupational therapy, <\/strong>Fonds de recherche du Qu\u00e9bec- Soci\u00e9t\u00e9 et culture et Agence Nationale de la Recherche, 2020-2024.<\/li>\n<li style=\"text-align: justify;\"><strong>Development of intelligent housing for seniors in the environment of their choice at Le 1615 &amp; Le 1625 residences in the Quartier des G\u00e9n\u00e9rations<\/strong>, MEDTEQ AGE-WELL-CRSNG, 2020-2024.<\/li>\n<li style=\"text-align: justify;\"><strong>Fires in seniors&#8217; residences: an innovative project to save lives, <\/strong>Quebec Ministry of Economy and Innovation, 2020-2024.<\/li>\n<\/ul>\n<ul><\/ul>\n<ul>\n<li style=\"list-style-type: none;\">\n<ul><\/ul>\n<\/li>\n<\/ul>\n<ul><\/ul>\n<ul><\/ul>\n<p>&nbsp;<\/p>\n<h2>Selected publications<\/h2>\n<ul>\n<li style=\"text-align: justify;\">Jubinville, W., Ducharme, R., Hendryckx, C., Roy, L &amp; <strong>Bottari, C.<\/strong> (2025).\u00a0 Barriers, facilitators and solutions to the care of people experiencing homelessness with traumatic brain injury in Qu\u00e9bec, Canada: clinicians\u2019 and concerned parties&#8217; perspectives. Disability and Rehabilitation DOI : 10.1080\/09638288.2025.2496359<\/li>\n<li style=\"text-align: justify;\">Salazar, A.P., Lecours, S., Engel, L., Gignac, M.A.M, Rotenberg, S., Zarshenas, S., McDonald, M., Nalder, E., &amp; <strong>Bottari, C. <\/strong>(2025). Responding to the ongoing pandemic related challenges of individuals with brain injury through the perspective of community-service in Canada: A qualitative study. <em>Brain Injury. <\/em>39;4; 267-276. DOI : 10.1080\/02699052.2024.2426683<\/li>\n<li style=\"text-align: justify;\">Yaddaden, A., <strong>Bottari, C.,<\/strong> Lussier, M., Kenfack-Ngankam, H., Couture, M. Giroux, S., Pigot, H., Fillou, R-P., Bier, N. (2025).\u00a0 The COOK assistive technology for cognition for older adults with cognitive deficits: A usability study.\u00a0 Disability and Rehabilitation: Assistive Technology, Mar 21:1-15. doi: 10.1080\/17483107.2025.2481430. Epub ahead of print. PMID: 40117265.<\/li>\n<li style=\"text-align: justify;\">Hendryckx, C., Couture, M., Gosselin, N., Nalder, E., Gagnon-Roy, M., Thibault, G., <strong>Bottari, C.<\/strong> (2025). A window into the reality of living long term with challenging behaviours after a TBI. <em>Neuropsychological Rehabilitation. 35:4, 669-700, <\/em>DOI: 10.1080\/09602011.2024.2354402<\/li>\n<li style=\"text-align: justify;\">Gagnon-Roy, M., Bier, N., Giroux, S., Couture, M., Pigot, H., Le Dorze, G., Gosselin, N., Zarshenas, S., Hendryckx, C., &amp; <strong>Bottari, C.<\/strong> (2024). COOK Technology to Support Meal Preparation following a Severe Traumatic Brain Injury: A Usability Mixed Methods Single Case Study in a Real-World Environment. <em>Disability and Rehabilitation: Assistive Technology<\/em> 19:5, 2113-2130 0.1080\/17483107.2023.2264326<\/li>\n<li style=\"text-align: justify;\">Hendryckx, C., Couture, M., Gosselin, N., Nalder, E., Gagnon-Roy, M., Thibault, G., &amp; <strong>Bottari, C.<\/strong> (2024). The dual reality of challenging behaviours: overlapping and distinct perspectives of individuals with TBI and their caregivers. <em>Neuropsychological Rehabilitation<\/em><em>.<\/em> 34(4), 485-509. DOI: <a href=\"https:\/\/doi.org\/10.1080\/09602011.2023.2212172\">10.1080\/09602011.2023.2212172<\/a><\/li>\n<li style=\"text-align: justify;\">Zarshenas, S., Couture, M., Bier, N., Giroux, S., Nalder, E., Lemsky, C., Pigot, H., Dawson, D.R., Gosselin, N., Le Dorze, G., Gagnon-Roy, M., Hendryckx, C., <strong>Bottari, C.<\/strong> (2023). Implementation of an assistive technology for cognition within a supported residence for adults with acquired brain injury: A Mixed-Methods Single Case Study. \u00a0Disability and Rehabilitation- Assistive technology, 18 (8), 1330-1346 10.1080\/17483107.2021.2005163<\/li>\n<li style=\"text-align: justify;\"><u>S<\/u>alazar AP., Lecours S., Engel L., Gignac M.A.M., Rotenberg S., Zarshenas S., McDonald M., <strong>Bottari C. <\/strong>(2023) Understanding the early impacts of the COVID-19 pandemic on brain injury associations across Canada: a qualitative study. <em>Inquiry: The Journal of Health Care Organization, Provision and Financing, <\/em>vol 60, 1-11. <a href=\"https:\/\/doi.org\/10.1177\/00469580231209161\">https:\/\/doi.org\/10.1177\/00469580231209161<\/a><\/li>\n<li style=\"text-align: justify;\">Salazar A.P., <strong>Bottari C.,<\/strong> Lecours S., McDonald M., Gignac M.A.M., Swaine B., Schmidt J., Lemsky C., Brosda A., Engel L. (2023). Impact of the COVID-19 pandemic on brain injury community associations across Canada: A cross-sectional survey study. <em>Frontiers in Public Health.<\/em> Sec. Public Health Policy Volume 11 &#8211; 2023 | <a href=\"https:\/\/doi.org\/10.3389\/fpubh.2023.1166106\">doi: 10.3389\/fpubh.2023.116610<\/a><\/li>\n<li style=\"text-align: justify;\">Tekemetieu, A.A., Pigot, H., <strong>Bottari, C.,<\/strong> Giroux, S. (2022). From speech acts to assistance acts for cognitive rehabilitation in ambient assisted living: how to nudge cognitively impaired people to act independently. Journal of Ambient Intelligence and Humanized Computing. 1-27; doi.org\/10.1007\/s12652-022-03735-x<\/li>\n<li style=\"text-align: justify;\">Gagnon-Roy, M., Bier, N., Boul\u00e9-Riley, S., Keurentjes, H. Lam Wai Shun, P. Le Dorze, G., Giroux, S., &amp; <strong>Bottari, C.<\/strong> (2021). Providing verbal assistance when evaluating individuals living with a traumatic brain injury. Canadian Journal of Occupational Therapy,88 (4), 306-318 10.1177\/00084174211034263<\/li>\n<li style=\"text-align: justify;\"><strong>Bottari, C.,<\/strong> Dutil, E., Auger, C., &amp; Lamoureux, J. (2020). Structural validity and internal consistency of an ecological observation-based assessment, the Activities of Daily Living (ADL) Profile. Australian Occupational Therapy Journal, 67, 407-416, \u00a0DOI: 10.1111\/1440-1630.12654<\/li>\n<\/ul>\n<h2>Research interests<\/h2>\n<ul>\n<li style=\"text-align: justify;\">Cognitive Rehabilitation<\/li>\n<li style=\"text-align: justify;\">Designing an ecosystem of care to support women who are victims of domestic violence at risk of having suffered a traumatic brain injury<\/li>\n<li style=\"text-align: justify;\">Needs assessment of people living in a situation of homelessness living with the chronic sequelae of a head injury<\/li>\n<li style=\"text-align: justify;\">Co-design of cognitive assistive technologies for people with traumatic brain injuries living at home<\/li>\n<li style=\"text-align: justify;\">Implementing cognitive assistive technology to support older adults living with neurodegenerative diseases in the community<\/li>\n<\/ul>\n","protected":false},"excerpt":{"rendered":"<p>Education B. Sc. Occupational Therapy, School of Physical and Occupational Therapy, McGill University (1986) M. Sc. Biomedical Sciences, School of Rehabilitation, Universit\u00e9 de Montr\u00e9al (2001) Ph. D. Biomedical Sciences, School [&hellip;]<\/p>\n","protected":false},"author":90,"featured_media":0,"parent":13845,"menu_order":21,"comment_status":"closed","ping_status":"closed","template":"","meta":{"footnotes":""},"class_list":["post-15555","page","type-page","status-publish","hentry"],"yoast_head":"<!-- This site is optimized with the Yoast SEO plugin v25.0 - https:\/\/yoast.com\/wordpress\/plugins\/seo\/ -->\n<title>Carolina Bottari, Ph.D. - \u00c9cole de r\u00e9adaptation - Universit\u00e9 de Montr\u00e9al<\/title>\n<meta name=\"robots\" content=\"index, follow, max-snippet:-1, max-image-preview:large, max-video-preview:-1\" \/>\n<link rel=\"canonical\" href=\"https:\/\/readaptation.umontreal.ca\/en\/research\/researchers\/carolina-bottari-ph-d-2\/\" \/>\n<meta property=\"og:locale\" content=\"en_US\" \/>\n<meta property=\"og:type\" content=\"article\" \/>\n<meta property=\"og:title\" content=\"Carolina Bottari, Ph.D. - \u00c9cole de r\u00e9adaptation - Universit\u00e9 de Montr\u00e9al\" \/>\n<meta property=\"og:description\" content=\"Education B. Sc. Occupational Therapy, School of Physical and Occupational Therapy, McGill University (1986) M. Sc. Biomedical Sciences, School of Rehabilitation, Universit\u00e9 de Montr\u00e9al (2001) Ph. D. Biomedical Sciences, School [&hellip;]\" \/>\n<meta property=\"og:url\" content=\"https:\/\/readaptation.umontreal.ca\/en\/research\/researchers\/carolina-bottari-ph-d-2\/\" \/>\n<meta property=\"og:site_name\" content=\"\u00c9cole de r\u00e9adaptation\" \/>\n<meta property=\"article:modified_time\" content=\"2025-07-10T16:03:36+00:00\" \/>\n<meta property=\"og:image\" content=\"https:\/\/readaptation.umontreal.ca\/wp-content\/uploads\/sites\/21\/2018\/12\/BOTTARI_Photo2018-e1547582042564.jpg\" \/>\n\t<meta property=\"og:image:width\" content=\"175\" \/>\n\t<meta property=\"og:image:height\" content=\"210\" \/>\n\t<meta property=\"og:image:type\" content=\"image\/jpeg\" \/>\n<meta name=\"twitter:label1\" content=\"Est. reading time\" \/>\n\t<meta name=\"twitter:data1\" content=\"6 minutes\" \/>\n<script type=\"application\/ld+json\" class=\"yoast-schema-graph\">{\"@context\":\"https:\/\/schema.org\",\"@graph\":[{\"@type\":\"WebPage\",\"@id\":\"https:\/\/readaptation.umontreal.ca\/en\/research\/researchers\/carolina-bottari-ph-d-2\/\",\"url\":\"https:\/\/readaptation.umontreal.ca\/en\/research\/researchers\/carolina-bottari-ph-d-2\/\",\"name\":\"Carolina Bottari, Ph.D. - \u00c9cole de r\u00e9adaptation - Universit\u00e9 de Montr\u00e9al\",\"isPartOf\":{\"@id\":\"https:\/\/readaptation.umontreal.ca\/#website\"},\"primaryImageOfPage\":{\"@id\":\"https:\/\/readaptation.umontreal.ca\/en\/research\/researchers\/carolina-bottari-ph-d-2\/#primaryimage\"},\"image\":{\"@id\":\"https:\/\/readaptation.umontreal.ca\/en\/research\/researchers\/carolina-bottari-ph-d-2\/#primaryimage\"},\"thumbnailUrl\":\"https:\/\/readaptation.umontreal.ca\/wp-content\/uploads\/sites\/21\/2018\/12\/BOTTARI_Photo2018-e1547582042564.jpg\",\"datePublished\":\"2019-01-15T19:54:18+00:00\",\"dateModified\":\"2025-07-10T16:03:36+00:00\",\"breadcrumb\":{\"@id\":\"https:\/\/readaptation.umontreal.ca\/en\/research\/researchers\/carolina-bottari-ph-d-2\/#breadcrumb\"},\"inLanguage\":\"en-US\",\"potentialAction\":[{\"@type\":\"ReadAction\",\"target\":[\"https:\/\/readaptation.umontreal.ca\/en\/research\/researchers\/carolina-bottari-ph-d-2\/\"]}]},{\"@type\":\"ImageObject\",\"inLanguage\":\"en-US\",\"@id\":\"https:\/\/readaptation.umontreal.ca\/en\/research\/researchers\/carolina-bottari-ph-d-2\/#primaryimage\",\"url\":\"https:\/\/readaptation.umontreal.ca\/wp-content\/uploads\/sites\/21\/2018\/12\/BOTTARI_Photo2018-e1547582042564.jpg\",\"contentUrl\":\"https:\/\/readaptation.umontreal.ca\/wp-content\/uploads\/sites\/21\/2018\/12\/BOTTARI_Photo2018-e1547582042564.jpg\"},{\"@type\":\"BreadcrumbList\",\"@id\":\"https:\/\/readaptation.umontreal.ca\/en\/research\/researchers\/carolina-bottari-ph-d-2\/#breadcrumb\",\"itemListElement\":[{\"@type\":\"ListItem\",\"position\":1,\"name\":\"Accueil\",\"item\":\"https:\/\/readaptation.umontreal.ca\/\"},{\"@type\":\"ListItem\",\"position\":2,\"name\":\"Research\",\"item\":\"https:\/\/readaptation.umontreal.ca\/en\/research\/\"},{\"@type\":\"ListItem\",\"position\":3,\"name\":\"Researchers\",\"item\":\"https:\/\/readaptation.umontreal.ca\/en\/research\/researchers\/\"},{\"@type\":\"ListItem\",\"position\":4,\"name\":\"Carolina Bottari, Ph.D.\"}]},{\"@type\":\"WebSite\",\"@id\":\"https:\/\/readaptation.umontreal.ca\/#website\",\"url\":\"https:\/\/readaptation.umontreal.ca\/\",\"name\":\"\u00c9cole de r\u00e9adaptation\",\"description\":\"\",\"potentialAction\":[{\"@type\":\"SearchAction\",\"target\":{\"@type\":\"EntryPoint\",\"urlTemplate\":\"https:\/\/readaptation.umontreal.ca\/?s={search_term_string}\"},\"query-input\":{\"@type\":\"PropertyValueSpecification\",\"valueRequired\":true,\"valueName\":\"search_term_string\"}}],\"inLanguage\":\"en-US\"}]}<\/script>\n<!-- \/ Yoast SEO plugin. -->","yoast_head_json":{"title":"Carolina Bottari, Ph.D. - \u00c9cole de r\u00e9adaptation - Universit\u00e9 de Montr\u00e9al","robots":{"index":"index","follow":"follow","max-snippet":"max-snippet:-1","max-image-preview":"max-image-preview:large","max-video-preview":"max-video-preview:-1"},"canonical":"https:\/\/readaptation.umontreal.ca\/en\/research\/researchers\/carolina-bottari-ph-d-2\/","og_locale":"en_US","og_type":"article","og_title":"Carolina Bottari, Ph.D. - \u00c9cole de r\u00e9adaptation - Universit\u00e9 de Montr\u00e9al","og_description":"Education B. Sc. Occupational Therapy, School of Physical and Occupational Therapy, McGill University (1986) M. Sc. Biomedical Sciences, School of Rehabilitation, Universit\u00e9 de Montr\u00e9al (2001) Ph. D. Biomedical Sciences, School [&hellip;]","og_url":"https:\/\/readaptation.umontreal.ca\/en\/research\/researchers\/carolina-bottari-ph-d-2\/","og_site_name":"\u00c9cole de r\u00e9adaptation","article_modified_time":"2025-07-10T16:03:36+00:00","og_image":[{"width":175,"height":210,"url":"https:\/\/readaptation.umontreal.ca\/wp-content\/uploads\/sites\/21\/2018\/12\/BOTTARI_Photo2018-e1547582042564.jpg","type":"image\/jpeg"}],"twitter_misc":{"Est. reading time":"6 minutes"},"schema":{"@context":"https:\/\/schema.org","@graph":[{"@type":"WebPage","@id":"https:\/\/readaptation.umontreal.ca\/en\/research\/researchers\/carolina-bottari-ph-d-2\/","url":"https:\/\/readaptation.umontreal.ca\/en\/research\/researchers\/carolina-bottari-ph-d-2\/","name":"Carolina Bottari, Ph.D. - \u00c9cole de r\u00e9adaptation - Universit\u00e9 de Montr\u00e9al","isPartOf":{"@id":"https:\/\/readaptation.umontreal.ca\/#website"},"primaryImageOfPage":{"@id":"https:\/\/readaptation.umontreal.ca\/en\/research\/researchers\/carolina-bottari-ph-d-2\/#primaryimage"},"image":{"@id":"https:\/\/readaptation.umontreal.ca\/en\/research\/researchers\/carolina-bottari-ph-d-2\/#primaryimage"},"thumbnailUrl":"https:\/\/readaptation.umontreal.ca\/wp-content\/uploads\/sites\/21\/2018\/12\/BOTTARI_Photo2018-e1547582042564.jpg","datePublished":"2019-01-15T19:54:18+00:00","dateModified":"2025-07-10T16:03:36+00:00","breadcrumb":{"@id":"https:\/\/readaptation.umontreal.ca\/en\/research\/researchers\/carolina-bottari-ph-d-2\/#breadcrumb"},"inLanguage":"en-US","potentialAction":[{"@type":"ReadAction","target":["https:\/\/readaptation.umontreal.ca\/en\/research\/researchers\/carolina-bottari-ph-d-2\/"]}]},{"@type":"ImageObject","inLanguage":"en-US","@id":"https:\/\/readaptation.umontreal.ca\/en\/research\/researchers\/carolina-bottari-ph-d-2\/#primaryimage","url":"https:\/\/readaptation.umontreal.ca\/wp-content\/uploads\/sites\/21\/2018\/12\/BOTTARI_Photo2018-e1547582042564.jpg","contentUrl":"https:\/\/readaptation.umontreal.ca\/wp-content\/uploads\/sites\/21\/2018\/12\/BOTTARI_Photo2018-e1547582042564.jpg"},{"@type":"BreadcrumbList","@id":"https:\/\/readaptation.umontreal.ca\/en\/research\/researchers\/carolina-bottari-ph-d-2\/#breadcrumb","itemListElement":[{"@type":"ListItem","position":1,"name":"Accueil","item":"https:\/\/readaptation.umontreal.ca\/"},{"@type":"ListItem","position":2,"name":"Research","item":"https:\/\/readaptation.umontreal.ca\/en\/research\/"},{"@type":"ListItem","position":3,"name":"Researchers","item":"https:\/\/readaptation.umontreal.ca\/en\/research\/researchers\/"},{"@type":"ListItem","position":4,"name":"Carolina Bottari, Ph.D."}]},{"@type":"WebSite","@id":"https:\/\/readaptation.umontreal.ca\/#website","url":"https:\/\/readaptation.umontreal.ca\/","name":"\u00c9cole de r\u00e9adaptation","description":"","potentialAction":[{"@type":"SearchAction","target":{"@type":"EntryPoint","urlTemplate":"https:\/\/readaptation.umontreal.ca\/?s={search_term_string}"},"query-input":{"@type":"PropertyValueSpecification","valueRequired":true,"valueName":"search_term_string"}}],"inLanguage":"en-US"}]}},"_links":{"self":[{"href":"https:\/\/readaptation.umontreal.ca\/en\/wp-json\/wp\/v2\/pages\/15555","targetHints":{"allow":["GET"]}}],"collection":[{"href":"https:\/\/readaptation.umontreal.ca\/en\/wp-json\/wp\/v2\/pages"}],"about":[{"href":"https:\/\/readaptation.umontreal.ca\/en\/wp-json\/wp\/v2\/types\/page"}],"author":[{"embeddable":true,"href":"https:\/\/readaptation.umontreal.ca\/en\/wp-json\/wp\/v2\/users\/90"}],"replies":[{"embeddable":true,"href":"https:\/\/readaptation.umontreal.ca\/en\/wp-json\/wp\/v2\/comments?post=15555"}],"version-history":[{"count":9,"href":"https:\/\/readaptation.umontreal.ca\/en\/wp-json\/wp\/v2\/pages\/15555\/revisions"}],"predecessor-version":[{"id":23621,"href":"https:\/\/readaptation.umontreal.ca\/en\/wp-json\/wp\/v2\/pages\/15555\/revisions\/23621"}],"up":[{"embeddable":true,"href":"https:\/\/readaptation.umontreal.ca\/en\/wp-json\/wp\/v2\/pages\/13845"}],"wp:attachment":[{"href":"https:\/\/readaptation.umontreal.ca\/en\/wp-json\/wp\/v2\/media?parent=15555"}],"curies":[{"name":"wp","href":"https:\/\/api.w.org\/{rel}","templated":true}]}}