{"id":15511,"date":"2018-12-21T16:53:03","date_gmt":"2018-12-21T15:53:03","guid":{"rendered":"https:\/\/readaptation.umontreal.ca\/?page_id=15511"},"modified":"2021-08-25T19:14:36","modified_gmt":"2021-08-25T18:14:36","slug":"sylvie-nadeau-ph-d","status":"publish","type":"page","link":"https:\/\/readaptation.umontreal.ca\/en\/research\/researchers\/sylvie-nadeau-ph-d\/","title":{"rendered":"Sylvie Nadeau, Ph.D."},"content":{"rendered":"<div class=\"one-third first \">\n<p><span style=\"color: #ffffff\">_<\/span><\/p>\n<p><img loading=\"lazy\" decoding=\"async\" src=\"https:\/\/readaptation.umontreal.ca\/wp-content\/uploads\/sites\/21\/2018\/12\/NADEAU_Photo_2018.jpg\" alt=\"\" class=\"alignnone wp-image-15508\" width=\"164\" height=\"227\" \/><\/p>\n<\/div>\n<p><strong>\u00a0<\/strong><\/p>\n<h3>Full professor<\/h3>\n<p><strong>Contact details (research)<\/strong><br \/>\nLaboratoire de Pathokin\u00e9siologie<br \/>\nCentre de recherche interdisciplinaire en r\u00e9adaptation (CRIR) du Montr\u00e9al m\u00e9tropolitain<br \/>\n6300, avenue Darlington<br \/>\nMontreal (Quebec), H3S 2J4<br \/>\n<strong>T<\/strong> 514 340-2111, ext. 2179<\/p>\n<p>&nbsp;<\/p>\n<p><strong>Contact details (School)<\/strong><br \/>\n<strong>T<\/strong> 514 343-2253<br \/>\n<u><a href=\"mailto:sylvie.nadeau@umontreal.ca\">sylvie.nadeau@umontreal.ca<\/a><\/u><\/p>\n<p><strong>Program<\/strong><br \/>\nPhysiotherapy<\/p>\n<h2>Education<strong><\/strong><\/h2>\n<ul>\n<li>B.Sc. Physiotherapy, University of Montreal (1985), clinician from 1985 to 1993<\/li>\n<li>M.Sc. Biomedical Sciences (Rehabilitation), University of Montreal (1993)<\/li>\n<li>Ph.D. Biomedical Sciences (Rehabilitation), University of Montreal (1996)<\/li>\n<li>Postdoctoral (2 years);\n<ul>\n<li>Laboratoire de Neurobiologie et mouvements \u00e0 Marseille, France<\/li>\n<li>Queen\u2019s University, Kingston, Ontario<\/li>\n<li>Institut de r\u00e9adaptation en d\u00e9ficience physique de Qu\u00e9bec, Quebec<\/li>\n<\/ul>\n<\/li>\n<\/ul>\n<h2>Current research projects<strong><\/strong><\/h2>\n<ul>\n<li>Training of the upper limb using the concept of increased error in hemiparetic subjects;<\/li>\n<li>Assessment of upper limb coordination in healthy and post-stroke subjects;<\/li>\n<li>Quantification of locomotor capacities in ecological environments;<\/li>\n<li>Locomotor asymmetry in people with stroke.<\/li>\n<\/ul>\n<h2>Selected publications<strong><\/strong><\/h2>\n<ul>\n<li>Duclos, N. C., Duclos, C., &amp; <strong>Nadeau, S.<\/strong> (2019). Slow and faster post-stroke walkers have a different trunk progression and braking impulse during gait. <em>Gait &amp; Posture, 68<\/em>, 483-487. doi:10.1016\/j.gaitpost.2018.12.037<\/li>\n<li>Duclos, N. C., Aguar, L. T., Aissaoui, R., Faria, C. D. C. M., <strong>Nadeau, S.<\/strong>, &amp; Duclos, C. (2019). Activity monitor placed at the nonparetic ankle is accurate in measuring step counts during community walking in poststroke individuals: A validation study. <em>PM&amp;R, 11<\/em>(9), 963-971. doi:10.1002\/pmrj.12080<\/li>\n<li>Martins, J. C., Aguiar, L. T., <strong>Nadeau, S.<\/strong>, Scianni, A. A., Teixeira-Salmela, L. F., &amp; Faria, C. D. C. M. (2019). Measurement properties of self-report physical activity assessment tools for patients with stroke: a systematic review. <em>Brazilian Journal of Physical Therapy.<\/em> doi:10.1016\/j.bjpt.2019.02.004<\/li>\n<li>Richards, C. L., Malouin, F., <strong>Nadeau, S.<\/strong>, Fung, J., D\u2019Amours, L., Perez, C., &amp; Durand, A. (2018). Amount and content of sensorimotor therapy delivered in three stroke rehabilitation units in Quebec, Canada. <em>Physiotherapy Canada, 70<\/em>(2), 120-132. doi:10.3138\/ptc.2016-66<\/li>\n<li>Betschart, M., Lauzi\u00e8re, S., Mi\u00e9ville, C., McFadyen, B. J., &amp; <strong>Nadeau, S.<\/strong> (2017). Changes in lower limb muscle activity after walking on a split-belt treadmill in individuals post-stroke. <em>Journal of Electromyography and Kinesiology, 32<\/em>(Supplement C), 93-100. doi:10.1016\/j.jelekin.2016.12.007<\/li>\n<\/ul>\n<h2>Research orientation<strong><\/strong><\/h2>\n<ul>\n<li>Walking and other functional activities<\/li>\n<li>Determinants and rehabilitation of locomotor function<\/li>\n<li>Pathokinesiology of the lower limb<\/li>\n<li>Perception and sense of effort, balance assessment<\/li>\n<li>3D analysis, dynamometry, EMG<\/li>\n<li>Hemiparesis, Spinal cord injury, knee prothesis, amputee<\/li>\n<li>Upper and lower limbs bilateral coordination<\/li>\n<li>New emerging approaches in locomotor rehabilitation<\/li>\n<\/ul>\n","protected":false},"excerpt":{"rendered":"<p>\u00a0 Full professor Contact details (research) Laboratoire de Pathokin\u00e9siologie Centre de recherche interdisciplinaire en r\u00e9adaptation (CRIR) du Montr\u00e9al m\u00e9tropolitain 6300, avenue Darlington Montreal (Quebec), H3S 2J4 T 514 340-2111, ext. [&hellip;]<\/p>\n","protected":false},"author":90,"featured_media":0,"parent":13845,"menu_order":19,"comment_status":"closed","ping_status":"closed","template":"","meta":{"footnotes":""},"class_list":["post-15511","page","type-page","status-publish","hentry"],"yoast_head":"<!-- This site is optimized with the Yoast SEO plugin v25.0 - https:\/\/yoast.com\/wordpress\/plugins\/seo\/ -->\n<title>Sylvie Nadeau, Ph.D. - \u00c9cole de r\u00e9adaptation - Universit\u00e9 de Montr\u00e9al<\/title>\n<meta name=\"robots\" content=\"index, follow, max-snippet:-1, max-image-preview:large, max-video-preview:-1\" \/>\n<link rel=\"canonical\" href=\"https:\/\/readaptation.umontreal.ca\/en\/research\/researchers\/sylvie-nadeau-ph-d\/\" \/>\n<meta property=\"og:locale\" content=\"en_US\" \/>\n<meta property=\"og:type\" content=\"article\" \/>\n<meta property=\"og:title\" content=\"Sylvie Nadeau, Ph.D. - \u00c9cole de r\u00e9adaptation - Universit\u00e9 de Montr\u00e9al\" \/>\n<meta property=\"og:description\" content=\"\u00a0 Full professor Contact details (research) Laboratoire de Pathokin\u00e9siologie Centre de recherche interdisciplinaire en r\u00e9adaptation (CRIR) du Montr\u00e9al m\u00e9tropolitain 6300, avenue Darlington Montreal (Quebec), H3S 2J4 T 514 340-2111, ext. [&hellip;]\" \/>\n<meta property=\"og:url\" content=\"https:\/\/readaptation.umontreal.ca\/en\/research\/researchers\/sylvie-nadeau-ph-d\/\" \/>\n<meta property=\"og:site_name\" content=\"\u00c9cole de r\u00e9adaptation\" \/>\n<meta property=\"article:modified_time\" content=\"2021-08-25T18:14:36+00:00\" \/>\n<meta property=\"og:image\" content=\"https:\/\/readaptation-prod.umontreal.ca\/wp-content\/uploads\/sites\/21\/2018\/12\/NADEAU_Photo_2018.jpg\" \/>\n<meta name=\"twitter:label1\" content=\"Est. reading time\" \/>\n\t<meta name=\"twitter:data1\" content=\"2 minutes\" \/>\n<script type=\"application\/ld+json\" class=\"yoast-schema-graph\">{\"@context\":\"https:\/\/schema.org\",\"@graph\":[{\"@type\":\"WebPage\",\"@id\":\"https:\/\/readaptation.umontreal.ca\/en\/research\/researchers\/sylvie-nadeau-ph-d\/\",\"url\":\"https:\/\/readaptation.umontreal.ca\/en\/research\/researchers\/sylvie-nadeau-ph-d\/\",\"name\":\"Sylvie Nadeau, Ph.D. - \u00c9cole de r\u00e9adaptation - Universit\u00e9 de Montr\u00e9al\",\"isPartOf\":{\"@id\":\"https:\/\/readaptation.umontreal.ca\/#website\"},\"primaryImageOfPage\":{\"@id\":\"https:\/\/readaptation.umontreal.ca\/en\/research\/researchers\/sylvie-nadeau-ph-d\/#primaryimage\"},\"image\":{\"@id\":\"https:\/\/readaptation.umontreal.ca\/en\/research\/researchers\/sylvie-nadeau-ph-d\/#primaryimage\"},\"thumbnailUrl\":\"https:\/\/readaptation.umontreal.ca\/wp-content\/uploads\/sites\/21\/2018\/12\/NADEAU_Photo_2018.jpg\",\"datePublished\":\"2018-12-21T15:53:03+00:00\",\"dateModified\":\"2021-08-25T18:14:36+00:00\",\"breadcrumb\":{\"@id\":\"https:\/\/readaptation.umontreal.ca\/en\/research\/researchers\/sylvie-nadeau-ph-d\/#breadcrumb\"},\"inLanguage\":\"en-US\",\"potentialAction\":[{\"@type\":\"ReadAction\",\"target\":[\"https:\/\/readaptation.umontreal.ca\/en\/research\/researchers\/sylvie-nadeau-ph-d\/\"]}]},{\"@type\":\"ImageObject\",\"inLanguage\":\"en-US\",\"@id\":\"https:\/\/readaptation.umontreal.ca\/en\/research\/researchers\/sylvie-nadeau-ph-d\/#primaryimage\",\"url\":\"https:\/\/readaptation.umontreal.ca\/wp-content\/uploads\/sites\/21\/2018\/12\/NADEAU_Photo_2018.jpg\",\"contentUrl\":\"https:\/\/readaptation.umontreal.ca\/wp-content\/uploads\/sites\/21\/2018\/12\/NADEAU_Photo_2018.jpg\"},{\"@type\":\"BreadcrumbList\",\"@id\":\"https:\/\/readaptation.umontreal.ca\/en\/research\/researchers\/sylvie-nadeau-ph-d\/#breadcrumb\",\"itemListElement\":[{\"@type\":\"ListItem\",\"position\":1,\"name\":\"Accueil\",\"item\":\"https:\/\/readaptation.umontreal.ca\/\"},{\"@type\":\"ListItem\",\"position\":2,\"name\":\"Research\",\"item\":\"https:\/\/readaptation.umontreal.ca\/en\/research\/\"},{\"@type\":\"ListItem\",\"position\":3,\"name\":\"Researchers\",\"item\":\"https:\/\/readaptation.umontreal.ca\/en\/research\/researchers\/\"},{\"@type\":\"ListItem\",\"position\":4,\"name\":\"Sylvie Nadeau, Ph.D.\"}]},{\"@type\":\"WebSite\",\"@id\":\"https:\/\/readaptation.umontreal.ca\/#website\",\"url\":\"https:\/\/readaptation.umontreal.ca\/\",\"name\":\"\u00c9cole de r\u00e9adaptation\",\"description\":\"\",\"potentialAction\":[{\"@type\":\"SearchAction\",\"target\":{\"@type\":\"EntryPoint\",\"urlTemplate\":\"https:\/\/readaptation.umontreal.ca\/?s={search_term_string}\"},\"query-input\":{\"@type\":\"PropertyValueSpecification\",\"valueRequired\":true,\"valueName\":\"search_term_string\"}}],\"inLanguage\":\"en-US\"}]}<\/script>\n<!-- \/ Yoast SEO plugin. -->","yoast_head_json":{"title":"Sylvie Nadeau, Ph.D. - \u00c9cole de r\u00e9adaptation - Universit\u00e9 de Montr\u00e9al","robots":{"index":"index","follow":"follow","max-snippet":"max-snippet:-1","max-image-preview":"max-image-preview:large","max-video-preview":"max-video-preview:-1"},"canonical":"https:\/\/readaptation.umontreal.ca\/en\/research\/researchers\/sylvie-nadeau-ph-d\/","og_locale":"en_US","og_type":"article","og_title":"Sylvie Nadeau, Ph.D. - \u00c9cole de r\u00e9adaptation - Universit\u00e9 de Montr\u00e9al","og_description":"\u00a0 Full professor Contact details (research) Laboratoire de Pathokin\u00e9siologie Centre de recherche interdisciplinaire en r\u00e9adaptation (CRIR) du Montr\u00e9al m\u00e9tropolitain 6300, avenue Darlington Montreal (Quebec), H3S 2J4 T 514 340-2111, ext. [&hellip;]","og_url":"https:\/\/readaptation.umontreal.ca\/en\/research\/researchers\/sylvie-nadeau-ph-d\/","og_site_name":"\u00c9cole de r\u00e9adaptation","article_modified_time":"2021-08-25T18:14:36+00:00","og_image":[{"url":"https:\/\/readaptation-prod.umontreal.ca\/wp-content\/uploads\/sites\/21\/2018\/12\/NADEAU_Photo_2018.jpg","type":"","width":"","height":""}],"twitter_misc":{"Est. reading time":"2 minutes"},"schema":{"@context":"https:\/\/schema.org","@graph":[{"@type":"WebPage","@id":"https:\/\/readaptation.umontreal.ca\/en\/research\/researchers\/sylvie-nadeau-ph-d\/","url":"https:\/\/readaptation.umontreal.ca\/en\/research\/researchers\/sylvie-nadeau-ph-d\/","name":"Sylvie Nadeau, Ph.D. - \u00c9cole de r\u00e9adaptation - Universit\u00e9 de Montr\u00e9al","isPartOf":{"@id":"https:\/\/readaptation.umontreal.ca\/#website"},"primaryImageOfPage":{"@id":"https:\/\/readaptation.umontreal.ca\/en\/research\/researchers\/sylvie-nadeau-ph-d\/#primaryimage"},"image":{"@id":"https:\/\/readaptation.umontreal.ca\/en\/research\/researchers\/sylvie-nadeau-ph-d\/#primaryimage"},"thumbnailUrl":"https:\/\/readaptation.umontreal.ca\/wp-content\/uploads\/sites\/21\/2018\/12\/NADEAU_Photo_2018.jpg","datePublished":"2018-12-21T15:53:03+00:00","dateModified":"2021-08-25T18:14:36+00:00","breadcrumb":{"@id":"https:\/\/readaptation.umontreal.ca\/en\/research\/researchers\/sylvie-nadeau-ph-d\/#breadcrumb"},"inLanguage":"en-US","potentialAction":[{"@type":"ReadAction","target":["https:\/\/readaptation.umontreal.ca\/en\/research\/researchers\/sylvie-nadeau-ph-d\/"]}]},{"@type":"ImageObject","inLanguage":"en-US","@id":"https:\/\/readaptation.umontreal.ca\/en\/research\/researchers\/sylvie-nadeau-ph-d\/#primaryimage","url":"https:\/\/readaptation.umontreal.ca\/wp-content\/uploads\/sites\/21\/2018\/12\/NADEAU_Photo_2018.jpg","contentUrl":"https:\/\/readaptation.umontreal.ca\/wp-content\/uploads\/sites\/21\/2018\/12\/NADEAU_Photo_2018.jpg"},{"@type":"BreadcrumbList","@id":"https:\/\/readaptation.umontreal.ca\/en\/research\/researchers\/sylvie-nadeau-ph-d\/#breadcrumb","itemListElement":[{"@type":"ListItem","position":1,"name":"Accueil","item":"https:\/\/readaptation.umontreal.ca\/"},{"@type":"ListItem","position":2,"name":"Research","item":"https:\/\/readaptation.umontreal.ca\/en\/research\/"},{"@type":"ListItem","position":3,"name":"Researchers","item":"https:\/\/readaptation.umontreal.ca\/en\/research\/researchers\/"},{"@type":"ListItem","position":4,"name":"Sylvie Nadeau, Ph.D."}]},{"@type":"WebSite","@id":"https:\/\/readaptation.umontreal.ca\/#website","url":"https:\/\/readaptation.umontreal.ca\/","name":"\u00c9cole de r\u00e9adaptation","description":"","potentialAction":[{"@type":"SearchAction","target":{"@type":"EntryPoint","urlTemplate":"https:\/\/readaptation.umontreal.ca\/?s={search_term_string}"},"query-input":{"@type":"PropertyValueSpecification","valueRequired":true,"valueName":"search_term_string"}}],"inLanguage":"en-US"}]}},"_links":{"self":[{"href":"https:\/\/readaptation.umontreal.ca\/en\/wp-json\/wp\/v2\/pages\/15511","targetHints":{"allow":["GET"]}}],"collection":[{"href":"https:\/\/readaptation.umontreal.ca\/en\/wp-json\/wp\/v2\/pages"}],"about":[{"href":"https:\/\/readaptation.umontreal.ca\/en\/wp-json\/wp\/v2\/types\/page"}],"author":[{"embeddable":true,"href":"https:\/\/readaptation.umontreal.ca\/en\/wp-json\/wp\/v2\/users\/90"}],"replies":[{"embeddable":true,"href":"https:\/\/readaptation.umontreal.ca\/en\/wp-json\/wp\/v2\/comments?post=15511"}],"version-history":[{"count":9,"href":"https:\/\/readaptation.umontreal.ca\/en\/wp-json\/wp\/v2\/pages\/15511\/revisions"}],"predecessor-version":[{"id":18826,"href":"https:\/\/readaptation.umontreal.ca\/en\/wp-json\/wp\/v2\/pages\/15511\/revisions\/18826"}],"up":[{"embeddable":true,"href":"https:\/\/readaptation.umontreal.ca\/en\/wp-json\/wp\/v2\/pages\/13845"}],"wp:attachment":[{"href":"https:\/\/readaptation.umontreal.ca\/en\/wp-json\/wp\/v2\/media?parent=15511"}],"curies":[{"name":"wp","href":"https:\/\/api.w.org\/{rel}","templated":true}]}}