{"id":15413,"date":"2018-11-21T20:39:20","date_gmt":"2018-11-21T19:39:20","guid":{"rendered":"https:\/\/readaptation.umontreal.ca\/?page_id=15413"},"modified":"2020-05-05T16:39:33","modified_gmt":"2020-05-05T15:39:33","slug":"lise-poissant-ph-d","status":"publish","type":"page","link":"https:\/\/readaptation.umontreal.ca\/en\/research\/researchers\/lise-poissant-ph-d\/","title":{"rendered":"Lise Poissant, Ph.D."},"content":{"rendered":"<div class=\"post-entry\">\n<div class=\"entry-content\">\n<div class=\"one-third first \"><span style=\"color: #ffffff\">&#8211;<\/span><br \/>\n<span style=\"color: #ffffff\">&#8211;<\/span><br \/>\n<img loading=\"lazy\" decoding=\"async\" src=\"https:\/\/readaptation.umontreal.ca\/wp-content\/uploads\/sites\/21\/2018\/11\/Poissant_2018-2web.jpg\" alt=\"\" class=\"alignnone size-full wp-image-15414\" width=\"150\" height=\"225\" \/><\/div>\n<div class=\"two-third \">\n<h3><strong>F<\/strong>ull professor<\/h3>\n<p><strong>Contact details (Research)<br \/>\n<\/strong><\/p>\n<p>Centre de recherche Interdisciplinaire en r\u00e9adaptation du (CRIR) Montr\u00e9al-m\u00e9tropolitain<br \/>\nSite Institut de r\u00e9adaptation Gingras Lindsay de Montr\u00e9al<br \/>\n6300 avenue Darlington<br \/>\nMontreal (Quebec), H3S 2J4<br \/>\n<strong>T<\/strong> 514 340-2085, ext. 2189<\/p>\n<p><strong>Contact details (School of Rehabilitation)<br \/>\n<\/strong><strong>T<\/strong> 514 343-6111, ext. 52178<strong><br \/>\n<\/strong><a href=\"mailto:lise.poissant@umontreal.ca\" target=\"_blank\" rel=\"noopener noreferrer\">lise.poissant@umontreal.ca<\/a><\/p>\n<p><strong>Program<br \/>\n<\/strong>Occupational therapy<\/p>\n<\/div>\n<hr \/>\n<h2>Education<\/h2>\n<ul>\n<li>B.Sc. Occupational Therapy, McGill University (1984)<\/li>\n<li>Certificate in health sciences and management, McGill University High academic achievement (1987)<\/li>\n<li>M.Sc. Health Administration, University of Montreal (1991)<\/li>\n<li>Ph. D., Rehabilitation Sciences, McGill University (2002)<\/li>\n<li>Health Informatics program, CIHR-CHPSTP (2005)<\/li>\n<li>Postdoctoral, Clinical Epidemiology, McGill University (2005)<\/li>\n<\/ul>\n<h2>Current research projects<\/h2>\n<ul>\n<li>Development of a Quality of life measure for children living in context of vulnerability<\/li>\n<li>Evaluation of stroke rehabilitation services<\/li>\n<li>Impact of communities of practice on the adoption and integration of best practices<\/li>\n<li>Impact of information technologies on knowledge exchange<\/li>\n<\/ul>\n<h2>Selected publications<\/h2>\n<ul>\n<li>Ware, P., Bartlett, S. J., Pare, G., Symeonidis, I., Tannenbaum, C., Bartlett, G., <strong>Poissant, L.<\/strong>, &amp; Ahmed, S. (2017). Using eHealth Technologies: Interests, Preferences, and Concerns of Older Adults. <em>Interactive Journal of Medical Research, 6<\/em>(1), e3. doi:10.2196\/ijmr.4447<\/li>\n<li>Vincent, C., <strong>Poissant, L.<\/strong>, Gagnon, D. H., &amp; Corriveau, H. (2016). Consensus building for the development of guidelines for recommending mobility service dogs for people with motor impairments.\u00a0<em>Technology and Disability<\/em>,\u00a0<em>28<\/em>(3), 67- doi: 10.3233\/TAD-160445<\/li>\n<li>Zidarov, D., Sicotte, C., Menon, A., Hall\u00e9, M. C., &amp; <strong>Poissant, L.<\/strong> (2016). Factors influencing use of a performance measurement system in a rehabilitation hospital. <em>Journal of Hospital <\/em>Administration, 5(5), 79. doi:10.5430\/jha.v5n5p79<\/li>\n<li>Zidarov, D., <strong>Poissant, L.<\/strong>, &amp; Sicotte, C. (2017). Use of comparative performance indicators in rehabilitation.\u00a0<em>Health care management review<\/em>,\u00a0<em>42<\/em>(2), 142-150. doi:10.1097\/HMR.0000000000000099<\/li>\n<li>David, I., <strong>Poissant, L.<\/strong>, &amp; Rochette, A. (2012). Clinicians\u2019 Expectations of Web 2.0 as a Mechanism for Knowledge Transfer of Stroke Best Practices.\u00a0<em>Journal of Medical Internet Research<\/em>,\u00a0<em>14<\/em>(5), e121. http:\/\/doi.org\/10.2196\/jmir.2016<\/li>\n<\/ul>\n<h2>Research interests<\/h2>\n<ul>\n<li>Quality of life measures<\/li>\n<li>Effectiveness and efficiency of services<\/li>\n<li>Information technologies<\/li>\n<li>Stroke, spinal cord injuries<\/li>\n<\/ul>\n<\/div>\n<\/div>\n","protected":false},"excerpt":{"rendered":"<p>&#8211; &#8211; Full professor Contact details (Research) Centre de recherche Interdisciplinaire en r\u00e9adaptation du (CRIR) Montr\u00e9al-m\u00e9tropolitain Site Institut de r\u00e9adaptation Gingras Lindsay de Montr\u00e9al 6300 avenue Darlington Montreal (Quebec), H3S [&hellip;]<\/p>\n","protected":false},"author":90,"featured_media":0,"parent":13845,"menu_order":0,"comment_status":"closed","ping_status":"closed","template":"","meta":{"footnotes":""},"class_list":["post-15413","page","type-page","status-publish","hentry"],"yoast_head":"<!-- This site is optimized with the Yoast SEO plugin v25.0 - https:\/\/yoast.com\/wordpress\/plugins\/seo\/ -->\n<title>Lise Poissant, Ph.D. - \u00c9cole de r\u00e9adaptation - Universit\u00e9 de Montr\u00e9al<\/title>\n<meta name=\"robots\" content=\"index, follow, max-snippet:-1, max-image-preview:large, max-video-preview:-1\" \/>\n<link rel=\"canonical\" href=\"https:\/\/readaptation.umontreal.ca\/en\/research\/researchers\/lise-poissant-ph-d\/\" \/>\n<meta property=\"og:locale\" content=\"en_US\" \/>\n<meta property=\"og:type\" content=\"article\" \/>\n<meta property=\"og:title\" content=\"Lise Poissant, Ph.D. - \u00c9cole de r\u00e9adaptation - Universit\u00e9 de Montr\u00e9al\" \/>\n<meta property=\"og:description\" content=\"&#8211; &#8211; Full professor Contact details (Research) Centre de recherche Interdisciplinaire en r\u00e9adaptation du (CRIR) Montr\u00e9al-m\u00e9tropolitain Site Institut de r\u00e9adaptation Gingras Lindsay de Montr\u00e9al 6300 avenue Darlington Montreal (Quebec), H3S [&hellip;]\" \/>\n<meta property=\"og:url\" content=\"https:\/\/readaptation.umontreal.ca\/en\/research\/researchers\/lise-poissant-ph-d\/\" \/>\n<meta property=\"og:site_name\" content=\"\u00c9cole de r\u00e9adaptation\" \/>\n<meta property=\"article:modified_time\" content=\"2020-05-05T15:39:33+00:00\" \/>\n<meta property=\"og:image\" content=\"https:\/\/readaptation-prod.umontreal.ca\/wp-content\/uploads\/sites\/21\/2018\/11\/Poissant_2018-2web.jpg\" \/>\n<meta name=\"twitter:label1\" content=\"Est. reading time\" \/>\n\t<meta name=\"twitter:data1\" content=\"2 minutes\" \/>\n<script type=\"application\/ld+json\" class=\"yoast-schema-graph\">{\"@context\":\"https:\/\/schema.org\",\"@graph\":[{\"@type\":\"WebPage\",\"@id\":\"https:\/\/readaptation.umontreal.ca\/en\/research\/researchers\/lise-poissant-ph-d\/\",\"url\":\"https:\/\/readaptation.umontreal.ca\/en\/research\/researchers\/lise-poissant-ph-d\/\",\"name\":\"Lise Poissant, Ph.D. - \u00c9cole de r\u00e9adaptation - Universit\u00e9 de Montr\u00e9al\",\"isPartOf\":{\"@id\":\"https:\/\/readaptation.umontreal.ca\/#website\"},\"primaryImageOfPage\":{\"@id\":\"https:\/\/readaptation.umontreal.ca\/en\/research\/researchers\/lise-poissant-ph-d\/#primaryimage\"},\"image\":{\"@id\":\"https:\/\/readaptation.umontreal.ca\/en\/research\/researchers\/lise-poissant-ph-d\/#primaryimage\"},\"thumbnailUrl\":\"https:\/\/readaptation.umontreal.ca\/wp-content\/uploads\/sites\/21\/2018\/11\/Poissant_2018-2web.jpg\",\"datePublished\":\"2018-11-21T19:39:20+00:00\",\"dateModified\":\"2020-05-05T15:39:33+00:00\",\"breadcrumb\":{\"@id\":\"https:\/\/readaptation.umontreal.ca\/en\/research\/researchers\/lise-poissant-ph-d\/#breadcrumb\"},\"inLanguage\":\"en-US\",\"potentialAction\":[{\"@type\":\"ReadAction\",\"target\":[\"https:\/\/readaptation.umontreal.ca\/en\/research\/researchers\/lise-poissant-ph-d\/\"]}]},{\"@type\":\"ImageObject\",\"inLanguage\":\"en-US\",\"@id\":\"https:\/\/readaptation.umontreal.ca\/en\/research\/researchers\/lise-poissant-ph-d\/#primaryimage\",\"url\":\"https:\/\/readaptation.umontreal.ca\/wp-content\/uploads\/sites\/21\/2018\/11\/Poissant_2018-2web.jpg\",\"contentUrl\":\"https:\/\/readaptation.umontreal.ca\/wp-content\/uploads\/sites\/21\/2018\/11\/Poissant_2018-2web.jpg\"},{\"@type\":\"BreadcrumbList\",\"@id\":\"https:\/\/readaptation.umontreal.ca\/en\/research\/researchers\/lise-poissant-ph-d\/#breadcrumb\",\"itemListElement\":[{\"@type\":\"ListItem\",\"position\":1,\"name\":\"Accueil\",\"item\":\"https:\/\/readaptation.umontreal.ca\/\"},{\"@type\":\"ListItem\",\"position\":2,\"name\":\"Research\",\"item\":\"https:\/\/readaptation.umontreal.ca\/en\/research\/\"},{\"@type\":\"ListItem\",\"position\":3,\"name\":\"Researchers\",\"item\":\"https:\/\/readaptation.umontreal.ca\/en\/research\/researchers\/\"},{\"@type\":\"ListItem\",\"position\":4,\"name\":\"Lise Poissant, Ph.D.\"}]},{\"@type\":\"WebSite\",\"@id\":\"https:\/\/readaptation.umontreal.ca\/#website\",\"url\":\"https:\/\/readaptation.umontreal.ca\/\",\"name\":\"\u00c9cole de r\u00e9adaptation\",\"description\":\"\",\"potentialAction\":[{\"@type\":\"SearchAction\",\"target\":{\"@type\":\"EntryPoint\",\"urlTemplate\":\"https:\/\/readaptation.umontreal.ca\/?s={search_term_string}\"},\"query-input\":{\"@type\":\"PropertyValueSpecification\",\"valueRequired\":true,\"valueName\":\"search_term_string\"}}],\"inLanguage\":\"en-US\"}]}<\/script>\n<!-- \/ Yoast SEO plugin. -->","yoast_head_json":{"title":"Lise Poissant, Ph.D. - \u00c9cole de r\u00e9adaptation - Universit\u00e9 de Montr\u00e9al","robots":{"index":"index","follow":"follow","max-snippet":"max-snippet:-1","max-image-preview":"max-image-preview:large","max-video-preview":"max-video-preview:-1"},"canonical":"https:\/\/readaptation.umontreal.ca\/en\/research\/researchers\/lise-poissant-ph-d\/","og_locale":"en_US","og_type":"article","og_title":"Lise Poissant, Ph.D. - \u00c9cole de r\u00e9adaptation - Universit\u00e9 de Montr\u00e9al","og_description":"&#8211; &#8211; Full professor Contact details (Research) Centre de recherche Interdisciplinaire en r\u00e9adaptation du (CRIR) Montr\u00e9al-m\u00e9tropolitain Site Institut de r\u00e9adaptation Gingras Lindsay de Montr\u00e9al 6300 avenue Darlington Montreal (Quebec), H3S [&hellip;]","og_url":"https:\/\/readaptation.umontreal.ca\/en\/research\/researchers\/lise-poissant-ph-d\/","og_site_name":"\u00c9cole de r\u00e9adaptation","article_modified_time":"2020-05-05T15:39:33+00:00","og_image":[{"url":"https:\/\/readaptation-prod.umontreal.ca\/wp-content\/uploads\/sites\/21\/2018\/11\/Poissant_2018-2web.jpg","type":"","width":"","height":""}],"twitter_misc":{"Est. reading time":"2 minutes"},"schema":{"@context":"https:\/\/schema.org","@graph":[{"@type":"WebPage","@id":"https:\/\/readaptation.umontreal.ca\/en\/research\/researchers\/lise-poissant-ph-d\/","url":"https:\/\/readaptation.umontreal.ca\/en\/research\/researchers\/lise-poissant-ph-d\/","name":"Lise Poissant, Ph.D. - \u00c9cole de r\u00e9adaptation - Universit\u00e9 de Montr\u00e9al","isPartOf":{"@id":"https:\/\/readaptation.umontreal.ca\/#website"},"primaryImageOfPage":{"@id":"https:\/\/readaptation.umontreal.ca\/en\/research\/researchers\/lise-poissant-ph-d\/#primaryimage"},"image":{"@id":"https:\/\/readaptation.umontreal.ca\/en\/research\/researchers\/lise-poissant-ph-d\/#primaryimage"},"thumbnailUrl":"https:\/\/readaptation.umontreal.ca\/wp-content\/uploads\/sites\/21\/2018\/11\/Poissant_2018-2web.jpg","datePublished":"2018-11-21T19:39:20+00:00","dateModified":"2020-05-05T15:39:33+00:00","breadcrumb":{"@id":"https:\/\/readaptation.umontreal.ca\/en\/research\/researchers\/lise-poissant-ph-d\/#breadcrumb"},"inLanguage":"en-US","potentialAction":[{"@type":"ReadAction","target":["https:\/\/readaptation.umontreal.ca\/en\/research\/researchers\/lise-poissant-ph-d\/"]}]},{"@type":"ImageObject","inLanguage":"en-US","@id":"https:\/\/readaptation.umontreal.ca\/en\/research\/researchers\/lise-poissant-ph-d\/#primaryimage","url":"https:\/\/readaptation.umontreal.ca\/wp-content\/uploads\/sites\/21\/2018\/11\/Poissant_2018-2web.jpg","contentUrl":"https:\/\/readaptation.umontreal.ca\/wp-content\/uploads\/sites\/21\/2018\/11\/Poissant_2018-2web.jpg"},{"@type":"BreadcrumbList","@id":"https:\/\/readaptation.umontreal.ca\/en\/research\/researchers\/lise-poissant-ph-d\/#breadcrumb","itemListElement":[{"@type":"ListItem","position":1,"name":"Accueil","item":"https:\/\/readaptation.umontreal.ca\/"},{"@type":"ListItem","position":2,"name":"Research","item":"https:\/\/readaptation.umontreal.ca\/en\/research\/"},{"@type":"ListItem","position":3,"name":"Researchers","item":"https:\/\/readaptation.umontreal.ca\/en\/research\/researchers\/"},{"@type":"ListItem","position":4,"name":"Lise Poissant, Ph.D."}]},{"@type":"WebSite","@id":"https:\/\/readaptation.umontreal.ca\/#website","url":"https:\/\/readaptation.umontreal.ca\/","name":"\u00c9cole de r\u00e9adaptation","description":"","potentialAction":[{"@type":"SearchAction","target":{"@type":"EntryPoint","urlTemplate":"https:\/\/readaptation.umontreal.ca\/?s={search_term_string}"},"query-input":{"@type":"PropertyValueSpecification","valueRequired":true,"valueName":"search_term_string"}}],"inLanguage":"en-US"}]}},"_links":{"self":[{"href":"https:\/\/readaptation.umontreal.ca\/en\/wp-json\/wp\/v2\/pages\/15413","targetHints":{"allow":["GET"]}}],"collection":[{"href":"https:\/\/readaptation.umontreal.ca\/en\/wp-json\/wp\/v2\/pages"}],"about":[{"href":"https:\/\/readaptation.umontreal.ca\/en\/wp-json\/wp\/v2\/types\/page"}],"author":[{"embeddable":true,"href":"https:\/\/readaptation.umontreal.ca\/en\/wp-json\/wp\/v2\/users\/90"}],"replies":[{"embeddable":true,"href":"https:\/\/readaptation.umontreal.ca\/en\/wp-json\/wp\/v2\/comments?post=15413"}],"version-history":[{"count":6,"href":"https:\/\/readaptation.umontreal.ca\/en\/wp-json\/wp\/v2\/pages\/15413\/revisions"}],"predecessor-version":[{"id":17857,"href":"https:\/\/readaptation.umontreal.ca\/en\/wp-json\/wp\/v2\/pages\/15413\/revisions\/17857"}],"up":[{"embeddable":true,"href":"https:\/\/readaptation.umontreal.ca\/en\/wp-json\/wp\/v2\/pages\/13845"}],"wp:attachment":[{"href":"https:\/\/readaptation.umontreal.ca\/en\/wp-json\/wp\/v2\/media?parent=15413"}],"curies":[{"name":"wp","href":"https:\/\/api.w.org\/{rel}","templated":true}]}}