{"id":13978,"date":"2017-12-06T21:54:39","date_gmt":"2017-12-06T20:54:39","guid":{"rendered":"https:\/\/readaptation.umontreal.ca\/?page_id=13978\/"},"modified":"2024-08-21T19:47:14","modified_gmt":"2024-08-21T18:47:14","slug":"professional-qualification-program-in-occupational-therapy","status":"publish","type":"page","link":"https:\/\/readaptation.umontreal.ca\/en\/studies\/training-in-occupational-therapy\/professional-qualification-program-in-occupational-therapy\/","title":{"rendered":"Professional Qualification Program in occupational therapy"},"content":{"rendered":"<h2>Presentation of the program<\/h2>\n<p>The Professional Qualification Program in occupational therapy is intended for occupational therapists that graduated from institutions outside of Canada wishing to practise occupational therapy in Quebec with a valid prescription from the Ordre des ergoth\u00e9rapeutes du Qu\u00e9bec (OEQ).<\/p>\n<h2>Program strengths and features<\/h2>\n<p>This program aims to develop competencies necessary to practise occupational therapy in Quebec. It advocates an academic path adapted to the needs of graduates from outside of Canada. Candidates are integrated into courses taken by students enrolled in the regular occupational therapy programs. A set of activities designed to prepare students for specific courses is also part of the Professional Qualification Program.<br \/>\nMoreover, individual and group support is offered to candidates in order to facilitate their integration and progress towards the practice of occupational therapy in Quebec.<\/p>\n<h2>Purpose of the program<\/h2>\n<p>The successful completion of the Professional Qualification Program in conformity with the prescription provided by the OEQ allows recognition of the equivalence of the candidate\u2019s training. This training recognition can lead to the delivery of a licence of practice from the OEQ.<\/p>\n<p>This program does not lead to the obtention of a master\u2019s degree in occupational therapy, neither does it allow students to access other university programs.<\/p>\n<h2>Contact us<\/h2>\n<div class=\"one-half first \">\n<p><strong>Director of the Occupational Therapy Program<\/strong><br \/>\n<strong><a href=\"mailto:johanne.higgins@umontreal.ca\">Johanne Higgins<\/a><\/strong>, OT, PhD<br \/>\nAssociate Professor<br \/>\nTel: 514-343-6111, #1890<\/p>\n<p><strong>Study Program Advisor<\/strong><br \/>\n<a href=\"mailto:johanne.beaulieu@umontreal.ca\">Johanne Beaulieu<\/a>, OT, Msc<br \/>\nOccupational Therapy Program<br \/>\nTel: 514-343-6111, #50079<\/p>\n<p><strong>Clerical Work Coordination Technician<\/strong><br \/>\n<a href=\"mailto:noura.ramou@umontreal.ca\">Noura Ramou<\/a><br \/>\nTel: 514-343-6111, #1890<\/p>\n<\/div>\n<div class=\"one-half  \">\n<p><strong>Street address<\/strong><\/p>\n<p>Professional Qualification Program in occupational therapy<br \/>\n\u00c9cole de r\u00e9adaptation, Facult\u00e9 de m\u00e9decine<br \/>\nUniversit\u00e9 de Montr\u00e9al<br \/>\n7077, du Parc Ave.<br \/>\nOffice #403-E<br \/>\nMontreal (Quebec) Canada H3N 1X7<\/p>\n<p><strong>Mailing address<\/strong><br \/>\nProfessional Qualification Program in occupational therapy<br \/>\n\u00c9cole de r\u00e9adaptation<br \/>\nFacult\u00e9 de m\u00e9decine<br \/>\nUniversit\u00e9 de Montr\u00e9al<br \/>\nPO Box 6128, Downtown station<br \/>\nMontreal (Quebec) Canada H3C 3J7<\/p>\n<\/div>\n","protected":false},"excerpt":{"rendered":"<p>Presentation of the program The Professional Qualification Program in occupational therapy is intended for occupational therapists that graduated from institutions outside of Canada wishing to practise occupational therapy in Quebec [&hellip;]<\/p>\n","protected":false},"author":25,"featured_media":0,"parent":13969,"menu_order":0,"comment_status":"closed","ping_status":"closed","template":"","meta":{"footnotes":""},"class_list":["post-13978","page","type-page","status-publish","hentry"],"yoast_head":"<!-- This site is optimized with the Yoast SEO plugin v25.0 - https:\/\/yoast.com\/wordpress\/plugins\/seo\/ -->\n<title>Professional Qualification Program in occupational therapy - \u00c9cole de r\u00e9adaptation - Universit\u00e9 de Montr\u00e9al<\/title>\n<meta name=\"robots\" content=\"index, follow, max-snippet:-1, max-image-preview:large, max-video-preview:-1\" \/>\n<link rel=\"canonical\" href=\"https:\/\/readaptation.umontreal.ca\/en\/studies\/training-in-occupational-therapy\/professional-qualification-program-in-occupational-therapy\/\" \/>\n<meta property=\"og:locale\" content=\"en_US\" \/>\n<meta property=\"og:type\" content=\"article\" \/>\n<meta property=\"og:title\" content=\"Professional Qualification Program in occupational therapy - \u00c9cole de r\u00e9adaptation - Universit\u00e9 de Montr\u00e9al\" \/>\n<meta property=\"og:description\" content=\"Presentation of the program The Professional Qualification Program in occupational therapy is intended for occupational therapists that graduated from institutions outside of Canada wishing to practise occupational therapy in Quebec [&hellip;]\" \/>\n<meta property=\"og:url\" content=\"https:\/\/readaptation.umontreal.ca\/en\/studies\/training-in-occupational-therapy\/professional-qualification-program-in-occupational-therapy\/\" \/>\n<meta property=\"og:site_name\" content=\"\u00c9cole de r\u00e9adaptation\" \/>\n<meta property=\"article:modified_time\" content=\"2024-08-21T18:47:14+00:00\" \/>\n<meta name=\"twitter:label1\" content=\"Est. reading time\" \/>\n\t<meta name=\"twitter:data1\" content=\"2 minutes\" \/>\n<script type=\"application\/ld+json\" class=\"yoast-schema-graph\">{\"@context\":\"https:\/\/schema.org\",\"@graph\":[{\"@type\":\"WebPage\",\"@id\":\"https:\/\/readaptation.umontreal.ca\/en\/studies\/training-in-occupational-therapy\/professional-qualification-program-in-occupational-therapy\/\",\"url\":\"https:\/\/readaptation.umontreal.ca\/en\/studies\/training-in-occupational-therapy\/professional-qualification-program-in-occupational-therapy\/\",\"name\":\"Professional Qualification Program in occupational therapy - \u00c9cole de r\u00e9adaptation - Universit\u00e9 de Montr\u00e9al\",\"isPartOf\":{\"@id\":\"https:\/\/readaptation.umontreal.ca\/#website\"},\"datePublished\":\"2017-12-06T20:54:39+00:00\",\"dateModified\":\"2024-08-21T18:47:14+00:00\",\"breadcrumb\":{\"@id\":\"https:\/\/readaptation.umontreal.ca\/en\/studies\/training-in-occupational-therapy\/professional-qualification-program-in-occupational-therapy\/#breadcrumb\"},\"inLanguage\":\"en-US\",\"potentialAction\":[{\"@type\":\"ReadAction\",\"target\":[\"https:\/\/readaptation.umontreal.ca\/en\/studies\/training-in-occupational-therapy\/professional-qualification-program-in-occupational-therapy\/\"]}]},{\"@type\":\"BreadcrumbList\",\"@id\":\"https:\/\/readaptation.umontreal.ca\/en\/studies\/training-in-occupational-therapy\/professional-qualification-program-in-occupational-therapy\/#breadcrumb\",\"itemListElement\":[{\"@type\":\"ListItem\",\"position\":1,\"name\":\"Accueil\",\"item\":\"https:\/\/readaptation.umontreal.ca\/\"},{\"@type\":\"ListItem\",\"position\":2,\"name\":\"Studies\",\"item\":\"https:\/\/readaptation.umontreal.ca\/en\/studies\/\"},{\"@type\":\"ListItem\",\"position\":3,\"name\":\"Occupational therapy training\",\"item\":\"https:\/\/readaptation.umontreal.ca\/en\/studies\/training-in-occupational-therapy\/\"},{\"@type\":\"ListItem\",\"position\":4,\"name\":\"Professional Qualification Program in occupational therapy\"}]},{\"@type\":\"WebSite\",\"@id\":\"https:\/\/readaptation.umontreal.ca\/#website\",\"url\":\"https:\/\/readaptation.umontreal.ca\/\",\"name\":\"\u00c9cole de r\u00e9adaptation\",\"description\":\"\",\"potentialAction\":[{\"@type\":\"SearchAction\",\"target\":{\"@type\":\"EntryPoint\",\"urlTemplate\":\"https:\/\/readaptation.umontreal.ca\/?s={search_term_string}\"},\"query-input\":{\"@type\":\"PropertyValueSpecification\",\"valueRequired\":true,\"valueName\":\"search_term_string\"}}],\"inLanguage\":\"en-US\"}]}<\/script>\n<!-- \/ Yoast SEO plugin. -->","yoast_head_json":{"title":"Professional Qualification Program in occupational therapy - \u00c9cole de r\u00e9adaptation - Universit\u00e9 de Montr\u00e9al","robots":{"index":"index","follow":"follow","max-snippet":"max-snippet:-1","max-image-preview":"max-image-preview:large","max-video-preview":"max-video-preview:-1"},"canonical":"https:\/\/readaptation.umontreal.ca\/en\/studies\/training-in-occupational-therapy\/professional-qualification-program-in-occupational-therapy\/","og_locale":"en_US","og_type":"article","og_title":"Professional Qualification Program in occupational therapy - \u00c9cole de r\u00e9adaptation - Universit\u00e9 de Montr\u00e9al","og_description":"Presentation of the program The Professional Qualification Program in occupational therapy is intended for occupational therapists that graduated from institutions outside of Canada wishing to practise occupational therapy in Quebec [&hellip;]","og_url":"https:\/\/readaptation.umontreal.ca\/en\/studies\/training-in-occupational-therapy\/professional-qualification-program-in-occupational-therapy\/","og_site_name":"\u00c9cole de r\u00e9adaptation","article_modified_time":"2024-08-21T18:47:14+00:00","twitter_misc":{"Est. reading time":"2 minutes"},"schema":{"@context":"https:\/\/schema.org","@graph":[{"@type":"WebPage","@id":"https:\/\/readaptation.umontreal.ca\/en\/studies\/training-in-occupational-therapy\/professional-qualification-program-in-occupational-therapy\/","url":"https:\/\/readaptation.umontreal.ca\/en\/studies\/training-in-occupational-therapy\/professional-qualification-program-in-occupational-therapy\/","name":"Professional Qualification Program in occupational therapy - \u00c9cole de r\u00e9adaptation - Universit\u00e9 de Montr\u00e9al","isPartOf":{"@id":"https:\/\/readaptation.umontreal.ca\/#website"},"datePublished":"2017-12-06T20:54:39+00:00","dateModified":"2024-08-21T18:47:14+00:00","breadcrumb":{"@id":"https:\/\/readaptation.umontreal.ca\/en\/studies\/training-in-occupational-therapy\/professional-qualification-program-in-occupational-therapy\/#breadcrumb"},"inLanguage":"en-US","potentialAction":[{"@type":"ReadAction","target":["https:\/\/readaptation.umontreal.ca\/en\/studies\/training-in-occupational-therapy\/professional-qualification-program-in-occupational-therapy\/"]}]},{"@type":"BreadcrumbList","@id":"https:\/\/readaptation.umontreal.ca\/en\/studies\/training-in-occupational-therapy\/professional-qualification-program-in-occupational-therapy\/#breadcrumb","itemListElement":[{"@type":"ListItem","position":1,"name":"Accueil","item":"https:\/\/readaptation.umontreal.ca\/"},{"@type":"ListItem","position":2,"name":"Studies","item":"https:\/\/readaptation.umontreal.ca\/en\/studies\/"},{"@type":"ListItem","position":3,"name":"Occupational therapy training","item":"https:\/\/readaptation.umontreal.ca\/en\/studies\/training-in-occupational-therapy\/"},{"@type":"ListItem","position":4,"name":"Professional Qualification Program in occupational therapy"}]},{"@type":"WebSite","@id":"https:\/\/readaptation.umontreal.ca\/#website","url":"https:\/\/readaptation.umontreal.ca\/","name":"\u00c9cole de r\u00e9adaptation","description":"","potentialAction":[{"@type":"SearchAction","target":{"@type":"EntryPoint","urlTemplate":"https:\/\/readaptation.umontreal.ca\/?s={search_term_string}"},"query-input":{"@type":"PropertyValueSpecification","valueRequired":true,"valueName":"search_term_string"}}],"inLanguage":"en-US"}]}},"_links":{"self":[{"href":"https:\/\/readaptation.umontreal.ca\/en\/wp-json\/wp\/v2\/pages\/13978","targetHints":{"allow":["GET"]}}],"collection":[{"href":"https:\/\/readaptation.umontreal.ca\/en\/wp-json\/wp\/v2\/pages"}],"about":[{"href":"https:\/\/readaptation.umontreal.ca\/en\/wp-json\/wp\/v2\/types\/page"}],"author":[{"embeddable":true,"href":"https:\/\/readaptation.umontreal.ca\/en\/wp-json\/wp\/v2\/users\/25"}],"replies":[{"embeddable":true,"href":"https:\/\/readaptation.umontreal.ca\/en\/wp-json\/wp\/v2\/comments?post=13978"}],"version-history":[{"count":5,"href":"https:\/\/readaptation.umontreal.ca\/en\/wp-json\/wp\/v2\/pages\/13978\/revisions"}],"predecessor-version":[{"id":22676,"href":"https:\/\/readaptation.umontreal.ca\/en\/wp-json\/wp\/v2\/pages\/13978\/revisions\/22676"}],"up":[{"embeddable":true,"href":"https:\/\/readaptation.umontreal.ca\/en\/wp-json\/wp\/v2\/pages\/13969"}],"wp:attachment":[{"href":"https:\/\/readaptation.umontreal.ca\/en\/wp-json\/wp\/v2\/media?parent=13978"}],"curies":[{"name":"wp","href":"https:\/\/api.w.org\/{rel}","templated":true}]}}