{"id":13971,"date":"2017-12-06T21:45:16","date_gmt":"2017-12-06T20:45:16","guid":{"rendered":"https:\/\/readaptation.umontreal.ca\/?page_id=13971\/"},"modified":"2019-03-01T21:04:24","modified_gmt":"2019-03-01T20:04:24","slug":"professional-masters-degree-for-occupational-therapists","status":"publish","type":"page","link":"https:\/\/readaptation.umontreal.ca\/en\/studies\/training-in-occupational-therapy\/professional-masters-degree-for-occupational-therapists\/","title":{"rendered":"Professional master&#8217;s degree for occupational therapists"},"content":{"rendered":"<p>This professional master\u2019s program in occupational therapy is designed for practising occupational therapists. It is meant to deepen and integrate knowledge as well as to further the development of attitudes and competencies relating to the requirements of the practice and to current and future professional responsibilities.<\/p>\n<p>With this perspective, the student will be prompted to:<\/p>\n<ul>\n<li>deepen his or her knowledge of the theories and concepts underlying the practice of occupational therapy;<\/li>\n<li>analyze challenges encountered in occupational therapy in a multidimensional way by considering the complexity of the interaction between the person, their occupations and their environment;<\/li>\n<li>apply the concepts of efficiency, effectiveness and cost-benefit to occupational therapy assessments and interventions;<\/li>\n<li>develop the critical thinking and analytical skills necessary to support evidence-based practice;<\/li>\n<li>analyze ethical issues relating to the practice of occupational therapy; and<\/li>\n<li>acquire a higher level of competence in one or more specific field(s) of occupational therapy.<\/li>\n<\/ul>\n<p>As the program aims at fostering constructive self-criticism, self-education and greater professional autonomy, teaching methods such as seminars, case studies and problem-based learning are favoured. The use of new information and communication technologies will be put forth since they allow for enough flexibility to adapt the training to the professional obligations of our clinician students.<\/p>\n<p>&nbsp;<\/p>\n","protected":false},"excerpt":{"rendered":"<p>This professional master\u2019s program in occupational therapy is designed for practising occupational therapists. It is meant to deepen and integrate knowledge as well as to further the development of attitudes [&hellip;]<\/p>\n","protected":false},"author":25,"featured_media":0,"parent":13969,"menu_order":3,"comment_status":"closed","ping_status":"closed","template":"","meta":{"footnotes":""},"class_list":["post-13971","page","type-page","status-publish","hentry"],"yoast_head":"<!-- This site is optimized with the Yoast SEO plugin v25.0 - https:\/\/yoast.com\/wordpress\/plugins\/seo\/ -->\n<title>Professional master&#039;s degree for occupational therapists - \u00c9cole de r\u00e9adaptation - Universit\u00e9 de Montr\u00e9al<\/title>\n<meta name=\"robots\" content=\"index, follow, max-snippet:-1, max-image-preview:large, max-video-preview:-1\" \/>\n<link rel=\"canonical\" href=\"https:\/\/readaptation.umontreal.ca\/en\/studies\/training-in-occupational-therapy\/professional-masters-degree-for-occupational-therapists\/\" \/>\n<meta property=\"og:locale\" content=\"en_US\" \/>\n<meta property=\"og:type\" content=\"article\" \/>\n<meta property=\"og:title\" content=\"Professional master&#039;s degree for occupational therapists - \u00c9cole de r\u00e9adaptation - Universit\u00e9 de Montr\u00e9al\" \/>\n<meta property=\"og:description\" content=\"This professional master\u2019s program in occupational therapy is designed for practising occupational therapists. It is meant to deepen and integrate knowledge as well as to further the development of attitudes [&hellip;]\" \/>\n<meta property=\"og:url\" content=\"https:\/\/readaptation.umontreal.ca\/en\/studies\/training-in-occupational-therapy\/professional-masters-degree-for-occupational-therapists\/\" \/>\n<meta property=\"og:site_name\" content=\"\u00c9cole de r\u00e9adaptation\" \/>\n<meta property=\"article:modified_time\" content=\"2019-03-01T20:04:24+00:00\" \/>\n<meta name=\"twitter:label1\" content=\"Est. reading time\" \/>\n\t<meta name=\"twitter:data1\" content=\"1 minute\" \/>\n<script type=\"application\/ld+json\" class=\"yoast-schema-graph\">{\"@context\":\"https:\/\/schema.org\",\"@graph\":[{\"@type\":\"WebPage\",\"@id\":\"https:\/\/readaptation.umontreal.ca\/en\/studies\/training-in-occupational-therapy\/professional-masters-degree-for-occupational-therapists\/\",\"url\":\"https:\/\/readaptation.umontreal.ca\/en\/studies\/training-in-occupational-therapy\/professional-masters-degree-for-occupational-therapists\/\",\"name\":\"Professional master's degree for occupational therapists - \u00c9cole de r\u00e9adaptation - Universit\u00e9 de Montr\u00e9al\",\"isPartOf\":{\"@id\":\"https:\/\/readaptation.umontreal.ca\/#website\"},\"datePublished\":\"2017-12-06T20:45:16+00:00\",\"dateModified\":\"2019-03-01T20:04:24+00:00\",\"breadcrumb\":{\"@id\":\"https:\/\/readaptation.umontreal.ca\/en\/studies\/training-in-occupational-therapy\/professional-masters-degree-for-occupational-therapists\/#breadcrumb\"},\"inLanguage\":\"en-US\",\"potentialAction\":[{\"@type\":\"ReadAction\",\"target\":[\"https:\/\/readaptation.umontreal.ca\/en\/studies\/training-in-occupational-therapy\/professional-masters-degree-for-occupational-therapists\/\"]}]},{\"@type\":\"BreadcrumbList\",\"@id\":\"https:\/\/readaptation.umontreal.ca\/en\/studies\/training-in-occupational-therapy\/professional-masters-degree-for-occupational-therapists\/#breadcrumb\",\"itemListElement\":[{\"@type\":\"ListItem\",\"position\":1,\"name\":\"Accueil\",\"item\":\"https:\/\/readaptation.umontreal.ca\/\"},{\"@type\":\"ListItem\",\"position\":2,\"name\":\"Studies\",\"item\":\"https:\/\/readaptation.umontreal.ca\/en\/studies\/\"},{\"@type\":\"ListItem\",\"position\":3,\"name\":\"Occupational therapy training\",\"item\":\"https:\/\/readaptation.umontreal.ca\/en\/studies\/training-in-occupational-therapy\/\"},{\"@type\":\"ListItem\",\"position\":4,\"name\":\"Professional master&#8217;s degree for occupational therapists\"}]},{\"@type\":\"WebSite\",\"@id\":\"https:\/\/readaptation.umontreal.ca\/#website\",\"url\":\"https:\/\/readaptation.umontreal.ca\/\",\"name\":\"\u00c9cole de r\u00e9adaptation\",\"description\":\"\",\"potentialAction\":[{\"@type\":\"SearchAction\",\"target\":{\"@type\":\"EntryPoint\",\"urlTemplate\":\"https:\/\/readaptation.umontreal.ca\/?s={search_term_string}\"},\"query-input\":{\"@type\":\"PropertyValueSpecification\",\"valueRequired\":true,\"valueName\":\"search_term_string\"}}],\"inLanguage\":\"en-US\"}]}<\/script>\n<!-- \/ Yoast SEO plugin. -->","yoast_head_json":{"title":"Professional master's degree for occupational therapists - \u00c9cole de r\u00e9adaptation - Universit\u00e9 de Montr\u00e9al","robots":{"index":"index","follow":"follow","max-snippet":"max-snippet:-1","max-image-preview":"max-image-preview:large","max-video-preview":"max-video-preview:-1"},"canonical":"https:\/\/readaptation.umontreal.ca\/en\/studies\/training-in-occupational-therapy\/professional-masters-degree-for-occupational-therapists\/","og_locale":"en_US","og_type":"article","og_title":"Professional master's degree for occupational therapists - \u00c9cole de r\u00e9adaptation - Universit\u00e9 de Montr\u00e9al","og_description":"This professional master\u2019s program in occupational therapy is designed for practising occupational therapists. It is meant to deepen and integrate knowledge as well as to further the development of attitudes [&hellip;]","og_url":"https:\/\/readaptation.umontreal.ca\/en\/studies\/training-in-occupational-therapy\/professional-masters-degree-for-occupational-therapists\/","og_site_name":"\u00c9cole de r\u00e9adaptation","article_modified_time":"2019-03-01T20:04:24+00:00","twitter_misc":{"Est. reading time":"1 minute"},"schema":{"@context":"https:\/\/schema.org","@graph":[{"@type":"WebPage","@id":"https:\/\/readaptation.umontreal.ca\/en\/studies\/training-in-occupational-therapy\/professional-masters-degree-for-occupational-therapists\/","url":"https:\/\/readaptation.umontreal.ca\/en\/studies\/training-in-occupational-therapy\/professional-masters-degree-for-occupational-therapists\/","name":"Professional master's degree for occupational therapists - \u00c9cole de r\u00e9adaptation - Universit\u00e9 de Montr\u00e9al","isPartOf":{"@id":"https:\/\/readaptation.umontreal.ca\/#website"},"datePublished":"2017-12-06T20:45:16+00:00","dateModified":"2019-03-01T20:04:24+00:00","breadcrumb":{"@id":"https:\/\/readaptation.umontreal.ca\/en\/studies\/training-in-occupational-therapy\/professional-masters-degree-for-occupational-therapists\/#breadcrumb"},"inLanguage":"en-US","potentialAction":[{"@type":"ReadAction","target":["https:\/\/readaptation.umontreal.ca\/en\/studies\/training-in-occupational-therapy\/professional-masters-degree-for-occupational-therapists\/"]}]},{"@type":"BreadcrumbList","@id":"https:\/\/readaptation.umontreal.ca\/en\/studies\/training-in-occupational-therapy\/professional-masters-degree-for-occupational-therapists\/#breadcrumb","itemListElement":[{"@type":"ListItem","position":1,"name":"Accueil","item":"https:\/\/readaptation.umontreal.ca\/"},{"@type":"ListItem","position":2,"name":"Studies","item":"https:\/\/readaptation.umontreal.ca\/en\/studies\/"},{"@type":"ListItem","position":3,"name":"Occupational therapy training","item":"https:\/\/readaptation.umontreal.ca\/en\/studies\/training-in-occupational-therapy\/"},{"@type":"ListItem","position":4,"name":"Professional master&#8217;s degree for occupational therapists"}]},{"@type":"WebSite","@id":"https:\/\/readaptation.umontreal.ca\/#website","url":"https:\/\/readaptation.umontreal.ca\/","name":"\u00c9cole de r\u00e9adaptation","description":"","potentialAction":[{"@type":"SearchAction","target":{"@type":"EntryPoint","urlTemplate":"https:\/\/readaptation.umontreal.ca\/?s={search_term_string}"},"query-input":{"@type":"PropertyValueSpecification","valueRequired":true,"valueName":"search_term_string"}}],"inLanguage":"en-US"}]}},"_links":{"self":[{"href":"https:\/\/readaptation.umontreal.ca\/en\/wp-json\/wp\/v2\/pages\/13971","targetHints":{"allow":["GET"]}}],"collection":[{"href":"https:\/\/readaptation.umontreal.ca\/en\/wp-json\/wp\/v2\/pages"}],"about":[{"href":"https:\/\/readaptation.umontreal.ca\/en\/wp-json\/wp\/v2\/types\/page"}],"author":[{"embeddable":true,"href":"https:\/\/readaptation.umontreal.ca\/en\/wp-json\/wp\/v2\/users\/25"}],"replies":[{"embeddable":true,"href":"https:\/\/readaptation.umontreal.ca\/en\/wp-json\/wp\/v2\/comments?post=13971"}],"version-history":[{"count":2,"href":"https:\/\/readaptation.umontreal.ca\/en\/wp-json\/wp\/v2\/pages\/13971\/revisions"}],"predecessor-version":[{"id":15769,"href":"https:\/\/readaptation.umontreal.ca\/en\/wp-json\/wp\/v2\/pages\/13971\/revisions\/15769"}],"up":[{"embeddable":true,"href":"https:\/\/readaptation.umontreal.ca\/en\/wp-json\/wp\/v2\/pages\/13969"}],"wp:attachment":[{"href":"https:\/\/readaptation.umontreal.ca\/en\/wp-json\/wp\/v2\/media?parent=13971"}],"curies":[{"name":"wp","href":"https:\/\/api.w.org\/{rel}","templated":true}]}}