{"id":13969,"date":"2017-12-06T21:44:18","date_gmt":"2017-12-06T20:44:18","guid":{"rendered":"https:\/\/readaptation.umontreal.ca\/?page_id=13969\/"},"modified":"2024-08-21T19:39:59","modified_gmt":"2024-08-21T18:39:59","slug":"training-in-occupational-therapy","status":"publish","type":"page","link":"https:\/\/readaptation.umontreal.ca\/en\/studies\/training-in-occupational-therapy\/","title":{"rendered":"Occupational therapy training"},"content":{"rendered":"<p style=\"text-align: justify\">The mission of the baccalaureate-master&#8217;s continuum program in occupational therapy is to train generalist and versatile occupational therapists, keen to meet the needs of a diverse clientele by promoting the benefits of occupation and an environment favorable to individual health. The programs provide learning and skills application opportunities to the student community, in order to train occupational therapists responsible for their development and capable of social engagement throughout their career. Training emphasizes the consolidation of essential knowledge through the application of professional skills in an interdisciplinary clinical context.<\/p>\n<p style=\"text-align: justify\">For practicing occupational therapists who wish to improve their knowledge, several training programs are offered:<\/p>\n<ul>\n<li style=\"text-align: justify\">The\u00a0<u><a href=\"https:\/\/readaptation.umontreal.ca\/en\/studies\/training-in-occupational-therapy\/professional-masters-degree-for-occupational-therapists\/\" target=\"_blank\" rel=\"noopener noreferrer\">professional master\u2019s degree in occupational therapy<\/a><\/u> is intended for practising occupational therapists. It is meant to deepen and integrate knowledge as well as to further the development of attitudes and competencies relating to the requirements of the practice and to current and future professional responsibilities.<\/li>\n<li style=\"text-align: justify\">The <a href=\"https:\/\/readaptation.umontreal.ca\/etudes\/formation-en-ergotherapie\/diplome-detudes-professionnelles-approfondies-d-e-p-a-en-ergotherapie\/\"><span style=\"text-decoration: underline\">Diploma of Advanced Professional Studies (D.E.P.A)<\/span><\/a> in occupational therapy aims to train professionals capable of exercising strategic leadership, both in the advancement of knowledge and in the renewal of practices, based on a critical analysis of convincing results and the best occupational therapy practices.<\/li>\n<li style=\"text-align: justify\">The\u00a0<u><a href=\"https:\/\/readaptation.umontreal.ca\/etudes\/formation-en-Continuing education for ot clinicians and supervisors of clinical perceptors ergotherapie\/formation-continue-pour-ergotherapeutes\/\" target=\"_blank\" rel=\"noopener noreferrer\">continuing education program in occupational therapy<\/a><\/u> is intended for preceptors and practising occupational therapists who wish to perfect their knowledge in the field of occupational therapy.<\/li>\n<\/ul>\n","protected":false},"excerpt":{"rendered":"<p>The mission of the baccalaureate-master&#8217;s continuum program in occupational therapy is to train generalist and versatile occupational therapists, keen to meet the needs of a diverse clientele by promoting the [&hellip;]<\/p>\n","protected":false},"author":25,"featured_media":20713,"parent":13988,"menu_order":1,"comment_status":"closed","ping_status":"closed","template":"","meta":{"footnotes":""},"class_list":["post-13969","page","type-page","status-publish","has-post-thumbnail","hentry"],"yoast_head":"<!-- This site is optimized with the Yoast SEO plugin v25.0 - https:\/\/yoast.com\/wordpress\/plugins\/seo\/ -->\n<title>Occupational therapy training - \u00c9cole de r\u00e9adaptation - Universit\u00e9 de Montr\u00e9al<\/title>\n<meta name=\"robots\" content=\"index, follow, max-snippet:-1, max-image-preview:large, max-video-preview:-1\" \/>\n<link rel=\"canonical\" href=\"https:\/\/readaptation.umontreal.ca\/en\/studies\/training-in-occupational-therapy\/\" \/>\n<meta property=\"og:locale\" content=\"en_US\" \/>\n<meta property=\"og:type\" content=\"article\" \/>\n<meta property=\"og:title\" content=\"Occupational therapy training - \u00c9cole de r\u00e9adaptation - Universit\u00e9 de Montr\u00e9al\" \/>\n<meta property=\"og:description\" content=\"The mission of the baccalaureate-master&#8217;s continuum program in occupational therapy is to train generalist and versatile occupational therapists, keen to meet the needs of a diverse clientele by promoting the [&hellip;]\" \/>\n<meta property=\"og:url\" content=\"https:\/\/readaptation.umontreal.ca\/en\/studies\/training-in-occupational-therapy\/\" \/>\n<meta property=\"og:site_name\" content=\"\u00c9cole de r\u00e9adaptation\" \/>\n<meta property=\"article:modified_time\" content=\"2024-08-21T18:39:59+00:00\" \/>\n<meta property=\"og:image\" content=\"https:\/\/readaptation.umontreal.ca\/wp-content\/uploads\/sites\/21\/ergo1.jpg\" \/>\n\t<meta property=\"og:image:width\" content=\"350\" \/>\n\t<meta property=\"og:image:height\" content=\"350\" \/>\n\t<meta property=\"og:image:type\" content=\"image\/jpeg\" \/>\n<meta name=\"twitter:label1\" content=\"Est. reading time\" \/>\n\t<meta name=\"twitter:data1\" content=\"2 minutes\" \/>\n<script type=\"application\/ld+json\" class=\"yoast-schema-graph\">{\"@context\":\"https:\/\/schema.org\",\"@graph\":[{\"@type\":\"WebPage\",\"@id\":\"https:\/\/readaptation.umontreal.ca\/en\/studies\/training-in-occupational-therapy\/\",\"url\":\"https:\/\/readaptation.umontreal.ca\/en\/studies\/training-in-occupational-therapy\/\",\"name\":\"Occupational therapy training - \u00c9cole de r\u00e9adaptation - Universit\u00e9 de Montr\u00e9al\",\"isPartOf\":{\"@id\":\"https:\/\/readaptation.umontreal.ca\/#website\"},\"primaryImageOfPage\":{\"@id\":\"https:\/\/readaptation.umontreal.ca\/en\/studies\/training-in-occupational-therapy\/#primaryimage\"},\"image\":{\"@id\":\"https:\/\/readaptation.umontreal.ca\/en\/studies\/training-in-occupational-therapy\/#primaryimage\"},\"thumbnailUrl\":\"https:\/\/readaptation.umontreal.ca\/wp-content\/uploads\/sites\/21\/ergo1.jpg\",\"datePublished\":\"2017-12-06T20:44:18+00:00\",\"dateModified\":\"2024-08-21T18:39:59+00:00\",\"breadcrumb\":{\"@id\":\"https:\/\/readaptation.umontreal.ca\/en\/studies\/training-in-occupational-therapy\/#breadcrumb\"},\"inLanguage\":\"en-US\",\"potentialAction\":[{\"@type\":\"ReadAction\",\"target\":[\"https:\/\/readaptation.umontreal.ca\/en\/studies\/training-in-occupational-therapy\/\"]}]},{\"@type\":\"ImageObject\",\"inLanguage\":\"en-US\",\"@id\":\"https:\/\/readaptation.umontreal.ca\/en\/studies\/training-in-occupational-therapy\/#primaryimage\",\"url\":\"https:\/\/readaptation.umontreal.ca\/wp-content\/uploads\/sites\/21\/ergo1.jpg\",\"contentUrl\":\"https:\/\/readaptation.umontreal.ca\/wp-content\/uploads\/sites\/21\/ergo1.jpg\",\"width\":350,\"height\":350},{\"@type\":\"BreadcrumbList\",\"@id\":\"https:\/\/readaptation.umontreal.ca\/en\/studies\/training-in-occupational-therapy\/#breadcrumb\",\"itemListElement\":[{\"@type\":\"ListItem\",\"position\":1,\"name\":\"Accueil\",\"item\":\"https:\/\/readaptation.umontreal.ca\/\"},{\"@type\":\"ListItem\",\"position\":2,\"name\":\"Studies\",\"item\":\"https:\/\/readaptation.umontreal.ca\/en\/studies\/\"},{\"@type\":\"ListItem\",\"position\":3,\"name\":\"Occupational therapy training\"}]},{\"@type\":\"WebSite\",\"@id\":\"https:\/\/readaptation.umontreal.ca\/#website\",\"url\":\"https:\/\/readaptation.umontreal.ca\/\",\"name\":\"\u00c9cole de r\u00e9adaptation\",\"description\":\"\",\"potentialAction\":[{\"@type\":\"SearchAction\",\"target\":{\"@type\":\"EntryPoint\",\"urlTemplate\":\"https:\/\/readaptation.umontreal.ca\/?s={search_term_string}\"},\"query-input\":{\"@type\":\"PropertyValueSpecification\",\"valueRequired\":true,\"valueName\":\"search_term_string\"}}],\"inLanguage\":\"en-US\"}]}<\/script>\n<!-- \/ Yoast SEO plugin. -->","yoast_head_json":{"title":"Occupational therapy training - \u00c9cole de r\u00e9adaptation - Universit\u00e9 de Montr\u00e9al","robots":{"index":"index","follow":"follow","max-snippet":"max-snippet:-1","max-image-preview":"max-image-preview:large","max-video-preview":"max-video-preview:-1"},"canonical":"https:\/\/readaptation.umontreal.ca\/en\/studies\/training-in-occupational-therapy\/","og_locale":"en_US","og_type":"article","og_title":"Occupational therapy training - \u00c9cole de r\u00e9adaptation - Universit\u00e9 de Montr\u00e9al","og_description":"The mission of the baccalaureate-master&#8217;s continuum program in occupational therapy is to train generalist and versatile occupational therapists, keen to meet the needs of a diverse clientele by promoting the [&hellip;]","og_url":"https:\/\/readaptation.umontreal.ca\/en\/studies\/training-in-occupational-therapy\/","og_site_name":"\u00c9cole de r\u00e9adaptation","article_modified_time":"2024-08-21T18:39:59+00:00","og_image":[{"width":350,"height":350,"url":"https:\/\/readaptation.umontreal.ca\/wp-content\/uploads\/sites\/21\/ergo1.jpg","type":"image\/jpeg"}],"twitter_misc":{"Est. reading time":"2 minutes"},"schema":{"@context":"https:\/\/schema.org","@graph":[{"@type":"WebPage","@id":"https:\/\/readaptation.umontreal.ca\/en\/studies\/training-in-occupational-therapy\/","url":"https:\/\/readaptation.umontreal.ca\/en\/studies\/training-in-occupational-therapy\/","name":"Occupational therapy training - \u00c9cole de r\u00e9adaptation - Universit\u00e9 de Montr\u00e9al","isPartOf":{"@id":"https:\/\/readaptation.umontreal.ca\/#website"},"primaryImageOfPage":{"@id":"https:\/\/readaptation.umontreal.ca\/en\/studies\/training-in-occupational-therapy\/#primaryimage"},"image":{"@id":"https:\/\/readaptation.umontreal.ca\/en\/studies\/training-in-occupational-therapy\/#primaryimage"},"thumbnailUrl":"https:\/\/readaptation.umontreal.ca\/wp-content\/uploads\/sites\/21\/ergo1.jpg","datePublished":"2017-12-06T20:44:18+00:00","dateModified":"2024-08-21T18:39:59+00:00","breadcrumb":{"@id":"https:\/\/readaptation.umontreal.ca\/en\/studies\/training-in-occupational-therapy\/#breadcrumb"},"inLanguage":"en-US","potentialAction":[{"@type":"ReadAction","target":["https:\/\/readaptation.umontreal.ca\/en\/studies\/training-in-occupational-therapy\/"]}]},{"@type":"ImageObject","inLanguage":"en-US","@id":"https:\/\/readaptation.umontreal.ca\/en\/studies\/training-in-occupational-therapy\/#primaryimage","url":"https:\/\/readaptation.umontreal.ca\/wp-content\/uploads\/sites\/21\/ergo1.jpg","contentUrl":"https:\/\/readaptation.umontreal.ca\/wp-content\/uploads\/sites\/21\/ergo1.jpg","width":350,"height":350},{"@type":"BreadcrumbList","@id":"https:\/\/readaptation.umontreal.ca\/en\/studies\/training-in-occupational-therapy\/#breadcrumb","itemListElement":[{"@type":"ListItem","position":1,"name":"Accueil","item":"https:\/\/readaptation.umontreal.ca\/"},{"@type":"ListItem","position":2,"name":"Studies","item":"https:\/\/readaptation.umontreal.ca\/en\/studies\/"},{"@type":"ListItem","position":3,"name":"Occupational therapy training"}]},{"@type":"WebSite","@id":"https:\/\/readaptation.umontreal.ca\/#website","url":"https:\/\/readaptation.umontreal.ca\/","name":"\u00c9cole de r\u00e9adaptation","description":"","potentialAction":[{"@type":"SearchAction","target":{"@type":"EntryPoint","urlTemplate":"https:\/\/readaptation.umontreal.ca\/?s={search_term_string}"},"query-input":{"@type":"PropertyValueSpecification","valueRequired":true,"valueName":"search_term_string"}}],"inLanguage":"en-US"}]}},"_links":{"self":[{"href":"https:\/\/readaptation.umontreal.ca\/en\/wp-json\/wp\/v2\/pages\/13969","targetHints":{"allow":["GET"]}}],"collection":[{"href":"https:\/\/readaptation.umontreal.ca\/en\/wp-json\/wp\/v2\/pages"}],"about":[{"href":"https:\/\/readaptation.umontreal.ca\/en\/wp-json\/wp\/v2\/types\/page"}],"author":[{"embeddable":true,"href":"https:\/\/readaptation.umontreal.ca\/en\/wp-json\/wp\/v2\/users\/25"}],"replies":[{"embeddable":true,"href":"https:\/\/readaptation.umontreal.ca\/en\/wp-json\/wp\/v2\/comments?post=13969"}],"version-history":[{"count":8,"href":"https:\/\/readaptation.umontreal.ca\/en\/wp-json\/wp\/v2\/pages\/13969\/revisions"}],"predecessor-version":[{"id":22673,"href":"https:\/\/readaptation.umontreal.ca\/en\/wp-json\/wp\/v2\/pages\/13969\/revisions\/22673"}],"up":[{"embeddable":true,"href":"https:\/\/readaptation.umontreal.ca\/en\/wp-json\/wp\/v2\/pages\/13988"}],"wp:featuredmedia":[{"embeddable":true,"href":"https:\/\/readaptation.umontreal.ca\/en\/wp-json\/wp\/v2\/media\/20713"}],"wp:attachment":[{"href":"https:\/\/readaptation.umontreal.ca\/en\/wp-json\/wp\/v2\/media?parent=13969"}],"curies":[{"name":"wp","href":"https:\/\/api.w.org\/{rel}","templated":true}]}}