{"id":13885,"date":"2017-11-09T22:45:03","date_gmt":"2017-11-09T21:45:03","guid":{"rendered":"https:\/\/readaptation.umontreal.ca\/?page_id=13885\/"},"modified":"2020-05-12T19:33:12","modified_gmt":"2020-05-12T18:33:12","slug":"nathalie-veillette-ph-d","status":"publish","type":"page","link":"https:\/\/readaptation.umontreal.ca\/en\/research\/researchers\/nathalie-veillette-ph-d\/","title":{"rendered":"Nathalie Veillette, Ph.D."},"content":{"rendered":"<div class=\"one-third first \">\n<p><span style=\"color: #ffffff\">&#8211;<\/span><\/p>\n<p><img loading=\"lazy\" decoding=\"async\" src=\"https:\/\/readaptation.umontreal.ca\/wp-content\/uploads\/sites\/21\/N_Veillette.jpg\" class=\"alignnone wp-image-12310 size-full\" width=\"163\" height=\"210\" \/><\/p>\n<\/div>\n<div class=\"two-third  \">\n<h3><strong>Associate Professor <\/strong><\/h3>\n<p><strong>Contact details (Research)<br \/>\n<\/strong>Centre de recherche de l\u2019Institut universitaire de g\u00e9riatrie de Montr\u00e9al (CRIUMG)<\/p>\n<p><strong>Contact details (School of Rehabilitation)<br \/>\nT<\/strong> 514\u00a0343-6657<br \/>\n<strong>F<\/strong> 514\u00a0343-2105<br \/>\n<a href=\"mailto:Nathalie.Veillette@umontreal.ca\">nathalie.veillette@umontreal.ca<\/a><\/p>\n<p><strong>Program<\/strong><strong><br \/>\n<\/strong>Occupational Therapy<\/p>\n<\/div>\n<hr\/>\n<h2>Education<\/h2>\n<ul>\n<li>B.Sc. in Psychology, Universit\u00e9 du Qu\u00e9bec \u00e0 Trois-Rivi\u00e8res (1990)<\/li>\n<li>M.Sc. in Psychology (Neuropsychology), Universit\u00e9 de Montr\u00e9al (1992)<\/li>\n<li>M.Sc. in Occupational Therapy, Universit\u00e9 de Montr\u00e9al (1996)<\/li>\n<li>Ph.D. in Biomedical Sciences (Rehabilitation), Universit\u00e9 de Montr\u00e9al (2008)<\/li>\n<\/ul>\n<h2>Current research projects<\/h2>\n<ul>\n<li>2016-2020: Connecting Emergency Departments with Community services to prevent mobility losses in pre-frail &amp; frail Seniors (CEDeComS)<br \/>\nGranting Agency: Institut de recherche en sant\u00e9 du Canada (IRSC)<br \/>\nProgram:\u00a0 Project Grant: 2016 1st Live Pilot-2016-03-01<\/li>\n<li>2017-2019 : Optimiser la planification du cong\u00e9 des personnes \u00e2g\u00e9es hospitalis\u00e9es \u00e0 la suite d\u2019une chute.<br \/>\nGranting Agency: Fonds de recherche du Qu\u00e9bec en sant\u00e9 (FRQS)<br \/>\nProgram: Consortium pour le d\u00e9veloppement de la recherche en traumatologie- Volet 4<\/li>\n<li>2018-2019: Improving the housing decision process with frail patients and their caregivers before hospital discharge<br \/>\nGranting Agency: R\u00e9seau qu\u00e9b\u00e9cois de recherche sur le vieillissement (RQRV)<br \/>\nProgram: Projet pilote<\/li>\n<li>2018-2020: Comparative effectiveness of a comprehensive, patient-centered hospital discharge planning intervention for frail older adults: feasibility study for a large mixed-method randomized pragmatic trial<br \/>\nGranting Agency: Institut de recherche en sant\u00e9 du Canada (IRSC)<br \/>\nProgram: Project Grant &#8211; Fall 2017<\/li>\n<\/ul>\n<h2>\u00a0Selected publications<\/h2>\n<ul>\n<li>Gagnon-Roy, M., Hami, B., G\u00e9n\u00e9reux, M., <strong>Veillette, N.<\/strong>, Sirois, M.-J., Egan, M., &amp; Provencher, V. (2018). Preventing emergency department (ED) visits and hospitalisations of older adults with cognitive impairment compared with the general senior population: what do we know about avoidable incidents? Results from a scoping review. <em>BMJ Open, 8<\/em>(4). doi:10.1136\/bmjopen-2017-019908<\/li>\n<li>McCusker, J., Cetin-Sahin, D., Cossette, S., Ducharme, F., Vadeboncoeur, A., Minh Vu, T. T., <strong>Veillette, N.<\/strong>, . . . Mah, R. (2018). How Older Adults Experience an Emergency Department Visit: Development and Validation of Measures. <em>Annals of Emergency Medicine, 71<\/em>(6), 755-766. doi:10.1016\/j.annemergmed.2018.01.009<\/li>\n<li>McCusker, J., Minh Vu, T. T., <strong>Veillette, N.<\/strong>, Cossette, S., Vadeboncoeur, A., Ciampi, A., . . . Belzile, E. (2018). Elder-Friendly Emergency Department: Development and Validation of a Quality Assessment Tool. <em>Journal of the American Geriatrics Society, <\/em><em>66<\/em>(2), 394-400. doi:10.1111\/jgs.15137<\/li>\n<li>McCusker, J., Vadeboncoeur, A., Cossette, S., <strong>Veillette, N.<\/strong>, Ducharme, F., Minh Vu, T. T., . . . Belzile, E. (2017). Changes in Emergency Department Geriatric Services in Quebec and Correlates of These Changes. <em>Journal of the American Geriatrics Society, 65<\/em>(7), 1448-1454. doi:10.1111\/jgs.14818<\/li>\n<li>Sirois, M.-J., Griffith, L., Perry, J., Daoust, R., <strong>Veillette, N.<\/strong>, Lee, J., . . . \u00c9mond, M. (2017). Measuring Frailty Can Help Emergency Departments Identify Independent Seniors at Risk of Functional Decline After Minor Injuries. <em>The Journals of Gerontology: Series A, 72<\/em>(1), 68-74. doi:10.1093\/gerona\/glv152<\/li>\n<li><strong>Veillette, N.<\/strong>, Demers, L., Dutil, E., &amp; McCusker, J. (2009). Development of a functional status assessment of seniors visiting emergency department. <em>Archives od Gerontology and Geriatrics, 48<\/em>(2), 205-212. doi:10.1016\/j.archger.2008.01.009<\/li>\n<li>McCusker, J., Verdon, J., <strong>Veillette, N.<\/strong>, Berg, K., Emond, T., &amp; Belzile, E. (2007). Standardized screening and assessment of older patients in the emergency department: a survey of implementation in Quebec. <em>Canadian Journal on Aging<\/em><em>, 26<\/em>(1), 49-57.<\/li>\n<li><strong>Veillette, N.<\/strong>, Demers, L., &amp; Dutil, \u00c9. (2007). Description de la pratique des ergoth\u00e9rapeutes du Qu\u00e9bec en salle d\u2019urgence. <em>Canadian Journal of Occupational Therapy, 74<\/em>(4), 348-358. doi:10.2182\/cjot.07.006<\/li>\n<\/ul>\n<h2>Research interests<\/h2>\n<ul>\n<li>Occupational therapy in the emergency department<\/li>\n<li>Hospital discharge planning<\/li>\n<li>Assessment of the functional status<\/li>\n<li>Geriatrics<\/li>\n<\/ul>\n","protected":false},"excerpt":{"rendered":"<p>Education B.Sc. in Psychology, Universit\u00e9 du Qu\u00e9bec \u00e0 Trois-Rivi\u00e8res (1990) M.Sc. in Psychology (Neuropsychology), Universit\u00e9 de Montr\u00e9al (1992) M.Sc. in Occupational Therapy, Universit\u00e9 de Montr\u00e9al (1996) Ph.D. in Biomedical Sciences [&hellip;]<\/p>\n","protected":false},"author":25,"featured_media":0,"parent":13845,"menu_order":0,"comment_status":"closed","ping_status":"closed","template":"","meta":{"footnotes":""},"class_list":["post-13885","page","type-page","status-publish","hentry"],"yoast_head":"<!-- This site is optimized with the Yoast SEO plugin v25.0 - https:\/\/yoast.com\/wordpress\/plugins\/seo\/ -->\n<title>Nathalie Veillette, Ph.D. - \u00c9cole de r\u00e9adaptation - Universit\u00e9 de Montr\u00e9al<\/title>\n<meta name=\"robots\" content=\"index, follow, max-snippet:-1, max-image-preview:large, max-video-preview:-1\" \/>\n<link rel=\"canonical\" href=\"https:\/\/readaptation.umontreal.ca\/en\/research\/researchers\/nathalie-veillette-ph-d\/\" \/>\n<meta property=\"og:locale\" content=\"en_US\" \/>\n<meta property=\"og:type\" content=\"article\" \/>\n<meta property=\"og:title\" content=\"Nathalie Veillette, Ph.D. - \u00c9cole de r\u00e9adaptation - Universit\u00e9 de Montr\u00e9al\" \/>\n<meta property=\"og:description\" content=\"Education B.Sc. in Psychology, Universit\u00e9 du Qu\u00e9bec \u00e0 Trois-Rivi\u00e8res (1990) M.Sc. in Psychology (Neuropsychology), Universit\u00e9 de Montr\u00e9al (1992) M.Sc. in Occupational Therapy, Universit\u00e9 de Montr\u00e9al (1996) Ph.D. in Biomedical Sciences [&hellip;]\" \/>\n<meta property=\"og:url\" content=\"https:\/\/readaptation.umontreal.ca\/en\/research\/researchers\/nathalie-veillette-ph-d\/\" \/>\n<meta property=\"og:site_name\" content=\"\u00c9cole de r\u00e9adaptation\" \/>\n<meta property=\"article:modified_time\" content=\"2020-05-12T18:33:12+00:00\" \/>\n<meta property=\"og:image\" content=\"https:\/\/readaptation-prod.umontreal.ca\/wp-content\/uploads\/sites\/21\/N_Veillette.jpg\" \/>\n<meta name=\"twitter:label1\" content=\"Est. reading time\" \/>\n\t<meta name=\"twitter:data1\" content=\"3 minutes\" \/>\n<script type=\"application\/ld+json\" class=\"yoast-schema-graph\">{\"@context\":\"https:\/\/schema.org\",\"@graph\":[{\"@type\":\"WebPage\",\"@id\":\"https:\/\/readaptation.umontreal.ca\/en\/research\/researchers\/nathalie-veillette-ph-d\/\",\"url\":\"https:\/\/readaptation.umontreal.ca\/en\/research\/researchers\/nathalie-veillette-ph-d\/\",\"name\":\"Nathalie Veillette, Ph.D. - \u00c9cole de r\u00e9adaptation - Universit\u00e9 de Montr\u00e9al\",\"isPartOf\":{\"@id\":\"https:\/\/readaptation.umontreal.ca\/#website\"},\"primaryImageOfPage\":{\"@id\":\"https:\/\/readaptation.umontreal.ca\/en\/research\/researchers\/nathalie-veillette-ph-d\/#primaryimage\"},\"image\":{\"@id\":\"https:\/\/readaptation.umontreal.ca\/en\/research\/researchers\/nathalie-veillette-ph-d\/#primaryimage\"},\"thumbnailUrl\":\"https:\/\/readaptation.umontreal.ca\/wp-content\/uploads\/sites\/21\/N_Veillette.jpg\",\"datePublished\":\"2017-11-09T21:45:03+00:00\",\"dateModified\":\"2020-05-12T18:33:12+00:00\",\"breadcrumb\":{\"@id\":\"https:\/\/readaptation.umontreal.ca\/en\/research\/researchers\/nathalie-veillette-ph-d\/#breadcrumb\"},\"inLanguage\":\"en-US\",\"potentialAction\":[{\"@type\":\"ReadAction\",\"target\":[\"https:\/\/readaptation.umontreal.ca\/en\/research\/researchers\/nathalie-veillette-ph-d\/\"]}]},{\"@type\":\"ImageObject\",\"inLanguage\":\"en-US\",\"@id\":\"https:\/\/readaptation.umontreal.ca\/en\/research\/researchers\/nathalie-veillette-ph-d\/#primaryimage\",\"url\":\"https:\/\/readaptation.umontreal.ca\/wp-content\/uploads\/sites\/21\/N_Veillette.jpg\",\"contentUrl\":\"https:\/\/readaptation.umontreal.ca\/wp-content\/uploads\/sites\/21\/N_Veillette.jpg\"},{\"@type\":\"BreadcrumbList\",\"@id\":\"https:\/\/readaptation.umontreal.ca\/en\/research\/researchers\/nathalie-veillette-ph-d\/#breadcrumb\",\"itemListElement\":[{\"@type\":\"ListItem\",\"position\":1,\"name\":\"Accueil\",\"item\":\"https:\/\/readaptation.umontreal.ca\/\"},{\"@type\":\"ListItem\",\"position\":2,\"name\":\"Research\",\"item\":\"https:\/\/readaptation.umontreal.ca\/en\/research\/\"},{\"@type\":\"ListItem\",\"position\":3,\"name\":\"Researchers\",\"item\":\"https:\/\/readaptation.umontreal.ca\/en\/research\/researchers\/\"},{\"@type\":\"ListItem\",\"position\":4,\"name\":\"Nathalie Veillette, Ph.D.\"}]},{\"@type\":\"WebSite\",\"@id\":\"https:\/\/readaptation.umontreal.ca\/#website\",\"url\":\"https:\/\/readaptation.umontreal.ca\/\",\"name\":\"\u00c9cole de r\u00e9adaptation\",\"description\":\"\",\"potentialAction\":[{\"@type\":\"SearchAction\",\"target\":{\"@type\":\"EntryPoint\",\"urlTemplate\":\"https:\/\/readaptation.umontreal.ca\/?s={search_term_string}\"},\"query-input\":{\"@type\":\"PropertyValueSpecification\",\"valueRequired\":true,\"valueName\":\"search_term_string\"}}],\"inLanguage\":\"en-US\"}]}<\/script>\n<!-- \/ Yoast SEO plugin. -->","yoast_head_json":{"title":"Nathalie Veillette, Ph.D. - \u00c9cole de r\u00e9adaptation - Universit\u00e9 de Montr\u00e9al","robots":{"index":"index","follow":"follow","max-snippet":"max-snippet:-1","max-image-preview":"max-image-preview:large","max-video-preview":"max-video-preview:-1"},"canonical":"https:\/\/readaptation.umontreal.ca\/en\/research\/researchers\/nathalie-veillette-ph-d\/","og_locale":"en_US","og_type":"article","og_title":"Nathalie Veillette, Ph.D. - \u00c9cole de r\u00e9adaptation - Universit\u00e9 de Montr\u00e9al","og_description":"Education B.Sc. in Psychology, Universit\u00e9 du Qu\u00e9bec \u00e0 Trois-Rivi\u00e8res (1990) M.Sc. in Psychology (Neuropsychology), Universit\u00e9 de Montr\u00e9al (1992) M.Sc. in Occupational Therapy, Universit\u00e9 de Montr\u00e9al (1996) Ph.D. in Biomedical Sciences [&hellip;]","og_url":"https:\/\/readaptation.umontreal.ca\/en\/research\/researchers\/nathalie-veillette-ph-d\/","og_site_name":"\u00c9cole de r\u00e9adaptation","article_modified_time":"2020-05-12T18:33:12+00:00","og_image":[{"url":"https:\/\/readaptation-prod.umontreal.ca\/wp-content\/uploads\/sites\/21\/N_Veillette.jpg","type":"","width":"","height":""}],"twitter_misc":{"Est. reading time":"3 minutes"},"schema":{"@context":"https:\/\/schema.org","@graph":[{"@type":"WebPage","@id":"https:\/\/readaptation.umontreal.ca\/en\/research\/researchers\/nathalie-veillette-ph-d\/","url":"https:\/\/readaptation.umontreal.ca\/en\/research\/researchers\/nathalie-veillette-ph-d\/","name":"Nathalie Veillette, Ph.D. - \u00c9cole de r\u00e9adaptation - Universit\u00e9 de Montr\u00e9al","isPartOf":{"@id":"https:\/\/readaptation.umontreal.ca\/#website"},"primaryImageOfPage":{"@id":"https:\/\/readaptation.umontreal.ca\/en\/research\/researchers\/nathalie-veillette-ph-d\/#primaryimage"},"image":{"@id":"https:\/\/readaptation.umontreal.ca\/en\/research\/researchers\/nathalie-veillette-ph-d\/#primaryimage"},"thumbnailUrl":"https:\/\/readaptation.umontreal.ca\/wp-content\/uploads\/sites\/21\/N_Veillette.jpg","datePublished":"2017-11-09T21:45:03+00:00","dateModified":"2020-05-12T18:33:12+00:00","breadcrumb":{"@id":"https:\/\/readaptation.umontreal.ca\/en\/research\/researchers\/nathalie-veillette-ph-d\/#breadcrumb"},"inLanguage":"en-US","potentialAction":[{"@type":"ReadAction","target":["https:\/\/readaptation.umontreal.ca\/en\/research\/researchers\/nathalie-veillette-ph-d\/"]}]},{"@type":"ImageObject","inLanguage":"en-US","@id":"https:\/\/readaptation.umontreal.ca\/en\/research\/researchers\/nathalie-veillette-ph-d\/#primaryimage","url":"https:\/\/readaptation.umontreal.ca\/wp-content\/uploads\/sites\/21\/N_Veillette.jpg","contentUrl":"https:\/\/readaptation.umontreal.ca\/wp-content\/uploads\/sites\/21\/N_Veillette.jpg"},{"@type":"BreadcrumbList","@id":"https:\/\/readaptation.umontreal.ca\/en\/research\/researchers\/nathalie-veillette-ph-d\/#breadcrumb","itemListElement":[{"@type":"ListItem","position":1,"name":"Accueil","item":"https:\/\/readaptation.umontreal.ca\/"},{"@type":"ListItem","position":2,"name":"Research","item":"https:\/\/readaptation.umontreal.ca\/en\/research\/"},{"@type":"ListItem","position":3,"name":"Researchers","item":"https:\/\/readaptation.umontreal.ca\/en\/research\/researchers\/"},{"@type":"ListItem","position":4,"name":"Nathalie Veillette, Ph.D."}]},{"@type":"WebSite","@id":"https:\/\/readaptation.umontreal.ca\/#website","url":"https:\/\/readaptation.umontreal.ca\/","name":"\u00c9cole de r\u00e9adaptation","description":"","potentialAction":[{"@type":"SearchAction","target":{"@type":"EntryPoint","urlTemplate":"https:\/\/readaptation.umontreal.ca\/?s={search_term_string}"},"query-input":{"@type":"PropertyValueSpecification","valueRequired":true,"valueName":"search_term_string"}}],"inLanguage":"en-US"}]}},"_links":{"self":[{"href":"https:\/\/readaptation.umontreal.ca\/en\/wp-json\/wp\/v2\/pages\/13885","targetHints":{"allow":["GET"]}}],"collection":[{"href":"https:\/\/readaptation.umontreal.ca\/en\/wp-json\/wp\/v2\/pages"}],"about":[{"href":"https:\/\/readaptation.umontreal.ca\/en\/wp-json\/wp\/v2\/types\/page"}],"author":[{"embeddable":true,"href":"https:\/\/readaptation.umontreal.ca\/en\/wp-json\/wp\/v2\/users\/25"}],"replies":[{"embeddable":true,"href":"https:\/\/readaptation.umontreal.ca\/en\/wp-json\/wp\/v2\/comments?post=13885"}],"version-history":[{"count":8,"href":"https:\/\/readaptation.umontreal.ca\/en\/wp-json\/wp\/v2\/pages\/13885\/revisions"}],"predecessor-version":[{"id":17886,"href":"https:\/\/readaptation.umontreal.ca\/en\/wp-json\/wp\/v2\/pages\/13885\/revisions\/17886"}],"up":[{"embeddable":true,"href":"https:\/\/readaptation.umontreal.ca\/en\/wp-json\/wp\/v2\/pages\/13845"}],"wp:attachment":[{"href":"https:\/\/readaptation.umontreal.ca\/en\/wp-json\/wp\/v2\/media?parent=13885"}],"curies":[{"name":"wp","href":"https:\/\/api.w.org\/{rel}","templated":true}]}}