{"id":13883,"date":"2017-11-09T22:43:33","date_gmt":"2017-11-09T21:43:33","guid":{"rendered":"https:\/\/readaptation.umontreal.ca\/?page_id=13883\/"},"modified":"2025-06-16T15:55:51","modified_gmt":"2025-06-16T14:55:51","slug":"jacqueline-rousseau-ph-d","status":"publish","type":"page","link":"https:\/\/readaptation.umontreal.ca\/en\/research\/researchers\/jacqueline-rousseau-ph-d\/","title":{"rendered":"Jacqueline Rousseau, Ph.D."},"content":{"rendered":"<div class=\"one-third first \">\n<span style=\"color: #ffffff;\">_<\/span><\/p>\n<p><img loading=\"lazy\" decoding=\"async\" src=\"https:\/\/readaptation.umontreal.ca\/wp-content\/uploads\/sites\/21\/2018\/03\/ROUSSEAU_2018.jpg\" alt=\"\" class=\"alignnone size-full wp-image-14393\" width=\"150\" height=\"224\" \/><br \/>\n<\/div>\n<div class=\"two-third  \">\n<h3>Full professor<\/h3>\n<p><strong>Contact details (research)<br \/>\n<\/strong>Centre de recherche de l\u2019Institut universitaire de g\u00e9riatrie de Montr\u00e9al (CRIUMG)<br \/>\nLaboratoire RE\u25cfP\u00c8R+E (RElation PERsonne-Environnement)<br \/>\n4545 chemin Queen-Mary<br \/>\nMontr\u00e9al (Qu\u00e9bec) H3W 1W5<br \/>\n<strong>T<\/strong> 514 340-3540, poste 3249<\/p>\n<p><strong>Contact details (School of Rehabilitation)<br \/>\nT<\/strong> 514 343-6111 # 1070<br \/>\n<a href=\"mailto:jacqueline.rousseau@umontreal.ca\">jacqueline.rousseau@umontreal.ca<\/a><\/p>\n<p><strong>Program<br \/>\n<\/strong>Occupational Therapy<\/p>\n<\/div>\n<hr\/>\n<p><strong>Eduction<\/strong><\/p>\n<ul>\n<li>B. Sc. Occupational Therapy, Universit\u00e9 de Montr\u00e9al (1981)<\/li>\n<li>M. Sc. Biomedical Sciences (Rehabilitation), Universit\u00e9 de Montr\u00e9al (1992)<\/li>\n<li>Ph. D. Biomedical sciences (Rehabilitation), Universit\u00e9 de Montr\u00e9al (1997)<\/li>\n<\/ul>\n<p><strong>Current research projects<\/strong><\/p>\n<ul>\n<li style=\"text-align: justify;\">Aging in Place \u2013 Understanding the person\u2019s interactions with the human and nonhuman environments (Alzheimer Society of Canada Grant).<\/li>\n<li style=\"text-align: justify;\">Training on a new assessment tool for seniors living at home and their caregivers: The HoPE-cognitive version. (BRDV, UdeM).<\/li>\n<li style=\"text-align: justify;\">Breaking the social isolation of seniors in C\u00f4te-des-Neiges: an innovative neighborhood in Living Lab mode. (FRQ-S).<\/li>\n<li style=\"text-align: justify;\">Promoting the social participation of seniors with mobility issues: partnership for the co-development of an innovative service offered in a community context. (SSHRC).<\/li>\n<li style=\"text-align: justify;\">Strengthening the social inclusion of seniors in C\u00f4te-des-Neiges and promoting their well-being: phase 2 of the innovative neighborhood living lab. (FRQ-S).<\/li>\n<li style=\"text-align: justify;\">The characteristics and perceived effects of an innovative home care model: a mixed case study. (RRISIQ).<\/li>\n<li>Home care integrating a palliative approach, why not? A mixed case study on the CLSC model of Verdun (Chaire Blanchard)<\/li>\n<\/ul>\n<p><strong>Selected publications<\/strong><\/p>\n<p style=\"text-align: justify;\">Professor Rousseau is the author of the Model of Competence and assessment tools such as: 1) the Home Assessment of Person-Environment Interaction (HoPE), and 2) the Home Assessment of Person-Environment Interaction-Cognitive version (HoPE-Cognitive version). A comprehensive booklet of the model and the HoPE administration guide (French version; English version will be soon available) and the HoPE-cognitive version administration guide (French version) are available on the following website: <a href=\"https:\/\/evalorix.com\/author\/jacqueline-rousseau\/\">https:\/\/evalorix.com\/author\/jacqueline-rousseau\/<\/a><u> or by contacting the author (jacqueline.rousseau @umontreal.ca). Note: Underlined name with an asterisk are graduate students under my supervision.<\/u><\/p>\n<ul>\n<li style=\"text-align: justify;\"><strong>Rousseau, J.<\/strong> (2017). Mod\u00e8les g\u00e9n\u00e9raux en ergoth\u00e9rapie: Le Mod\u00e8le de comp\u00e9tence. Dans M. C. Morel-Bracq (dir.), <em>Les mod\u00e8les conceptuels en ergoth\u00e9rapie-Introduction aux concepts fondamentaux<\/em> (2<sup>e<\/sup> \u00e9d., p. 107-119). Paris, France: De Boeck Sup\u00e9rieur. ISBN : 978-2-35327-377-5.<\/li>\n<li style=\"text-align: justify;\"><strong>Rousseau, J.<\/strong><em>, <\/em>Potvin, L., Dutil, \u00c9., &amp; Falta, P. (2013). Home Assessment of Person-Environment Interaction (HoPE): Content validation process. <em>Occupational Therapy in Health Care<\/em>, <em>27<\/em>(4), 289\u2013307. doi: 10.3109\/07380577.2013.843114<\/li>\n<li style=\"text-align: justify;\"><strong>Rousseau, J.<\/strong> (2016). L\u2019\u00e9valuation \u00e0 domicile de l\u2019interaction personne-environnement (\u00c9DIPE). Dans \u00c9. Trouv\u00e9 (dir.), <em>Agir sur l\u2019environnement pour permettre les activit\u00e9s<\/em> (p.475-489). De Boeck Sup\u00e9rieur SA, Pays-Bas. ISBN : 978-2-35327-355-3.<\/li>\n<li style=\"text-align: justify;\"><u>*Louis-Delsoin, C<\/u>., *<u>Duval, G.,<\/u> Yip, J., St-Arnaud, A. et <strong>Rousseau, J.<\/strong> (2024). Interrater reliability of the Home Assessment of Person-Environment Interaction (HoPE) \u2013 Cognitive Version. <em>Physical and Occupational Therapy in Geriatrics, <\/em><em>42<\/em>(4), 356-377. <a href=\"https:\/\/doi.org\/10.1080\/02703181.2024.2319244\">https:\/\/doi.org\/10.1080\/02703181.2024.2319244 <\/a><strong>Free online copy:<\/strong> <a href=\"https:\/\/www.tandfonline.com\/eprint\/VCKBECNSX5QZVKRKD3UN\/full?target=10.1080\/02703181.2024.2319244\">https:\/\/www.tandfonline.com\/eprint\/VCKBECNSX5QZVKRKD3UN\/full?target=10.1080\/02703181.2024.2319244<\/a><u><\/u><\/li>\n<li style=\"text-align: justify;\"><u>*Louis-Delsoin, C,<\/u> <u>*Ruiz Rodrigo, A.<\/u> et <strong>Rousseau, J.<\/strong> (2024). Understanding the home environment of older adults living with dementia: A scoping review of assessment tools. <em>Home Health Care Services Quarterly<\/em>,<em> 43<\/em>(1), 54-86. <a href=\"https:\/\/doi.org\/10.1080\/01621424.2023.2290708\">https:\/\/doi.org\/10.1080\/01621424.2023.2290708<\/a><strong> Free online copy:<\/strong> <a href=\"https:\/\/www.tandfonline.com\/eprint\/MXQYNAB56A65HPQ9HUVD\/full?target=10.1080\/01621424.2023.2290708\">https:\/\/www.tandfonline.com\/eprint\/MXQYNAB56A65HPQ9HUVD\/full?target=10.1080\/01621424.2023.2290708<\/a><\/li>\n<li style=\"text-align: justify;\">*<u>Blondeau, R.<\/u>, *<u>Gigu\u00e8re, M<\/u>., &amp; <strong>Rousseau, J. <\/strong>(Mars 2023). Les effets de l\u2019environnement de soins sur les comportements r\u00e9actifs des personnes avec une d\u00e9mence vivant en centre d\u2019h\u00e9bergement : Une revue de la port\u00e9e. <em>Canadian Journal on Aging\/La Revue canadienne du vieillissement, 42<\/em>(1), 33-55<em>.<\/em> doi:10.1017\/S0714980822000356 <strong><u>Open Access<\/u><\/strong><u>.<\/u><\/li>\n<li style=\"text-align: justify;\">Makansi, N., Blaizot, A., Vergnes, J.-N., Morris, M., <strong>Rousseau, J.,<\/strong> &amp; Bedos, C. (2021). A scoping review on dental clinic accessibility for people using wheelchairs. <em>Special Care in Dentistry, 41<\/em>(3), 329-339. doi:<a href=\"https:\/\/doi.org\/10.1111\/scd.12565\">https:\/\/doi.org\/10.1111\/scd.12565<\/a><\/li>\n<li style=\"text-align: justify;\">Rougier, C., Meunier, J., St-Arnaud, A. &amp; <strong>Rousseau, J.<\/strong> (2013). 3D Head Tracking using a Single Calibrated Camera. <em>Image and Vision Computing<\/em><em>, 31<\/em>(3), 246-254. doi:10.1016\/j.imavis.2012.11.003<\/li>\n<li style=\"text-align: justify;\">*<u>Lapierre, N<\/u>., Neubauer, N., Miguel-Cruz, A., Rios Rincon, A., Liu, L., &amp; <strong>Rousseau, J.<\/strong> (2018). The state of knowledge on technologies and their use for fall detection: A scoping review. <em>International Journal of Medical Informatics, 111<\/em>, 58-71. doi:10.1016\/j.ijmedinf.2017.12.015<\/li>\n<li style=\"text-align: justify;\">*<u>Lapierre, N.,<\/u> St-Arnaud, A., Meunier, J., &amp; Rousseau, J. (2020). Implementing an intelligent video monitoring system to detect falls of older adults at home: a multiple case study. <em>Journal of Enabling Technologies, 14<\/em>(4), 253-271. doi:10.1108\/JET-03-2020-0012<\/li>\n<li style=\"text-align: justify;\"><u>*Tran, N.,<\/u> *<u>Lapierre, N<\/u>., Meunier, J., St-Arnaud, A., Sit, C., &amp; Rousseau, J. (March 2020). An Intelligent Video-Monitoring System to Detect Dementia-Related Behaviours in Institutions: A Simulation Study. <em>Gerontechnology, 19<\/em>(1), 28-41. doi:https:\/\/doi.org\/10.4017\/gt.2020.19.1.004.00<\/li>\n<li style=\"text-align: justify;\">Morales, E., Pilon, M.-A., Doyle, O., Gauthier, V., Gamache, S., Routhier, F., &amp; <strong>Rousseau, J.<\/strong> (2017). Which grab bar do you prefer in the bathroom? <em>Journal of Enabling Technologies<\/em>. <em>11<\/em>(4), 123-137. doi:10.1108\/JET-03-2017-0012<\/li>\n<\/ul>\n<ul><\/ul>\n<ul><\/ul>\n<ul><\/ul>\n<p><strong>Research interests<\/strong><\/p>\n<ul>\n<li>Measurement (development of assessment tools, psychometrics)<\/li>\n<li>Environment: Person-environment interaction<\/li>\n<li>Gerontechnologies<\/li>\n<li>Community living, Aging-in-Place<\/li>\n<li>Universal design, inclusive design and personalized accessibility<\/li>\n<\/ul>\n<p>&nbsp;<\/p>\n","protected":false},"excerpt":{"rendered":"<p>Eduction B. Sc. Occupational Therapy, Universit\u00e9 de Montr\u00e9al (1981) M. Sc. Biomedical Sciences (Rehabilitation), Universit\u00e9 de Montr\u00e9al (1992) Ph. D. Biomedical sciences (Rehabilitation), Universit\u00e9 de Montr\u00e9al (1997) Current research projects [&hellip;]<\/p>\n","protected":false},"author":25,"featured_media":0,"parent":13845,"menu_order":19,"comment_status":"closed","ping_status":"closed","template":"","meta":{"footnotes":""},"class_list":["post-13883","page","type-page","status-publish","hentry"],"yoast_head":"<!-- This site is optimized with the Yoast SEO plugin v25.0 - https:\/\/yoast.com\/wordpress\/plugins\/seo\/ -->\n<title>Jacqueline Rousseau, Ph.D. - \u00c9cole de r\u00e9adaptation - Universit\u00e9 de Montr\u00e9al<\/title>\n<meta name=\"robots\" content=\"index, follow, max-snippet:-1, max-image-preview:large, max-video-preview:-1\" \/>\n<link rel=\"canonical\" href=\"https:\/\/readaptation.umontreal.ca\/en\/research\/researchers\/jacqueline-rousseau-ph-d\/\" \/>\n<meta property=\"og:locale\" content=\"en_US\" \/>\n<meta property=\"og:type\" content=\"article\" \/>\n<meta property=\"og:title\" content=\"Jacqueline Rousseau, Ph.D. - \u00c9cole de r\u00e9adaptation - Universit\u00e9 de Montr\u00e9al\" \/>\n<meta property=\"og:description\" content=\"Eduction B. Sc. Occupational Therapy, Universit\u00e9 de Montr\u00e9al (1981) M. Sc. Biomedical Sciences (Rehabilitation), Universit\u00e9 de Montr\u00e9al (1992) Ph. D. Biomedical sciences (Rehabilitation), Universit\u00e9 de Montr\u00e9al (1997) Current research projects [&hellip;]\" \/>\n<meta property=\"og:url\" content=\"https:\/\/readaptation.umontreal.ca\/en\/research\/researchers\/jacqueline-rousseau-ph-d\/\" \/>\n<meta property=\"og:site_name\" content=\"\u00c9cole de r\u00e9adaptation\" \/>\n<meta property=\"article:modified_time\" content=\"2025-06-16T14:55:51+00:00\" \/>\n<meta property=\"og:image\" content=\"https:\/\/readaptation.umontreal.ca\/wp-content\/uploads\/sites\/21\/2018\/03\/ROUSSEAU_2018.jpg\" \/>\n\t<meta property=\"og:image:width\" content=\"150\" \/>\n\t<meta property=\"og:image:height\" content=\"224\" \/>\n\t<meta property=\"og:image:type\" content=\"image\/jpeg\" \/>\n<meta name=\"twitter:label1\" content=\"Est. reading time\" \/>\n\t<meta name=\"twitter:data1\" content=\"4 minutes\" \/>\n<script type=\"application\/ld+json\" class=\"yoast-schema-graph\">{\"@context\":\"https:\/\/schema.org\",\"@graph\":[{\"@type\":\"WebPage\",\"@id\":\"https:\/\/readaptation.umontreal.ca\/en\/research\/researchers\/jacqueline-rousseau-ph-d\/\",\"url\":\"https:\/\/readaptation.umontreal.ca\/en\/research\/researchers\/jacqueline-rousseau-ph-d\/\",\"name\":\"Jacqueline Rousseau, Ph.D. - \u00c9cole de r\u00e9adaptation - Universit\u00e9 de Montr\u00e9al\",\"isPartOf\":{\"@id\":\"https:\/\/readaptation.umontreal.ca\/#website\"},\"primaryImageOfPage\":{\"@id\":\"https:\/\/readaptation.umontreal.ca\/en\/research\/researchers\/jacqueline-rousseau-ph-d\/#primaryimage\"},\"image\":{\"@id\":\"https:\/\/readaptation.umontreal.ca\/en\/research\/researchers\/jacqueline-rousseau-ph-d\/#primaryimage\"},\"thumbnailUrl\":\"https:\/\/readaptation.umontreal.ca\/wp-content\/uploads\/sites\/21\/2018\/03\/ROUSSEAU_2018.jpg\",\"datePublished\":\"2017-11-09T21:43:33+00:00\",\"dateModified\":\"2025-06-16T14:55:51+00:00\",\"breadcrumb\":{\"@id\":\"https:\/\/readaptation.umontreal.ca\/en\/research\/researchers\/jacqueline-rousseau-ph-d\/#breadcrumb\"},\"inLanguage\":\"en-US\",\"potentialAction\":[{\"@type\":\"ReadAction\",\"target\":[\"https:\/\/readaptation.umontreal.ca\/en\/research\/researchers\/jacqueline-rousseau-ph-d\/\"]}]},{\"@type\":\"ImageObject\",\"inLanguage\":\"en-US\",\"@id\":\"https:\/\/readaptation.umontreal.ca\/en\/research\/researchers\/jacqueline-rousseau-ph-d\/#primaryimage\",\"url\":\"https:\/\/readaptation.umontreal.ca\/wp-content\/uploads\/sites\/21\/2018\/03\/ROUSSEAU_2018.jpg\",\"contentUrl\":\"https:\/\/readaptation.umontreal.ca\/wp-content\/uploads\/sites\/21\/2018\/03\/ROUSSEAU_2018.jpg\"},{\"@type\":\"BreadcrumbList\",\"@id\":\"https:\/\/readaptation.umontreal.ca\/en\/research\/researchers\/jacqueline-rousseau-ph-d\/#breadcrumb\",\"itemListElement\":[{\"@type\":\"ListItem\",\"position\":1,\"name\":\"Accueil\",\"item\":\"https:\/\/readaptation.umontreal.ca\/\"},{\"@type\":\"ListItem\",\"position\":2,\"name\":\"Research\",\"item\":\"https:\/\/readaptation.umontreal.ca\/en\/research\/\"},{\"@type\":\"ListItem\",\"position\":3,\"name\":\"Researchers\",\"item\":\"https:\/\/readaptation.umontreal.ca\/en\/research\/researchers\/\"},{\"@type\":\"ListItem\",\"position\":4,\"name\":\"Jacqueline Rousseau, Ph.D.\"}]},{\"@type\":\"WebSite\",\"@id\":\"https:\/\/readaptation.umontreal.ca\/#website\",\"url\":\"https:\/\/readaptation.umontreal.ca\/\",\"name\":\"\u00c9cole de r\u00e9adaptation\",\"description\":\"\",\"potentialAction\":[{\"@type\":\"SearchAction\",\"target\":{\"@type\":\"EntryPoint\",\"urlTemplate\":\"https:\/\/readaptation.umontreal.ca\/?s={search_term_string}\"},\"query-input\":{\"@type\":\"PropertyValueSpecification\",\"valueRequired\":true,\"valueName\":\"search_term_string\"}}],\"inLanguage\":\"en-US\"}]}<\/script>\n<!-- \/ Yoast SEO plugin. -->","yoast_head_json":{"title":"Jacqueline Rousseau, Ph.D. - \u00c9cole de r\u00e9adaptation - Universit\u00e9 de Montr\u00e9al","robots":{"index":"index","follow":"follow","max-snippet":"max-snippet:-1","max-image-preview":"max-image-preview:large","max-video-preview":"max-video-preview:-1"},"canonical":"https:\/\/readaptation.umontreal.ca\/en\/research\/researchers\/jacqueline-rousseau-ph-d\/","og_locale":"en_US","og_type":"article","og_title":"Jacqueline Rousseau, Ph.D. - \u00c9cole de r\u00e9adaptation - Universit\u00e9 de Montr\u00e9al","og_description":"Eduction B. Sc. Occupational Therapy, Universit\u00e9 de Montr\u00e9al (1981) M. Sc. Biomedical Sciences (Rehabilitation), Universit\u00e9 de Montr\u00e9al (1992) Ph. D. Biomedical sciences (Rehabilitation), Universit\u00e9 de Montr\u00e9al (1997) Current research projects [&hellip;]","og_url":"https:\/\/readaptation.umontreal.ca\/en\/research\/researchers\/jacqueline-rousseau-ph-d\/","og_site_name":"\u00c9cole de r\u00e9adaptation","article_modified_time":"2025-06-16T14:55:51+00:00","og_image":[{"width":150,"height":224,"url":"https:\/\/readaptation.umontreal.ca\/wp-content\/uploads\/sites\/21\/2018\/03\/ROUSSEAU_2018.jpg","type":"image\/jpeg"}],"twitter_misc":{"Est. reading time":"4 minutes"},"schema":{"@context":"https:\/\/schema.org","@graph":[{"@type":"WebPage","@id":"https:\/\/readaptation.umontreal.ca\/en\/research\/researchers\/jacqueline-rousseau-ph-d\/","url":"https:\/\/readaptation.umontreal.ca\/en\/research\/researchers\/jacqueline-rousseau-ph-d\/","name":"Jacqueline Rousseau, Ph.D. - \u00c9cole de r\u00e9adaptation - Universit\u00e9 de Montr\u00e9al","isPartOf":{"@id":"https:\/\/readaptation.umontreal.ca\/#website"},"primaryImageOfPage":{"@id":"https:\/\/readaptation.umontreal.ca\/en\/research\/researchers\/jacqueline-rousseau-ph-d\/#primaryimage"},"image":{"@id":"https:\/\/readaptation.umontreal.ca\/en\/research\/researchers\/jacqueline-rousseau-ph-d\/#primaryimage"},"thumbnailUrl":"https:\/\/readaptation.umontreal.ca\/wp-content\/uploads\/sites\/21\/2018\/03\/ROUSSEAU_2018.jpg","datePublished":"2017-11-09T21:43:33+00:00","dateModified":"2025-06-16T14:55:51+00:00","breadcrumb":{"@id":"https:\/\/readaptation.umontreal.ca\/en\/research\/researchers\/jacqueline-rousseau-ph-d\/#breadcrumb"},"inLanguage":"en-US","potentialAction":[{"@type":"ReadAction","target":["https:\/\/readaptation.umontreal.ca\/en\/research\/researchers\/jacqueline-rousseau-ph-d\/"]}]},{"@type":"ImageObject","inLanguage":"en-US","@id":"https:\/\/readaptation.umontreal.ca\/en\/research\/researchers\/jacqueline-rousseau-ph-d\/#primaryimage","url":"https:\/\/readaptation.umontreal.ca\/wp-content\/uploads\/sites\/21\/2018\/03\/ROUSSEAU_2018.jpg","contentUrl":"https:\/\/readaptation.umontreal.ca\/wp-content\/uploads\/sites\/21\/2018\/03\/ROUSSEAU_2018.jpg"},{"@type":"BreadcrumbList","@id":"https:\/\/readaptation.umontreal.ca\/en\/research\/researchers\/jacqueline-rousseau-ph-d\/#breadcrumb","itemListElement":[{"@type":"ListItem","position":1,"name":"Accueil","item":"https:\/\/readaptation.umontreal.ca\/"},{"@type":"ListItem","position":2,"name":"Research","item":"https:\/\/readaptation.umontreal.ca\/en\/research\/"},{"@type":"ListItem","position":3,"name":"Researchers","item":"https:\/\/readaptation.umontreal.ca\/en\/research\/researchers\/"},{"@type":"ListItem","position":4,"name":"Jacqueline Rousseau, Ph.D."}]},{"@type":"WebSite","@id":"https:\/\/readaptation.umontreal.ca\/#website","url":"https:\/\/readaptation.umontreal.ca\/","name":"\u00c9cole de r\u00e9adaptation","description":"","potentialAction":[{"@type":"SearchAction","target":{"@type":"EntryPoint","urlTemplate":"https:\/\/readaptation.umontreal.ca\/?s={search_term_string}"},"query-input":{"@type":"PropertyValueSpecification","valueRequired":true,"valueName":"search_term_string"}}],"inLanguage":"en-US"}]}},"_links":{"self":[{"href":"https:\/\/readaptation.umontreal.ca\/en\/wp-json\/wp\/v2\/pages\/13883","targetHints":{"allow":["GET"]}}],"collection":[{"href":"https:\/\/readaptation.umontreal.ca\/en\/wp-json\/wp\/v2\/pages"}],"about":[{"href":"https:\/\/readaptation.umontreal.ca\/en\/wp-json\/wp\/v2\/types\/page"}],"author":[{"embeddable":true,"href":"https:\/\/readaptation.umontreal.ca\/en\/wp-json\/wp\/v2\/users\/25"}],"replies":[{"embeddable":true,"href":"https:\/\/readaptation.umontreal.ca\/en\/wp-json\/wp\/v2\/comments?post=13883"}],"version-history":[{"count":9,"href":"https:\/\/readaptation.umontreal.ca\/en\/wp-json\/wp\/v2\/pages\/13883\/revisions"}],"predecessor-version":[{"id":23519,"href":"https:\/\/readaptation.umontreal.ca\/en\/wp-json\/wp\/v2\/pages\/13883\/revisions\/23519"}],"up":[{"embeddable":true,"href":"https:\/\/readaptation.umontreal.ca\/en\/wp-json\/wp\/v2\/pages\/13845"}],"wp:attachment":[{"href":"https:\/\/readaptation.umontreal.ca\/en\/wp-json\/wp\/v2\/media?parent=13883"}],"curies":[{"name":"wp","href":"https:\/\/api.w.org\/{rel}","templated":true}]}}