{"id":13881,"date":"2017-11-09T22:43:09","date_gmt":"2017-11-09T21:43:09","guid":{"rendered":"https:\/\/readaptation.umontreal.ca\/?page_id=13881\/"},"modified":"2025-06-12T20:09:00","modified_gmt":"2025-06-12T19:09:00","slug":"annie-rochette-ph-d","status":"publish","type":"page","link":"https:\/\/readaptation.umontreal.ca\/en\/research\/researchers\/annie-rochette-ph-d\/","title":{"rendered":"Annie Rochette, Ph.D."},"content":{"rendered":"<div class=\"one-third first \">\n<p><span style=\"color: #ffffff;\">\u00a0<\/span><\/p>\n<p><img loading=\"lazy\" decoding=\"async\" src=\"https:\/\/readaptation.umontreal.ca\/wp-content\/uploads\/sites\/21\/2023\/06\/Annie_Rochette_sept2021_2400px-450x450.png\" alt=\"\" class=\"alignnone wp-image-19776 \" width=\"267\" height=\"267\" srcset=\"https:\/\/readaptation.umontreal.ca\/wp-content\/uploads\/sites\/21\/2023\/06\/Annie_Rochette_sept2021_2400px-450x450.png 450w, https:\/\/readaptation.umontreal.ca\/wp-content\/uploads\/sites\/21\/2023\/06\/Annie_Rochette_sept2021_2400px-1024x1024.png 1024w, https:\/\/readaptation.umontreal.ca\/wp-content\/uploads\/sites\/21\/2023\/06\/Annie_Rochette_sept2021_2400px-150x150.png 150w, https:\/\/readaptation.umontreal.ca\/wp-content\/uploads\/sites\/21\/2023\/06\/Annie_Rochette_sept2021_2400px-1536x1536.png 1536w, https:\/\/readaptation.umontreal.ca\/wp-content\/uploads\/sites\/21\/2023\/06\/Annie_Rochette_sept2021_2400px-2048x2048.png 2048w, https:\/\/readaptation.umontreal.ca\/wp-content\/uploads\/sites\/21\/2023\/06\/Annie_Rochette_sept2021_2400px-610x610.png 610w\" sizes=\"auto, (max-width: 267px) 100vw, 267px\" \/><\/p>\n<\/div>\n<div class=\"two-third  \">\n<h3>Full Professor<\/h3>\n<p><strong>Contact details (Research)<br \/>\n<\/strong><\/p>\n<p>Centre for Interdisciplinary Research in Rehabilitation of Greater Montreal (CRIR)<br \/>\nInstitut universitaire sur la r\u00e9adaptation en d\u00e9ficience physique de Montr\u00e9al (IURDPM)<\/p>\n<p><strong>Contact details (School of Rehabilitation)<br \/>\n<\/strong><strong>T<\/strong> 514 343-6111 #14502<strong><br \/>\n<\/strong><a href=\"mailto:annie.rochette@umontreal.ca\">annie.rochette@umontreal.ca<\/a><\/p>\n<p><strong>Program<br \/>\n<\/strong>Occupational Therapy<\/p>\n<p><a href=\"https:\/\/www.youtube.com\/watch?v=Y87cLEh6Ztw\" target=\"_blank\" rel=\"noopener noreferrer\">Research background (in french)<\/a><\/p>\n<\/div>\n<hr\/>\n<h2>Education<\/h2>\n<ul>\n<li>B.Sc. Occupational Therapy, McGill University (1993)<\/li>\n<li>M.Sc. Clinical Sciences (Geriatrics), Universit\u00e9 de Sherbrooke (2000)<\/li>\n<li>Ph.D. Clinical Sciences, Universit\u00e9 de Sherbrooke (2004)<\/li>\n<li>Postdoctorate, Rehabilitation, McGill University (2006)<\/li>\n<\/ul>\n<h2>Current research projects<\/h2>\n<ul>\n<li style=\"text-align: justify;\">Updating and development of the knowledge transfer web site on stroke rehabilitation <a href=\"http:\/\/www.strokengine.ca\/\">strokengine.ca<\/a><\/li>\n<li style=\"text-align: justify;\">Evolution of the scholar role in rehabilitation<\/li>\n<li style=\"text-align: justify;\">Contribution of contextual factors on the deployment of competencies in clinical practice<\/li>\n<li style=\"text-align: justify;\">Improving Stroke Rehabilitation Services Through Evidence-based Practice and Knowledge Translation<\/li>\n<\/ul>\n<h2>Selected publications<\/h2>\n<p style=\"text-align: justify;\">Co-author of the book <em>Stroke phenomenology: Why a stroke on that day and under these circumstances?<\/em> (Rochette, A., &amp; Gaulin, P., 2017, Agio Publishing House, 116 pages) (see also <a href=\"https:\/\/youtu.be\/s7GtQH9E8rs\">their video<\/a> at Salon du livre de Montr\u00e9al 2017).<\/p>\n<ul>\n<li style=\"text-align: justify;\"><u>Vermeulen, P<\/u>., Dyer, J., Hall\u00e9, M., Gingras, M., Mingant, A., Parisien, M., &amp; <strong>Rochette, A<\/strong>. (2025). Influence of a Disrupted Practice Context on Occupational Therapists&#8217; Clinical Reasoning: A Qualitative Study. <u>The Open Journal of Occupational Therapy, 13(2)<\/u>, 1-14. <a href=\"https:\/\/doi.org\/10.15453\/2168-6408.2323\">https:\/\/doi.org\/10.15453\/2168-6408.2323<\/a><\/li>\n<li style=\"text-align: justify;\"><u>Vermeulen, P<\/u>., Lavoie, P., Moreau, E., <strong>Rochette, A.<\/strong> Intuition in Occupational Therapy Clinical Reasoning: A Scoping Review. (2024). <u>Occupational Therapy Journal of Research<\/u> <a href=\"https:\/\/doi.org\/10.1177\/15394492241300604\">https:\/\/doi.org\/10.1177\/15394492241300604<\/a><\/li>\n<li style=\"text-align: justify;\"><strong>Rochette, A.,<\/strong> Vermeulen, P., Dyer, JO., Hall\u00e9, MC., Gingras, M., Mingant, A., Parisien, M. &amp; Thomas A. (2024). Deployment of professional expertise during a period of disruption: A phenomenological study of rehabilitation clinicians. Journal of Evaluation and Clinical Practice. <a href=\"https:\/\/onlinelibrary.wiley.com\/doi\/10.1111\/jep.14150\">https:\/\/onlinelibrary.wiley.com\/doi\/10.1111\/jep.14150<\/a><\/li>\n<li style=\"text-align: justify;\">R<strong>ochette A.<\/strong> Thomas A. Salbach NM. Vachon B. Menon A. Poissant L.<u> Boutin M.<\/u> Grad R. &amp; Pluye P. (2023). Expected health benefits as the ultimate outcome of information from Stroke Engine, a knowledge translation stroke rehabilitation website: A web-based survey. <u>JMIR Rehabilitation and Assistive Technologies <\/u>10:e44715; doi:10.2196\/44715. <a href=\"https:\/\/rehab.jmir.org\/2023\/1\/e44715\">https:\/\/rehab.jmir.org\/2023\/1\/e44715<\/a><\/li>\n<li style=\"text-align: justify;\"><strong>Rochette A.<\/strong> Brousseau M. Vachon B. Engels C. Amari F. &amp; Thomas A. (2020). What occupational therapists\u2019 say about their competencies\u2019 enactment, maintenance and development in practice? A two-phase mixed methods study. <u>BMC in Medical Education<\/u>.20 (191). 1-14. DOI : 10.1186\/s12909-020-02087-4. <a href=\"https:\/\/rdcu.be\/b4Wmj\">https:\/\/rdcu.be\/b4Wmj<\/a> (open access)<\/li>\n<\/ul>\n<h2>Research interests<\/h2>\n<ul>\n<li>Social participation<\/li>\n<li>Stroke<\/li>\n<li>Relatives<\/li>\n<li>Pedagogy and knowledge mobilization<\/li>\n<li>Competencies development<\/li>\n<\/ul>\n","protected":false},"excerpt":{"rendered":"<p>Education B.Sc. Occupational Therapy, McGill University (1993) M.Sc. Clinical Sciences (Geriatrics), Universit\u00e9 de Sherbrooke (2000) Ph.D. Clinical Sciences, Universit\u00e9 de Sherbrooke (2004) Postdoctorate, Rehabilitation, McGill University (2006) Current research projects [&hellip;]<\/p>\n","protected":false},"author":25,"featured_media":0,"parent":13845,"menu_order":19,"comment_status":"closed","ping_status":"closed","template":"","meta":{"footnotes":""},"class_list":["post-13881","page","type-page","status-publish","hentry"],"yoast_head":"<!-- This site is optimized with the Yoast SEO plugin v25.0 - https:\/\/yoast.com\/wordpress\/plugins\/seo\/ -->\n<title>Annie Rochette, Ph.D. - \u00c9cole de r\u00e9adaptation - Universit\u00e9 de Montr\u00e9al<\/title>\n<meta name=\"robots\" content=\"index, follow, max-snippet:-1, max-image-preview:large, max-video-preview:-1\" \/>\n<link rel=\"canonical\" href=\"https:\/\/readaptation.umontreal.ca\/en\/research\/researchers\/annie-rochette-ph-d\/\" \/>\n<meta property=\"og:locale\" content=\"en_US\" \/>\n<meta property=\"og:type\" content=\"article\" \/>\n<meta property=\"og:title\" content=\"Annie Rochette, Ph.D. - \u00c9cole de r\u00e9adaptation - Universit\u00e9 de Montr\u00e9al\" \/>\n<meta property=\"og:description\" content=\"Education B.Sc. Occupational Therapy, McGill University (1993) M.Sc. Clinical Sciences (Geriatrics), Universit\u00e9 de Sherbrooke (2000) Ph.D. Clinical Sciences, Universit\u00e9 de Sherbrooke (2004) Postdoctorate, Rehabilitation, McGill University (2006) Current research projects [&hellip;]\" \/>\n<meta property=\"og:url\" content=\"https:\/\/readaptation.umontreal.ca\/en\/research\/researchers\/annie-rochette-ph-d\/\" \/>\n<meta property=\"og:site_name\" content=\"\u00c9cole de r\u00e9adaptation\" \/>\n<meta property=\"article:modified_time\" content=\"2025-06-12T19:09:00+00:00\" \/>\n<meta property=\"og:image\" content=\"https:\/\/readaptation.umontreal.ca\/wp-content\/uploads\/sites\/21\/2023\/06\/Annie_Rochette_sept2021_2400px-1024x1024.png\" \/>\n\t<meta property=\"og:image:width\" content=\"1024\" \/>\n\t<meta property=\"og:image:height\" content=\"1024\" \/>\n\t<meta property=\"og:image:type\" content=\"image\/png\" \/>\n<meta name=\"twitter:label1\" content=\"Est. reading time\" \/>\n\t<meta name=\"twitter:data1\" content=\"3 minutes\" \/>\n<script type=\"application\/ld+json\" class=\"yoast-schema-graph\">{\"@context\":\"https:\/\/schema.org\",\"@graph\":[{\"@type\":\"WebPage\",\"@id\":\"https:\/\/readaptation.umontreal.ca\/en\/research\/researchers\/annie-rochette-ph-d\/\",\"url\":\"https:\/\/readaptation.umontreal.ca\/en\/research\/researchers\/annie-rochette-ph-d\/\",\"name\":\"Annie Rochette, Ph.D. - \u00c9cole de r\u00e9adaptation - Universit\u00e9 de Montr\u00e9al\",\"isPartOf\":{\"@id\":\"https:\/\/readaptation.umontreal.ca\/#website\"},\"primaryImageOfPage\":{\"@id\":\"https:\/\/readaptation.umontreal.ca\/en\/research\/researchers\/annie-rochette-ph-d\/#primaryimage\"},\"image\":{\"@id\":\"https:\/\/readaptation.umontreal.ca\/en\/research\/researchers\/annie-rochette-ph-d\/#primaryimage\"},\"thumbnailUrl\":\"https:\/\/readaptation.umontreal.ca\/wp-content\/uploads\/sites\/21\/2023\/06\/Annie_Rochette_sept2021_2400px-450x450.png\",\"datePublished\":\"2017-11-09T21:43:09+00:00\",\"dateModified\":\"2025-06-12T19:09:00+00:00\",\"breadcrumb\":{\"@id\":\"https:\/\/readaptation.umontreal.ca\/en\/research\/researchers\/annie-rochette-ph-d\/#breadcrumb\"},\"inLanguage\":\"en-US\",\"potentialAction\":[{\"@type\":\"ReadAction\",\"target\":[\"https:\/\/readaptation.umontreal.ca\/en\/research\/researchers\/annie-rochette-ph-d\/\"]}]},{\"@type\":\"ImageObject\",\"inLanguage\":\"en-US\",\"@id\":\"https:\/\/readaptation.umontreal.ca\/en\/research\/researchers\/annie-rochette-ph-d\/#primaryimage\",\"url\":\"https:\/\/readaptation.umontreal.ca\/wp-content\/uploads\/sites\/21\/2023\/06\/Annie_Rochette_sept2021_2400px-450x450.png\",\"contentUrl\":\"https:\/\/readaptation.umontreal.ca\/wp-content\/uploads\/sites\/21\/2023\/06\/Annie_Rochette_sept2021_2400px-450x450.png\"},{\"@type\":\"BreadcrumbList\",\"@id\":\"https:\/\/readaptation.umontreal.ca\/en\/research\/researchers\/annie-rochette-ph-d\/#breadcrumb\",\"itemListElement\":[{\"@type\":\"ListItem\",\"position\":1,\"name\":\"Accueil\",\"item\":\"https:\/\/readaptation.umontreal.ca\/\"},{\"@type\":\"ListItem\",\"position\":2,\"name\":\"Research\",\"item\":\"https:\/\/readaptation.umontreal.ca\/en\/research\/\"},{\"@type\":\"ListItem\",\"position\":3,\"name\":\"Researchers\",\"item\":\"https:\/\/readaptation.umontreal.ca\/en\/research\/researchers\/\"},{\"@type\":\"ListItem\",\"position\":4,\"name\":\"Annie Rochette, Ph.D.\"}]},{\"@type\":\"WebSite\",\"@id\":\"https:\/\/readaptation.umontreal.ca\/#website\",\"url\":\"https:\/\/readaptation.umontreal.ca\/\",\"name\":\"\u00c9cole de r\u00e9adaptation\",\"description\":\"\",\"potentialAction\":[{\"@type\":\"SearchAction\",\"target\":{\"@type\":\"EntryPoint\",\"urlTemplate\":\"https:\/\/readaptation.umontreal.ca\/?s={search_term_string}\"},\"query-input\":{\"@type\":\"PropertyValueSpecification\",\"valueRequired\":true,\"valueName\":\"search_term_string\"}}],\"inLanguage\":\"en-US\"}]}<\/script>\n<!-- \/ Yoast SEO plugin. -->","yoast_head_json":{"title":"Annie Rochette, Ph.D. - \u00c9cole de r\u00e9adaptation - Universit\u00e9 de Montr\u00e9al","robots":{"index":"index","follow":"follow","max-snippet":"max-snippet:-1","max-image-preview":"max-image-preview:large","max-video-preview":"max-video-preview:-1"},"canonical":"https:\/\/readaptation.umontreal.ca\/en\/research\/researchers\/annie-rochette-ph-d\/","og_locale":"en_US","og_type":"article","og_title":"Annie Rochette, Ph.D. - \u00c9cole de r\u00e9adaptation - Universit\u00e9 de Montr\u00e9al","og_description":"Education B.Sc. Occupational Therapy, McGill University (1993) M.Sc. Clinical Sciences (Geriatrics), Universit\u00e9 de Sherbrooke (2000) Ph.D. Clinical Sciences, Universit\u00e9 de Sherbrooke (2004) Postdoctorate, Rehabilitation, McGill University (2006) Current research projects [&hellip;]","og_url":"https:\/\/readaptation.umontreal.ca\/en\/research\/researchers\/annie-rochette-ph-d\/","og_site_name":"\u00c9cole de r\u00e9adaptation","article_modified_time":"2025-06-12T19:09:00+00:00","og_image":[{"width":1024,"height":1024,"url":"https:\/\/readaptation.umontreal.ca\/wp-content\/uploads\/sites\/21\/2023\/06\/Annie_Rochette_sept2021_2400px-1024x1024.png","type":"image\/png"}],"twitter_misc":{"Est. reading time":"3 minutes"},"schema":{"@context":"https:\/\/schema.org","@graph":[{"@type":"WebPage","@id":"https:\/\/readaptation.umontreal.ca\/en\/research\/researchers\/annie-rochette-ph-d\/","url":"https:\/\/readaptation.umontreal.ca\/en\/research\/researchers\/annie-rochette-ph-d\/","name":"Annie Rochette, Ph.D. - \u00c9cole de r\u00e9adaptation - Universit\u00e9 de Montr\u00e9al","isPartOf":{"@id":"https:\/\/readaptation.umontreal.ca\/#website"},"primaryImageOfPage":{"@id":"https:\/\/readaptation.umontreal.ca\/en\/research\/researchers\/annie-rochette-ph-d\/#primaryimage"},"image":{"@id":"https:\/\/readaptation.umontreal.ca\/en\/research\/researchers\/annie-rochette-ph-d\/#primaryimage"},"thumbnailUrl":"https:\/\/readaptation.umontreal.ca\/wp-content\/uploads\/sites\/21\/2023\/06\/Annie_Rochette_sept2021_2400px-450x450.png","datePublished":"2017-11-09T21:43:09+00:00","dateModified":"2025-06-12T19:09:00+00:00","breadcrumb":{"@id":"https:\/\/readaptation.umontreal.ca\/en\/research\/researchers\/annie-rochette-ph-d\/#breadcrumb"},"inLanguage":"en-US","potentialAction":[{"@type":"ReadAction","target":["https:\/\/readaptation.umontreal.ca\/en\/research\/researchers\/annie-rochette-ph-d\/"]}]},{"@type":"ImageObject","inLanguage":"en-US","@id":"https:\/\/readaptation.umontreal.ca\/en\/research\/researchers\/annie-rochette-ph-d\/#primaryimage","url":"https:\/\/readaptation.umontreal.ca\/wp-content\/uploads\/sites\/21\/2023\/06\/Annie_Rochette_sept2021_2400px-450x450.png","contentUrl":"https:\/\/readaptation.umontreal.ca\/wp-content\/uploads\/sites\/21\/2023\/06\/Annie_Rochette_sept2021_2400px-450x450.png"},{"@type":"BreadcrumbList","@id":"https:\/\/readaptation.umontreal.ca\/en\/research\/researchers\/annie-rochette-ph-d\/#breadcrumb","itemListElement":[{"@type":"ListItem","position":1,"name":"Accueil","item":"https:\/\/readaptation.umontreal.ca\/"},{"@type":"ListItem","position":2,"name":"Research","item":"https:\/\/readaptation.umontreal.ca\/en\/research\/"},{"@type":"ListItem","position":3,"name":"Researchers","item":"https:\/\/readaptation.umontreal.ca\/en\/research\/researchers\/"},{"@type":"ListItem","position":4,"name":"Annie Rochette, Ph.D."}]},{"@type":"WebSite","@id":"https:\/\/readaptation.umontreal.ca\/#website","url":"https:\/\/readaptation.umontreal.ca\/","name":"\u00c9cole de r\u00e9adaptation","description":"","potentialAction":[{"@type":"SearchAction","target":{"@type":"EntryPoint","urlTemplate":"https:\/\/readaptation.umontreal.ca\/?s={search_term_string}"},"query-input":{"@type":"PropertyValueSpecification","valueRequired":true,"valueName":"search_term_string"}}],"inLanguage":"en-US"}]}},"_links":{"self":[{"href":"https:\/\/readaptation.umontreal.ca\/en\/wp-json\/wp\/v2\/pages\/13881","targetHints":{"allow":["GET"]}}],"collection":[{"href":"https:\/\/readaptation.umontreal.ca\/en\/wp-json\/wp\/v2\/pages"}],"about":[{"href":"https:\/\/readaptation.umontreal.ca\/en\/wp-json\/wp\/v2\/types\/page"}],"author":[{"embeddable":true,"href":"https:\/\/readaptation.umontreal.ca\/en\/wp-json\/wp\/v2\/users\/25"}],"replies":[{"embeddable":true,"href":"https:\/\/readaptation.umontreal.ca\/en\/wp-json\/wp\/v2\/comments?post=13881"}],"version-history":[{"count":12,"href":"https:\/\/readaptation.umontreal.ca\/en\/wp-json\/wp\/v2\/pages\/13881\/revisions"}],"predecessor-version":[{"id":23492,"href":"https:\/\/readaptation.umontreal.ca\/en\/wp-json\/wp\/v2\/pages\/13881\/revisions\/23492"}],"up":[{"embeddable":true,"href":"https:\/\/readaptation.umontreal.ca\/en\/wp-json\/wp\/v2\/pages\/13845"}],"wp:attachment":[{"href":"https:\/\/readaptation.umontreal.ca\/en\/wp-json\/wp\/v2\/media?parent=13881"}],"curies":[{"name":"wp","href":"https:\/\/api.w.org\/{rel}","templated":true}]}}