{"id":13879,"date":"2017-11-09T22:42:30","date_gmt":"2017-11-09T21:42:30","guid":{"rendered":"https:\/\/readaptation.umontreal.ca\/?page_id=13879\/"},"modified":"2025-06-16T15:32:26","modified_gmt":"2025-06-16T14:32:26","slug":"marie-laberge-ph-d","status":"publish","type":"page","link":"https:\/\/readaptation.umontreal.ca\/en\/research\/researchers\/marie-laberge-ph-d\/","title":{"rendered":"Marie Laberge, Ph.D."},"content":{"rendered":"<div class=\"one-third first \">\n<div class=\"hr_invisible\"><\/div>\n<div class=\"hr_invisible\"><\/div>\n<figure id=\"attachment_22258\" aria-describedby=\"caption-attachment-22258\" style=\"width: 142px\" class=\"wp-caption alignnone\"><img loading=\"lazy\" decoding=\"async\" src=\"https:\/\/readaptation.umontreal.ca\/wp-content\/uploads\/sites\/21\/2023\/09\/DreMarieLaberge-2022-08-04-002-300x450.jpg\" alt=\"\" width=\"142\" height=\"213\" class=\"wp-image-22258 \" srcset=\"https:\/\/readaptation.umontreal.ca\/wp-content\/uploads\/sites\/21\/2023\/09\/DreMarieLaberge-2022-08-04-002-300x450.jpg 300w, https:\/\/readaptation.umontreal.ca\/wp-content\/uploads\/sites\/21\/2023\/09\/DreMarieLaberge-2022-08-04-002-683x1024.jpg 683w, https:\/\/readaptation.umontreal.ca\/wp-content\/uploads\/sites\/21\/2023\/09\/DreMarieLaberge-2022-08-04-002-1024x1536.jpg 1024w, https:\/\/readaptation.umontreal.ca\/wp-content\/uploads\/sites\/21\/2023\/09\/DreMarieLaberge-2022-08-04-002-610x915.jpg 610w, https:\/\/readaptation.umontreal.ca\/wp-content\/uploads\/sites\/21\/2023\/09\/DreMarieLaberge-2022-08-04-002.jpg 1365w\" sizes=\"auto, (max-width: 142px) 100vw, 142px\" \/><figcaption id=\"caption-attachment-22258\" class=\"wp-caption-text\"><sub>Cr\u00e9dit photo\u00a0: CHU Sainte-Justine (Stephan Ballard)<\/sub><\/figcaption><\/figure>\n<\/div>\n<div class=\"two-third  \">\n<h3><strong>Full<\/strong><strong> professor <\/strong><\/h3>\n<p><strong>Contact details (research)<br \/>\n<\/strong>Centre de recherche du CHU Ste-Justine<br \/>\nCentre de r\u00e9adaptation Marie Enfant<br \/>\n5200 rue B\u00e9langer, Montr\u00e9al (Qu\u00e9bec) H1T 1C9<br \/>\nBureau : J.2.601.1.<br \/>\n<strong>T<\/strong> 514 374-1710, poste 8606<\/p>\n<p><strong>C<\/strong><strong>ontact details (School of Rehabilitation)<\/strong><br \/>\n<strong>T<\/strong> 514 343-6111, ext. 17354<br \/>\n<a href=\"mailto:marie.laberge@umontreal.ca\">marie.laberge@umontreal.ca<\/a><\/p>\n<\/div>\n<p><strong>Programme<\/strong><br \/>\nOccupational Therapy<\/p>\n<p><strong>Chair of the Canada Research Chair in Adolescent Work Disability Prevention<\/strong><\/p>\n<p>Website : <a href=\"http:\/\/adoprevit.org\/\">http:\/\/adoprevit.org\/<\/a><\/p>\n<h2>Education<\/h2>\n<ul>\n<li>Sc. Occupational Therapy, Universit\u00e9 Laval (1994)<\/li>\n<li>Specialized Diploma \u2013 Ergonomic Intervention in the field of Ocupational Health and Safety (1995)<\/li>\n<li>Sc. Biology (Ergonomics), Universit\u00e9 du Qu\u00e9bec \u00e0 Montr\u00e9al (1997)<\/li>\n<li>D. Biology (Ergonomics), Universit\u00e9 du Qu\u00e9bec \u00e0 Montr\u00e9al (2011)<\/li>\n<li>Postdoctoral Fellowship, Institute for Work &amp; Health (2012)<\/li>\n<li>Canadian Institutes of Health Research (CIHR) Strategic Training Program on Work Disability Prevention (WDP), Dalla Lana School of Public Health, University of Toronto (2011-2013)<\/li>\n<\/ul>\n<h2><strong>Current research projects<\/strong><\/h2>\n<ul>\n<li>Early prevention of occupational cancers for students learning semi-skilled trades.<\/li>\n<li>Development of digital tools to support health and safety at work in theWork-oriented Training Path (WOTP)<\/li>\n<li>Multidimensional models for employment access for people at risk of labor market exclusion.<\/li>\n<li>Considering sex and gender in occupational and environmental health: equity practices in prevention approaches.<\/li>\n<\/ul>\n<h2><strong>Research Network<\/strong><\/h2>\n<ul>\n<li style=\"text-align: justify;\">\u00c9quipe IDEA \/ VRAIE \u2013<em> Inclusive Design for Employment Access<\/em> (Fonds Nouvelles Fronti\u00e8res &#8211; Transformation)\u00a0<a href=\"https:\/\/vraie-idea.ca\">https:\/\/vraie-idea.ca<\/a><\/li>\n<li style=\"text-align: justify;\">Observatoire international sur les impacts soci\u00e9taux de l\u2019IA et du num\u00e9rique (OBVIA), axe \u00c9ducation et Capacitation (Fonds FRQ)\u00a0: <a href=\"https:\/\/observatoire-ia.ulaval.ca\/\">https:\/\/observatoire-ia.ulaval.ca\/<\/a><\/li>\n<li style=\"text-align: justify;\">Initiative intersectorielle \u00ab\u00a0Vers une soci\u00e9t\u00e9 plus inclusive\u00a0\u00bb (Fonds FRQ) <a href=\"https:\/\/societeinclusive.ca\/\">https:\/\/societeinclusive.ca\/<\/a><\/li>\n<li style=\"text-align: justify;\">\u00c9quipe de recherche interdisciplinaire sur le travail \u00ab\u00a0Sant\u00e9, Genre, \u00c9galit\u00e9\u00a0\u00bb (SAGE) (\u00c9quipe du FRQSC) <a href=\"http:\/\/sage.uqam.ca\/\">http:\/\/sage.uqam.ca\/<\/a><\/li>\n<li style=\"text-align: justify;\">Centre collaborateur de l\u2019Organisation Mondiale de la Sant\u00e9 \/ Organisation Panam\u00e9ricaine de la Sant\u00e9 (OMS \/ OPS) en sant\u00e9 au travail CAN-96 (co-directrice)<\/li>\n<li style=\"text-align: justify;\">Regroupement strat\u00e9gique <em>Ing\u00e9nierie de technologies interactives en r\u00e9adaptation<\/em>, est (FRQ \u2013 Nature et technologie)<\/li>\n<li style=\"text-align: justify;\">R\u00e9seau Communaut\u00e9s rurales et \u00e9loign\u00e9es en sant\u00e9 (CARES) (R\u00e9seau th\u00e9matique FRQ Sant\u00e9)<\/li>\n<li style=\"text-align: justify;\">R\u00e9seau qu\u00e9b\u00e9cois de recherche sur le sommeil (R\u00e9seau th\u00e9matique FRQ Sant\u00e9)<\/li>\n<\/ul>\n<h2><strong>Selected publications<\/strong><\/h2>\n<ul>\n<li style=\"text-align: justify;\">B\u00e9rub\u00e9, M., Chatigny, C., <strong>Laberge, M. <\/strong>(2025). Gender Differences in Occupational Health and Safety Perceptions: Insights from Vulnerable Youth in Dual Vocational Training. Safety Science, 186 June 2025, 106797 (online first) <a href=\"https:\/\/doi.org\/10.1016\/j.ssci.2025.106797\">https:\/\/doi.org\/10.1016\/j.ssci.2025.106797<\/a>.<\/li>\n<li style=\"text-align: justify;\">B\u00e9rub\u00e9, M.,<strong> Laberge, M.,<\/strong> Chatigny, C., Tondoux, A. (2023). Enjeux syst\u00e9miques du co-d\u00e9veloppement d\u2019outils num\u00e9riques en soutien \u00e0 la formation\u00a0: une confrontation entre dispositions et contraintes. <em>M\u00e9diations et m\u00e9diatisations<\/em>, (16), 76-94. DOI\u00a0: <a href=\"https:\/\/doi.org\/10.52358\/mm.vi16.368\">https\u00a0:\/\/doi.org\/10.52358\/mm.vi16.368<\/a><\/li>\n<li style=\"text-align: justify;\"><strong>Laberge, M.,<\/strong> Vignet, M.*, Chatigny, C. (2022). \u201cDevelopment of a reflective learning method to support health and safety of adolescents with learning difficulties enrolled in a pre-work practicum\u201d. <em>Ergonomics,<\/em> 65(11), 1509-1524.<\/li>\n<li style=\"text-align: justify;\"><strong>Laberge, M.,<\/strong> Chadoin, M., Inigo, M.*, Messing, K., Lefran\u00e7ois, M., Sultan-Ta\u00efeb, H., Chatigny, C., Riel, J., Webb, J., Fillion, M., Vaillancourt, C., Bellemare, M. (2022). Integration of sex and gender in ergonomic students\u2019 interventions. <em>Ergonomics,<\/em> 65(11), 1578-1593.<\/li>\n<li style=\"text-align: justify;\"><strong>Laberge, M.,<\/strong> Blanchette-Luong, V., Blanchard, A., Sultan-Ta\u00efeb, H., Riel, J., Lederer, V., Saint-Charles, J., Chatigny, C., Lefran\u00e7ois, M., Webb, J., Major, M.E., Vaillancourt, C., Messing, K. (2020). \u00ab Impacts of Considering Sex and Gender during Intervention Studies in Occupational Health: Re-searchers\u2019 Perspectives \u00bb. <em>Applied Ergonomics, 82.<\/em><\/li>\n<\/ul>\n<h2><strong>Research interests<\/strong><\/h2>\n<ul>\n<li>Socio-professional integration of adolescents<\/li>\n<li>Prevention of work disability<\/li>\n<li>Development, implementation, and evaluation of occupational health interventions<\/li>\n<li>Modeling of integrated knowledge translation interventions<\/li>\n<li>Development of digital technologies to support employability<\/li>\n<li>Sex- and gender-based analysis<\/li>\n<\/ul>\n","protected":false},"excerpt":{"rendered":"<p>Programme Occupational Therapy Chair of the Canada Research Chair in Adolescent Work Disability Prevention Website : http:\/\/adoprevit.org\/ Education Sc. Occupational Therapy, Universit\u00e9 Laval (1994) Specialized Diploma \u2013 Ergonomic Intervention in [&hellip;]<\/p>\n","protected":false},"author":25,"featured_media":0,"parent":13845,"menu_order":17,"comment_status":"closed","ping_status":"closed","template":"","meta":{"footnotes":""},"class_list":["post-13879","page","type-page","status-publish","hentry"],"yoast_head":"<!-- This site is optimized with the Yoast SEO plugin v25.0 - https:\/\/yoast.com\/wordpress\/plugins\/seo\/ -->\n<title>Marie Laberge, Ph.D. - \u00c9cole de r\u00e9adaptation - Universit\u00e9 de Montr\u00e9al<\/title>\n<meta name=\"robots\" content=\"index, follow, max-snippet:-1, max-image-preview:large, max-video-preview:-1\" \/>\n<link rel=\"canonical\" href=\"https:\/\/readaptation.umontreal.ca\/en\/research\/researchers\/marie-laberge-ph-d\/\" \/>\n<meta property=\"og:locale\" content=\"en_US\" \/>\n<meta property=\"og:type\" content=\"article\" \/>\n<meta property=\"og:title\" content=\"Marie Laberge, Ph.D. - \u00c9cole de r\u00e9adaptation - Universit\u00e9 de Montr\u00e9al\" \/>\n<meta property=\"og:description\" content=\"Programme Occupational Therapy Chair of the Canada Research Chair in Adolescent Work Disability Prevention Website : http:\/\/adoprevit.org\/ Education Sc. Occupational Therapy, Universit\u00e9 Laval (1994) Specialized Diploma \u2013 Ergonomic Intervention in [&hellip;]\" \/>\n<meta property=\"og:url\" content=\"https:\/\/readaptation.umontreal.ca\/en\/research\/researchers\/marie-laberge-ph-d\/\" \/>\n<meta property=\"og:site_name\" content=\"\u00c9cole de r\u00e9adaptation\" \/>\n<meta property=\"article:modified_time\" content=\"2025-06-16T14:32:26+00:00\" \/>\n<meta property=\"og:image\" content=\"https:\/\/readaptation.umontreal.ca\/wp-content\/uploads\/sites\/21\/2023\/09\/DreMarieLaberge-2022-08-04-002.jpg\" \/>\n\t<meta property=\"og:image:width\" content=\"1365\" \/>\n\t<meta property=\"og:image:height\" content=\"2048\" \/>\n\t<meta property=\"og:image:type\" content=\"image\/jpeg\" \/>\n<meta name=\"twitter:label1\" content=\"Est. reading time\" \/>\n\t<meta name=\"twitter:data1\" content=\"3 minutes\" \/>\n<script type=\"application\/ld+json\" class=\"yoast-schema-graph\">{\"@context\":\"https:\/\/schema.org\",\"@graph\":[{\"@type\":\"WebPage\",\"@id\":\"https:\/\/readaptation.umontreal.ca\/en\/research\/researchers\/marie-laberge-ph-d\/\",\"url\":\"https:\/\/readaptation.umontreal.ca\/en\/research\/researchers\/marie-laberge-ph-d\/\",\"name\":\"Marie Laberge, Ph.D. - \u00c9cole de r\u00e9adaptation - Universit\u00e9 de Montr\u00e9al\",\"isPartOf\":{\"@id\":\"https:\/\/readaptation.umontreal.ca\/#website\"},\"primaryImageOfPage\":{\"@id\":\"https:\/\/readaptation.umontreal.ca\/en\/research\/researchers\/marie-laberge-ph-d\/#primaryimage\"},\"image\":{\"@id\":\"https:\/\/readaptation.umontreal.ca\/en\/research\/researchers\/marie-laberge-ph-d\/#primaryimage\"},\"thumbnailUrl\":\"https:\/\/readaptation.umontreal.ca\/wp-content\/uploads\/sites\/21\/2023\/09\/DreMarieLaberge-2022-08-04-002-300x450.jpg\",\"datePublished\":\"2017-11-09T21:42:30+00:00\",\"dateModified\":\"2025-06-16T14:32:26+00:00\",\"breadcrumb\":{\"@id\":\"https:\/\/readaptation.umontreal.ca\/en\/research\/researchers\/marie-laberge-ph-d\/#breadcrumb\"},\"inLanguage\":\"en-US\",\"potentialAction\":[{\"@type\":\"ReadAction\",\"target\":[\"https:\/\/readaptation.umontreal.ca\/en\/research\/researchers\/marie-laberge-ph-d\/\"]}]},{\"@type\":\"ImageObject\",\"inLanguage\":\"en-US\",\"@id\":\"https:\/\/readaptation.umontreal.ca\/en\/research\/researchers\/marie-laberge-ph-d\/#primaryimage\",\"url\":\"https:\/\/readaptation.umontreal.ca\/wp-content\/uploads\/sites\/21\/2023\/09\/DreMarieLaberge-2022-08-04-002-300x450.jpg\",\"contentUrl\":\"https:\/\/readaptation.umontreal.ca\/wp-content\/uploads\/sites\/21\/2023\/09\/DreMarieLaberge-2022-08-04-002-300x450.jpg\"},{\"@type\":\"BreadcrumbList\",\"@id\":\"https:\/\/readaptation.umontreal.ca\/en\/research\/researchers\/marie-laberge-ph-d\/#breadcrumb\",\"itemListElement\":[{\"@type\":\"ListItem\",\"position\":1,\"name\":\"Accueil\",\"item\":\"https:\/\/readaptation.umontreal.ca\/\"},{\"@type\":\"ListItem\",\"position\":2,\"name\":\"Research\",\"item\":\"https:\/\/readaptation.umontreal.ca\/en\/research\/\"},{\"@type\":\"ListItem\",\"position\":3,\"name\":\"Researchers\",\"item\":\"https:\/\/readaptation.umontreal.ca\/en\/research\/researchers\/\"},{\"@type\":\"ListItem\",\"position\":4,\"name\":\"Marie Laberge, Ph.D.\"}]},{\"@type\":\"WebSite\",\"@id\":\"https:\/\/readaptation.umontreal.ca\/#website\",\"url\":\"https:\/\/readaptation.umontreal.ca\/\",\"name\":\"\u00c9cole de r\u00e9adaptation\",\"description\":\"\",\"potentialAction\":[{\"@type\":\"SearchAction\",\"target\":{\"@type\":\"EntryPoint\",\"urlTemplate\":\"https:\/\/readaptation.umontreal.ca\/?s={search_term_string}\"},\"query-input\":{\"@type\":\"PropertyValueSpecification\",\"valueRequired\":true,\"valueName\":\"search_term_string\"}}],\"inLanguage\":\"en-US\"}]}<\/script>\n<!-- \/ Yoast SEO plugin. -->","yoast_head_json":{"title":"Marie Laberge, Ph.D. - \u00c9cole de r\u00e9adaptation - Universit\u00e9 de Montr\u00e9al","robots":{"index":"index","follow":"follow","max-snippet":"max-snippet:-1","max-image-preview":"max-image-preview:large","max-video-preview":"max-video-preview:-1"},"canonical":"https:\/\/readaptation.umontreal.ca\/en\/research\/researchers\/marie-laberge-ph-d\/","og_locale":"en_US","og_type":"article","og_title":"Marie Laberge, Ph.D. - \u00c9cole de r\u00e9adaptation - Universit\u00e9 de Montr\u00e9al","og_description":"Programme Occupational Therapy Chair of the Canada Research Chair in Adolescent Work Disability Prevention Website : http:\/\/adoprevit.org\/ Education Sc. Occupational Therapy, Universit\u00e9 Laval (1994) Specialized Diploma \u2013 Ergonomic Intervention in [&hellip;]","og_url":"https:\/\/readaptation.umontreal.ca\/en\/research\/researchers\/marie-laberge-ph-d\/","og_site_name":"\u00c9cole de r\u00e9adaptation","article_modified_time":"2025-06-16T14:32:26+00:00","og_image":[{"width":1365,"height":2048,"url":"https:\/\/readaptation.umontreal.ca\/wp-content\/uploads\/sites\/21\/2023\/09\/DreMarieLaberge-2022-08-04-002.jpg","type":"image\/jpeg"}],"twitter_misc":{"Est. reading time":"3 minutes"},"schema":{"@context":"https:\/\/schema.org","@graph":[{"@type":"WebPage","@id":"https:\/\/readaptation.umontreal.ca\/en\/research\/researchers\/marie-laberge-ph-d\/","url":"https:\/\/readaptation.umontreal.ca\/en\/research\/researchers\/marie-laberge-ph-d\/","name":"Marie Laberge, Ph.D. - \u00c9cole de r\u00e9adaptation - Universit\u00e9 de Montr\u00e9al","isPartOf":{"@id":"https:\/\/readaptation.umontreal.ca\/#website"},"primaryImageOfPage":{"@id":"https:\/\/readaptation.umontreal.ca\/en\/research\/researchers\/marie-laberge-ph-d\/#primaryimage"},"image":{"@id":"https:\/\/readaptation.umontreal.ca\/en\/research\/researchers\/marie-laberge-ph-d\/#primaryimage"},"thumbnailUrl":"https:\/\/readaptation.umontreal.ca\/wp-content\/uploads\/sites\/21\/2023\/09\/DreMarieLaberge-2022-08-04-002-300x450.jpg","datePublished":"2017-11-09T21:42:30+00:00","dateModified":"2025-06-16T14:32:26+00:00","breadcrumb":{"@id":"https:\/\/readaptation.umontreal.ca\/en\/research\/researchers\/marie-laberge-ph-d\/#breadcrumb"},"inLanguage":"en-US","potentialAction":[{"@type":"ReadAction","target":["https:\/\/readaptation.umontreal.ca\/en\/research\/researchers\/marie-laberge-ph-d\/"]}]},{"@type":"ImageObject","inLanguage":"en-US","@id":"https:\/\/readaptation.umontreal.ca\/en\/research\/researchers\/marie-laberge-ph-d\/#primaryimage","url":"https:\/\/readaptation.umontreal.ca\/wp-content\/uploads\/sites\/21\/2023\/09\/DreMarieLaberge-2022-08-04-002-300x450.jpg","contentUrl":"https:\/\/readaptation.umontreal.ca\/wp-content\/uploads\/sites\/21\/2023\/09\/DreMarieLaberge-2022-08-04-002-300x450.jpg"},{"@type":"BreadcrumbList","@id":"https:\/\/readaptation.umontreal.ca\/en\/research\/researchers\/marie-laberge-ph-d\/#breadcrumb","itemListElement":[{"@type":"ListItem","position":1,"name":"Accueil","item":"https:\/\/readaptation.umontreal.ca\/"},{"@type":"ListItem","position":2,"name":"Research","item":"https:\/\/readaptation.umontreal.ca\/en\/research\/"},{"@type":"ListItem","position":3,"name":"Researchers","item":"https:\/\/readaptation.umontreal.ca\/en\/research\/researchers\/"},{"@type":"ListItem","position":4,"name":"Marie Laberge, Ph.D."}]},{"@type":"WebSite","@id":"https:\/\/readaptation.umontreal.ca\/#website","url":"https:\/\/readaptation.umontreal.ca\/","name":"\u00c9cole de r\u00e9adaptation","description":"","potentialAction":[{"@type":"SearchAction","target":{"@type":"EntryPoint","urlTemplate":"https:\/\/readaptation.umontreal.ca\/?s={search_term_string}"},"query-input":{"@type":"PropertyValueSpecification","valueRequired":true,"valueName":"search_term_string"}}],"inLanguage":"en-US"}]}},"_links":{"self":[{"href":"https:\/\/readaptation.umontreal.ca\/en\/wp-json\/wp\/v2\/pages\/13879","targetHints":{"allow":["GET"]}}],"collection":[{"href":"https:\/\/readaptation.umontreal.ca\/en\/wp-json\/wp\/v2\/pages"}],"about":[{"href":"https:\/\/readaptation.umontreal.ca\/en\/wp-json\/wp\/v2\/types\/page"}],"author":[{"embeddable":true,"href":"https:\/\/readaptation.umontreal.ca\/en\/wp-json\/wp\/v2\/users\/25"}],"replies":[{"embeddable":true,"href":"https:\/\/readaptation.umontreal.ca\/en\/wp-json\/wp\/v2\/comments?post=13879"}],"version-history":[{"count":16,"href":"https:\/\/readaptation.umontreal.ca\/en\/wp-json\/wp\/v2\/pages\/13879\/revisions"}],"predecessor-version":[{"id":23516,"href":"https:\/\/readaptation.umontreal.ca\/en\/wp-json\/wp\/v2\/pages\/13879\/revisions\/23516"}],"up":[{"embeddable":true,"href":"https:\/\/readaptation.umontreal.ca\/en\/wp-json\/wp\/v2\/pages\/13845"}],"wp:attachment":[{"href":"https:\/\/readaptation.umontreal.ca\/en\/wp-json\/wp\/v2\/media?parent=13879"}],"curies":[{"name":"wp","href":"https:\/\/api.w.org\/{rel}","templated":true}]}}