{"id":13877,"date":"2017-11-09T22:41:41","date_gmt":"2017-11-09T21:41:41","guid":{"rendered":"https:\/\/readaptation.umontreal.ca\/?page_id=13877\/"},"modified":"2025-06-12T15:18:07","modified_gmt":"2025-06-12T14:18:07","slug":"shalini-lal-ph-d","status":"publish","type":"page","link":"https:\/\/readaptation.umontreal.ca\/en\/research\/researchers\/shalini-lal-ph-d\/","title":{"rendered":"Shalini Lal, Ph.D."},"content":{"rendered":"<div class=\"one-third first \">\n<p><span style=\"color: #ffffff;\">\u00a0<\/span><\/p>\n<p><img loading=\"lazy\" decoding=\"async\" src=\"https:\/\/readaptation.umontreal.ca\/wp-content\/uploads\/sites\/21\/2018\/05\/LAL_photo.jpg\" alt=\"\" class=\"alignnone wp-image-14661\" width=\"150\" height=\"217\" \/><br \/>\n<\/div>\n<div class=\"two-third  \">\n<h3>Associate Professor<\/h3>\n<p><strong>Contact details (Research)<br \/>\n<\/strong>Canada Research Chair in Innovation and Technology for Youth Mental Health Services<br \/>\nCentre de recherche du Centre hospitalier de l\u2019Universit\u00e9 de Montr\u00e9al (CRCHUM)<br \/>\nPavillon S &#8211; 850 rue St-Denis, S03.328<br \/>\n850, St-Denis, S03.452<br \/>\nMontr\u00e9al, (QC) H2X 0A9<br \/>\n<strong>T<\/strong> 514 -890-8000 #31676<br \/>\n<a href=\"http:\/\/www.smjtechno.com\">www.smjtechno.com<\/a> | <a href=\"http:\/\/www.ymhtech.com\">www.ymhtech.com<\/a><\/p>\n<p><strong>Contact details (School of Rehabilitation)<br \/>\n<\/strong><a href=\"mailto:shalini.lal@umontreal.ca\">shalini.lal@umontreal.ca<\/a><\/p>\n<p><strong>Program<br \/>\n<\/strong>Occupational therapy<br \/>\n<a href=\"https:\/\/medecine.umontreal.ca\/recherche\/les-chercheurs-de-la-faculte\/portraits-chercheurs\/shalini-lal-chercheuse-de-terrain\/\" target=\"_blank\" rel=\"noopener noreferrer\">Researcher profile (french)<\/a><\/p>\n<\/div>\n<hr\/>\n<h2>Education<\/h2>\n<ul>\n<li>B.Sc. Occupational Therapy, School of Physical and Occupational Therapy, Faculty of Medicine, McGill University (1996)<\/li>\n<li>M.Sc. Psychiatry, Department of Psychiatry, Faculty of Medicine, McGill University (2002)<\/li>\n<li>Ph.D. Rehabilitation Sciences,Rehabilitation Sciences, Faculty of Medicine, University of British Columbia (2012)<\/li>\n<li>Postdoctoral Studies in Youth Mental Health and Clinical Health Informatics, Department of Psychiatry and Clinical Health Informatics Group, McGill University; Douglas Mental Health University Institute\u00a0(2014)<\/li>\n<\/ul>\n<h2>Current research projects<\/h2>\n<ul>\n<li>Development, Implementation, and Evaluation of a Pathway for Rapid, Internet-Based Self-Referral to Mental Health Services for Youth: PRISM-ACCESS Open Minds (role: Principal investigator;\u00a0funded by: IRSC, 2016-2020)<\/li>\n<li>Internet-delivered Psychosocial Therapy for Maintaining the Treatment Effects of Specialized Early Intervention for Young Adults with Psychotic Disorders: A Multisite Randomized Controlled Trial of Horyzons-Canada \u2013 PHASE 1 and 2 \u2013 Adaptation and Pilot Testing (role: Principal Investigator; funded by: NARSAD Brain and Behaviour Research Foundation, FRQS &#8211; Researcher Establishment Grant &amp; Canada Research Chairs Program, 2015-2020)<\/li>\n<li>Developing, Implementing, and Evaluating a Model for Youth Mental Health Service Transformation: ACCESS*- Canada\u00a0(role: Principal Investigator;\u00a0funded by: CIHR, 2016-2020)<\/li>\n<li>Enhancing Youth Mental Health: A Program of Research into Mental Health Care Needs, Pathways, Outcomes and Services (role: co-Principal Investigator; funded by: CIHR, 2015-2022)<\/li>\n<li>Feasiblity, usability, and acceptability of implementing telepsychiatry services using REACTS: Pilot study with clinicians and youth with first episode psychosis, including those experiencing homelessness (role: Principal Investigator; funded by: FRQS &#8211; Researcher Establishment Grant &amp; Canada Research Chairs Program, 2015-2020)<\/li>\n<\/ul>\n<h2>Selected publications<\/h2>\n<ul>\n<li><strong>Lal, S.<\/strong> (2019). E-mental health: Promising advancements in policy, research, and practice. <em>Health Care Management Forum, 32<\/em>(2), 56-62. doi:10.1177\/0840470418818583<\/li>\n<li>Iyer, S. N., Shah, J., Boksa, P., <strong>Lal, S.<\/strong>, Joober, R., Andersson, N., . . . Malla, A. K. (2019). A minimum evaluation protocol and stepped-wedge cluster randomized trial of ACCESS Open Minds, a large Canadian youth mental health services transformation project. <em>BMC Psychiatry, 19<\/em>(1), 273. doi:10.1186\/s12888-019-2232-2<\/li>\n<li><strong>Lal, S.<\/strong>, Gleeson, J., Malla, A., Rivard, L., Joober, R., Chandrasena, R., &amp; Jimenez, M.-A. (2018). Cultural and contextual adaptation of an eHealth intervention for youth receiving services for First-Episode Psychosis: Adaptation framework and protocol for Horyzons-Canada Phase 1. <em>JMIR Research Protocols<\/em>, <em>7<\/em>(4), e100. doi:10.2196\/resprot.8810<\/li>\n<li>Malla, A., Shah, J., &amp; <strong>Lal, S.<\/strong> (2017). Advances and challenges in early intervention in psychosis. <em>World psychiatry, 16<\/em>(3), 274-275. doi:10.1002\/wps.20453<\/li>\n<li><strong>Lal, S.<\/strong>, Daniel, W., &amp; Rivard, L. (2017). Perspectives of family members on using technology in youth mental health care: A qualitative study. <em>JMIR Mental Health<\/em>, 4(2):e21. doi:10.2196\/mental.7296<\/li>\n<li><strong>Lal, S.,<\/strong> Nguyen, V., &amp; Theriault, J. (2018). Seeking mental health information and support online: experiences and perspectives of young people receiving treatment for first\u2010episode psychosis. <em>Early Intervention in Psychiatry, <\/em><em>12<\/em>(3), 324-330. doi:10.1111\/eip.12317.<\/li>\n<li><strong><\/strong><strong>Lal, S.<\/strong>, Dell\u2019Elce, J., Tucci, N., Fuhrer, R., Tamblyn, R., &amp; Malla, A. (2015). Preferences of young adults with first-episode psychosis for receiving specialized mental health services using technology: A survey study. <em>Journal of Medical Internet Research (JMIR) \u2013 Mental Health<\/em>. 2(2), e18. doi:10.2196\/mental.4400.<\/li>\n<li><strong>Lal, S<\/strong>., Donnelly, C., &amp; Shin, J. (2015). Digital storytelling: an innovative tool for practice, education, and research. <em>Occup Ther Health Care, 29<\/em>(1), 54-62. doi:10.3109\/07380577.2014.958888<\/li>\n<li><strong>Lal, S.<\/strong>, Ungar, M., Leggo, C., Malla, A.K., Frankish, J., &amp; Suto, M. J. (2013). Well-being and engagement in valued activities: Experiences of youth with psychosis. <em>OTJR: Occupation, Participation, and Health, 33<\/em>(4), 190-197. doi: 10.3928\/15394492-20130912-02.<\/li>\n<li><strong>Lal, S.<\/strong>, Jarus, T., &amp; Suto, M. J. (2012). A scoping review of the Photovoice method: Implications for occupational therapy research. <em>Canadian Journal of Occupational Therapy. 79<\/em>(3), 181-190.<strong>\u00a0<\/strong>doi:10.2182\/cjot.2012.79.3.8.<\/li>\n<\/ul>\n<ul><\/ul>\n<ul><\/ul>\n<h2>Research interests<\/h2>\n<ul>\n<li>Improving access and quality of youth mental health services\n<ul>\n<li>Development, implementation, and evaluation of innovative health services to increase youth and family access to, and engagement with mental health services<\/li>\n<li>Examining the use of information and communication technologies to improve the delivery of mental health information, services, and supports for youth and their families<\/li>\n<li>Understanding relapse, recovery, and well-being from the perspectives of youth and their families<\/li>\n<li>Knowledge translation (science and practice)<\/li>\n<li>Service evaluation; stakeholder engagement; participatory, qualitative and mixed methods research<\/li>\n<\/ul>\n<\/li>\n<\/ul>\n","protected":false},"excerpt":{"rendered":"<p>Education B.Sc. Occupational Therapy, School of Physical and Occupational Therapy, Faculty of Medicine, McGill University (1996) M.Sc. Psychiatry, Department of Psychiatry, Faculty of Medicine, McGill University (2002) Ph.D. Rehabilitation Sciences,Rehabilitation [&hellip;]<\/p>\n","protected":false},"author":25,"featured_media":0,"parent":13845,"menu_order":0,"comment_status":"closed","ping_status":"closed","template":"","meta":{"footnotes":""},"class_list":["post-13877","page","type-page","status-publish","hentry"],"yoast_head":"<!-- This site is optimized with the Yoast SEO plugin v25.0 - https:\/\/yoast.com\/wordpress\/plugins\/seo\/ -->\n<title>Shalini Lal, Ph.D. - \u00c9cole de r\u00e9adaptation - Universit\u00e9 de Montr\u00e9al<\/title>\n<meta name=\"robots\" content=\"index, follow, max-snippet:-1, max-image-preview:large, max-video-preview:-1\" \/>\n<link rel=\"canonical\" href=\"https:\/\/readaptation.umontreal.ca\/en\/research\/researchers\/shalini-lal-ph-d\/\" \/>\n<meta property=\"og:locale\" content=\"en_US\" \/>\n<meta property=\"og:type\" content=\"article\" \/>\n<meta property=\"og:title\" content=\"Shalini Lal, Ph.D. - \u00c9cole de r\u00e9adaptation - Universit\u00e9 de Montr\u00e9al\" \/>\n<meta property=\"og:description\" content=\"Education B.Sc. Occupational Therapy, School of Physical and Occupational Therapy, Faculty of Medicine, McGill University (1996) M.Sc. Psychiatry, Department of Psychiatry, Faculty of Medicine, McGill University (2002) Ph.D. Rehabilitation Sciences,Rehabilitation [&hellip;]\" \/>\n<meta property=\"og:url\" content=\"https:\/\/readaptation.umontreal.ca\/en\/research\/researchers\/shalini-lal-ph-d\/\" \/>\n<meta property=\"og:site_name\" content=\"\u00c9cole de r\u00e9adaptation\" \/>\n<meta property=\"article:modified_time\" content=\"2025-06-12T14:18:07+00:00\" \/>\n<meta property=\"og:image\" content=\"https:\/\/readaptation.umontreal.ca\/wp-content\/uploads\/sites\/21\/2018\/05\/LAL_photo.jpg\" \/>\n\t<meta property=\"og:image:width\" content=\"224\" \/>\n\t<meta property=\"og:image:height\" content=\"324\" \/>\n\t<meta property=\"og:image:type\" content=\"image\/jpeg\" \/>\n<meta name=\"twitter:label1\" content=\"Est. reading time\" \/>\n\t<meta name=\"twitter:data1\" content=\"4 minutes\" \/>\n<script type=\"application\/ld+json\" class=\"yoast-schema-graph\">{\"@context\":\"https:\/\/schema.org\",\"@graph\":[{\"@type\":\"WebPage\",\"@id\":\"https:\/\/readaptation.umontreal.ca\/en\/research\/researchers\/shalini-lal-ph-d\/\",\"url\":\"https:\/\/readaptation.umontreal.ca\/en\/research\/researchers\/shalini-lal-ph-d\/\",\"name\":\"Shalini Lal, Ph.D. - \u00c9cole de r\u00e9adaptation - Universit\u00e9 de Montr\u00e9al\",\"isPartOf\":{\"@id\":\"https:\/\/readaptation.umontreal.ca\/#website\"},\"primaryImageOfPage\":{\"@id\":\"https:\/\/readaptation.umontreal.ca\/en\/research\/researchers\/shalini-lal-ph-d\/#primaryimage\"},\"image\":{\"@id\":\"https:\/\/readaptation.umontreal.ca\/en\/research\/researchers\/shalini-lal-ph-d\/#primaryimage\"},\"thumbnailUrl\":\"https:\/\/readaptation.umontreal.ca\/wp-content\/uploads\/sites\/21\/2018\/05\/LAL_photo.jpg\",\"datePublished\":\"2017-11-09T21:41:41+00:00\",\"dateModified\":\"2025-06-12T14:18:07+00:00\",\"breadcrumb\":{\"@id\":\"https:\/\/readaptation.umontreal.ca\/en\/research\/researchers\/shalini-lal-ph-d\/#breadcrumb\"},\"inLanguage\":\"en-US\",\"potentialAction\":[{\"@type\":\"ReadAction\",\"target\":[\"https:\/\/readaptation.umontreal.ca\/en\/research\/researchers\/shalini-lal-ph-d\/\"]}]},{\"@type\":\"ImageObject\",\"inLanguage\":\"en-US\",\"@id\":\"https:\/\/readaptation.umontreal.ca\/en\/research\/researchers\/shalini-lal-ph-d\/#primaryimage\",\"url\":\"https:\/\/readaptation.umontreal.ca\/wp-content\/uploads\/sites\/21\/2018\/05\/LAL_photo.jpg\",\"contentUrl\":\"https:\/\/readaptation.umontreal.ca\/wp-content\/uploads\/sites\/21\/2018\/05\/LAL_photo.jpg\"},{\"@type\":\"BreadcrumbList\",\"@id\":\"https:\/\/readaptation.umontreal.ca\/en\/research\/researchers\/shalini-lal-ph-d\/#breadcrumb\",\"itemListElement\":[{\"@type\":\"ListItem\",\"position\":1,\"name\":\"Accueil\",\"item\":\"https:\/\/readaptation.umontreal.ca\/\"},{\"@type\":\"ListItem\",\"position\":2,\"name\":\"Research\",\"item\":\"https:\/\/readaptation.umontreal.ca\/en\/research\/\"},{\"@type\":\"ListItem\",\"position\":3,\"name\":\"Researchers\",\"item\":\"https:\/\/readaptation.umontreal.ca\/en\/research\/researchers\/\"},{\"@type\":\"ListItem\",\"position\":4,\"name\":\"Shalini Lal, Ph.D.\"}]},{\"@type\":\"WebSite\",\"@id\":\"https:\/\/readaptation.umontreal.ca\/#website\",\"url\":\"https:\/\/readaptation.umontreal.ca\/\",\"name\":\"\u00c9cole de r\u00e9adaptation\",\"description\":\"\",\"potentialAction\":[{\"@type\":\"SearchAction\",\"target\":{\"@type\":\"EntryPoint\",\"urlTemplate\":\"https:\/\/readaptation.umontreal.ca\/?s={search_term_string}\"},\"query-input\":{\"@type\":\"PropertyValueSpecification\",\"valueRequired\":true,\"valueName\":\"search_term_string\"}}],\"inLanguage\":\"en-US\"}]}<\/script>\n<!-- \/ Yoast SEO plugin. -->","yoast_head_json":{"title":"Shalini Lal, Ph.D. - \u00c9cole de r\u00e9adaptation - Universit\u00e9 de Montr\u00e9al","robots":{"index":"index","follow":"follow","max-snippet":"max-snippet:-1","max-image-preview":"max-image-preview:large","max-video-preview":"max-video-preview:-1"},"canonical":"https:\/\/readaptation.umontreal.ca\/en\/research\/researchers\/shalini-lal-ph-d\/","og_locale":"en_US","og_type":"article","og_title":"Shalini Lal, Ph.D. - \u00c9cole de r\u00e9adaptation - Universit\u00e9 de Montr\u00e9al","og_description":"Education B.Sc. Occupational Therapy, School of Physical and Occupational Therapy, Faculty of Medicine, McGill University (1996) M.Sc. Psychiatry, Department of Psychiatry, Faculty of Medicine, McGill University (2002) Ph.D. Rehabilitation Sciences,Rehabilitation [&hellip;]","og_url":"https:\/\/readaptation.umontreal.ca\/en\/research\/researchers\/shalini-lal-ph-d\/","og_site_name":"\u00c9cole de r\u00e9adaptation","article_modified_time":"2025-06-12T14:18:07+00:00","og_image":[{"width":224,"height":324,"url":"https:\/\/readaptation.umontreal.ca\/wp-content\/uploads\/sites\/21\/2018\/05\/LAL_photo.jpg","type":"image\/jpeg"}],"twitter_misc":{"Est. reading time":"4 minutes"},"schema":{"@context":"https:\/\/schema.org","@graph":[{"@type":"WebPage","@id":"https:\/\/readaptation.umontreal.ca\/en\/research\/researchers\/shalini-lal-ph-d\/","url":"https:\/\/readaptation.umontreal.ca\/en\/research\/researchers\/shalini-lal-ph-d\/","name":"Shalini Lal, Ph.D. - \u00c9cole de r\u00e9adaptation - Universit\u00e9 de Montr\u00e9al","isPartOf":{"@id":"https:\/\/readaptation.umontreal.ca\/#website"},"primaryImageOfPage":{"@id":"https:\/\/readaptation.umontreal.ca\/en\/research\/researchers\/shalini-lal-ph-d\/#primaryimage"},"image":{"@id":"https:\/\/readaptation.umontreal.ca\/en\/research\/researchers\/shalini-lal-ph-d\/#primaryimage"},"thumbnailUrl":"https:\/\/readaptation.umontreal.ca\/wp-content\/uploads\/sites\/21\/2018\/05\/LAL_photo.jpg","datePublished":"2017-11-09T21:41:41+00:00","dateModified":"2025-06-12T14:18:07+00:00","breadcrumb":{"@id":"https:\/\/readaptation.umontreal.ca\/en\/research\/researchers\/shalini-lal-ph-d\/#breadcrumb"},"inLanguage":"en-US","potentialAction":[{"@type":"ReadAction","target":["https:\/\/readaptation.umontreal.ca\/en\/research\/researchers\/shalini-lal-ph-d\/"]}]},{"@type":"ImageObject","inLanguage":"en-US","@id":"https:\/\/readaptation.umontreal.ca\/en\/research\/researchers\/shalini-lal-ph-d\/#primaryimage","url":"https:\/\/readaptation.umontreal.ca\/wp-content\/uploads\/sites\/21\/2018\/05\/LAL_photo.jpg","contentUrl":"https:\/\/readaptation.umontreal.ca\/wp-content\/uploads\/sites\/21\/2018\/05\/LAL_photo.jpg"},{"@type":"BreadcrumbList","@id":"https:\/\/readaptation.umontreal.ca\/en\/research\/researchers\/shalini-lal-ph-d\/#breadcrumb","itemListElement":[{"@type":"ListItem","position":1,"name":"Accueil","item":"https:\/\/readaptation.umontreal.ca\/"},{"@type":"ListItem","position":2,"name":"Research","item":"https:\/\/readaptation.umontreal.ca\/en\/research\/"},{"@type":"ListItem","position":3,"name":"Researchers","item":"https:\/\/readaptation.umontreal.ca\/en\/research\/researchers\/"},{"@type":"ListItem","position":4,"name":"Shalini Lal, Ph.D."}]},{"@type":"WebSite","@id":"https:\/\/readaptation.umontreal.ca\/#website","url":"https:\/\/readaptation.umontreal.ca\/","name":"\u00c9cole de r\u00e9adaptation","description":"","potentialAction":[{"@type":"SearchAction","target":{"@type":"EntryPoint","urlTemplate":"https:\/\/readaptation.umontreal.ca\/?s={search_term_string}"},"query-input":{"@type":"PropertyValueSpecification","valueRequired":true,"valueName":"search_term_string"}}],"inLanguage":"en-US"}]}},"_links":{"self":[{"href":"https:\/\/readaptation.umontreal.ca\/en\/wp-json\/wp\/v2\/pages\/13877","targetHints":{"allow":["GET"]}}],"collection":[{"href":"https:\/\/readaptation.umontreal.ca\/en\/wp-json\/wp\/v2\/pages"}],"about":[{"href":"https:\/\/readaptation.umontreal.ca\/en\/wp-json\/wp\/v2\/types\/page"}],"author":[{"embeddable":true,"href":"https:\/\/readaptation.umontreal.ca\/en\/wp-json\/wp\/v2\/users\/25"}],"replies":[{"embeddable":true,"href":"https:\/\/readaptation.umontreal.ca\/en\/wp-json\/wp\/v2\/comments?post=13877"}],"version-history":[{"count":14,"href":"https:\/\/readaptation.umontreal.ca\/en\/wp-json\/wp\/v2\/pages\/13877\/revisions"}],"predecessor-version":[{"id":23470,"href":"https:\/\/readaptation.umontreal.ca\/en\/wp-json\/wp\/v2\/pages\/13877\/revisions\/23470"}],"up":[{"embeddable":true,"href":"https:\/\/readaptation.umontreal.ca\/en\/wp-json\/wp\/v2\/pages\/13845"}],"wp:attachment":[{"href":"https:\/\/readaptation.umontreal.ca\/en\/wp-json\/wp\/v2\/media?parent=13877"}],"curies":[{"name":"wp","href":"https:\/\/api.w.org\/{rel}","templated":true}]}}