{"id":13873,"date":"2017-11-09T22:40:29","date_gmt":"2017-11-09T21:40:29","guid":{"rendered":"https:\/\/readaptation.umontreal.ca\/?page_id=13873\/"},"modified":"2022-06-28T00:23:27","modified_gmt":"2022-06-27T23:23:27","slug":"dahlia-kairy-ph-d","status":"publish","type":"page","link":"https:\/\/readaptation.umontreal.ca\/en\/research\/researchers\/dahlia-kairy-ph-d\/","title":{"rendered":"Dahlia Kairy, Ph.D."},"content":{"rendered":"<div class=\"one-third first \">\n<span style=\"color: #ffffff\"><\/span><br \/>\n<span style=\"color: #ffffff\"><\/span><\/p>\n<p><img loading=\"lazy\" decoding=\"async\" class=\"alignnone\" src=\"https:\/\/readaptation.umontreal.ca\/wp-content\/uploads\/sites\/21\/dahlia-kairy-e1361377767679-147x1501.jpg\" width=\"147\" height=\"150\" \/><br \/>\n<\/div>\n<div class=\"two-third  \">\n<h3>Associate professor<\/h3>\n<p><strong>Contact (research)<\/strong><br \/>\nCentre for Interdisciplinary Research in Rehabilitation of Greater Montreal (CRIR)<br \/>\nInstitut universitaire sur la r\u00e9adaptation en d\u00e9ficience physique de Montr\u00e9al (IURDPM) du Centre int\u00e9gr\u00e9 universitaire de sant\u00e9 et de services sociaux du Centre-Sud-de-l\u2019\u00cele-de-Montr\u00e9al<br \/>\n6363, chemin Hudson<br \/>\nMontreal (Quebec) H3S 1M9<br \/>\n<strong>T<\/strong>\u00a0514-340-2085, #2034<\/p>\n<p><a href=\"http:\/\/www.criugm.qc.ca\/labo\/Chantal_Dumoulin\/\"><\/a><strong>Contact (school)<\/strong><br \/>\n<strong>T<\/strong> 514 343-6301<br \/>\n<strong>F<\/strong> 514 343-6929<br \/>\n<a href=\"mailto:dahlia.kairy@umontreal.ca\">dahlia.kairy@umontreal.ca<\/a><\/p>\n<p><strong>Program<\/strong><br \/>\nPhysiotherapy<br \/>\n<a href=\"https:\/\/www.youtube.com\/watch?v=dG9mBT9ZTY0\" target=\"_blank\" rel=\"noopener noreferrer\">Research background\u00a0 (french)<\/a><\/p>\n<\/div>\n<hr\/>\n<h2>Education<\/h2>\n<ul>\n<li>B.Sc. Physical Therapy, McGill University (1997)<\/li>\n<li>M.Sc. Rehabilitation Sciences, McGill University (2002)<\/li>\n<li>Ph.D. Public Health, Organization of Health Services option, Universit\u00e9 de Montr\u00e9al (2010)<\/li>\n<li>Postdoctoral Rehabilitation, Universit\u00e9 de Sherbrooke (2012)<\/li>\n<\/ul>\n<h2>Current research projects<\/h2>\n<ul>\n<li>Telerehabilitation projects and virtual reality in patients who had a stroke (balance, upper limb)<\/li>\n<li>Telerehabilitation project to support clinicians in early supported discharge interventions for patients who had a stroke<\/li>\n<li>Developing a mobile app to facilitate social participation for people with disability<\/li>\n<li>Development of an intelligent power wheelchairs and social participation<\/li>\n<li>Development and evaluation of communities of practice<\/li>\n<li>Evaluation of knowledge translation strategies in rehabilitation<\/li>\n<li>Evaluation of telerehabilitation implementation in rehabilitation settings<\/li>\n<\/ul>\n<h2>Selected publications<\/h2>\n<ul>\n<li>Norouzi-Gheidari, N., Hernandez, A., Archambault, P., Higgins, J., Poissant, L., &amp; <strong>Kairy, D<\/strong>. (2019). Feasibility, safety and efficacy of a virtual reality exergame system to supplement upper extremity rehabilitation post-stroke: a pilot randomized clinical trial and proof of principle. <em>International Journal of Environmental Research and Public Health, 17<\/em>(1). doi:10.3390\/ijerph17010113.<\/li>\n<li><strong>Kairy, D.<\/strong>, Messier, F., Zidarov, D., Ahmed, S., Poissant, L., Rushton, P.W., Vincent, C., Fillion, B., &amp; Lavoie, V. (2017). Evaluating the implementation process of a new telerehabilitation modality in three rehabilitation settings using the normalization process theory: study protocol. <em>International Journal of Healthcare Management<\/em>, 1-8. doi:<a href=\"https:\/\/doi.org\/10.1080\/20479700.2017.1314119\">10.1080\/20479700.2017.1314119<\/a><\/li>\n<li>Pan, S., <strong>Kairy, D.<\/strong>, Corriveau, H., &amp; Tousignant, M. (2017). Adapted Tai Chi Enhances Upper Limb Motor Control in Chronic Stroke Patients: A Pilot Study. <em>Journal of Novel Physiotherapy, 7<\/em>, 335. doi: 10.4172\/2165-7025.1000335<\/li>\n<li><strong>Kairy<\/strong><strong>,<\/strong><strong> D<\/strong><strong>.<\/strong><strong>, <\/strong>Soares Veras, M.M., Archambault, P., Hernandez, A., Higgins, J., Levin, M.F., Poissant, L., Raz, A., &amp; Kaizer, F. (2016). Maximizing post-stroke upper limb rehabilitation using a novel telerehabilitation interactive virtual reality system in the patient\u2019s home: a study protocol of a randomized clinical trial. <em>Contemporary Clinical Trials, 4<\/em>(47), 49-53. doi:10.1016\/j.cct.2015.12.006<\/li>\n<li>Veras, M., <strong>Kairy, D.<\/strong>, Rogante, M., Giacomozzi, C., &amp; Saraiva, S. (2017). Scoping review of outcome measures used in telerehabilitation and virtual reality for post-stroke rehabilitation. <em>Journal of Telemedicine and Telecare, 23<\/em>(6), 567-587. doi:10.1177\/1357633&#215;16656235<\/li>\n<li>Mazer, B.,<strong> Kairy, D.<\/strong>, Guindon, A., Girard, M., Swaine, B., Kehayia, A., &amp; Labbe, D. (2015). Rehabilitation Living Lab in the Mall: Learning Together to Improve Rehabilitation, Participation and Social Inclusion for People Living with Disabilities. <em>International Journal of Environmental Research and Public Health, 12<\/em>(4), 4439-4460. doi:10.3390\/ijerph120404439<\/li>\n<li><strong>Kairy, D.<\/strong>, Lehoux, P., &amp; Vincent, C. (2014). Exploring routine use of telemedicine through a case study in rehabilitation. <em>Revista Panamericana de Salud P\u00fablica\/Pan American Journal of Public Health, Special issue: eHealth in the Region of the Americas, 35<\/em>(5-6), 337-344.<\/li>\n<li><strong>Kairy, D.<\/strong>, Tousignant, M., Leclerc, N., C\u00f4t\u00e9, A.-M., Levasseur, M., &amp; Tel Age Researchers (2013). The patient\u2019s perspective of in-home telerehabilitation physiotherapy services following total knee arthroplasty. <em>International Journal of Environmental Research and Public Health, 10<\/em>(9), 3998-4011.<\/li>\n<li><strong>Kairy, D.<\/strong>, Lehoux, P., Vincent, C., &amp; Visintin, M. (2009). A systematic review of clinical outcomes, clinical process, health care utilization and costs associated with telerehabilitation. <em>Disability and Rehabilitation, 31<\/em>(6), 427-447. doi:10.1080\/09638280802062553<a href=\"http:\/\/www.ncbi.nlm.nih.gov\/pubmed?term=Kairy%2C%20Dahlia%5BAuthor%5D\"><\/a><\/li>\n<\/ul>\n<h2>In the media<\/h2>\n<ul>\n<li>Interview for the <em>Forum<\/em> newspaper of the Universit\u00e9 de Montr\u00e9al. <a href=\"https:\/\/nouvelles.umontreal.ca\/article\/2020\/05\/26\/une-etude-pour-documenter-le-recours-aux-soins-a-distance-en-readaptation\/?utm_source=COVID-19&amp;utm_campaign=09db16b2f5-EMAIL_CAMPAIGN_20200527&amp;utm_medium=email&amp;utm_term=0_8cea2058e0-09db16b2f5-332384089\" target=\"_blank\" rel=\"noopener noreferrer\"><em>Une \u00e9tude pour documenter le recours aux soins \u00e0 distance en r\u00e9adaptation<\/em><\/a>. May 26, 2020.<\/li>\n<li>Interview for the Infolettre of the Faculty of Medicine of the Universit\u00e9 de Montr\u00e9al. <a href=\"https:\/\/medecine.umontreal.ca\/2019\/05\/14\/teleconsultation-les-soins-de-sante-a-lere-du-4-0\/\" target=\"_blank\" rel=\"noopener noreferrer\"><em>T\u00e9l\u00e9consultation : les soins de sant\u00e9 \u00e0 l\u2019\u00e8re du 4.0<\/em><\/a>. May 14, 2019.<\/li>\n<li>Contribution to the section <span lang=\"fr\"><a href=\"https:\/\/can01.safelinks.protection.outlook.com\/?url=https%3A%2F%2Foppq.qc.ca%2Fwp-content%2Fuploads%2FPhysioQC-PrinEte2018_REV-29aout2018.pdf&amp;data=05%7C01%7Croxane.debroux.leduc%40umontreal.ca%7C6cf5b58396094cdb8c1808da4ec4d297%7Cd27eefec2a474be7981e0f8977fa31d8%7C1%7C0%7C637908904491633351%7CUnknown%7CTWFpbGZsb3d8eyJWIjoiMC4wLjAwMDAiLCJQIjoiV2luMzIiLCJBTiI6Ik1haWwiLCJXVCI6Mn0%3D%7C3000%7C%7C%7C&amp;sdata=2ou8vE%2FpwB59GCFisBWMGC%2FQqELTErKbDuHkDsSNc9U%3D&amp;reserved=0\" target=\"_blank\" rel=\"noopener noreferrer\" data-auth=\"Verified\" title=\"URL d'origine\u00a0: https:\/\/oppq.qc.ca\/wp-content\/uploads\/PhysioQC-PrinEte2018_REV-29aout2018.pdf. Cliquez ou appuyez si vous faites confiance \u00e0 ce lien.\" data-linkindex=\"5\">\u00ab<span lang=\"fr-CA\">\u00a0<em>La t\u00e9l\u00e9r\u00e9adaptation en trois questions\u00a0:\u00a0<\/em><\/span><em><span lang=\"fr-CA\">Quels sont les principaux risques et emb\u00fbches \u00e0 pr\u00e9voir<\/span><\/em><i><span lang=\"fr-CA\"><em> et comment puis-je les \u00e9viter ou les contourner\u00a0?\u00a0<\/em>\u00bb<\/span><\/i><\/a> of the Physio-Qu\u00e9bec magazine of the Ordre professionnel de la physioth\u00e9rapie du Qu\u00e9bec. Spring-Summer 2018.<\/span><\/li>\n<li><span lang=\"en-CA\">Interview on <\/span><span lang=\"en-US\">Acc\u00e8s Libre, Canal M.<\/span><span lang=\"en-CA\"><em> <\/em><a href=\"https:\/\/canalm.vuesetvoix.com\/des-projets-pour-faire-rayonner-laccessibilite-universelle\/\" target=\"_blank\" rel=\"noopener noreferrer\"><em>Table ronde sur le sch\u00e9mas d&#8217;innovation sociale<\/em><\/a>. Animators: Benoit Racette and Anne-Laure Jeanson. April 9, 2018.<\/span><\/li>\n<li>Article on the Hinnovic blog. <span lang=\"en-US\"><a href=\"https:\/\/can01.safelinks.protection.outlook.com\/?url=https%3A%2F%2Fwww.hinnovic.org%2Fpost%2Fstrategies-for-meaningfully-involving-users-in-the-development-of-an-intelligent-power-wheelchair&amp;data=05%7C01%7Croxane.debroux.leduc%40umontreal.ca%7C6cf5b58396094cdb8c1808da4ec4d297%7Cd27eefec2a474be7981e0f8977fa31d8%7C1%7C0%7C637908904491633351%7CUnknown%7CTWFpbGZsb3d8eyJWIjoiMC4wLjAwMDAiLCJQIjoiV2luMzIiLCJBTiI6Ik1haWwiLCJXVCI6Mn0%3D%7C3000%7C%7C%7C&amp;sdata=0IBYtl1TfYtqB47qbKSrhFc1oyoM9KvQAujULpycZCQ%3D&amp;reserved=0\" target=\"_blank\" rel=\"noopener noreferrer\" data-auth=\"Verified\" title=\"URL d'origine\u00a0: https:\/\/www.hinnovic.org\/post\/strategies-for-meaningfully-involving-users-in-the-development-of-an-intelligent-power-wheelchair. Cliquez ou appuyez si vous faites confiance \u00e0 ce lien.\" data-linkindex=\"9\"><em>Strategies for meaningfully involving users in the development of an intelligent power wheelchair<\/em>.<\/a> May 4, 2013.<\/span><\/li>\n<\/ul>\n<h2>Research interests<\/h2>\n<ul>\n<li>Technology implementation and evaluation<\/li>\n<li>Innovative approaches in rehabilitation<\/li>\n<li><a href=\"http:\/\/www.lapresse.ca\/videos\/actualites\/201403\/13\/46-1-la-therapie-par-la-console-de-jeu.php\/bf2accb0eb1344dc9e31f746e4e2df2e\">Telerehabilitation<\/a> and virtual reality<\/li>\n<li>Knowledge translation<\/li>\n<li><a href=\"http:\/\/www.hinnovic.org\/involving-users-dev-intelligent-wheelchair\/\">Qualitative approaches<\/a> and mixed methods<\/li>\n<\/ul>\n","protected":false},"excerpt":{"rendered":"<p>Education B.Sc. Physical Therapy, McGill University (1997) M.Sc. Rehabilitation Sciences, McGill University (2002) Ph.D. Public Health, Organization of Health Services option, Universit\u00e9 de Montr\u00e9al (2010) Postdoctoral Rehabilitation, Universit\u00e9 de Sherbrooke [&hellip;]<\/p>\n","protected":false},"author":25,"featured_media":0,"parent":13845,"menu_order":21,"comment_status":"closed","ping_status":"closed","template":"","meta":{"footnotes":""},"class_list":["post-13873","page","type-page","status-publish","hentry"],"yoast_head":"<!-- This site is optimized with the Yoast SEO plugin v25.0 - https:\/\/yoast.com\/wordpress\/plugins\/seo\/ -->\n<title>Dahlia Kairy, Ph.D. - \u00c9cole de r\u00e9adaptation - Universit\u00e9 de Montr\u00e9al<\/title>\n<meta name=\"robots\" content=\"index, follow, max-snippet:-1, max-image-preview:large, max-video-preview:-1\" \/>\n<link rel=\"canonical\" href=\"https:\/\/readaptation.umontreal.ca\/en\/research\/researchers\/dahlia-kairy-ph-d\/\" \/>\n<meta property=\"og:locale\" content=\"en_US\" \/>\n<meta property=\"og:type\" content=\"article\" \/>\n<meta property=\"og:title\" content=\"Dahlia Kairy, Ph.D. - \u00c9cole de r\u00e9adaptation - Universit\u00e9 de Montr\u00e9al\" \/>\n<meta property=\"og:description\" content=\"Education B.Sc. Physical Therapy, McGill University (1997) M.Sc. Rehabilitation Sciences, McGill University (2002) Ph.D. Public Health, Organization of Health Services option, Universit\u00e9 de Montr\u00e9al (2010) Postdoctoral Rehabilitation, Universit\u00e9 de Sherbrooke [&hellip;]\" \/>\n<meta property=\"og:url\" content=\"https:\/\/readaptation.umontreal.ca\/en\/research\/researchers\/dahlia-kairy-ph-d\/\" \/>\n<meta property=\"og:site_name\" content=\"\u00c9cole de r\u00e9adaptation\" \/>\n<meta property=\"article:modified_time\" content=\"2022-06-27T23:23:27+00:00\" \/>\n<meta property=\"og:image\" content=\"https:\/\/readaptation-prod.umontreal.ca\/wp-content\/uploads\/sites\/21\/dahlia-kairy-e1361377767679-147x1501.jpg\" \/>\n<meta name=\"twitter:label1\" content=\"Est. reading time\" \/>\n\t<meta name=\"twitter:data1\" content=\"4 minutes\" \/>\n<script type=\"application\/ld+json\" class=\"yoast-schema-graph\">{\"@context\":\"https:\/\/schema.org\",\"@graph\":[{\"@type\":\"WebPage\",\"@id\":\"https:\/\/readaptation.umontreal.ca\/en\/research\/researchers\/dahlia-kairy-ph-d\/\",\"url\":\"https:\/\/readaptation.umontreal.ca\/en\/research\/researchers\/dahlia-kairy-ph-d\/\",\"name\":\"Dahlia Kairy, Ph.D. - \u00c9cole de r\u00e9adaptation - Universit\u00e9 de Montr\u00e9al\",\"isPartOf\":{\"@id\":\"https:\/\/readaptation.umontreal.ca\/#website\"},\"primaryImageOfPage\":{\"@id\":\"https:\/\/readaptation.umontreal.ca\/en\/research\/researchers\/dahlia-kairy-ph-d\/#primaryimage\"},\"image\":{\"@id\":\"https:\/\/readaptation.umontreal.ca\/en\/research\/researchers\/dahlia-kairy-ph-d\/#primaryimage\"},\"thumbnailUrl\":\"https:\/\/readaptation.umontreal.ca\/wp-content\/uploads\/sites\/21\/dahlia-kairy-e1361377767679-147x1501.jpg\",\"datePublished\":\"2017-11-09T21:40:29+00:00\",\"dateModified\":\"2022-06-27T23:23:27+00:00\",\"breadcrumb\":{\"@id\":\"https:\/\/readaptation.umontreal.ca\/en\/research\/researchers\/dahlia-kairy-ph-d\/#breadcrumb\"},\"inLanguage\":\"en-US\",\"potentialAction\":[{\"@type\":\"ReadAction\",\"target\":[\"https:\/\/readaptation.umontreal.ca\/en\/research\/researchers\/dahlia-kairy-ph-d\/\"]}]},{\"@type\":\"ImageObject\",\"inLanguage\":\"en-US\",\"@id\":\"https:\/\/readaptation.umontreal.ca\/en\/research\/researchers\/dahlia-kairy-ph-d\/#primaryimage\",\"url\":\"https:\/\/readaptation.umontreal.ca\/wp-content\/uploads\/sites\/21\/dahlia-kairy-e1361377767679-147x1501.jpg\",\"contentUrl\":\"https:\/\/readaptation.umontreal.ca\/wp-content\/uploads\/sites\/21\/dahlia-kairy-e1361377767679-147x1501.jpg\"},{\"@type\":\"BreadcrumbList\",\"@id\":\"https:\/\/readaptation.umontreal.ca\/en\/research\/researchers\/dahlia-kairy-ph-d\/#breadcrumb\",\"itemListElement\":[{\"@type\":\"ListItem\",\"position\":1,\"name\":\"Accueil\",\"item\":\"https:\/\/readaptation.umontreal.ca\/\"},{\"@type\":\"ListItem\",\"position\":2,\"name\":\"Research\",\"item\":\"https:\/\/readaptation.umontreal.ca\/en\/research\/\"},{\"@type\":\"ListItem\",\"position\":3,\"name\":\"Researchers\",\"item\":\"https:\/\/readaptation.umontreal.ca\/en\/research\/researchers\/\"},{\"@type\":\"ListItem\",\"position\":4,\"name\":\"Dahlia Kairy, Ph.D.\"}]},{\"@type\":\"WebSite\",\"@id\":\"https:\/\/readaptation.umontreal.ca\/#website\",\"url\":\"https:\/\/readaptation.umontreal.ca\/\",\"name\":\"\u00c9cole de r\u00e9adaptation\",\"description\":\"\",\"potentialAction\":[{\"@type\":\"SearchAction\",\"target\":{\"@type\":\"EntryPoint\",\"urlTemplate\":\"https:\/\/readaptation.umontreal.ca\/?s={search_term_string}\"},\"query-input\":{\"@type\":\"PropertyValueSpecification\",\"valueRequired\":true,\"valueName\":\"search_term_string\"}}],\"inLanguage\":\"en-US\"}]}<\/script>\n<!-- \/ Yoast SEO plugin. -->","yoast_head_json":{"title":"Dahlia Kairy, Ph.D. - \u00c9cole de r\u00e9adaptation - Universit\u00e9 de Montr\u00e9al","robots":{"index":"index","follow":"follow","max-snippet":"max-snippet:-1","max-image-preview":"max-image-preview:large","max-video-preview":"max-video-preview:-1"},"canonical":"https:\/\/readaptation.umontreal.ca\/en\/research\/researchers\/dahlia-kairy-ph-d\/","og_locale":"en_US","og_type":"article","og_title":"Dahlia Kairy, Ph.D. - \u00c9cole de r\u00e9adaptation - Universit\u00e9 de Montr\u00e9al","og_description":"Education B.Sc. Physical Therapy, McGill University (1997) M.Sc. Rehabilitation Sciences, McGill University (2002) Ph.D. Public Health, Organization of Health Services option, Universit\u00e9 de Montr\u00e9al (2010) Postdoctoral Rehabilitation, Universit\u00e9 de Sherbrooke [&hellip;]","og_url":"https:\/\/readaptation.umontreal.ca\/en\/research\/researchers\/dahlia-kairy-ph-d\/","og_site_name":"\u00c9cole de r\u00e9adaptation","article_modified_time":"2022-06-27T23:23:27+00:00","og_image":[{"url":"https:\/\/readaptation-prod.umontreal.ca\/wp-content\/uploads\/sites\/21\/dahlia-kairy-e1361377767679-147x1501.jpg","type":"","width":"","height":""}],"twitter_misc":{"Est. reading time":"4 minutes"},"schema":{"@context":"https:\/\/schema.org","@graph":[{"@type":"WebPage","@id":"https:\/\/readaptation.umontreal.ca\/en\/research\/researchers\/dahlia-kairy-ph-d\/","url":"https:\/\/readaptation.umontreal.ca\/en\/research\/researchers\/dahlia-kairy-ph-d\/","name":"Dahlia Kairy, Ph.D. - \u00c9cole de r\u00e9adaptation - Universit\u00e9 de Montr\u00e9al","isPartOf":{"@id":"https:\/\/readaptation.umontreal.ca\/#website"},"primaryImageOfPage":{"@id":"https:\/\/readaptation.umontreal.ca\/en\/research\/researchers\/dahlia-kairy-ph-d\/#primaryimage"},"image":{"@id":"https:\/\/readaptation.umontreal.ca\/en\/research\/researchers\/dahlia-kairy-ph-d\/#primaryimage"},"thumbnailUrl":"https:\/\/readaptation.umontreal.ca\/wp-content\/uploads\/sites\/21\/dahlia-kairy-e1361377767679-147x1501.jpg","datePublished":"2017-11-09T21:40:29+00:00","dateModified":"2022-06-27T23:23:27+00:00","breadcrumb":{"@id":"https:\/\/readaptation.umontreal.ca\/en\/research\/researchers\/dahlia-kairy-ph-d\/#breadcrumb"},"inLanguage":"en-US","potentialAction":[{"@type":"ReadAction","target":["https:\/\/readaptation.umontreal.ca\/en\/research\/researchers\/dahlia-kairy-ph-d\/"]}]},{"@type":"ImageObject","inLanguage":"en-US","@id":"https:\/\/readaptation.umontreal.ca\/en\/research\/researchers\/dahlia-kairy-ph-d\/#primaryimage","url":"https:\/\/readaptation.umontreal.ca\/wp-content\/uploads\/sites\/21\/dahlia-kairy-e1361377767679-147x1501.jpg","contentUrl":"https:\/\/readaptation.umontreal.ca\/wp-content\/uploads\/sites\/21\/dahlia-kairy-e1361377767679-147x1501.jpg"},{"@type":"BreadcrumbList","@id":"https:\/\/readaptation.umontreal.ca\/en\/research\/researchers\/dahlia-kairy-ph-d\/#breadcrumb","itemListElement":[{"@type":"ListItem","position":1,"name":"Accueil","item":"https:\/\/readaptation.umontreal.ca\/"},{"@type":"ListItem","position":2,"name":"Research","item":"https:\/\/readaptation.umontreal.ca\/en\/research\/"},{"@type":"ListItem","position":3,"name":"Researchers","item":"https:\/\/readaptation.umontreal.ca\/en\/research\/researchers\/"},{"@type":"ListItem","position":4,"name":"Dahlia Kairy, Ph.D."}]},{"@type":"WebSite","@id":"https:\/\/readaptation.umontreal.ca\/#website","url":"https:\/\/readaptation.umontreal.ca\/","name":"\u00c9cole de r\u00e9adaptation","description":"","potentialAction":[{"@type":"SearchAction","target":{"@type":"EntryPoint","urlTemplate":"https:\/\/readaptation.umontreal.ca\/?s={search_term_string}"},"query-input":{"@type":"PropertyValueSpecification","valueRequired":true,"valueName":"search_term_string"}}],"inLanguage":"en-US"}]}},"_links":{"self":[{"href":"https:\/\/readaptation.umontreal.ca\/en\/wp-json\/wp\/v2\/pages\/13873","targetHints":{"allow":["GET"]}}],"collection":[{"href":"https:\/\/readaptation.umontreal.ca\/en\/wp-json\/wp\/v2\/pages"}],"about":[{"href":"https:\/\/readaptation.umontreal.ca\/en\/wp-json\/wp\/v2\/types\/page"}],"author":[{"embeddable":true,"href":"https:\/\/readaptation.umontreal.ca\/en\/wp-json\/wp\/v2\/users\/25"}],"replies":[{"embeddable":true,"href":"https:\/\/readaptation.umontreal.ca\/en\/wp-json\/wp\/v2\/comments?post=13873"}],"version-history":[{"count":11,"href":"https:\/\/readaptation.umontreal.ca\/en\/wp-json\/wp\/v2\/pages\/13873\/revisions"}],"predecessor-version":[{"id":19326,"href":"https:\/\/readaptation.umontreal.ca\/en\/wp-json\/wp\/v2\/pages\/13873\/revisions\/19326"}],"up":[{"embeddable":true,"href":"https:\/\/readaptation.umontreal.ca\/en\/wp-json\/wp\/v2\/pages\/13845"}],"wp:attachment":[{"href":"https:\/\/readaptation.umontreal.ca\/en\/wp-json\/wp\/v2\/media?parent=13873"}],"curies":[{"name":"wp","href":"https:\/\/api.w.org\/{rel}","templated":true}]}}