{"id":13871,"date":"2017-11-09T22:39:53","date_gmt":"2017-11-09T21:39:53","guid":{"rendered":"https:\/\/readaptation.umontreal.ca\/?page_id=13871\/"},"modified":"2025-06-12T19:43:33","modified_gmt":"2025-06-12T18:43:33","slug":"johanne-higgins-ph-d","status":"publish","type":"page","link":"https:\/\/readaptation.umontreal.ca\/en\/research\/researchers\/johanne-higgins-ph-d\/","title":{"rendered":"Johanne Higgins, Ph.D."},"content":{"rendered":"<div class=\"one-third first \">\n<span style=\"color: #ffffff;\">_<\/span><\/p>\n<h2><img loading=\"lazy\" decoding=\"async\" src=\"https:\/\/readaptation.umontreal.ca\/wp-content\/uploads\/sites\/21\/2025\/06\/20250612_JohanneHiggins.png\" class=\"alignnone wp-image-23480\" width=\"180\" height=\"164\" alt=\"\" \/><\/h2>\n<\/div>\n<div class=\"two-third  \">\n<h3>Full Professor<\/h3>\n<p><strong>Contact details (research)<br \/>\n<\/strong>Centre de recherche interdisciplinaire en r\u00e9adaptation (CRIR) du Montr\u00e9al m\u00e9tropolitain<br \/>\nSite de l\u2019Institut universitaire sur la r\u00e9adaptation en d\u00e9ficience physique du\u00a0CIUSSS Centre-Sud-de-l&#8217;\u00cele-de-Montr\u00e9al<br \/>\n6300, Darlington Ave<br \/>\nMontreal (Qc) H3S 2J4<br \/>\n<strong>T<\/strong> 514-340-2085, ext. 2189<\/p>\n<p><strong>Contact details (School of Rehabilitation)<\/strong><br \/>\n<strong>T<\/strong> 514 343-6111 ext.14504<br \/>\n<a href=\"mailto:johanne.higgins@umontreal.ca\">johanne.higgins@umontreal.ca<\/a><\/p>\n<p><strong>Program<\/strong><br \/>\nOccupational Therapy<\/p>\n<p><a href=\"https:\/\/youtu.be\/HJNTEFumvkM\" target=\"_blank\" rel=\"noopener noreferrer\">Research background (french)<\/a><\/p>\n<\/div>\n<hr\/>\n<h2>Education<\/h2>\n<ul>\n<li>B.Sc. Occupational Therapy, Universit\u00e9 Laval (1995)<\/li>\n<li>M.Sc. Rehabilitation Science, McGill University (1998)<\/li>\n<li>Ph.D. Rehabilitation Science, McGill University (2008)<\/li>\n<li>Postdoctorate, Department of Experimental Medicine, McGill University (2009)<\/li>\n<\/ul>\n<h2><strong>Current research projects<\/strong><\/h2>\n<ul>\n<li>Relieving chronic pain in the elderly using transcranial direct current stimulation.<\/li>\n<li>Development and use of a bimanual exerciser for the rehabilitation of hemiparetic persons.<\/li>\n<li>Development and use of a robotic glove for hand rehabilitation in hemiparetic patients.<\/li>\n<\/ul>\n<h2>Selected publications<\/h2>\n<ul>\n<li>Vakil P, Ferr\u00e9 P, <strong>Higgins<\/strong> J, Beaulieu LD, Milot MH, Boudrias MH. Descriptive retrospective cross-sectional study of rehabilitation care for poststroke users in Qu\u00e9bec during the COVID-19 pandemic. BMJ Open. 2025 Jan 28;15(1):e082602. doi: 10.1136\/bmjopen-2023-082602. PMID: 39880428; PMCID: PMC11781130.<\/li>\n<li>Elfassy C, Wagner L, <strong>Higgins J<\/strong>, Montpetit K, Snider L, Dahan-Oliel N. Stakeholder engagement in the development of an upper extremity outcome measure for children with rare musculoskeletal conditions. Res Involv Engagem. 2023 Aug 8;9(1):64. doi: 10.1186\/s40900-023-00479-6. PMID: 37553603; PMCID: PMC10408044.<\/li>\n<li>Akremi H*, <strong>Higgins J<\/strong>, Guediri A, Aissaoui R, Nadeau S. Seated postural organization during bilateral upper limb symmetric and asymmetric pushing tasks in individuals after stroke compared to healthy controls. Gait Posture. 2023 Jul;104:83-89. doi: 10.1016\/j.gaitpost.2023.06.011. Epub 2023 Jun 17. PMID: 37343399.<\/li>\n<li>Proulx C*, <strong>Higgins J<\/strong>, Vincent C, Hewko M, Vaughan T, Gagnon D, Dany User-centered development process of an operating interface to couple a robotic glove with a virtual environment to optimize hand rehabilitation following a stroke. J Rehabil Assist Technol Eng. Apr. 2023.<\/li>\n<li>Hernandez A, Bubyr L, Archambault P, <strong>Higgins J<\/strong>, Levin MF, Kairy D. VR-based rehabilitation as a Feasible and Engaging Tool for the Management of Chronic Post-Stroke Upper Extremity Function Recovery: A Randomized Controlled Trial. 27;10(3):e37506. doi: 10.2196\/37506. 2022. PMID: 36166289; PMCID: PMC9555337.<\/li>\n<li>All\u00e8gue DR*,\u00a0<strong>Higgins J<\/strong>,\u00a0Sweet SN,Archambault PS, Michaud F, Miller W, Tousignant M, Kairy D. Lessons learned from clinicians and stroke survivors about using telerehabilitation combined with exergames: A multiple case study. JMIR Rehabilitation and Assistive Technologies.\u00a0 15;9(3):e31305. doi: 10.2196\/31305. PMID: 36107484.<\/li>\n<li>All\u00e8gue DR*,\u00a0<strong>Higgins J<\/strong>,\u00a0Sweet SN,Archambault PS, Michaud F, Miller W, Tousignant M, Kairy D.\u00a0Rehabilitation of upper extremity by telerehabilitation combined with exergames in chronic stroke survivors: Preliminary findings from a feasibility clinical trial.\u00a0JMIR Rehabil Assist Technol. 2022 Jun 22;9(2):e33745.<\/li>\n<li>Auger L-P, Masse J, Higgins J. Sexuality in Occupational Therapy: A Call to Action. British Journal of Occupational Therapy. 2022;85(9):627-628. doi:10.1177\/03080226221107769<\/li>\n<li>Proulx CE*, Louis Jean MT, <strong>Higgins J<\/strong>, Gagnon DH, Dancause N. Somesthetic, Visual, and Auditory Feedback and Their Interaction Applied to Upper Limb Neurorehabilitation Technology: A Narrative Review to Facilitate Contextualization of Knowledge. Frontier in rehabilitation science. https:\/\/www.frontiersin.org\/article\/10.3389\/fresc.2022.<\/li>\n<li>Akremi H*, <strong>Higgins J,<\/strong> Aissaoui R, Nadeau S. Bilateral motor coordination during upper limb symmetric pushing movements at two levels of force resistance in healthy and post-stroke individuals. Hum Mov Sci. 2022 Feb;81:102913. doi: 10.1016\/j.humov.2021.102913. <em>FI: 2.15<\/em>. Epub 2021 Dec 21. PMID: 34952321.<\/li>\n<\/ul>\n<h2><strong>Research interests<\/strong><\/h2>\n<ul>\n<li>Neurophysiological mechanisms underlying recovery of the upper limb following a stroke<\/li>\n<li>Neurophysiological mechanisms of musculoskeletal conditions and pain<\/li>\n<li>Non-invasive Brain Stimulation<\/li>\n<li>Development and validation of assessment and measurement tools using contemporary statistical methodology<\/li>\n<\/ul>\n<ul><\/ul>\n","protected":false},"excerpt":{"rendered":"<p>Education B.Sc. Occupational Therapy, Universit\u00e9 Laval (1995) M.Sc. Rehabilitation Science, McGill University (1998) Ph.D. Rehabilitation Science, McGill University (2008) Postdoctorate, Department of Experimental Medicine, McGill University (2009) Current research projects [&hellip;]<\/p>\n","protected":false},"author":25,"featured_media":0,"parent":13845,"menu_order":19,"comment_status":"closed","ping_status":"closed","template":"","meta":{"footnotes":""},"class_list":["post-13871","page","type-page","status-publish","hentry"],"yoast_head":"<!-- This site is optimized with the Yoast SEO plugin v25.0 - https:\/\/yoast.com\/wordpress\/plugins\/seo\/ -->\n<title>Johanne Higgins, Ph.D. - \u00c9cole de r\u00e9adaptation - Universit\u00e9 de Montr\u00e9al<\/title>\n<meta name=\"robots\" content=\"index, follow, max-snippet:-1, max-image-preview:large, max-video-preview:-1\" \/>\n<link rel=\"canonical\" href=\"https:\/\/readaptation.umontreal.ca\/en\/research\/researchers\/johanne-higgins-ph-d\/\" \/>\n<meta property=\"og:locale\" content=\"en_US\" \/>\n<meta property=\"og:type\" content=\"article\" \/>\n<meta property=\"og:title\" content=\"Johanne Higgins, Ph.D. - \u00c9cole de r\u00e9adaptation - Universit\u00e9 de Montr\u00e9al\" \/>\n<meta property=\"og:description\" content=\"Education B.Sc. Occupational Therapy, Universit\u00e9 Laval (1995) M.Sc. Rehabilitation Science, McGill University (1998) Ph.D. Rehabilitation Science, McGill University (2008) Postdoctorate, Department of Experimental Medicine, McGill University (2009) Current research projects [&hellip;]\" \/>\n<meta property=\"og:url\" content=\"https:\/\/readaptation.umontreal.ca\/en\/research\/researchers\/johanne-higgins-ph-d\/\" \/>\n<meta property=\"og:site_name\" content=\"\u00c9cole de r\u00e9adaptation\" \/>\n<meta property=\"article:modified_time\" content=\"2025-06-12T18:43:33+00:00\" \/>\n<meta property=\"og:image\" content=\"https:\/\/readaptation.umontreal.ca\/wp-content\/uploads\/sites\/21\/2025\/06\/20250612_JohanneHiggins.png\" \/>\n\t<meta property=\"og:image:width\" content=\"122\" \/>\n\t<meta property=\"og:image:height\" content=\"111\" \/>\n\t<meta property=\"og:image:type\" content=\"image\/png\" \/>\n<meta name=\"twitter:label1\" content=\"Est. reading time\" \/>\n\t<meta name=\"twitter:data1\" content=\"4 minutes\" \/>\n<script type=\"application\/ld+json\" class=\"yoast-schema-graph\">{\"@context\":\"https:\/\/schema.org\",\"@graph\":[{\"@type\":\"WebPage\",\"@id\":\"https:\/\/readaptation.umontreal.ca\/en\/research\/researchers\/johanne-higgins-ph-d\/\",\"url\":\"https:\/\/readaptation.umontreal.ca\/en\/research\/researchers\/johanne-higgins-ph-d\/\",\"name\":\"Johanne Higgins, Ph.D. - \u00c9cole de r\u00e9adaptation - Universit\u00e9 de Montr\u00e9al\",\"isPartOf\":{\"@id\":\"https:\/\/readaptation.umontreal.ca\/#website\"},\"primaryImageOfPage\":{\"@id\":\"https:\/\/readaptation.umontreal.ca\/en\/research\/researchers\/johanne-higgins-ph-d\/#primaryimage\"},\"image\":{\"@id\":\"https:\/\/readaptation.umontreal.ca\/en\/research\/researchers\/johanne-higgins-ph-d\/#primaryimage\"},\"thumbnailUrl\":\"https:\/\/readaptation.umontreal.ca\/wp-content\/uploads\/sites\/21\/2025\/06\/20250612_JohanneHiggins.png\",\"datePublished\":\"2017-11-09T21:39:53+00:00\",\"dateModified\":\"2025-06-12T18:43:33+00:00\",\"breadcrumb\":{\"@id\":\"https:\/\/readaptation.umontreal.ca\/en\/research\/researchers\/johanne-higgins-ph-d\/#breadcrumb\"},\"inLanguage\":\"en-US\",\"potentialAction\":[{\"@type\":\"ReadAction\",\"target\":[\"https:\/\/readaptation.umontreal.ca\/en\/research\/researchers\/johanne-higgins-ph-d\/\"]}]},{\"@type\":\"ImageObject\",\"inLanguage\":\"en-US\",\"@id\":\"https:\/\/readaptation.umontreal.ca\/en\/research\/researchers\/johanne-higgins-ph-d\/#primaryimage\",\"url\":\"https:\/\/readaptation.umontreal.ca\/wp-content\/uploads\/sites\/21\/2025\/06\/20250612_JohanneHiggins.png\",\"contentUrl\":\"https:\/\/readaptation.umontreal.ca\/wp-content\/uploads\/sites\/21\/2025\/06\/20250612_JohanneHiggins.png\"},{\"@type\":\"BreadcrumbList\",\"@id\":\"https:\/\/readaptation.umontreal.ca\/en\/research\/researchers\/johanne-higgins-ph-d\/#breadcrumb\",\"itemListElement\":[{\"@type\":\"ListItem\",\"position\":1,\"name\":\"Accueil\",\"item\":\"https:\/\/readaptation.umontreal.ca\/\"},{\"@type\":\"ListItem\",\"position\":2,\"name\":\"Research\",\"item\":\"https:\/\/readaptation.umontreal.ca\/en\/research\/\"},{\"@type\":\"ListItem\",\"position\":3,\"name\":\"Researchers\",\"item\":\"https:\/\/readaptation.umontreal.ca\/en\/research\/researchers\/\"},{\"@type\":\"ListItem\",\"position\":4,\"name\":\"Johanne Higgins, Ph.D.\"}]},{\"@type\":\"WebSite\",\"@id\":\"https:\/\/readaptation.umontreal.ca\/#website\",\"url\":\"https:\/\/readaptation.umontreal.ca\/\",\"name\":\"\u00c9cole de r\u00e9adaptation\",\"description\":\"\",\"potentialAction\":[{\"@type\":\"SearchAction\",\"target\":{\"@type\":\"EntryPoint\",\"urlTemplate\":\"https:\/\/readaptation.umontreal.ca\/?s={search_term_string}\"},\"query-input\":{\"@type\":\"PropertyValueSpecification\",\"valueRequired\":true,\"valueName\":\"search_term_string\"}}],\"inLanguage\":\"en-US\"}]}<\/script>\n<!-- \/ Yoast SEO plugin. -->","yoast_head_json":{"title":"Johanne Higgins, Ph.D. - \u00c9cole de r\u00e9adaptation - Universit\u00e9 de Montr\u00e9al","robots":{"index":"index","follow":"follow","max-snippet":"max-snippet:-1","max-image-preview":"max-image-preview:large","max-video-preview":"max-video-preview:-1"},"canonical":"https:\/\/readaptation.umontreal.ca\/en\/research\/researchers\/johanne-higgins-ph-d\/","og_locale":"en_US","og_type":"article","og_title":"Johanne Higgins, Ph.D. - \u00c9cole de r\u00e9adaptation - Universit\u00e9 de Montr\u00e9al","og_description":"Education B.Sc. Occupational Therapy, Universit\u00e9 Laval (1995) M.Sc. Rehabilitation Science, McGill University (1998) Ph.D. Rehabilitation Science, McGill University (2008) Postdoctorate, Department of Experimental Medicine, McGill University (2009) Current research projects [&hellip;]","og_url":"https:\/\/readaptation.umontreal.ca\/en\/research\/researchers\/johanne-higgins-ph-d\/","og_site_name":"\u00c9cole de r\u00e9adaptation","article_modified_time":"2025-06-12T18:43:33+00:00","og_image":[{"width":122,"height":111,"url":"https:\/\/readaptation.umontreal.ca\/wp-content\/uploads\/sites\/21\/2025\/06\/20250612_JohanneHiggins.png","type":"image\/png"}],"twitter_misc":{"Est. reading time":"4 minutes"},"schema":{"@context":"https:\/\/schema.org","@graph":[{"@type":"WebPage","@id":"https:\/\/readaptation.umontreal.ca\/en\/research\/researchers\/johanne-higgins-ph-d\/","url":"https:\/\/readaptation.umontreal.ca\/en\/research\/researchers\/johanne-higgins-ph-d\/","name":"Johanne Higgins, Ph.D. - \u00c9cole de r\u00e9adaptation - Universit\u00e9 de Montr\u00e9al","isPartOf":{"@id":"https:\/\/readaptation.umontreal.ca\/#website"},"primaryImageOfPage":{"@id":"https:\/\/readaptation.umontreal.ca\/en\/research\/researchers\/johanne-higgins-ph-d\/#primaryimage"},"image":{"@id":"https:\/\/readaptation.umontreal.ca\/en\/research\/researchers\/johanne-higgins-ph-d\/#primaryimage"},"thumbnailUrl":"https:\/\/readaptation.umontreal.ca\/wp-content\/uploads\/sites\/21\/2025\/06\/20250612_JohanneHiggins.png","datePublished":"2017-11-09T21:39:53+00:00","dateModified":"2025-06-12T18:43:33+00:00","breadcrumb":{"@id":"https:\/\/readaptation.umontreal.ca\/en\/research\/researchers\/johanne-higgins-ph-d\/#breadcrumb"},"inLanguage":"en-US","potentialAction":[{"@type":"ReadAction","target":["https:\/\/readaptation.umontreal.ca\/en\/research\/researchers\/johanne-higgins-ph-d\/"]}]},{"@type":"ImageObject","inLanguage":"en-US","@id":"https:\/\/readaptation.umontreal.ca\/en\/research\/researchers\/johanne-higgins-ph-d\/#primaryimage","url":"https:\/\/readaptation.umontreal.ca\/wp-content\/uploads\/sites\/21\/2025\/06\/20250612_JohanneHiggins.png","contentUrl":"https:\/\/readaptation.umontreal.ca\/wp-content\/uploads\/sites\/21\/2025\/06\/20250612_JohanneHiggins.png"},{"@type":"BreadcrumbList","@id":"https:\/\/readaptation.umontreal.ca\/en\/research\/researchers\/johanne-higgins-ph-d\/#breadcrumb","itemListElement":[{"@type":"ListItem","position":1,"name":"Accueil","item":"https:\/\/readaptation.umontreal.ca\/"},{"@type":"ListItem","position":2,"name":"Research","item":"https:\/\/readaptation.umontreal.ca\/en\/research\/"},{"@type":"ListItem","position":3,"name":"Researchers","item":"https:\/\/readaptation.umontreal.ca\/en\/research\/researchers\/"},{"@type":"ListItem","position":4,"name":"Johanne Higgins, Ph.D."}]},{"@type":"WebSite","@id":"https:\/\/readaptation.umontreal.ca\/#website","url":"https:\/\/readaptation.umontreal.ca\/","name":"\u00c9cole de r\u00e9adaptation","description":"","potentialAction":[{"@type":"SearchAction","target":{"@type":"EntryPoint","urlTemplate":"https:\/\/readaptation.umontreal.ca\/?s={search_term_string}"},"query-input":{"@type":"PropertyValueSpecification","valueRequired":true,"valueName":"search_term_string"}}],"inLanguage":"en-US"}]}},"_links":{"self":[{"href":"https:\/\/readaptation.umontreal.ca\/en\/wp-json\/wp\/v2\/pages\/13871","targetHints":{"allow":["GET"]}}],"collection":[{"href":"https:\/\/readaptation.umontreal.ca\/en\/wp-json\/wp\/v2\/pages"}],"about":[{"href":"https:\/\/readaptation.umontreal.ca\/en\/wp-json\/wp\/v2\/types\/page"}],"author":[{"embeddable":true,"href":"https:\/\/readaptation.umontreal.ca\/en\/wp-json\/wp\/v2\/users\/25"}],"replies":[{"embeddable":true,"href":"https:\/\/readaptation.umontreal.ca\/en\/wp-json\/wp\/v2\/comments?post=13871"}],"version-history":[{"count":12,"href":"https:\/\/readaptation.umontreal.ca\/en\/wp-json\/wp\/v2\/pages\/13871\/revisions"}],"predecessor-version":[{"id":23487,"href":"https:\/\/readaptation.umontreal.ca\/en\/wp-json\/wp\/v2\/pages\/13871\/revisions\/23487"}],"up":[{"embeddable":true,"href":"https:\/\/readaptation.umontreal.ca\/en\/wp-json\/wp\/v2\/pages\/13845"}],"wp:attachment":[{"href":"https:\/\/readaptation.umontreal.ca\/en\/wp-json\/wp\/v2\/media?parent=13871"}],"curies":[{"name":"wp","href":"https:\/\/api.w.org\/{rel}","templated":true}]}}