{"id":13869,"date":"2017-11-09T22:39:28","date_gmt":"2017-11-09T21:39:28","guid":{"rendered":"https:\/\/readaptation.umontreal.ca\/?page_id=13869\/"},"modified":"2020-06-17T21:22:37","modified_gmt":"2020-06-17T20:22:37","slug":"carole-fortin-ph-d","status":"publish","type":"page","link":"https:\/\/readaptation.umontreal.ca\/en\/research\/researchers\/carole-fortin-ph-d\/","title":{"rendered":"Carole Fortin, Ph.D."},"content":{"rendered":"<div class=\"one-third first \">\n<h3><img loading=\"lazy\" decoding=\"async\" src=\"https:\/\/readaptation.umontreal.ca\/wp-content\/uploads\/sites\/21\/Carole_Fortin_web.jpg\" alt=\"Carole Fortin\" class=\"alignnone size-full wp-image-12432\" width=\"160\" height=\"197\" \/><\/h3>\n<\/div>\n<div class=\"two-third  \">\n<h3>Associate Professor<\/h3>\n<p><b>Contact details (Research)<br \/>\n<\/b>Research Centre CHU Sainte-Justine<br \/>\nSite Centre de r\u00e9adaptation Marie Enfant<br \/>\n5200, rue B\u00e9langer Est<br \/>\nMontr\u00e9al (Qu\u00e9bec), H1T 1C9<br \/>\n<strong>T<\/strong> 514 374 1710, ext. 8136<\/p>\n<p><strong>Contact details (School of<\/strong> R<strong>ehabilitation)<\/strong><br \/>\n<strong>T<\/strong> \u00a0514 343 6111, ext. 17262<br \/>\n<strong>F<\/strong> \u00a0514 343-6929<br \/>\n<a href=\"mailto:Carole.fortin@umontreal.ca\">Carole.fortin@umontreal.ca<\/a><\/p>\n<p><strong>Program<br \/>\n<\/strong>Physiotherapy<\/p>\n<\/div>\n<hr\/>\n<h2>Education<\/h2>\n<ul>\n<li>B.Sc. Physiotherapy, University of Montreal (1983)<\/li>\n<li>M.Sc. Biomedical Sciences (rehabilitation option), University of Montreal (2004)<\/li>\n<li>Ph.D. Biomedical Sciences, University of Montreal (2010)<\/li>\n<li>Postdoctorat, Laboratory of Cognitive Neurosciences, Aix Marseille University-CNRS, Marseille, France (2010-2012)<\/li>\n<\/ul>\n<h2><b>Current research projects<\/b><\/h2>\n<ul>\n<li>A Multicenter Schroth Exercise and Global Postural Re-education Trial for Scoliosis (RCT)<\/li>\n<li>Responsiveness and implementation studies of a new software-based quantitative photographic posture assessment tool<\/li>\n<li>Cortical sensorimotor information processing associated with postural control in adolescents with idiopathic scoliosis and in healthy adolescents<\/li>\n<li>Development of a model for abdominal and spinal muscles imaging using ultrasound among adolescents with idiopathic scoliosis<\/li>\n<li>Development of an avatar for rehabilitation of the movements of the trunk and pelvis during gait<\/li>\n<li>Validation of <em>Test of Gross Motor Development 3rd Edition<\/em> (TGMD-3) assessment tool among children with normal development and children with a developmental coordination disorder<\/li>\n<\/ul>\n<h2><b>Selected publications<\/b><\/h2>\n<ul>\n<li><strong>Fortin, C.<\/strong>, Ehrmann Feldman, D., Cheriet, F., &amp; Labelle, H. (2013). Differences in standing and sitting postures of youth with idiopathic scoliosis from quantitative analysis of digital photographs. <em>Physical &amp; Occupational Therapy in Pediatrics, 33<\/em>(3), 313-326. doi:10.3109\/01942638.2012.747582<\/li>\n<li><strong>Fortin, C.<\/strong>, Ehrmann Feldman, D., Cheriet, F., Gravel, D., Gauthier, F., &amp; Labelle, H. (2012). Reliability of a quantitative clinical posture assessment tool among persons with idiopathic scoliosis. <em>Physiotherapy, 98<\/em>(1), 64-75. doi:10.1016\/j.physio.2010.12.006<\/li>\n<li><strong>Fortin, C.<\/strong>, Ehrmann Feldman, D., Tanaka, C., Houde, M., &amp; Labelle, H. (2012). Inter-rater reliability of the evaluation of muscular chains associated with posture alterations in scoliosis. <em>BMC Musculoskeletal Disorders, 13<\/em>(1), 80. doi:10.1186\/1471-2474-13-80<\/li>\n<li><strong>Fortin, C.<\/strong>, Ehrmann Feldman, D., Cheriet, F., &amp; Labelle, H. (2011). Clinical methods for quantifying body segment posture: a literature review. <em>Disability and Rehabilitation, 33<\/em>(5), 367-383. doi:10.3109\/09638288.2010.492066<\/li>\n<li><strong>Fortin, C.<\/strong>, Ehrmann Feldman, D., Cheriet, F., &amp; Labelle, H. (2010). Validity of a quantitative clinical measurement tool of trunk posture in idiopathic scoliosis. <em>Spine (Phila Pa 1976), 35<\/em>(19), E988-994. doi:10.1097\/BRS.0b013e3181cd2cd2<\/li>\n<\/ul>\n<p><a href=\"http:\/\/www.ncbi.nlm.nih.gov\/pubmed\/?term=carole+fortin\">Recent PubMed articles<\/a><\/p>\n<h2><b>Research interests<\/b><\/h2>\n<ul>\n<li>Pediatrics<\/li>\n<li>Motor control, including postural and gait analysis<\/li>\n<li>Idiopathic scoliosis<\/li>\n<li>Neurotraumatology<\/li>\n<li>Cerebral palsy<\/li>\n<li>Developmental coordination disorder<\/li>\n<li>Muscular and sensorimotor functions<\/li>\n<\/ul>\n","protected":false},"excerpt":{"rendered":"<p>Education B.Sc. Physiotherapy, University of Montreal (1983) M.Sc. Biomedical Sciences (rehabilitation option), University of Montreal (2004) Ph.D. Biomedical Sciences, University of Montreal (2010) Postdoctorat, Laboratory of Cognitive Neurosciences, Aix Marseille [&hellip;]<\/p>\n","protected":false},"author":25,"featured_media":0,"parent":13845,"menu_order":9,"comment_status":"closed","ping_status":"closed","template":"","meta":{"footnotes":""},"class_list":["post-13869","page","type-page","status-publish","hentry"],"yoast_head":"<!-- This site is optimized with the Yoast SEO plugin v25.0 - https:\/\/yoast.com\/wordpress\/plugins\/seo\/ -->\n<title>Carole Fortin, Ph.D. - \u00c9cole de r\u00e9adaptation - Universit\u00e9 de Montr\u00e9al<\/title>\n<meta name=\"robots\" content=\"index, follow, max-snippet:-1, max-image-preview:large, max-video-preview:-1\" \/>\n<link rel=\"canonical\" href=\"https:\/\/readaptation.umontreal.ca\/en\/research\/researchers\/carole-fortin-ph-d\/\" \/>\n<meta property=\"og:locale\" content=\"en_US\" \/>\n<meta property=\"og:type\" content=\"article\" \/>\n<meta property=\"og:title\" content=\"Carole Fortin, Ph.D. - \u00c9cole de r\u00e9adaptation - Universit\u00e9 de Montr\u00e9al\" \/>\n<meta property=\"og:description\" content=\"Education B.Sc. Physiotherapy, University of Montreal (1983) M.Sc. Biomedical Sciences (rehabilitation option), University of Montreal (2004) Ph.D. Biomedical Sciences, University of Montreal (2010) Postdoctorat, Laboratory of Cognitive Neurosciences, Aix Marseille [&hellip;]\" \/>\n<meta property=\"og:url\" content=\"https:\/\/readaptation.umontreal.ca\/en\/research\/researchers\/carole-fortin-ph-d\/\" \/>\n<meta property=\"og:site_name\" content=\"\u00c9cole de r\u00e9adaptation\" \/>\n<meta property=\"article:modified_time\" content=\"2020-06-17T20:22:37+00:00\" \/>\n<meta property=\"og:image\" content=\"https:\/\/readaptation-prod.umontreal.ca\/wp-content\/uploads\/sites\/21\/Carole_Fortin_web.jpg\" \/>\n<meta name=\"twitter:label1\" content=\"Est. reading time\" \/>\n\t<meta name=\"twitter:data1\" content=\"2 minutes\" \/>\n<script type=\"application\/ld+json\" class=\"yoast-schema-graph\">{\"@context\":\"https:\/\/schema.org\",\"@graph\":[{\"@type\":\"WebPage\",\"@id\":\"https:\/\/readaptation.umontreal.ca\/en\/research\/researchers\/carole-fortin-ph-d\/\",\"url\":\"https:\/\/readaptation.umontreal.ca\/en\/research\/researchers\/carole-fortin-ph-d\/\",\"name\":\"Carole Fortin, Ph.D. - \u00c9cole de r\u00e9adaptation - Universit\u00e9 de Montr\u00e9al\",\"isPartOf\":{\"@id\":\"https:\/\/readaptation.umontreal.ca\/#website\"},\"primaryImageOfPage\":{\"@id\":\"https:\/\/readaptation.umontreal.ca\/en\/research\/researchers\/carole-fortin-ph-d\/#primaryimage\"},\"image\":{\"@id\":\"https:\/\/readaptation.umontreal.ca\/en\/research\/researchers\/carole-fortin-ph-d\/#primaryimage\"},\"thumbnailUrl\":\"https:\/\/readaptation.umontreal.ca\/wp-content\/uploads\/sites\/21\/Carole_Fortin_web.jpg\",\"datePublished\":\"2017-11-09T21:39:28+00:00\",\"dateModified\":\"2020-06-17T20:22:37+00:00\",\"breadcrumb\":{\"@id\":\"https:\/\/readaptation.umontreal.ca\/en\/research\/researchers\/carole-fortin-ph-d\/#breadcrumb\"},\"inLanguage\":\"en-US\",\"potentialAction\":[{\"@type\":\"ReadAction\",\"target\":[\"https:\/\/readaptation.umontreal.ca\/en\/research\/researchers\/carole-fortin-ph-d\/\"]}]},{\"@type\":\"ImageObject\",\"inLanguage\":\"en-US\",\"@id\":\"https:\/\/readaptation.umontreal.ca\/en\/research\/researchers\/carole-fortin-ph-d\/#primaryimage\",\"url\":\"https:\/\/readaptation.umontreal.ca\/wp-content\/uploads\/sites\/21\/Carole_Fortin_web.jpg\",\"contentUrl\":\"https:\/\/readaptation.umontreal.ca\/wp-content\/uploads\/sites\/21\/Carole_Fortin_web.jpg\"},{\"@type\":\"BreadcrumbList\",\"@id\":\"https:\/\/readaptation.umontreal.ca\/en\/research\/researchers\/carole-fortin-ph-d\/#breadcrumb\",\"itemListElement\":[{\"@type\":\"ListItem\",\"position\":1,\"name\":\"Accueil\",\"item\":\"https:\/\/readaptation.umontreal.ca\/\"},{\"@type\":\"ListItem\",\"position\":2,\"name\":\"Research\",\"item\":\"https:\/\/readaptation.umontreal.ca\/en\/research\/\"},{\"@type\":\"ListItem\",\"position\":3,\"name\":\"Researchers\",\"item\":\"https:\/\/readaptation.umontreal.ca\/en\/research\/researchers\/\"},{\"@type\":\"ListItem\",\"position\":4,\"name\":\"Carole Fortin, Ph.D.\"}]},{\"@type\":\"WebSite\",\"@id\":\"https:\/\/readaptation.umontreal.ca\/#website\",\"url\":\"https:\/\/readaptation.umontreal.ca\/\",\"name\":\"\u00c9cole de r\u00e9adaptation\",\"description\":\"\",\"potentialAction\":[{\"@type\":\"SearchAction\",\"target\":{\"@type\":\"EntryPoint\",\"urlTemplate\":\"https:\/\/readaptation.umontreal.ca\/?s={search_term_string}\"},\"query-input\":{\"@type\":\"PropertyValueSpecification\",\"valueRequired\":true,\"valueName\":\"search_term_string\"}}],\"inLanguage\":\"en-US\"}]}<\/script>\n<!-- \/ Yoast SEO plugin. -->","yoast_head_json":{"title":"Carole Fortin, Ph.D. - \u00c9cole de r\u00e9adaptation - Universit\u00e9 de Montr\u00e9al","robots":{"index":"index","follow":"follow","max-snippet":"max-snippet:-1","max-image-preview":"max-image-preview:large","max-video-preview":"max-video-preview:-1"},"canonical":"https:\/\/readaptation.umontreal.ca\/en\/research\/researchers\/carole-fortin-ph-d\/","og_locale":"en_US","og_type":"article","og_title":"Carole Fortin, Ph.D. - \u00c9cole de r\u00e9adaptation - Universit\u00e9 de Montr\u00e9al","og_description":"Education B.Sc. Physiotherapy, University of Montreal (1983) M.Sc. Biomedical Sciences (rehabilitation option), University of Montreal (2004) Ph.D. Biomedical Sciences, University of Montreal (2010) Postdoctorat, Laboratory of Cognitive Neurosciences, Aix Marseille [&hellip;]","og_url":"https:\/\/readaptation.umontreal.ca\/en\/research\/researchers\/carole-fortin-ph-d\/","og_site_name":"\u00c9cole de r\u00e9adaptation","article_modified_time":"2020-06-17T20:22:37+00:00","og_image":[{"url":"https:\/\/readaptation-prod.umontreal.ca\/wp-content\/uploads\/sites\/21\/Carole_Fortin_web.jpg","type":"","width":"","height":""}],"twitter_misc":{"Est. reading time":"2 minutes"},"schema":{"@context":"https:\/\/schema.org","@graph":[{"@type":"WebPage","@id":"https:\/\/readaptation.umontreal.ca\/en\/research\/researchers\/carole-fortin-ph-d\/","url":"https:\/\/readaptation.umontreal.ca\/en\/research\/researchers\/carole-fortin-ph-d\/","name":"Carole Fortin, Ph.D. - \u00c9cole de r\u00e9adaptation - Universit\u00e9 de Montr\u00e9al","isPartOf":{"@id":"https:\/\/readaptation.umontreal.ca\/#website"},"primaryImageOfPage":{"@id":"https:\/\/readaptation.umontreal.ca\/en\/research\/researchers\/carole-fortin-ph-d\/#primaryimage"},"image":{"@id":"https:\/\/readaptation.umontreal.ca\/en\/research\/researchers\/carole-fortin-ph-d\/#primaryimage"},"thumbnailUrl":"https:\/\/readaptation.umontreal.ca\/wp-content\/uploads\/sites\/21\/Carole_Fortin_web.jpg","datePublished":"2017-11-09T21:39:28+00:00","dateModified":"2020-06-17T20:22:37+00:00","breadcrumb":{"@id":"https:\/\/readaptation.umontreal.ca\/en\/research\/researchers\/carole-fortin-ph-d\/#breadcrumb"},"inLanguage":"en-US","potentialAction":[{"@type":"ReadAction","target":["https:\/\/readaptation.umontreal.ca\/en\/research\/researchers\/carole-fortin-ph-d\/"]}]},{"@type":"ImageObject","inLanguage":"en-US","@id":"https:\/\/readaptation.umontreal.ca\/en\/research\/researchers\/carole-fortin-ph-d\/#primaryimage","url":"https:\/\/readaptation.umontreal.ca\/wp-content\/uploads\/sites\/21\/Carole_Fortin_web.jpg","contentUrl":"https:\/\/readaptation.umontreal.ca\/wp-content\/uploads\/sites\/21\/Carole_Fortin_web.jpg"},{"@type":"BreadcrumbList","@id":"https:\/\/readaptation.umontreal.ca\/en\/research\/researchers\/carole-fortin-ph-d\/#breadcrumb","itemListElement":[{"@type":"ListItem","position":1,"name":"Accueil","item":"https:\/\/readaptation.umontreal.ca\/"},{"@type":"ListItem","position":2,"name":"Research","item":"https:\/\/readaptation.umontreal.ca\/en\/research\/"},{"@type":"ListItem","position":3,"name":"Researchers","item":"https:\/\/readaptation.umontreal.ca\/en\/research\/researchers\/"},{"@type":"ListItem","position":4,"name":"Carole Fortin, Ph.D."}]},{"@type":"WebSite","@id":"https:\/\/readaptation.umontreal.ca\/#website","url":"https:\/\/readaptation.umontreal.ca\/","name":"\u00c9cole de r\u00e9adaptation","description":"","potentialAction":[{"@type":"SearchAction","target":{"@type":"EntryPoint","urlTemplate":"https:\/\/readaptation.umontreal.ca\/?s={search_term_string}"},"query-input":{"@type":"PropertyValueSpecification","valueRequired":true,"valueName":"search_term_string"}}],"inLanguage":"en-US"}]}},"_links":{"self":[{"href":"https:\/\/readaptation.umontreal.ca\/en\/wp-json\/wp\/v2\/pages\/13869","targetHints":{"allow":["GET"]}}],"collection":[{"href":"https:\/\/readaptation.umontreal.ca\/en\/wp-json\/wp\/v2\/pages"}],"about":[{"href":"https:\/\/readaptation.umontreal.ca\/en\/wp-json\/wp\/v2\/types\/page"}],"author":[{"embeddable":true,"href":"https:\/\/readaptation.umontreal.ca\/en\/wp-json\/wp\/v2\/users\/25"}],"replies":[{"embeddable":true,"href":"https:\/\/readaptation.umontreal.ca\/en\/wp-json\/wp\/v2\/comments?post=13869"}],"version-history":[{"count":5,"href":"https:\/\/readaptation.umontreal.ca\/en\/wp-json\/wp\/v2\/pages\/13869\/revisions"}],"predecessor-version":[{"id":17942,"href":"https:\/\/readaptation.umontreal.ca\/en\/wp-json\/wp\/v2\/pages\/13869\/revisions\/17942"}],"up":[{"embeddable":true,"href":"https:\/\/readaptation.umontreal.ca\/en\/wp-json\/wp\/v2\/pages\/13845"}],"wp:attachment":[{"href":"https:\/\/readaptation.umontreal.ca\/en\/wp-json\/wp\/v2\/media?parent=13869"}],"curies":[{"name":"wp","href":"https:\/\/api.w.org\/{rel}","templated":true}]}}