{"id":13864,"date":"2017-11-09T22:38:16","date_gmt":"2017-11-09T21:38:16","guid":{"rendered":"https:\/\/readaptation.umontreal.ca\/?page_id=13864\/"},"modified":"2020-08-14T14:17:45","modified_gmt":"2020-08-14T13:17:45","slug":"debbie-feldman-ph-d","status":"publish","type":"page","link":"https:\/\/readaptation.umontreal.ca\/en\/research\/researchers\/debbie-feldman-ph-d\/","title":{"rendered":"Debbie Feldman, Ph. D."},"content":{"rendered":"<div class=\"one-third first \">\n<span style=\"color: #ffffff\">_<\/span><\/p>\n<p><img loading=\"lazy\" decoding=\"async\" src=\"https:\/\/readaptation.umontreal.ca\/wp-content\/uploads\/sites\/21\/2018\/02\/FELDMAN_2018web.jpg\" alt=\"\" class=\"alignnone size-full wp-image-14134\" width=\"150\" height=\"215\" \/><\/p>\n<\/div>\n<div class=\"two-third  \">\n<h3>Full Professor<\/h3>\n<p><strong>Contact details (Research)<br \/>\n<\/strong>Institut de recherche en sant\u00e9 publique de l\u2019Universit\u00e9 de Montr\u00e9al (IRSPUM)<br \/>\nPavillon 7101 avenue du Parc<br \/>\nMontr\u00e9al (Qu\u00e9bec)\u00a0 H3N 1X9<strong><br \/>\n<\/strong><\/p>\n<p><strong>Contact details (School of Rehabilitation)<br \/>\n<\/strong><strong>T<\/strong> 514 343-6111, # 1252<br \/>\n<a href=\"mailto:debbie.feldman@umontreal.ca\">debbie.feldman@umontreal.ca<\/a><\/p>\n<p><strong>Program<\/strong><br \/>\nPhysiotherapy<a href=\"https:\/\/www.youtube.com\/watch?v=L1k8F8Igv6o\" target=\"_blank\" rel=\"noopener noreferrer\"><\/a><\/p>\n<p><a href=\"https:\/\/www.youtube.com\/watch?v=L1k8F8Igv6o\" target=\"_blank\" rel=\"noopener noreferrer\">Research background (french)<\/a><\/p>\n<\/div>\n<hr\/>\n<h2>Education<\/h2>\n<ul>\n<li>B.Sc. Physiotherapy, McGill University (1978)<\/li>\n<li>M.Sc. Epidemiology and Biostatistics, McGill (1984)<\/li>\n<li>Ph.D. Epidemiology and Biostatistics, McGill (1998)<\/li>\n<li>Postdoctoral, GRIS, Health Services, Universit\u00e9 de Montr\u00e9al (1998-2000)<\/li>\n<\/ul>\n<h2>Current reserach projects<\/h2>\n<ul>\n<li>Optimal care for persons with musculoskeletal chronic pain<\/li>\n<li>Referrals to medical specialist rheumatologist by physiotherapists<\/li>\n<li>Hip arthroplasty indicators according to patients, physicians, and physiotherapists<\/li>\n<\/ul>\n<h2>Selected publications<\/h2>\n<ul>\n<li>El-Khoury, J., Orozco, T., Bernatsky, S., Desmeules, F., Perreault, K., Woodhouse, L. J., &amp; <strong>Ehrmann Feldman, D. <\/strong>(2020). Do Quebec Physiotherapists Follow Evidence-Based Guidelines for Treating Knee Osteoarthritis? <em>Physiotherapy Canada<\/em>. Advance online publication. <a href=\"https:\/\/doi.org\/10.3138\/ptc-2019-0012\">https:\/\/doi.org\/10.3138\/ptc-2019-0012<\/a><\/li>\n<li><strong>Ehrmann Feldman, D.<\/strong>, Carlesso, L. C., &amp; Nahin, R. L. (2019). Management of patients with a musculoskeletal pain condition that is likely chronic: Results from a national cross sectional survey.\u00a0<em>The journal of Pain<\/em>. Advance online publication. <a href=\"https:\/\/doi.org\/10.1016\/j.jpain.2019.11.014\">https:\/\/doi.org\/10.1016\/j.jpain.2019.11.014<\/a><\/li>\n<li><strong>Ehrmann Feldman, D.<\/strong>, Bernatsky, S., Orozco, T., El-Khoury, J., Desmeules, F., Lalibert\u00e9, M., Perreault, K., Grad, R., Zummer, M., &amp; Woodhouse, L. (2019). Physical therapists\u2019 ability to distinguish between inflammatory and noninflammatory arthritis and to appropriately refer to rheumatology. <em>Arthritis Care &amp; Research<\/em>. Advance online publication. <a href=\"https:\/\/doi.org\/10.1002\/acr.24081\">https:\/\/doi.org\/10.1002\/acr.24081<\/a><\/li>\n<li><strong>Ehrmann Feldman, D.<\/strong>, Vinet, E., Sylvestre, M. P., Hazel, B., Duffy, C., Berard, A., . . . Bernatsky, S. (2017). Postpartum complications in new mothers with juvenile idiopathic arthritis: a population-based cohort study. <em>Rheumatology (Oxford), 56<\/em>(8), 1378-1385. doi:10.1093\/rheumatology\/kex168<\/li>\n<li>Laliberte, M., Mazer, B., Orozco, T., Chilingaryan, G., Williams-Jones, B., Hunt, M., &amp; <strong>Ehrmann Feldman, D.<\/strong> (2017). Low Back Pain: Investigation of Biases in Outpatient Canadian Physical Therapy. <em>Physical Therapy, 97<\/em>(10), 985-997. doi:10.1093\/ptj\/pzx055<\/li>\n<li>Orozco, T., <strong>Ehrmann Feldman, D.,<\/strong> Mazer, B., Chilingaryan, G., Hunt, M., Williams-Jones, B., &amp; Laliberte, M. (2017). Low Back Pain: Current Patterns of Canadian Physiotherapy Service Delivery. <em>Physiotherapy Canada, 69<\/em>(1), 49-56. doi:10.3138\/ptc.2015-72<\/li>\n<li>Fortin, C., Grunstein, E., Labelle, H., Parent, S., &amp; <strong>Ehrmann Feldman, D.<\/strong> (2016). Trunk imbalance in adolescent idiopathic scoliosis. <em>The Spine Journal, 16<\/em>(6), 687-693. doi:10.1016\/j.spinee.2016.02.033<\/li>\n<li>Raymond, M. H., Demers, L., &amp; <strong>Ehrmann Feldman, D.<\/strong> (2016). Waiting list management practices for home-care occupational therapy in the province of Quebec, Canada. <em>Health &amp; Social Care in the Community, 24<\/em>(2), 154-164. doi:10.1111\/hsc.12195<\/li>\n<li>Cavallo, S., Majnemer, A., Duffy, C. M., &amp; <strong>Ehrmann Feldman, D.<\/strong> (2015). Participation in Leisure Activities by Children and Adolescents with Juvenile Idiopathic Arthritis. <em>Journal of Rheumatology, 42<\/em>(9), 1708-1715. doi:10.3899\/jrheum.140844<\/li>\n<li>Hudon, A., Laliberte, M., Hunt, M., &amp; <strong>Ehrmann Feldman, D.<\/strong> (2015). Quality of physiotherapy services for injured workers compensated by workers&#8217; compensation in Quebec: a focus group study of physiotherapy professionals. <em>Healthcare Policy, 10<\/em>(3), 32-47.<\/li>\n<li><strong>Ehrmann Feldman, D.,<\/strong> Bernatsky, S., Levesque, J. F., Van, M. T., Houde, M., &amp; April, K. T. (2010). Access and perceived need for physical and occupational therapy in chronic arthritis. <em>Disability and Rehabilitation, 32<\/em>(22), 1827-1832. doi:10.3109\/09638281003734417<\/li>\n<\/ul>\n<h2>Research interests<\/h2>\n<ul>\n<li>Access to health services<\/li>\n<li>Rheumatology<\/li>\n<li>Epidemiology in rehabilitation<\/li>\n<li>Physiotherapy for workers with musculoskeletal injuries<\/li>\n<\/ul>\n","protected":false},"excerpt":{"rendered":"<p>Education B.Sc. Physiotherapy, McGill University (1978) M.Sc. Epidemiology and Biostatistics, McGill (1984) Ph.D. Epidemiology and Biostatistics, McGill (1998) Postdoctoral, GRIS, Health Services, Universit\u00e9 de Montr\u00e9al (1998-2000) Current reserach projects Optimal [&hellip;]<\/p>\n","protected":false},"author":25,"featured_media":0,"parent":13845,"menu_order":15,"comment_status":"closed","ping_status":"closed","template":"","meta":{"footnotes":""},"class_list":["post-13864","page","type-page","status-publish","hentry"],"yoast_head":"<!-- This site is optimized with the Yoast SEO plugin v25.0 - https:\/\/yoast.com\/wordpress\/plugins\/seo\/ -->\n<title>Debbie Feldman, Ph. D. - \u00c9cole de r\u00e9adaptation - Universit\u00e9 de Montr\u00e9al<\/title>\n<meta name=\"robots\" content=\"index, follow, max-snippet:-1, max-image-preview:large, max-video-preview:-1\" \/>\n<link rel=\"canonical\" href=\"https:\/\/readaptation.umontreal.ca\/en\/research\/researchers\/debbie-feldman-ph-d\/\" \/>\n<meta property=\"og:locale\" content=\"en_US\" \/>\n<meta property=\"og:type\" content=\"article\" \/>\n<meta property=\"og:title\" content=\"Debbie Feldman, Ph. D. - \u00c9cole de r\u00e9adaptation - Universit\u00e9 de Montr\u00e9al\" \/>\n<meta property=\"og:description\" content=\"Education B.Sc. Physiotherapy, McGill University (1978) M.Sc. Epidemiology and Biostatistics, McGill (1984) Ph.D. Epidemiology and Biostatistics, McGill (1998) Postdoctoral, GRIS, Health Services, Universit\u00e9 de Montr\u00e9al (1998-2000) Current reserach projects Optimal [&hellip;]\" \/>\n<meta property=\"og:url\" content=\"https:\/\/readaptation.umontreal.ca\/en\/research\/researchers\/debbie-feldman-ph-d\/\" \/>\n<meta property=\"og:site_name\" content=\"\u00c9cole de r\u00e9adaptation\" \/>\n<meta property=\"article:modified_time\" content=\"2020-08-14T13:17:45+00:00\" \/>\n<meta property=\"og:image\" content=\"https:\/\/readaptation-prod.umontreal.ca\/wp-content\/uploads\/sites\/21\/2018\/02\/FELDMAN_2018web.jpg\" \/>\n<meta name=\"twitter:label1\" content=\"Est. reading time\" \/>\n\t<meta name=\"twitter:data1\" content=\"3 minutes\" \/>\n<script type=\"application\/ld+json\" class=\"yoast-schema-graph\">{\"@context\":\"https:\/\/schema.org\",\"@graph\":[{\"@type\":\"WebPage\",\"@id\":\"https:\/\/readaptation.umontreal.ca\/en\/research\/researchers\/debbie-feldman-ph-d\/\",\"url\":\"https:\/\/readaptation.umontreal.ca\/en\/research\/researchers\/debbie-feldman-ph-d\/\",\"name\":\"Debbie Feldman, Ph. D. - \u00c9cole de r\u00e9adaptation - Universit\u00e9 de Montr\u00e9al\",\"isPartOf\":{\"@id\":\"https:\/\/readaptation.umontreal.ca\/#website\"},\"primaryImageOfPage\":{\"@id\":\"https:\/\/readaptation.umontreal.ca\/en\/research\/researchers\/debbie-feldman-ph-d\/#primaryimage\"},\"image\":{\"@id\":\"https:\/\/readaptation.umontreal.ca\/en\/research\/researchers\/debbie-feldman-ph-d\/#primaryimage\"},\"thumbnailUrl\":\"https:\/\/readaptation.umontreal.ca\/wp-content\/uploads\/sites\/21\/2018\/02\/FELDMAN_2018web.jpg\",\"datePublished\":\"2017-11-09T21:38:16+00:00\",\"dateModified\":\"2020-08-14T13:17:45+00:00\",\"breadcrumb\":{\"@id\":\"https:\/\/readaptation.umontreal.ca\/en\/research\/researchers\/debbie-feldman-ph-d\/#breadcrumb\"},\"inLanguage\":\"en-US\",\"potentialAction\":[{\"@type\":\"ReadAction\",\"target\":[\"https:\/\/readaptation.umontreal.ca\/en\/research\/researchers\/debbie-feldman-ph-d\/\"]}]},{\"@type\":\"ImageObject\",\"inLanguage\":\"en-US\",\"@id\":\"https:\/\/readaptation.umontreal.ca\/en\/research\/researchers\/debbie-feldman-ph-d\/#primaryimage\",\"url\":\"https:\/\/readaptation.umontreal.ca\/wp-content\/uploads\/sites\/21\/2018\/02\/FELDMAN_2018web.jpg\",\"contentUrl\":\"https:\/\/readaptation.umontreal.ca\/wp-content\/uploads\/sites\/21\/2018\/02\/FELDMAN_2018web.jpg\"},{\"@type\":\"BreadcrumbList\",\"@id\":\"https:\/\/readaptation.umontreal.ca\/en\/research\/researchers\/debbie-feldman-ph-d\/#breadcrumb\",\"itemListElement\":[{\"@type\":\"ListItem\",\"position\":1,\"name\":\"Accueil\",\"item\":\"https:\/\/readaptation.umontreal.ca\/\"},{\"@type\":\"ListItem\",\"position\":2,\"name\":\"Research\",\"item\":\"https:\/\/readaptation.umontreal.ca\/en\/research\/\"},{\"@type\":\"ListItem\",\"position\":3,\"name\":\"Researchers\",\"item\":\"https:\/\/readaptation.umontreal.ca\/en\/research\/researchers\/\"},{\"@type\":\"ListItem\",\"position\":4,\"name\":\"Debbie Feldman, Ph. D.\"}]},{\"@type\":\"WebSite\",\"@id\":\"https:\/\/readaptation.umontreal.ca\/#website\",\"url\":\"https:\/\/readaptation.umontreal.ca\/\",\"name\":\"\u00c9cole de r\u00e9adaptation\",\"description\":\"\",\"potentialAction\":[{\"@type\":\"SearchAction\",\"target\":{\"@type\":\"EntryPoint\",\"urlTemplate\":\"https:\/\/readaptation.umontreal.ca\/?s={search_term_string}\"},\"query-input\":{\"@type\":\"PropertyValueSpecification\",\"valueRequired\":true,\"valueName\":\"search_term_string\"}}],\"inLanguage\":\"en-US\"}]}<\/script>\n<!-- \/ Yoast SEO plugin. -->","yoast_head_json":{"title":"Debbie Feldman, Ph. D. - \u00c9cole de r\u00e9adaptation - Universit\u00e9 de Montr\u00e9al","robots":{"index":"index","follow":"follow","max-snippet":"max-snippet:-1","max-image-preview":"max-image-preview:large","max-video-preview":"max-video-preview:-1"},"canonical":"https:\/\/readaptation.umontreal.ca\/en\/research\/researchers\/debbie-feldman-ph-d\/","og_locale":"en_US","og_type":"article","og_title":"Debbie Feldman, Ph. D. - \u00c9cole de r\u00e9adaptation - Universit\u00e9 de Montr\u00e9al","og_description":"Education B.Sc. Physiotherapy, McGill University (1978) M.Sc. Epidemiology and Biostatistics, McGill (1984) Ph.D. Epidemiology and Biostatistics, McGill (1998) Postdoctoral, GRIS, Health Services, Universit\u00e9 de Montr\u00e9al (1998-2000) Current reserach projects Optimal [&hellip;]","og_url":"https:\/\/readaptation.umontreal.ca\/en\/research\/researchers\/debbie-feldman-ph-d\/","og_site_name":"\u00c9cole de r\u00e9adaptation","article_modified_time":"2020-08-14T13:17:45+00:00","og_image":[{"url":"https:\/\/readaptation-prod.umontreal.ca\/wp-content\/uploads\/sites\/21\/2018\/02\/FELDMAN_2018web.jpg","type":"","width":"","height":""}],"twitter_misc":{"Est. reading time":"3 minutes"},"schema":{"@context":"https:\/\/schema.org","@graph":[{"@type":"WebPage","@id":"https:\/\/readaptation.umontreal.ca\/en\/research\/researchers\/debbie-feldman-ph-d\/","url":"https:\/\/readaptation.umontreal.ca\/en\/research\/researchers\/debbie-feldman-ph-d\/","name":"Debbie Feldman, Ph. D. - \u00c9cole de r\u00e9adaptation - Universit\u00e9 de Montr\u00e9al","isPartOf":{"@id":"https:\/\/readaptation.umontreal.ca\/#website"},"primaryImageOfPage":{"@id":"https:\/\/readaptation.umontreal.ca\/en\/research\/researchers\/debbie-feldman-ph-d\/#primaryimage"},"image":{"@id":"https:\/\/readaptation.umontreal.ca\/en\/research\/researchers\/debbie-feldman-ph-d\/#primaryimage"},"thumbnailUrl":"https:\/\/readaptation.umontreal.ca\/wp-content\/uploads\/sites\/21\/2018\/02\/FELDMAN_2018web.jpg","datePublished":"2017-11-09T21:38:16+00:00","dateModified":"2020-08-14T13:17:45+00:00","breadcrumb":{"@id":"https:\/\/readaptation.umontreal.ca\/en\/research\/researchers\/debbie-feldman-ph-d\/#breadcrumb"},"inLanguage":"en-US","potentialAction":[{"@type":"ReadAction","target":["https:\/\/readaptation.umontreal.ca\/en\/research\/researchers\/debbie-feldman-ph-d\/"]}]},{"@type":"ImageObject","inLanguage":"en-US","@id":"https:\/\/readaptation.umontreal.ca\/en\/research\/researchers\/debbie-feldman-ph-d\/#primaryimage","url":"https:\/\/readaptation.umontreal.ca\/wp-content\/uploads\/sites\/21\/2018\/02\/FELDMAN_2018web.jpg","contentUrl":"https:\/\/readaptation.umontreal.ca\/wp-content\/uploads\/sites\/21\/2018\/02\/FELDMAN_2018web.jpg"},{"@type":"BreadcrumbList","@id":"https:\/\/readaptation.umontreal.ca\/en\/research\/researchers\/debbie-feldman-ph-d\/#breadcrumb","itemListElement":[{"@type":"ListItem","position":1,"name":"Accueil","item":"https:\/\/readaptation.umontreal.ca\/"},{"@type":"ListItem","position":2,"name":"Research","item":"https:\/\/readaptation.umontreal.ca\/en\/research\/"},{"@type":"ListItem","position":3,"name":"Researchers","item":"https:\/\/readaptation.umontreal.ca\/en\/research\/researchers\/"},{"@type":"ListItem","position":4,"name":"Debbie Feldman, Ph. D."}]},{"@type":"WebSite","@id":"https:\/\/readaptation.umontreal.ca\/#website","url":"https:\/\/readaptation.umontreal.ca\/","name":"\u00c9cole de r\u00e9adaptation","description":"","potentialAction":[{"@type":"SearchAction","target":{"@type":"EntryPoint","urlTemplate":"https:\/\/readaptation.umontreal.ca\/?s={search_term_string}"},"query-input":{"@type":"PropertyValueSpecification","valueRequired":true,"valueName":"search_term_string"}}],"inLanguage":"en-US"}]}},"_links":{"self":[{"href":"https:\/\/readaptation.umontreal.ca\/en\/wp-json\/wp\/v2\/pages\/13864","targetHints":{"allow":["GET"]}}],"collection":[{"href":"https:\/\/readaptation.umontreal.ca\/en\/wp-json\/wp\/v2\/pages"}],"about":[{"href":"https:\/\/readaptation.umontreal.ca\/en\/wp-json\/wp\/v2\/types\/page"}],"author":[{"embeddable":true,"href":"https:\/\/readaptation.umontreal.ca\/en\/wp-json\/wp\/v2\/users\/25"}],"replies":[{"embeddable":true,"href":"https:\/\/readaptation.umontreal.ca\/en\/wp-json\/wp\/v2\/comments?post=13864"}],"version-history":[{"count":9,"href":"https:\/\/readaptation.umontreal.ca\/en\/wp-json\/wp\/v2\/pages\/13864\/revisions"}],"predecessor-version":[{"id":18123,"href":"https:\/\/readaptation.umontreal.ca\/en\/wp-json\/wp\/v2\/pages\/13864\/revisions\/18123"}],"up":[{"embeddable":true,"href":"https:\/\/readaptation.umontreal.ca\/en\/wp-json\/wp\/v2\/pages\/13845"}],"wp:attachment":[{"href":"https:\/\/readaptation.umontreal.ca\/en\/wp-json\/wp\/v2\/media?parent=13864"}],"curies":[{"name":"wp","href":"https:\/\/api.w.org\/{rel}","templated":true}]}}