{"id":13862,"date":"2017-11-09T22:37:53","date_gmt":"2017-11-09T21:37:53","guid":{"rendered":"https:\/\/readaptation.umontreal.ca\/?page_id=13862\/"},"modified":"2025-07-09T16:31:59","modified_gmt":"2025-07-09T15:31:59","slug":"johanne-filiatrault-ph-d","status":"publish","type":"page","link":"https:\/\/readaptation.umontreal.ca\/en\/research\/researchers\/johanne-filiatrault-ph-d\/","title":{"rendered":"Johanne Filiatrault OT, Ph.D."},"content":{"rendered":"<div class=\"one-third first \">\n<span style=\"color: #ffffff;\">_<\/span><\/p>\n<h2><img loading=\"lazy\" decoding=\"async\" src=\"https:\/\/readaptation.umontreal.ca\/wp-content\/uploads\/sites\/21\/2017\/11\/JF_web.jpg\" alt=\"\" class=\"alignnone wp-image-13947\" width=\"150\" height=\"180\" \/><\/h2>\n<\/div>\n<div class=\"two-third  \">\n<h3>Full Professor<\/h3>\n<p><b>Contact details (Research)<br \/>\n<\/b>Universit\u00e9 de Montreal Geriatrics Institute, Research Center &#8211; CIUSSS du Centre-Sud-de-l\u2019\u00cele-de-Montr\u00e9al<br \/>\n4565, chemin Queen-Mary<br \/>\nMontreal (Quebec) H3W 1W5<br \/>\n<a href=\"http:\/\/www.criugm.qc.ca\/\">www.criugm.qc.ca<\/a><br \/>\n<b>T<\/b> 514 340-3540, ext. 4117<\/p>\n<p><strong>Contact details (School of Rehabilitation)<br \/>\n<\/strong><strong>T<\/strong> 514 343-6111, ext. 0836<br \/>\n<a href=\"mailto:johanne.filiatrault@umontreal.ca\">johanne.filiatrault@umontreal.ca<\/a><\/p>\n<p><strong>Program<br \/>\n<\/strong>Occupational Therapy<\/p>\n<\/div>\n<hr\/>\n<h2>Education<\/h2>\n<ul>\n<li>B.Sc. Occupational Therapy, Universit\u00e9 de Montr\u00e9al (1986)<\/li>\n<li>M.Sc. Neurological Sciences, Universit\u00e9 de Montr\u00e9al (1991)<\/li>\n<li>Ph.D. Public Health (health promotion), Universit\u00e9 de Montr\u00e9al (2008)<\/li>\n<li>Postdoctoral training : Research Center on Aging, Faculty of Medicine and Health Sciences, Universit\u00e9 de Sherbrooke (2009)<\/li>\n<\/ul>\n<h2><b>Current research projects<\/b><\/h2>\n<ul>\n<li style=\"text-align: justify;\">Co-creation and implementation of a toolkit to better support community organisations and other stakeholders in their intergenerational initiatives<\/li>\n<li style=\"text-align: justify;\">Deployment and evaluation of a collaborative model to boost intergenerational cohabitation in Quebec<\/li>\n<li style=\"text-align: justify;\">Promoting the social participation of older people with mobility problems: a partnership to co-develop an innovative community-based service<\/li>\n<li style=\"text-align: justify;\">Understanding sexual and gender diversity to improve care for the elderly: co-development and impact assessment of training for healthcare professionals working with the elderly<\/li>\n<\/ul>\n<h2><b>Selected publications<\/b><\/h2>\n<p><strong><em>Books and practice guidelines<\/em><\/strong><\/p>\n<ul>\n<li style=\"text-align: justify;\"><strong>Filiatrault, J.<\/strong>, Shea, C., St-Pierre Bolduc, M., Turcotte, S., Calv\u00e9, M., &amp; Ladjadj, F. (2024). <em>B\u00e2tir une soci\u00e9t\u00e9 plus solidaire par le biais des initiatives interg\u00e9n\u00e9rationnelles. Trousse \u00e0 l\u2019intention des milieux d\u2019action.<\/em> Montr\u00e9al (Qc)\u00a0: Centre de recherche de l\u2019Institut universitaire de g\u00e9riatrie de Montr\u00e9al, CIUSSS du Centre-Sud-de-l\u2019\u00cele-de-Montr\u00e9al et Interg\u00e9n\u00e9rations Qu\u00e9bec, 170 pages.<\/li>\n<li style=\"text-align: justify;\"><strong>Filiatrault, J.<\/strong>, Olivier, R., Shea, C., &amp; Daigle-Landry, D. (2022). <em>Programme Vivre en \u00c9quilibre &#8211; Version r\u00e9vis\u00e9e. Guide de l\u2019animateur<\/em>. Montr\u00e9al\u00a0(Qc): Centre de recherche de l\u2019Institut universitaire de g\u00e9riatrie de Montr\u00e9al, CIUSSS du Centre-Sud-de-l\u2019\u00cele-de-Montr\u00e9al, 230 pages. (ce guide est accompagn\u00e9 d\u2019un cahier de 116 pages destin\u00e9 aux participants du programme)<\/li>\n<li style=\"text-align: justify;\">Richard, L., &amp; <strong>Filiatrault, J.<\/strong> (2021). Theories and conceptual models in health promotion: Key landmarks on the roadmap to optimal practice and research with older adults. Dans Rootman, I., Edwards, P., Grunberg, F. &amp; Levasseur, M. (Eds.). <em>Health promotion and older adults in Canada. <\/em>Canadian Scholars\u2019 Press.<\/li>\n<li style=\"text-align: justify;\">Sirois, M., &amp; <strong>Filiatrault, J.<\/strong> (2017). <em>Maintenir son \u00e9quilibre et \u00e9viter les chutes<\/em>. Dans : Vieillir en sant\u00e9 : c\u2019est possible! Montr\u00e9al, Qc : Institut universitaire de g\u00e9riatrie de Montr\u00e9al.<\/li>\n<li style=\"text-align: justify;\"><strong>Filiatrault, J.<\/strong>, Parisien, M., Sullivan, A., Richard, L., &amp; Pinard, C. (2015). Prevention and health promotion in occupational therapy: From concepts to intervention. In I. S\u00f6derback (Ed.). <em>International handbook of occupational therapy interventions<\/em>. (2<sup>nd<\/sup> ed., pp. 837-848). New York, NY: Springer.<\/li>\n<\/ul>\n<p><strong><em>Published articles<\/em><\/strong><\/p>\n<ul>\n<li style=\"text-align: justify;\">\u00a0Turcotte, S., Bouchard, C., Rousseau, J., DeBroux Leduc, R., Bier, N., Kairy, D., Dang Vu, T., Sarimanukoglu, K., Dub\u00e9, F., Bourgeois-Racine, C., Rioux, C., Shea, C., &amp; <strong>Filiatrault, J.<\/strong> (2024).\u00a0Factors influencing older adults\u2019 participation in telehealth interventions for primary prevention and health promotion: A rapid review. <em>Australasian Journal on Ageing, 43<\/em>(1), 11-30. <a href=\"https:\/\/doi.org\/10.1111\/ajag.13244\">https:\/\/doi.org\/10.1111\/ajag.13244<\/a><\/li>\n<li style=\"text-align: justify;\"><a href=\"https:\/\/doi.org\/10.1111\/ajag.13244\"><\/a>Turcotte, S., Lapointe, M.-\u00c8., Shea, C., Rousseau, J., Masse, J., Higgins, J., Rainville, P., Lussier, D., Genest, C., Sarimanukoglu, K., Agarrat, L., Varganici, M., &amp; <strong>Filiatrault, J.<\/strong> (2024). Outcomes and characteristics of interdisciplinary self-management interventions for older adults living with chronic pain: Insight from a scoping review. <em>Journal of Ageing and Longevity, 4,<\/em> 83-118. <a href=\"https:\/\/doi.org\/10.3390\/jal4020007\">https:\/\/doi.org\/10.3390\/jal4020007<\/a><\/li>\n<li style=\"text-align: justify;\"><a href=\"https:\/\/doi.org\/10.3390\/jal4020007\"><\/a>DeBroux Leduc, R., Bier, N., Couture, M., Ansaldo, A.I., Belleville, S., Ben Gaied, N., Chesneau, S., Belchior, P., Fonseca, R., Hebblethwaite, S., Jarema, G., Lacerda, A., Rousseau, J., Van De Velde, C., &amp; <strong>Filiatrault J. <\/strong>(2023). Social Isolation of Older Adults Living in a Neighbourhood of Montreal: A qualitative descriptive study of the perspectives of older adults and community stakeholders. <em>Canadian Journal on Aging, <\/em>42(3), 434-445. <a href=\"https:\/\/doi.org\/10.1017\/s071498082300003x\">https:\/\/doi.org\/10.1017\/s071498082300003x<\/a><\/li>\n<li style=\"text-align: justify;\"><a href=\"https:\/\/doi.org\/10.1017\/s071498082300003x\"><\/a>Turcotte, S., Shea, C., Raymond, E., Ansaldo, AI., Bier, N., Grenier, S., Hebblethwaite, S., Lamontagne, M.-E., Levasseur, M., Viscogliosi, C., Ladjadj, F. &amp; <strong>Filiatrault, J.<\/strong> (2023). Codesign and pilot\u00a0implementation of a toolkit supporting community organizations\u2019 intergenerational practice: A participatory action research project<em>. <\/em><em>Canadian Journal of Action Research, 23<\/em>(1), 93-115. <a href=\"https:\/\/doi.org\/10.33524\/cjar.v23i1.613\">https:\/\/doi.org\/10.33524\/cjar.v23i1.613<\/a><a href=\"https:\/\/doi.org\/10.33524\/cjar.v23i1.613\"><\/a><\/li>\n<li style=\"text-align: justify;\">DeBroux Leduc, R., Bier, N., Couture, M., Ansaldo, A., Belleville, S., Ben Gaied, N., Chesneau, S., Belchior, P., Fonseca, R., Hebblethwaite, S., Jarema, G., Lacerda, A., Rousseau, J., Van de Velde, C., &amp; <strong>Filiatrault, J. <\/strong>(2023). Social isolation of older adults living in a neighbourhood of Montreal: A qualitative descriptive study of the perspectives of older adults and community stakeholders. <em>Canadian Journal on Aging,<\/em>\u00a0<em>42<\/em>(3), 434-445. <a href=\"https:\/\/doi.org\/10.1017\/s071498082300003x\">https:\/\/doi.org\/10.1017\/s071498082300003x<\/a><\/li>\n<\/ul>\n<h2><b>Research Interests<\/b><\/h2>\n<ul>\n<li>Development, implementation and evaluation of prevention and health promotion programmes for the elderly<\/li>\n<li>Study of the effects and factors influencing the successful implementation of intergenerational initiatives<\/li>\n<li>Interventions to promote the social participation of the elderly<\/li>\n<li>Falls prevention programmes<\/li>\n<li>Non-ageist and inclusive practices of sexual and gender diversity among older adults<\/li>\n<\/ul>\n","protected":false},"excerpt":{"rendered":"<p>Education B.Sc. Occupational Therapy, Universit\u00e9 de Montr\u00e9al (1986) M.Sc. Neurological Sciences, Universit\u00e9 de Montr\u00e9al (1991) Ph.D. Public Health (health promotion), Universit\u00e9 de Montr\u00e9al (2008) Postdoctoral training : Research Center on [&hellip;]<\/p>\n","protected":false},"author":25,"featured_media":0,"parent":13845,"menu_order":11,"comment_status":"closed","ping_status":"closed","template":"","meta":{"footnotes":""},"class_list":["post-13862","page","type-page","status-publish","hentry"],"yoast_head":"<!-- This site is optimized with the Yoast SEO plugin v25.0 - https:\/\/yoast.com\/wordpress\/plugins\/seo\/ -->\n<title>Johanne Filiatrault OT, Ph.D. - \u00c9cole de r\u00e9adaptation - Universit\u00e9 de Montr\u00e9al<\/title>\n<meta name=\"robots\" content=\"index, follow, max-snippet:-1, max-image-preview:large, max-video-preview:-1\" \/>\n<link rel=\"canonical\" href=\"https:\/\/readaptation.umontreal.ca\/en\/research\/researchers\/johanne-filiatrault-ph-d\/\" \/>\n<meta property=\"og:locale\" content=\"en_US\" \/>\n<meta property=\"og:type\" content=\"article\" \/>\n<meta property=\"og:title\" content=\"Johanne Filiatrault OT, Ph.D. - \u00c9cole de r\u00e9adaptation - Universit\u00e9 de Montr\u00e9al\" \/>\n<meta property=\"og:description\" content=\"Education B.Sc. Occupational Therapy, Universit\u00e9 de Montr\u00e9al (1986) M.Sc. Neurological Sciences, Universit\u00e9 de Montr\u00e9al (1991) Ph.D. Public Health (health promotion), Universit\u00e9 de Montr\u00e9al (2008) Postdoctoral training : Research Center on [&hellip;]\" \/>\n<meta property=\"og:url\" content=\"https:\/\/readaptation.umontreal.ca\/en\/research\/researchers\/johanne-filiatrault-ph-d\/\" \/>\n<meta property=\"og:site_name\" content=\"\u00c9cole de r\u00e9adaptation\" \/>\n<meta property=\"article:modified_time\" content=\"2025-07-09T15:31:59+00:00\" \/>\n<meta property=\"og:image\" content=\"https:\/\/readaptation.umontreal.ca\/wp-content\/uploads\/sites\/21\/2017\/11\/JF_web.jpg\" \/>\n\t<meta property=\"og:image:width\" content=\"180\" \/>\n\t<meta property=\"og:image:height\" content=\"216\" \/>\n\t<meta property=\"og:image:type\" content=\"image\/jpeg\" \/>\n<meta name=\"twitter:label1\" content=\"Est. reading time\" \/>\n\t<meta name=\"twitter:data1\" content=\"4 minutes\" \/>\n<script type=\"application\/ld+json\" class=\"yoast-schema-graph\">{\"@context\":\"https:\/\/schema.org\",\"@graph\":[{\"@type\":\"WebPage\",\"@id\":\"https:\/\/readaptation.umontreal.ca\/en\/research\/researchers\/johanne-filiatrault-ph-d\/\",\"url\":\"https:\/\/readaptation.umontreal.ca\/en\/research\/researchers\/johanne-filiatrault-ph-d\/\",\"name\":\"Johanne Filiatrault OT, Ph.D. - \u00c9cole de r\u00e9adaptation - Universit\u00e9 de Montr\u00e9al\",\"isPartOf\":{\"@id\":\"https:\/\/readaptation.umontreal.ca\/#website\"},\"primaryImageOfPage\":{\"@id\":\"https:\/\/readaptation.umontreal.ca\/en\/research\/researchers\/johanne-filiatrault-ph-d\/#primaryimage\"},\"image\":{\"@id\":\"https:\/\/readaptation.umontreal.ca\/en\/research\/researchers\/johanne-filiatrault-ph-d\/#primaryimage\"},\"thumbnailUrl\":\"https:\/\/readaptation.umontreal.ca\/wp-content\/uploads\/sites\/21\/2017\/11\/JF_web.jpg\",\"datePublished\":\"2017-11-09T21:37:53+00:00\",\"dateModified\":\"2025-07-09T15:31:59+00:00\",\"breadcrumb\":{\"@id\":\"https:\/\/readaptation.umontreal.ca\/en\/research\/researchers\/johanne-filiatrault-ph-d\/#breadcrumb\"},\"inLanguage\":\"en-US\",\"potentialAction\":[{\"@type\":\"ReadAction\",\"target\":[\"https:\/\/readaptation.umontreal.ca\/en\/research\/researchers\/johanne-filiatrault-ph-d\/\"]}]},{\"@type\":\"ImageObject\",\"inLanguage\":\"en-US\",\"@id\":\"https:\/\/readaptation.umontreal.ca\/en\/research\/researchers\/johanne-filiatrault-ph-d\/#primaryimage\",\"url\":\"https:\/\/readaptation.umontreal.ca\/wp-content\/uploads\/sites\/21\/2017\/11\/JF_web.jpg\",\"contentUrl\":\"https:\/\/readaptation.umontreal.ca\/wp-content\/uploads\/sites\/21\/2017\/11\/JF_web.jpg\"},{\"@type\":\"BreadcrumbList\",\"@id\":\"https:\/\/readaptation.umontreal.ca\/en\/research\/researchers\/johanne-filiatrault-ph-d\/#breadcrumb\",\"itemListElement\":[{\"@type\":\"ListItem\",\"position\":1,\"name\":\"Accueil\",\"item\":\"https:\/\/readaptation.umontreal.ca\/\"},{\"@type\":\"ListItem\",\"position\":2,\"name\":\"Research\",\"item\":\"https:\/\/readaptation.umontreal.ca\/en\/research\/\"},{\"@type\":\"ListItem\",\"position\":3,\"name\":\"Researchers\",\"item\":\"https:\/\/readaptation.umontreal.ca\/en\/research\/researchers\/\"},{\"@type\":\"ListItem\",\"position\":4,\"name\":\"Johanne Filiatrault OT, Ph.D.\"}]},{\"@type\":\"WebSite\",\"@id\":\"https:\/\/readaptation.umontreal.ca\/#website\",\"url\":\"https:\/\/readaptation.umontreal.ca\/\",\"name\":\"\u00c9cole de r\u00e9adaptation\",\"description\":\"\",\"potentialAction\":[{\"@type\":\"SearchAction\",\"target\":{\"@type\":\"EntryPoint\",\"urlTemplate\":\"https:\/\/readaptation.umontreal.ca\/?s={search_term_string}\"},\"query-input\":{\"@type\":\"PropertyValueSpecification\",\"valueRequired\":true,\"valueName\":\"search_term_string\"}}],\"inLanguage\":\"en-US\"}]}<\/script>\n<!-- \/ Yoast SEO plugin. -->","yoast_head_json":{"title":"Johanne Filiatrault OT, Ph.D. - \u00c9cole de r\u00e9adaptation - Universit\u00e9 de Montr\u00e9al","robots":{"index":"index","follow":"follow","max-snippet":"max-snippet:-1","max-image-preview":"max-image-preview:large","max-video-preview":"max-video-preview:-1"},"canonical":"https:\/\/readaptation.umontreal.ca\/en\/research\/researchers\/johanne-filiatrault-ph-d\/","og_locale":"en_US","og_type":"article","og_title":"Johanne Filiatrault OT, Ph.D. - \u00c9cole de r\u00e9adaptation - Universit\u00e9 de Montr\u00e9al","og_description":"Education B.Sc. Occupational Therapy, Universit\u00e9 de Montr\u00e9al (1986) M.Sc. Neurological Sciences, Universit\u00e9 de Montr\u00e9al (1991) Ph.D. Public Health (health promotion), Universit\u00e9 de Montr\u00e9al (2008) Postdoctoral training : Research Center on [&hellip;]","og_url":"https:\/\/readaptation.umontreal.ca\/en\/research\/researchers\/johanne-filiatrault-ph-d\/","og_site_name":"\u00c9cole de r\u00e9adaptation","article_modified_time":"2025-07-09T15:31:59+00:00","og_image":[{"width":180,"height":216,"url":"https:\/\/readaptation.umontreal.ca\/wp-content\/uploads\/sites\/21\/2017\/11\/JF_web.jpg","type":"image\/jpeg"}],"twitter_misc":{"Est. reading time":"4 minutes"},"schema":{"@context":"https:\/\/schema.org","@graph":[{"@type":"WebPage","@id":"https:\/\/readaptation.umontreal.ca\/en\/research\/researchers\/johanne-filiatrault-ph-d\/","url":"https:\/\/readaptation.umontreal.ca\/en\/research\/researchers\/johanne-filiatrault-ph-d\/","name":"Johanne Filiatrault OT, Ph.D. - \u00c9cole de r\u00e9adaptation - Universit\u00e9 de Montr\u00e9al","isPartOf":{"@id":"https:\/\/readaptation.umontreal.ca\/#website"},"primaryImageOfPage":{"@id":"https:\/\/readaptation.umontreal.ca\/en\/research\/researchers\/johanne-filiatrault-ph-d\/#primaryimage"},"image":{"@id":"https:\/\/readaptation.umontreal.ca\/en\/research\/researchers\/johanne-filiatrault-ph-d\/#primaryimage"},"thumbnailUrl":"https:\/\/readaptation.umontreal.ca\/wp-content\/uploads\/sites\/21\/2017\/11\/JF_web.jpg","datePublished":"2017-11-09T21:37:53+00:00","dateModified":"2025-07-09T15:31:59+00:00","breadcrumb":{"@id":"https:\/\/readaptation.umontreal.ca\/en\/research\/researchers\/johanne-filiatrault-ph-d\/#breadcrumb"},"inLanguage":"en-US","potentialAction":[{"@type":"ReadAction","target":["https:\/\/readaptation.umontreal.ca\/en\/research\/researchers\/johanne-filiatrault-ph-d\/"]}]},{"@type":"ImageObject","inLanguage":"en-US","@id":"https:\/\/readaptation.umontreal.ca\/en\/research\/researchers\/johanne-filiatrault-ph-d\/#primaryimage","url":"https:\/\/readaptation.umontreal.ca\/wp-content\/uploads\/sites\/21\/2017\/11\/JF_web.jpg","contentUrl":"https:\/\/readaptation.umontreal.ca\/wp-content\/uploads\/sites\/21\/2017\/11\/JF_web.jpg"},{"@type":"BreadcrumbList","@id":"https:\/\/readaptation.umontreal.ca\/en\/research\/researchers\/johanne-filiatrault-ph-d\/#breadcrumb","itemListElement":[{"@type":"ListItem","position":1,"name":"Accueil","item":"https:\/\/readaptation.umontreal.ca\/"},{"@type":"ListItem","position":2,"name":"Research","item":"https:\/\/readaptation.umontreal.ca\/en\/research\/"},{"@type":"ListItem","position":3,"name":"Researchers","item":"https:\/\/readaptation.umontreal.ca\/en\/research\/researchers\/"},{"@type":"ListItem","position":4,"name":"Johanne Filiatrault OT, Ph.D."}]},{"@type":"WebSite","@id":"https:\/\/readaptation.umontreal.ca\/#website","url":"https:\/\/readaptation.umontreal.ca\/","name":"\u00c9cole de r\u00e9adaptation","description":"","potentialAction":[{"@type":"SearchAction","target":{"@type":"EntryPoint","urlTemplate":"https:\/\/readaptation.umontreal.ca\/?s={search_term_string}"},"query-input":{"@type":"PropertyValueSpecification","valueRequired":true,"valueName":"search_term_string"}}],"inLanguage":"en-US"}]}},"_links":{"self":[{"href":"https:\/\/readaptation.umontreal.ca\/en\/wp-json\/wp\/v2\/pages\/13862","targetHints":{"allow":["GET"]}}],"collection":[{"href":"https:\/\/readaptation.umontreal.ca\/en\/wp-json\/wp\/v2\/pages"}],"about":[{"href":"https:\/\/readaptation.umontreal.ca\/en\/wp-json\/wp\/v2\/types\/page"}],"author":[{"embeddable":true,"href":"https:\/\/readaptation.umontreal.ca\/en\/wp-json\/wp\/v2\/users\/25"}],"replies":[{"embeddable":true,"href":"https:\/\/readaptation.umontreal.ca\/en\/wp-json\/wp\/v2\/comments?post=13862"}],"version-history":[{"count":13,"href":"https:\/\/readaptation.umontreal.ca\/en\/wp-json\/wp\/v2\/pages\/13862\/revisions"}],"predecessor-version":[{"id":23608,"href":"https:\/\/readaptation.umontreal.ca\/en\/wp-json\/wp\/v2\/pages\/13862\/revisions\/23608"}],"up":[{"embeddable":true,"href":"https:\/\/readaptation.umontreal.ca\/en\/wp-json\/wp\/v2\/pages\/13845"}],"wp:attachment":[{"href":"https:\/\/readaptation.umontreal.ca\/en\/wp-json\/wp\/v2\/media?parent=13862"}],"curies":[{"name":"wp","href":"https:\/\/api.w.org\/{rel}","templated":true}]}}