{"id":13860,"date":"2017-11-09T22:37:18","date_gmt":"2017-11-09T21:37:18","guid":{"rendered":"https:\/\/readaptation.umontreal.ca\/?page_id=13860\/"},"modified":"2020-04-06T17:19:11","modified_gmt":"2020-04-06T16:19:11","slug":"chantale-dumoulin-ph-d","status":"publish","type":"page","link":"https:\/\/readaptation.umontreal.ca\/en\/research\/researchers\/chantale-dumoulin-ph-d\/","title":{"rendered":"Chantale Dumoulin, Ph.D."},"content":{"rendered":"<div class=\"one-third first \">\n<p><span style=\"color: #ffffff\"> <\/span><\/p>\n<h2><img loading=\"lazy\" decoding=\"async\" src=\"https:\/\/readaptation.umontreal.ca\/wp-content\/uploads\/sites\/21\/2018\/05\/DUMOULIN_Photo.jpg\" alt=\"\" class=\"alignnone wp-image-14786\" width=\"175\" height=\"197\" \/><\/h2>\n<\/div>\n<div class=\"two-third  \">\n<h3>Full professor, Director of the microprogram in pelvic floor rehabilitation<\/h3>\n<p><strong>Contact details (Research)<\/strong><br \/>\nCanadian Research Chair in Urogynecological Health and aging (2012-2022)<br \/>\nCentre de recherche de l\u2019Institut universitaire de g\u00e9riatrie de Montr\u00e9al (CRIUMG)<br \/>\n4545, chemin Queen Mary<br \/>\nMontr\u00e9al (Qc) H3W 1W4<br \/>\n<strong>T<\/strong> 514 340-2800<\/p>\n<p><strong>Contact details (School of Rehabilitation)<\/strong><br \/>\n<strong>T<\/strong> 514 343-0233<br \/>\n<a href=\"mailto:chantal.dumoulin@umontreal.ca\">chantal.dumoulin@umontreal.ca<\/a><\/p>\n<p><strong>Program<\/strong><br \/>\nPhysiotherapy<br \/>\n<a href=\"https:\/\/www.youtube.com\/watch?v=PzIYXCA5gwE\" target=\"_blank\" rel=\"noopener noreferrer\">Research background (french)<\/a><\/p>\n<\/div>\n<hr\/>\n<h2>Education<\/h2>\n<ul>\n<li>B.Sc. (P.T.), Physiotherapy, McGill University (1988)<\/li>\n<li>M.Sc., Biomedical Sciences (option: Rehabilitation) (1994)<\/li>\n<li>Ph.D., Biomedical Sciences (option: Rehabilitation), Universit\u00e9 de Montr\u00e9al (2004)<\/li>\n<li>Postdoctoral studies, McGill University (distribution of health services and development of interview-based studies) and Stanford Medical School (MRI, 3D reconstruction of the pelvic floor muscle (2007)<\/li>\n<li>Fellowship during sabbatical, Cochrane Incontinence Review Group, Aberdeen University, Scotland (Meta-analyses) (2013).<\/li>\n<\/ul>\n<h2>Major projects underway<\/h2>\n<ul>\n<li>Implementation of a group-based pelvic floor muscle training program to treat urinary incontinence in older women: a mixed methods implementation study<\/li>\n<li>Development and validation of a clinical prediction rule to guide and improve the treatment of female stress urinary incontinence<\/li>\n<li>Impact of pelvic floor physiotherapy on nocturia in urinary incontinent aging women.<\/li>\n<li>Meta-analysis focusing on the efficacy of pelvic floor exercises to treat urinary incontinence in women: a Cochrane review.<\/li>\n<li>Meta-analysis focusing on the efficacy of pelvic floor exercises to treat urinary incontinence in older women: a Cochrane review.<\/li>\n<\/ul>\n<h2>Selected publications<\/h2>\n<ul>\n<li>Mercier, J., Morin, M., Zaki, D., Reichetzer, B., Lemieux, M. C., Khalife, S., &amp; <strong>Dumoulin, C.<\/strong> (2019). Pelvic floor muscle training as a treatment for genitourinary syndrome of menopause: A single-arm feasibility study. <em>Maturitas, 125<\/em>, 57-62. doi:10.1016\/j.maturitas.2019.03.002<\/li>\n<li>Mercier, J., Tang, A., Morin, M., Lemieux, M.C., Khalif\u00e9, S., Reichetzer, B., &amp; <strong>Dumoulin C.<\/strong> (2018). Test-retest reliability of internal pudendal artery blood flow using color doppler ultrasonography in healthy women. <em>International Urogynecology Journal<\/em>, accepted 26 February 2018.<\/li>\n<li><strong>Dumoulin, C.<\/strong>, Morin, M., Mayran, M. H., Tousignant, M., &amp; Abrahamowicz, (2017) Group physiotherapy compared to individual physiotherapy to treat urinary incontinence in aging women: study protocol for a randomized, controlled, non-inferiority trial. <em>Trials, 18<\/em>(1):544.<\/li>\n<li><strong>Dumoulin C<\/strong>, Tang A, Pontbriand-Drolet S, Maddill S, Morin M. (2017). Pelvic floor morphometry: a predictor of pelvic floor muscle training\u2019s success for women with stress and mixed urinary incontinence. <em>International Urogynecology Journal. <\/em><em>28<\/em>(8):1233-1239. doi:10.1007\/s00192-016-3254-7<\/li>\n<li>Mercier, J., Morin, M., Lemieux, M. C., Reichetzer, B., Khalife, S., &amp; <strong>Dumoulin, C.<\/strong> (2016). Pelvic floor muscle training to reduce symptoms and signs of vulvovaginal atrophy: a case study. <em>Menopause, 23<\/em>(7), 816-820. doi:10.1097\/gme.0000000000000620<\/li>\n<li>Sran, M., Mercier, J., Wilson, P., Lieblich, P., &amp; <strong>Dumoulin, C.<\/strong> (2016). Physical therapy for urinary incontinence in postmenopausal women with osteoporosis or low bone density: a randomized controlled trial. <em>Menopause, 23<\/em>(3), 286-293. doi:10.1097\/gme.0000000000000594<\/li>\n<li>Morin, M., <strong>Dumoulin, C.<\/strong>, Bergeron, S., Mayrand, M. H., Khalife, S., . . . Dubois, M. F. (2016). Randomized clinical trial of multimodal physiotherapy treatment compared to overnight lidocaine ointment in women with provoked vestibulodynia: Design and methods. <em>Contemporary Clinical Trials, 46<\/em>, 52-59. doi:10.1016\/j.cct.2015.11.013<\/li>\n<li><strong>Dumoulin, C.<\/strong>, Hunter, K. F., Moore, K., Bradley, C. S., Burgio, K. L., Hagen, S., . . . Chambers, T. (2016). Conservative management for female urinary incontinence and pelvic organ prolapse review 2013: Summary of the 5th International Consultation on Incontinence. <em>Neurourology and Urodynamics, 35<\/em>(1), 15-20. doi:10.1002\/nau.22677<\/li>\n<li><strong>Dumoulin, C.<\/strong>, Hay-Smith, J., Frawley, H., McClurg, D., Alewijnse, D., Bo, K., . . . Van Kampen, M. (2015). 2014 consensus statement on improving pelvic floor muscle training adherence: International Continence Society 2011 State-of-the-Science Seminar. <em>Neurourology and Urodynamics<\/em><em>, 34<\/em>(7), 600-605. doi:10.1002\/nau.22796<\/li>\n<li>Elliott, V., de Bruin, E. D., &amp; <strong>Dumoulin, C.<\/strong> (2015). Virtual reality rehabilitation as a treatment approach for older women with MUI: a feasibility study. <em>Neurourology and Urodynamics, 34<\/em>(3), 236-243. doi:10.1002\/nau.22553<\/li>\n<\/ul>\n<h2>Research orientation<\/h2>\n<p>Dr. Chantal Dumoulin\u2019s research chair in Urogynecological Health and Aging focuses on the health of aging women. Studies deal mainly with urinary incontinence, nocturia, and genitourinary syndrome of menopause. More specifically, Dr. Dumoulin is studying the aging of the female urogynaecological system in order to better understand the physiopathology of urinary incontinence, nocturia, and genito-urinary syndrome of menopause among older women. She is also looking into the prevention and treatment of these problems as well as trying to identify women more likely to benefit from conservative treatment such as rehabilitation of the pelvic floor muscles. Moreover, she conducts systematic reviews and contributes every four years to the development of International Incontinence Clinical Practice Guidelines by chairing the conservative management chapter of the International Consultation on Incontinence book. \u00a0Her methodological expertise includes the development and psychometric evaluation of measurement tools as well as assessment of the efficacy of treatments using randomized clinical trials, clinical prediction rule development and systematic review.<\/p>\n","protected":false},"excerpt":{"rendered":"<p>Education B.Sc. (P.T.), Physiotherapy, McGill University (1988) M.Sc., Biomedical Sciences (option: Rehabilitation) (1994) Ph.D., Biomedical Sciences (option: Rehabilitation), Universit\u00e9 de Montr\u00e9al (2004) Postdoctoral studies, McGill University (distribution of health services [&hellip;]<\/p>\n","protected":false},"author":25,"featured_media":0,"parent":13845,"menu_order":19,"comment_status":"closed","ping_status":"closed","template":"","meta":{"footnotes":""},"class_list":["post-13860","page","type-page","status-publish","hentry"],"yoast_head":"<!-- This site is optimized with the Yoast SEO plugin v25.0 - https:\/\/yoast.com\/wordpress\/plugins\/seo\/ -->\n<title>Chantale Dumoulin, Ph.D. - \u00c9cole de r\u00e9adaptation - Universit\u00e9 de Montr\u00e9al<\/title>\n<meta name=\"robots\" content=\"index, follow, max-snippet:-1, max-image-preview:large, max-video-preview:-1\" \/>\n<link rel=\"canonical\" href=\"https:\/\/readaptation.umontreal.ca\/en\/research\/researchers\/chantale-dumoulin-ph-d\/\" \/>\n<meta property=\"og:locale\" content=\"en_US\" \/>\n<meta property=\"og:type\" content=\"article\" \/>\n<meta property=\"og:title\" content=\"Chantale Dumoulin, Ph.D. - \u00c9cole de r\u00e9adaptation - Universit\u00e9 de Montr\u00e9al\" \/>\n<meta property=\"og:description\" content=\"Education B.Sc. (P.T.), Physiotherapy, McGill University (1988) M.Sc., Biomedical Sciences (option: Rehabilitation) (1994) Ph.D., Biomedical Sciences (option: Rehabilitation), Universit\u00e9 de Montr\u00e9al (2004) Postdoctoral studies, McGill University (distribution of health services [&hellip;]\" \/>\n<meta property=\"og:url\" content=\"https:\/\/readaptation.umontreal.ca\/en\/research\/researchers\/chantale-dumoulin-ph-d\/\" \/>\n<meta property=\"og:site_name\" content=\"\u00c9cole de r\u00e9adaptation\" \/>\n<meta property=\"article:modified_time\" content=\"2020-04-06T16:19:11+00:00\" \/>\n<meta property=\"og:image\" content=\"https:\/\/readaptation-prod.umontreal.ca\/wp-content\/uploads\/sites\/21\/2018\/05\/DUMOULIN_Photo.jpg\" \/>\n<meta name=\"twitter:label1\" content=\"Est. reading time\" \/>\n\t<meta name=\"twitter:data1\" content=\"4 minutes\" \/>\n<script type=\"application\/ld+json\" class=\"yoast-schema-graph\">{\"@context\":\"https:\/\/schema.org\",\"@graph\":[{\"@type\":\"WebPage\",\"@id\":\"https:\/\/readaptation.umontreal.ca\/en\/research\/researchers\/chantale-dumoulin-ph-d\/\",\"url\":\"https:\/\/readaptation.umontreal.ca\/en\/research\/researchers\/chantale-dumoulin-ph-d\/\",\"name\":\"Chantale Dumoulin, Ph.D. - \u00c9cole de r\u00e9adaptation - Universit\u00e9 de Montr\u00e9al\",\"isPartOf\":{\"@id\":\"https:\/\/readaptation.umontreal.ca\/#website\"},\"primaryImageOfPage\":{\"@id\":\"https:\/\/readaptation.umontreal.ca\/en\/research\/researchers\/chantale-dumoulin-ph-d\/#primaryimage\"},\"image\":{\"@id\":\"https:\/\/readaptation.umontreal.ca\/en\/research\/researchers\/chantale-dumoulin-ph-d\/#primaryimage\"},\"thumbnailUrl\":\"https:\/\/readaptation.umontreal.ca\/wp-content\/uploads\/sites\/21\/2018\/05\/DUMOULIN_Photo.jpg\",\"datePublished\":\"2017-11-09T21:37:18+00:00\",\"dateModified\":\"2020-04-06T16:19:11+00:00\",\"breadcrumb\":{\"@id\":\"https:\/\/readaptation.umontreal.ca\/en\/research\/researchers\/chantale-dumoulin-ph-d\/#breadcrumb\"},\"inLanguage\":\"en-US\",\"potentialAction\":[{\"@type\":\"ReadAction\",\"target\":[\"https:\/\/readaptation.umontreal.ca\/en\/research\/researchers\/chantale-dumoulin-ph-d\/\"]}]},{\"@type\":\"ImageObject\",\"inLanguage\":\"en-US\",\"@id\":\"https:\/\/readaptation.umontreal.ca\/en\/research\/researchers\/chantale-dumoulin-ph-d\/#primaryimage\",\"url\":\"https:\/\/readaptation.umontreal.ca\/wp-content\/uploads\/sites\/21\/2018\/05\/DUMOULIN_Photo.jpg\",\"contentUrl\":\"https:\/\/readaptation.umontreal.ca\/wp-content\/uploads\/sites\/21\/2018\/05\/DUMOULIN_Photo.jpg\"},{\"@type\":\"BreadcrumbList\",\"@id\":\"https:\/\/readaptation.umontreal.ca\/en\/research\/researchers\/chantale-dumoulin-ph-d\/#breadcrumb\",\"itemListElement\":[{\"@type\":\"ListItem\",\"position\":1,\"name\":\"Accueil\",\"item\":\"https:\/\/readaptation.umontreal.ca\/\"},{\"@type\":\"ListItem\",\"position\":2,\"name\":\"Research\",\"item\":\"https:\/\/readaptation.umontreal.ca\/en\/research\/\"},{\"@type\":\"ListItem\",\"position\":3,\"name\":\"Researchers\",\"item\":\"https:\/\/readaptation.umontreal.ca\/en\/research\/researchers\/\"},{\"@type\":\"ListItem\",\"position\":4,\"name\":\"Chantale Dumoulin, Ph.D.\"}]},{\"@type\":\"WebSite\",\"@id\":\"https:\/\/readaptation.umontreal.ca\/#website\",\"url\":\"https:\/\/readaptation.umontreal.ca\/\",\"name\":\"\u00c9cole de r\u00e9adaptation\",\"description\":\"\",\"potentialAction\":[{\"@type\":\"SearchAction\",\"target\":{\"@type\":\"EntryPoint\",\"urlTemplate\":\"https:\/\/readaptation.umontreal.ca\/?s={search_term_string}\"},\"query-input\":{\"@type\":\"PropertyValueSpecification\",\"valueRequired\":true,\"valueName\":\"search_term_string\"}}],\"inLanguage\":\"en-US\"}]}<\/script>\n<!-- \/ Yoast SEO plugin. -->","yoast_head_json":{"title":"Chantale Dumoulin, Ph.D. - \u00c9cole de r\u00e9adaptation - Universit\u00e9 de Montr\u00e9al","robots":{"index":"index","follow":"follow","max-snippet":"max-snippet:-1","max-image-preview":"max-image-preview:large","max-video-preview":"max-video-preview:-1"},"canonical":"https:\/\/readaptation.umontreal.ca\/en\/research\/researchers\/chantale-dumoulin-ph-d\/","og_locale":"en_US","og_type":"article","og_title":"Chantale Dumoulin, Ph.D. - \u00c9cole de r\u00e9adaptation - Universit\u00e9 de Montr\u00e9al","og_description":"Education B.Sc. (P.T.), Physiotherapy, McGill University (1988) M.Sc., Biomedical Sciences (option: Rehabilitation) (1994) Ph.D., Biomedical Sciences (option: Rehabilitation), Universit\u00e9 de Montr\u00e9al (2004) Postdoctoral studies, McGill University (distribution of health services [&hellip;]","og_url":"https:\/\/readaptation.umontreal.ca\/en\/research\/researchers\/chantale-dumoulin-ph-d\/","og_site_name":"\u00c9cole de r\u00e9adaptation","article_modified_time":"2020-04-06T16:19:11+00:00","og_image":[{"url":"https:\/\/readaptation-prod.umontreal.ca\/wp-content\/uploads\/sites\/21\/2018\/05\/DUMOULIN_Photo.jpg","type":"","width":"","height":""}],"twitter_misc":{"Est. reading time":"4 minutes"},"schema":{"@context":"https:\/\/schema.org","@graph":[{"@type":"WebPage","@id":"https:\/\/readaptation.umontreal.ca\/en\/research\/researchers\/chantale-dumoulin-ph-d\/","url":"https:\/\/readaptation.umontreal.ca\/en\/research\/researchers\/chantale-dumoulin-ph-d\/","name":"Chantale Dumoulin, Ph.D. - \u00c9cole de r\u00e9adaptation - Universit\u00e9 de Montr\u00e9al","isPartOf":{"@id":"https:\/\/readaptation.umontreal.ca\/#website"},"primaryImageOfPage":{"@id":"https:\/\/readaptation.umontreal.ca\/en\/research\/researchers\/chantale-dumoulin-ph-d\/#primaryimage"},"image":{"@id":"https:\/\/readaptation.umontreal.ca\/en\/research\/researchers\/chantale-dumoulin-ph-d\/#primaryimage"},"thumbnailUrl":"https:\/\/readaptation.umontreal.ca\/wp-content\/uploads\/sites\/21\/2018\/05\/DUMOULIN_Photo.jpg","datePublished":"2017-11-09T21:37:18+00:00","dateModified":"2020-04-06T16:19:11+00:00","breadcrumb":{"@id":"https:\/\/readaptation.umontreal.ca\/en\/research\/researchers\/chantale-dumoulin-ph-d\/#breadcrumb"},"inLanguage":"en-US","potentialAction":[{"@type":"ReadAction","target":["https:\/\/readaptation.umontreal.ca\/en\/research\/researchers\/chantale-dumoulin-ph-d\/"]}]},{"@type":"ImageObject","inLanguage":"en-US","@id":"https:\/\/readaptation.umontreal.ca\/en\/research\/researchers\/chantale-dumoulin-ph-d\/#primaryimage","url":"https:\/\/readaptation.umontreal.ca\/wp-content\/uploads\/sites\/21\/2018\/05\/DUMOULIN_Photo.jpg","contentUrl":"https:\/\/readaptation.umontreal.ca\/wp-content\/uploads\/sites\/21\/2018\/05\/DUMOULIN_Photo.jpg"},{"@type":"BreadcrumbList","@id":"https:\/\/readaptation.umontreal.ca\/en\/research\/researchers\/chantale-dumoulin-ph-d\/#breadcrumb","itemListElement":[{"@type":"ListItem","position":1,"name":"Accueil","item":"https:\/\/readaptation.umontreal.ca\/"},{"@type":"ListItem","position":2,"name":"Research","item":"https:\/\/readaptation.umontreal.ca\/en\/research\/"},{"@type":"ListItem","position":3,"name":"Researchers","item":"https:\/\/readaptation.umontreal.ca\/en\/research\/researchers\/"},{"@type":"ListItem","position":4,"name":"Chantale Dumoulin, Ph.D."}]},{"@type":"WebSite","@id":"https:\/\/readaptation.umontreal.ca\/#website","url":"https:\/\/readaptation.umontreal.ca\/","name":"\u00c9cole de r\u00e9adaptation","description":"","potentialAction":[{"@type":"SearchAction","target":{"@type":"EntryPoint","urlTemplate":"https:\/\/readaptation.umontreal.ca\/?s={search_term_string}"},"query-input":{"@type":"PropertyValueSpecification","valueRequired":true,"valueName":"search_term_string"}}],"inLanguage":"en-US"}]}},"_links":{"self":[{"href":"https:\/\/readaptation.umontreal.ca\/en\/wp-json\/wp\/v2\/pages\/13860","targetHints":{"allow":["GET"]}}],"collection":[{"href":"https:\/\/readaptation.umontreal.ca\/en\/wp-json\/wp\/v2\/pages"}],"about":[{"href":"https:\/\/readaptation.umontreal.ca\/en\/wp-json\/wp\/v2\/types\/page"}],"author":[{"embeddable":true,"href":"https:\/\/readaptation.umontreal.ca\/en\/wp-json\/wp\/v2\/users\/25"}],"replies":[{"embeddable":true,"href":"https:\/\/readaptation.umontreal.ca\/en\/wp-json\/wp\/v2\/comments?post=13860"}],"version-history":[{"count":8,"href":"https:\/\/readaptation.umontreal.ca\/en\/wp-json\/wp\/v2\/pages\/13860\/revisions"}],"predecessor-version":[{"id":17763,"href":"https:\/\/readaptation.umontreal.ca\/en\/wp-json\/wp\/v2\/pages\/13860\/revisions\/17763"}],"up":[{"embeddable":true,"href":"https:\/\/readaptation.umontreal.ca\/en\/wp-json\/wp\/v2\/pages\/13845"}],"wp:attachment":[{"href":"https:\/\/readaptation.umontreal.ca\/en\/wp-json\/wp\/v2\/media?parent=13860"}],"curies":[{"name":"wp","href":"https:\/\/api.w.org\/{rel}","templated":true}]}}