{"id":13858,"date":"2017-11-09T22:36:54","date_gmt":"2017-11-09T21:36:54","guid":{"rendered":"https:\/\/readaptation.umontreal.ca\/?page_id=13858\/"},"modified":"2022-07-11T17:42:05","modified_gmt":"2022-07-11T16:42:05","slug":"nicolas-dumont-pt-ph-d","status":"publish","type":"page","link":"https:\/\/readaptation.umontreal.ca\/en\/research\/researchers\/nicolas-dumont-pt-ph-d\/","title":{"rendered":"Nicolas Dumont, Ph.D."},"content":{"rendered":"<div class=\"one-third first \">\n<p><span style=\"color: #ffffff\">&#8211;<\/span><\/p>\n<p><img loading=\"lazy\" decoding=\"async\" src=\"https:\/\/readaptation.umontreal.ca\/wp-content\/uploads\/sites\/21\/Dumont_Nicolas_web.jpg\" alt=\"Nicolas Dumont\" class=\"size-full wp-image-11947 alignleft\" width=\"150\" height=\"225\" \/><\/p>\n<\/div>\n<div class=\"two-third  \">\n<h3>Associate professor<\/h3>\n<p><strong>Contact details (Research)<br \/>\n<\/strong>Sainte-Justine Hospital research center<br \/>\n3175 Ch. de la c\u00f4te Sainte-Catherine<br \/>\nMontr\u00e9al (Qu\u00e9bec) H3T 1C5<br \/>\nRoom 5.17.007<br \/>\n<strong>T<\/strong> (514) 345-4931 ext. 7876<\/p>\n<p><strong>Contact details (School of Rehabilitation)<br \/>\nT<\/strong> 514 343-6111 ext. 7494<br \/>\n<a target=\"_blank\" href=\"mailto:nicolas.dumont.1@umontreal.ca\" rel=\"noopener noreferrer\">nicolas.dumont.1@umontreal.ca<\/a><\/p>\n<p><strong>Program<\/strong><strong><br \/>\n<\/strong>Physiotherapy<\/p>\n<\/div>\n<hr\/>\n<h2>Education<\/h2>\n<ul>\n<li>B.Sc. Physiotherapy, University Laval (2005)<\/li>\n<li>M.Sc. Physiology-endocrinology, CHUQ research center, University Laval (2007)<\/li>\n<li>Ph.D. Physiology-endocrinology, CHUQ research center, University Laval (2013)<\/li>\n<li>Post-doctoral fellow in regenerative medicine, Ottawa Hospital Research Institute, University of Ottawa (2013-2016)<\/li>\n<\/ul>\n<h2>Current research projects<\/h2>\n<ul>\n<li>The role of acute and chronic inflammation on skeletal muscle regeneration<\/li>\n<li>The effect of pro-resolving mediators of inflammation for the treatment of muscle injuries and diseases<\/li>\n<li>Muscle stem cell dysfunction in muscle diseases<\/li>\n<li>Functional characterisation of novel rare myopathies<\/li>\n<\/ul>\n<h2>Selected publications<\/h2>\n<ul>\n<li>Feichtinger, R. G., Mucha, B. E., Hengel, H., Orfi, Z., Makowski, C., Dort, J., . . . <strong>Dumont, N. A.<\/strong> (2019). Biallelic variants in the transcription factor PAX7 are a new genetic cause of myopathy. <em>Genetics in Medicine, 21<\/em>(11), 2521-2531. doi:10.1038\/s41436-019-0532-z<\/li>\n<li>Duchesne, E., Dufresne, S. S., &amp; <strong>Dumont, N. A.<\/strong> (2017). Impact of Inflammation and Anti-inflammatory Modalities on Skeletal Muscle Healing: From Fundamental Research to the Clinic. <em>Physical Therapy, 97<\/em>(8), 807-817. doi:10.1093\/ptj\/pzx056<\/li>\n<li><strong>Dumont, N. A.<\/strong>, Wang, Y. X., von Maltzahn, J., Pasut, A., Bentzinger, C. F., Brun, C. E., &amp; Rudnicki, M. A. (2015). Dystrophin expression in muscle stem cells regulates their polarity and asymmetric division. <em>Nature Medicine, 21<\/em>(12), 1455-1463. doi:10.1038\/nm.3990<\/li>\n<li>Dufresne, S. S., <strong>Dumont, N. A.<\/strong>, Boulanger-Piette, A., Fajardo, V. A., Gamu, D., Kake-Guena, S. A., . . . Frenette, J. (2016). Muscle RANK is a key regulator of Ca2+ storage, SERCA activity, and function of fast-twitch skeletal muscles. <em>American Journal of Physiology. Cell Physiology, 310<\/em>(8), C663-672. doi:10.1152\/ajpcell.00285.2015<\/li>\n<li>Dick, S. A., Chang, N. C., <strong>Dumont, N. A.<\/strong>, Bell, R. A., Putinski, C., Kawabe, Y., . . . Megeney, L. A. (2015). Caspase 3 cleavage of Pax7 inhibits self-renewal of satellite cells. <em>Proceedings of the National Academy Sciences of the United States of America, 112<\/em>(38), E5246-5252. doi:10.1073\/pnas.1512869112<\/li>\n<li><strong>Dumont, N. A.<\/strong>, Wang, Y. X., &amp; Rudnicki, M. A. (2015). Intrinsic and extrinsic mechanisms regulating satellite cell function. <em>Development, 142<\/em>(9), 1572-1581. doi:10.1242\/dev.114223<\/li>\n<li>Dufresne, S. S., <strong>Dumont, N. A.<\/strong>, Bouchard, P., Lavergne, E., Penninger, J. M., &amp; Frenette, J. (2015). Osteoprotegerin protects against muscular dystrophy. <em>American Journal of Pathology, 185<\/em>(4), 920-926. doi:10.1016\/j.ajpath.2015.01.006<\/li>\n<li>Price, F. D., von Maltzahn, J., Bentzinger, C. F., <strong>Dumont, N. A.<\/strong>, Yin, H., Chang, N. C., . . . Rudnicki, M. A. (2014). Inhibition of JAK-STAT signaling stimulates adult satellite cell function. <em>Nature Medicine, 20<\/em>(10), 1174-1181. doi:10.1038\/nm.3655<\/li>\n<li><strong>Dumont, N. A.<\/strong>, &amp; Frenette, J. (2013). Macrophage colony-stimulating factor-induced macrophage differentiation promotes regrowth in atrophied skeletal muscles and C2C12 myotubes. <em>American Journal of Pathology<\/em><em>, 182<\/em>(2), 505-515. doi:10.1016\/j.ajpath.2012.10.010<\/li>\n<\/ul>\n<h2>Research interests<\/h2>\n<ul>\n<li>Musculoskeletal regeneration<\/li>\n<li>Acute and chronic inflammation<\/li>\n<li>Atrophied muscle function<\/li>\n<li>Muscle dystrophies<\/li>\n<li>Tendinopathies<\/li>\n<\/ul>\n","protected":false},"excerpt":{"rendered":"<p>Education B.Sc. Physiotherapy, University Laval (2005) M.Sc. Physiology-endocrinology, CHUQ research center, University Laval (2007) Ph.D. Physiology-endocrinology, CHUQ research center, University Laval (2013) Post-doctoral fellow in regenerative medicine, Ottawa Hospital Research [&hellip;]<\/p>\n","protected":false},"author":25,"featured_media":0,"parent":13845,"menu_order":0,"comment_status":"closed","ping_status":"closed","template":"","meta":{"footnotes":""},"class_list":["post-13858","page","type-page","status-publish","hentry"],"yoast_head":"<!-- This site is optimized with the Yoast SEO plugin v25.0 - https:\/\/yoast.com\/wordpress\/plugins\/seo\/ -->\n<title>Nicolas Dumont, Ph.D. - \u00c9cole de r\u00e9adaptation - Universit\u00e9 de Montr\u00e9al<\/title>\n<meta name=\"robots\" content=\"index, follow, max-snippet:-1, max-image-preview:large, max-video-preview:-1\" \/>\n<link rel=\"canonical\" href=\"https:\/\/readaptation.umontreal.ca\/en\/research\/researchers\/nicolas-dumont-pt-ph-d\/\" \/>\n<meta property=\"og:locale\" content=\"en_US\" \/>\n<meta property=\"og:type\" content=\"article\" \/>\n<meta property=\"og:title\" content=\"Nicolas Dumont, Ph.D. - \u00c9cole de r\u00e9adaptation - Universit\u00e9 de Montr\u00e9al\" \/>\n<meta property=\"og:description\" content=\"Education B.Sc. Physiotherapy, University Laval (2005) M.Sc. Physiology-endocrinology, CHUQ research center, University Laval (2007) Ph.D. Physiology-endocrinology, CHUQ research center, University Laval (2013) Post-doctoral fellow in regenerative medicine, Ottawa Hospital Research [&hellip;]\" \/>\n<meta property=\"og:url\" content=\"https:\/\/readaptation.umontreal.ca\/en\/research\/researchers\/nicolas-dumont-pt-ph-d\/\" \/>\n<meta property=\"og:site_name\" content=\"\u00c9cole de r\u00e9adaptation\" \/>\n<meta property=\"article:modified_time\" content=\"2022-07-11T16:42:05+00:00\" \/>\n<meta property=\"og:image\" content=\"https:\/\/readaptation-prod.umontreal.ca\/wp-content\/uploads\/sites\/21\/Dumont_Nicolas_web.jpg\" \/>\n<meta name=\"twitter:label1\" content=\"Est. reading time\" \/>\n\t<meta name=\"twitter:data1\" content=\"2 minutes\" \/>\n<script type=\"application\/ld+json\" class=\"yoast-schema-graph\">{\"@context\":\"https:\/\/schema.org\",\"@graph\":[{\"@type\":\"WebPage\",\"@id\":\"https:\/\/readaptation.umontreal.ca\/en\/research\/researchers\/nicolas-dumont-pt-ph-d\/\",\"url\":\"https:\/\/readaptation.umontreal.ca\/en\/research\/researchers\/nicolas-dumont-pt-ph-d\/\",\"name\":\"Nicolas Dumont, Ph.D. - \u00c9cole de r\u00e9adaptation - Universit\u00e9 de Montr\u00e9al\",\"isPartOf\":{\"@id\":\"https:\/\/readaptation.umontreal.ca\/#website\"},\"primaryImageOfPage\":{\"@id\":\"https:\/\/readaptation.umontreal.ca\/en\/research\/researchers\/nicolas-dumont-pt-ph-d\/#primaryimage\"},\"image\":{\"@id\":\"https:\/\/readaptation.umontreal.ca\/en\/research\/researchers\/nicolas-dumont-pt-ph-d\/#primaryimage\"},\"thumbnailUrl\":\"https:\/\/readaptation.umontreal.ca\/wp-content\/uploads\/sites\/21\/Dumont_Nicolas_web.jpg\",\"datePublished\":\"2017-11-09T21:36:54+00:00\",\"dateModified\":\"2022-07-11T16:42:05+00:00\",\"breadcrumb\":{\"@id\":\"https:\/\/readaptation.umontreal.ca\/en\/research\/researchers\/nicolas-dumont-pt-ph-d\/#breadcrumb\"},\"inLanguage\":\"en-US\",\"potentialAction\":[{\"@type\":\"ReadAction\",\"target\":[\"https:\/\/readaptation.umontreal.ca\/en\/research\/researchers\/nicolas-dumont-pt-ph-d\/\"]}]},{\"@type\":\"ImageObject\",\"inLanguage\":\"en-US\",\"@id\":\"https:\/\/readaptation.umontreal.ca\/en\/research\/researchers\/nicolas-dumont-pt-ph-d\/#primaryimage\",\"url\":\"https:\/\/readaptation.umontreal.ca\/wp-content\/uploads\/sites\/21\/Dumont_Nicolas_web.jpg\",\"contentUrl\":\"https:\/\/readaptation.umontreal.ca\/wp-content\/uploads\/sites\/21\/Dumont_Nicolas_web.jpg\"},{\"@type\":\"BreadcrumbList\",\"@id\":\"https:\/\/readaptation.umontreal.ca\/en\/research\/researchers\/nicolas-dumont-pt-ph-d\/#breadcrumb\",\"itemListElement\":[{\"@type\":\"ListItem\",\"position\":1,\"name\":\"Accueil\",\"item\":\"https:\/\/readaptation.umontreal.ca\/\"},{\"@type\":\"ListItem\",\"position\":2,\"name\":\"Research\",\"item\":\"https:\/\/readaptation.umontreal.ca\/en\/research\/\"},{\"@type\":\"ListItem\",\"position\":3,\"name\":\"Researchers\",\"item\":\"https:\/\/readaptation.umontreal.ca\/en\/research\/researchers\/\"},{\"@type\":\"ListItem\",\"position\":4,\"name\":\"Nicolas Dumont, Ph.D.\"}]},{\"@type\":\"WebSite\",\"@id\":\"https:\/\/readaptation.umontreal.ca\/#website\",\"url\":\"https:\/\/readaptation.umontreal.ca\/\",\"name\":\"\u00c9cole de r\u00e9adaptation\",\"description\":\"\",\"potentialAction\":[{\"@type\":\"SearchAction\",\"target\":{\"@type\":\"EntryPoint\",\"urlTemplate\":\"https:\/\/readaptation.umontreal.ca\/?s={search_term_string}\"},\"query-input\":{\"@type\":\"PropertyValueSpecification\",\"valueRequired\":true,\"valueName\":\"search_term_string\"}}],\"inLanguage\":\"en-US\"}]}<\/script>\n<!-- \/ Yoast SEO plugin. -->","yoast_head_json":{"title":"Nicolas Dumont, Ph.D. - \u00c9cole de r\u00e9adaptation - Universit\u00e9 de Montr\u00e9al","robots":{"index":"index","follow":"follow","max-snippet":"max-snippet:-1","max-image-preview":"max-image-preview:large","max-video-preview":"max-video-preview:-1"},"canonical":"https:\/\/readaptation.umontreal.ca\/en\/research\/researchers\/nicolas-dumont-pt-ph-d\/","og_locale":"en_US","og_type":"article","og_title":"Nicolas Dumont, Ph.D. - \u00c9cole de r\u00e9adaptation - Universit\u00e9 de Montr\u00e9al","og_description":"Education B.Sc. Physiotherapy, University Laval (2005) M.Sc. Physiology-endocrinology, CHUQ research center, University Laval (2007) Ph.D. Physiology-endocrinology, CHUQ research center, University Laval (2013) Post-doctoral fellow in regenerative medicine, Ottawa Hospital Research [&hellip;]","og_url":"https:\/\/readaptation.umontreal.ca\/en\/research\/researchers\/nicolas-dumont-pt-ph-d\/","og_site_name":"\u00c9cole de r\u00e9adaptation","article_modified_time":"2022-07-11T16:42:05+00:00","og_image":[{"url":"https:\/\/readaptation-prod.umontreal.ca\/wp-content\/uploads\/sites\/21\/Dumont_Nicolas_web.jpg","type":"","width":"","height":""}],"twitter_misc":{"Est. reading time":"2 minutes"},"schema":{"@context":"https:\/\/schema.org","@graph":[{"@type":"WebPage","@id":"https:\/\/readaptation.umontreal.ca\/en\/research\/researchers\/nicolas-dumont-pt-ph-d\/","url":"https:\/\/readaptation.umontreal.ca\/en\/research\/researchers\/nicolas-dumont-pt-ph-d\/","name":"Nicolas Dumont, Ph.D. - \u00c9cole de r\u00e9adaptation - Universit\u00e9 de Montr\u00e9al","isPartOf":{"@id":"https:\/\/readaptation.umontreal.ca\/#website"},"primaryImageOfPage":{"@id":"https:\/\/readaptation.umontreal.ca\/en\/research\/researchers\/nicolas-dumont-pt-ph-d\/#primaryimage"},"image":{"@id":"https:\/\/readaptation.umontreal.ca\/en\/research\/researchers\/nicolas-dumont-pt-ph-d\/#primaryimage"},"thumbnailUrl":"https:\/\/readaptation.umontreal.ca\/wp-content\/uploads\/sites\/21\/Dumont_Nicolas_web.jpg","datePublished":"2017-11-09T21:36:54+00:00","dateModified":"2022-07-11T16:42:05+00:00","breadcrumb":{"@id":"https:\/\/readaptation.umontreal.ca\/en\/research\/researchers\/nicolas-dumont-pt-ph-d\/#breadcrumb"},"inLanguage":"en-US","potentialAction":[{"@type":"ReadAction","target":["https:\/\/readaptation.umontreal.ca\/en\/research\/researchers\/nicolas-dumont-pt-ph-d\/"]}]},{"@type":"ImageObject","inLanguage":"en-US","@id":"https:\/\/readaptation.umontreal.ca\/en\/research\/researchers\/nicolas-dumont-pt-ph-d\/#primaryimage","url":"https:\/\/readaptation.umontreal.ca\/wp-content\/uploads\/sites\/21\/Dumont_Nicolas_web.jpg","contentUrl":"https:\/\/readaptation.umontreal.ca\/wp-content\/uploads\/sites\/21\/Dumont_Nicolas_web.jpg"},{"@type":"BreadcrumbList","@id":"https:\/\/readaptation.umontreal.ca\/en\/research\/researchers\/nicolas-dumont-pt-ph-d\/#breadcrumb","itemListElement":[{"@type":"ListItem","position":1,"name":"Accueil","item":"https:\/\/readaptation.umontreal.ca\/"},{"@type":"ListItem","position":2,"name":"Research","item":"https:\/\/readaptation.umontreal.ca\/en\/research\/"},{"@type":"ListItem","position":3,"name":"Researchers","item":"https:\/\/readaptation.umontreal.ca\/en\/research\/researchers\/"},{"@type":"ListItem","position":4,"name":"Nicolas Dumont, Ph.D."}]},{"@type":"WebSite","@id":"https:\/\/readaptation.umontreal.ca\/#website","url":"https:\/\/readaptation.umontreal.ca\/","name":"\u00c9cole de r\u00e9adaptation","description":"","potentialAction":[{"@type":"SearchAction","target":{"@type":"EntryPoint","urlTemplate":"https:\/\/readaptation.umontreal.ca\/?s={search_term_string}"},"query-input":{"@type":"PropertyValueSpecification","valueRequired":true,"valueName":"search_term_string"}}],"inLanguage":"en-US"}]}},"_links":{"self":[{"href":"https:\/\/readaptation.umontreal.ca\/en\/wp-json\/wp\/v2\/pages\/13858","targetHints":{"allow":["GET"]}}],"collection":[{"href":"https:\/\/readaptation.umontreal.ca\/en\/wp-json\/wp\/v2\/pages"}],"about":[{"href":"https:\/\/readaptation.umontreal.ca\/en\/wp-json\/wp\/v2\/types\/page"}],"author":[{"embeddable":true,"href":"https:\/\/readaptation.umontreal.ca\/en\/wp-json\/wp\/v2\/users\/25"}],"replies":[{"embeddable":true,"href":"https:\/\/readaptation.umontreal.ca\/en\/wp-json\/wp\/v2\/comments?post=13858"}],"version-history":[{"count":8,"href":"https:\/\/readaptation.umontreal.ca\/en\/wp-json\/wp\/v2\/pages\/13858\/revisions"}],"predecessor-version":[{"id":19345,"href":"https:\/\/readaptation.umontreal.ca\/en\/wp-json\/wp\/v2\/pages\/13858\/revisions\/19345"}],"up":[{"embeddable":true,"href":"https:\/\/readaptation.umontreal.ca\/en\/wp-json\/wp\/v2\/pages\/13845"}],"wp:attachment":[{"href":"https:\/\/readaptation.umontreal.ca\/en\/wp-json\/wp\/v2\/media?parent=13858"}],"curies":[{"name":"wp","href":"https:\/\/api.w.org\/{rel}","templated":true}]}}