{"id":13849,"date":"2017-11-09T22:34:17","date_gmt":"2017-11-09T21:34:17","guid":{"rendered":"https:\/\/readaptation.umontreal.ca\/?page_id=13849\/"},"modified":"2020-11-06T16:55:58","modified_gmt":"2020-11-06T15:55:58","slug":"dorothy-barthelemy-ph-d","status":"publish","type":"page","link":"https:\/\/readaptation.umontreal.ca\/en\/research\/researchers\/dorothy-barthelemy-ph-d\/","title":{"rendered":"Dorothy Barth\u00e9lemy, Ph.D."},"content":{"rendered":"<div class=\"one-third first \">\n<span style=\"color: #ffffff\">&#8211;<\/span><br \/>\n<img loading=\"lazy\" decoding=\"async\" src=\"https:\/\/readaptation.umontreal.ca\/wp-content\/uploads\/sites\/21\/2018\/12\/BARTHELEMY_Photo2018.jpg\" alt=\"\" class=\"alignnone wp-image-15497\" width=\"125\" height=\"154\" \/><br \/>\n<\/div>\n<div class=\"two-third  \">\n<h3><strong>Associate<\/strong> professor<\/h3>\n<p><strong>Contact details (Research)<\/strong><br \/>\nCentre for Interdisciplinary Research in Rehabilitation of Greater Montreal (CRIR)<br \/>\nInstitut de r\u00e9adaptation Gingras-Lindsay-de-Montr\u00e9al<br \/>\n6300, Darlington Ave<br \/>\nMontreal (Quebec) H3S 2J4<br \/>\n<strong>T<\/strong>\u00a0514-340-2085, # 3049<br \/>\n<strong>F<\/strong>\u00a0514 340-2154<\/p>\n<p><strong>Contact details (School of Rehabilitation)<br \/>\n<\/strong><strong>T<\/strong> 514 343-7712<strong><br \/>\nF<\/strong> 514 343-6929<br \/>\n<a href=\"mailto:dorothy.barthelemy@umontreal.ca\">dorothy.barthelemy@umontreal.ca<\/a><\/p>\n<p><strong>Program<br \/>\n<\/strong>Physiotherapy<\/p>\n<\/div>\n<hr\/>\n<h2>Education<\/h2>\n<ul>\n<li>B.Sc., Physiotherapy, Universit\u00e9 de Montr\u00e9al (1997)<\/li>\n<li>M.Sc., Neurosciences, Universit\u00e9 de Montr\u00e9al (2001)<\/li>\n<li>Ph.D., Neurosciences, Universit\u00e9 de Montr\u00e9al (2006)<\/li>\n<li>Post-doctorate, Human Neurophysiology, University of Copenhagen (2009)<\/li>\n<li>Post-doctorate, Human Neurophysiology, H\u00f4pital Piti\u00e9-Salp\u00eatri\u00e8re (2009)<\/li>\n<\/ul>\n<h2>Current research projects<\/h2>\n<ul>\n<li>Corticospinal interactions underlying balance control in healthy subjects<\/li>\n<li>Contribution of interhemispheric interactions to postural adjustments in healthy subjects<\/li>\n<li>Impairment of balance control mechanisms in patients with spinal cord injury<\/li>\n<\/ul>\n<h2>Selected publications<\/h2>\n<ul>\n<li>Jean-Charles, L., Nepveu, J. F., Deffeyes, J. E., Elgbeili, G., Dancause, N., &amp; <strong>Barth\u00e9lemy, D.<\/strong> (2017). Interhemispheric interactions between trunk muscle representations of the primary motor cortex. <em>Journal of Neurophysiology<\/em><em>, 118<\/em>(3), 1488-1500. doi:10.1152\/jn.00778.2016<\/li>\n<li><strong>Barthelemy, D.<\/strong>, Willerslev-Olsen, M., Lundell, H., Biering-Sorensen, F., &amp; Nielsen, J. B. (2015). Assessment of transmission in specific descending pathways in relation to gait and balance following spinal cord injury. <em>Progress in Brain Research, 218<\/em>, 79-101. doi:10.1016\/bs.pbr.2014.12.012<\/li>\n<li><strong>Barthelemy, D.<\/strong>, Knudsen, H., Willerslev-Olsen, M., Lundell, H., Nielsen, J. B., &amp; Biering-Sorensen, F. (2013). Functional implications of corticospinal tract impairment on gait after spinal cord injury. <em>Spinal Cord, 51<\/em>(11), 852-856. doi:10.1038\/sc.2013.84<\/li>\n<\/ul>\n<h2>Research interests<\/h2>\n<ul>\n<li>Neuronal plasticity following a lesion to the central nervous system<\/li>\n<li>Role of the motor cortex and of the vestibular system in balance and gait control<\/li>\n<li>Use of transcranial magnetic stimulation and of electrical stimulation to assess neuronal pathways<\/li>\n<\/ul>\n","protected":false},"excerpt":{"rendered":"<p>Education B.Sc., Physiotherapy, Universit\u00e9 de Montr\u00e9al (1997) M.Sc., Neurosciences, Universit\u00e9 de Montr\u00e9al (2001) Ph.D., Neurosciences, Universit\u00e9 de Montr\u00e9al (2006) Post-doctorate, Human Neurophysiology, University of Copenhagen (2009) Post-doctorate, Human Neurophysiology, H\u00f4pital [&hellip;]<\/p>\n","protected":false},"author":25,"featured_media":0,"parent":13845,"menu_order":21,"comment_status":"closed","ping_status":"closed","template":"","meta":{"footnotes":""},"class_list":["post-13849","page","type-page","status-publish","hentry"],"yoast_head":"<!-- This site is optimized with the Yoast SEO plugin v25.0 - https:\/\/yoast.com\/wordpress\/plugins\/seo\/ -->\n<title>Dorothy Barth\u00e9lemy, Ph.D. - \u00c9cole de r\u00e9adaptation - Universit\u00e9 de Montr\u00e9al<\/title>\n<meta name=\"robots\" content=\"index, follow, max-snippet:-1, max-image-preview:large, max-video-preview:-1\" \/>\n<link rel=\"canonical\" href=\"https:\/\/readaptation.umontreal.ca\/en\/research\/researchers\/dorothy-barthelemy-ph-d\/\" \/>\n<meta property=\"og:locale\" content=\"en_US\" \/>\n<meta property=\"og:type\" content=\"article\" \/>\n<meta property=\"og:title\" content=\"Dorothy Barth\u00e9lemy, Ph.D. - \u00c9cole de r\u00e9adaptation - Universit\u00e9 de Montr\u00e9al\" \/>\n<meta property=\"og:description\" content=\"Education B.Sc., Physiotherapy, Universit\u00e9 de Montr\u00e9al (1997) M.Sc., Neurosciences, Universit\u00e9 de Montr\u00e9al (2001) Ph.D., Neurosciences, Universit\u00e9 de Montr\u00e9al (2006) Post-doctorate, Human Neurophysiology, University of Copenhagen (2009) Post-doctorate, Human Neurophysiology, H\u00f4pital [&hellip;]\" \/>\n<meta property=\"og:url\" content=\"https:\/\/readaptation.umontreal.ca\/en\/research\/researchers\/dorothy-barthelemy-ph-d\/\" \/>\n<meta property=\"og:site_name\" content=\"\u00c9cole de r\u00e9adaptation\" \/>\n<meta property=\"article:modified_time\" content=\"2020-11-06T15:55:58+00:00\" \/>\n<meta property=\"og:image\" content=\"https:\/\/readaptation-prod.umontreal.ca\/wp-content\/uploads\/sites\/21\/2018\/12\/BARTHELEMY_Photo2018.jpg\" \/>\n<meta name=\"twitter:label1\" content=\"Est. reading time\" \/>\n\t<meta name=\"twitter:data1\" content=\"1 minute\" \/>\n<script type=\"application\/ld+json\" class=\"yoast-schema-graph\">{\"@context\":\"https:\/\/schema.org\",\"@graph\":[{\"@type\":\"WebPage\",\"@id\":\"https:\/\/readaptation.umontreal.ca\/en\/research\/researchers\/dorothy-barthelemy-ph-d\/\",\"url\":\"https:\/\/readaptation.umontreal.ca\/en\/research\/researchers\/dorothy-barthelemy-ph-d\/\",\"name\":\"Dorothy Barth\u00e9lemy, Ph.D. - \u00c9cole de r\u00e9adaptation - Universit\u00e9 de Montr\u00e9al\",\"isPartOf\":{\"@id\":\"https:\/\/readaptation.umontreal.ca\/#website\"},\"primaryImageOfPage\":{\"@id\":\"https:\/\/readaptation.umontreal.ca\/en\/research\/researchers\/dorothy-barthelemy-ph-d\/#primaryimage\"},\"image\":{\"@id\":\"https:\/\/readaptation.umontreal.ca\/en\/research\/researchers\/dorothy-barthelemy-ph-d\/#primaryimage\"},\"thumbnailUrl\":\"https:\/\/readaptation.umontreal.ca\/wp-content\/uploads\/sites\/21\/2018\/12\/BARTHELEMY_Photo2018.jpg\",\"datePublished\":\"2017-11-09T21:34:17+00:00\",\"dateModified\":\"2020-11-06T15:55:58+00:00\",\"breadcrumb\":{\"@id\":\"https:\/\/readaptation.umontreal.ca\/en\/research\/researchers\/dorothy-barthelemy-ph-d\/#breadcrumb\"},\"inLanguage\":\"en-US\",\"potentialAction\":[{\"@type\":\"ReadAction\",\"target\":[\"https:\/\/readaptation.umontreal.ca\/en\/research\/researchers\/dorothy-barthelemy-ph-d\/\"]}]},{\"@type\":\"ImageObject\",\"inLanguage\":\"en-US\",\"@id\":\"https:\/\/readaptation.umontreal.ca\/en\/research\/researchers\/dorothy-barthelemy-ph-d\/#primaryimage\",\"url\":\"https:\/\/readaptation.umontreal.ca\/wp-content\/uploads\/sites\/21\/2018\/12\/BARTHELEMY_Photo2018.jpg\",\"contentUrl\":\"https:\/\/readaptation.umontreal.ca\/wp-content\/uploads\/sites\/21\/2018\/12\/BARTHELEMY_Photo2018.jpg\"},{\"@type\":\"BreadcrumbList\",\"@id\":\"https:\/\/readaptation.umontreal.ca\/en\/research\/researchers\/dorothy-barthelemy-ph-d\/#breadcrumb\",\"itemListElement\":[{\"@type\":\"ListItem\",\"position\":1,\"name\":\"Accueil\",\"item\":\"https:\/\/readaptation.umontreal.ca\/\"},{\"@type\":\"ListItem\",\"position\":2,\"name\":\"Research\",\"item\":\"https:\/\/readaptation.umontreal.ca\/en\/research\/\"},{\"@type\":\"ListItem\",\"position\":3,\"name\":\"Researchers\",\"item\":\"https:\/\/readaptation.umontreal.ca\/en\/research\/researchers\/\"},{\"@type\":\"ListItem\",\"position\":4,\"name\":\"Dorothy Barth\u00e9lemy, Ph.D.\"}]},{\"@type\":\"WebSite\",\"@id\":\"https:\/\/readaptation.umontreal.ca\/#website\",\"url\":\"https:\/\/readaptation.umontreal.ca\/\",\"name\":\"\u00c9cole de r\u00e9adaptation\",\"description\":\"\",\"potentialAction\":[{\"@type\":\"SearchAction\",\"target\":{\"@type\":\"EntryPoint\",\"urlTemplate\":\"https:\/\/readaptation.umontreal.ca\/?s={search_term_string}\"},\"query-input\":{\"@type\":\"PropertyValueSpecification\",\"valueRequired\":true,\"valueName\":\"search_term_string\"}}],\"inLanguage\":\"en-US\"}]}<\/script>\n<!-- \/ Yoast SEO plugin. -->","yoast_head_json":{"title":"Dorothy Barth\u00e9lemy, Ph.D. - \u00c9cole de r\u00e9adaptation - Universit\u00e9 de Montr\u00e9al","robots":{"index":"index","follow":"follow","max-snippet":"max-snippet:-1","max-image-preview":"max-image-preview:large","max-video-preview":"max-video-preview:-1"},"canonical":"https:\/\/readaptation.umontreal.ca\/en\/research\/researchers\/dorothy-barthelemy-ph-d\/","og_locale":"en_US","og_type":"article","og_title":"Dorothy Barth\u00e9lemy, Ph.D. - \u00c9cole de r\u00e9adaptation - Universit\u00e9 de Montr\u00e9al","og_description":"Education B.Sc., Physiotherapy, Universit\u00e9 de Montr\u00e9al (1997) M.Sc., Neurosciences, Universit\u00e9 de Montr\u00e9al (2001) Ph.D., Neurosciences, Universit\u00e9 de Montr\u00e9al (2006) Post-doctorate, Human Neurophysiology, University of Copenhagen (2009) Post-doctorate, Human Neurophysiology, H\u00f4pital [&hellip;]","og_url":"https:\/\/readaptation.umontreal.ca\/en\/research\/researchers\/dorothy-barthelemy-ph-d\/","og_site_name":"\u00c9cole de r\u00e9adaptation","article_modified_time":"2020-11-06T15:55:58+00:00","og_image":[{"url":"https:\/\/readaptation-prod.umontreal.ca\/wp-content\/uploads\/sites\/21\/2018\/12\/BARTHELEMY_Photo2018.jpg","type":"","width":"","height":""}],"twitter_misc":{"Est. reading time":"1 minute"},"schema":{"@context":"https:\/\/schema.org","@graph":[{"@type":"WebPage","@id":"https:\/\/readaptation.umontreal.ca\/en\/research\/researchers\/dorothy-barthelemy-ph-d\/","url":"https:\/\/readaptation.umontreal.ca\/en\/research\/researchers\/dorothy-barthelemy-ph-d\/","name":"Dorothy Barth\u00e9lemy, Ph.D. - \u00c9cole de r\u00e9adaptation - Universit\u00e9 de Montr\u00e9al","isPartOf":{"@id":"https:\/\/readaptation.umontreal.ca\/#website"},"primaryImageOfPage":{"@id":"https:\/\/readaptation.umontreal.ca\/en\/research\/researchers\/dorothy-barthelemy-ph-d\/#primaryimage"},"image":{"@id":"https:\/\/readaptation.umontreal.ca\/en\/research\/researchers\/dorothy-barthelemy-ph-d\/#primaryimage"},"thumbnailUrl":"https:\/\/readaptation.umontreal.ca\/wp-content\/uploads\/sites\/21\/2018\/12\/BARTHELEMY_Photo2018.jpg","datePublished":"2017-11-09T21:34:17+00:00","dateModified":"2020-11-06T15:55:58+00:00","breadcrumb":{"@id":"https:\/\/readaptation.umontreal.ca\/en\/research\/researchers\/dorothy-barthelemy-ph-d\/#breadcrumb"},"inLanguage":"en-US","potentialAction":[{"@type":"ReadAction","target":["https:\/\/readaptation.umontreal.ca\/en\/research\/researchers\/dorothy-barthelemy-ph-d\/"]}]},{"@type":"ImageObject","inLanguage":"en-US","@id":"https:\/\/readaptation.umontreal.ca\/en\/research\/researchers\/dorothy-barthelemy-ph-d\/#primaryimage","url":"https:\/\/readaptation.umontreal.ca\/wp-content\/uploads\/sites\/21\/2018\/12\/BARTHELEMY_Photo2018.jpg","contentUrl":"https:\/\/readaptation.umontreal.ca\/wp-content\/uploads\/sites\/21\/2018\/12\/BARTHELEMY_Photo2018.jpg"},{"@type":"BreadcrumbList","@id":"https:\/\/readaptation.umontreal.ca\/en\/research\/researchers\/dorothy-barthelemy-ph-d\/#breadcrumb","itemListElement":[{"@type":"ListItem","position":1,"name":"Accueil","item":"https:\/\/readaptation.umontreal.ca\/"},{"@type":"ListItem","position":2,"name":"Research","item":"https:\/\/readaptation.umontreal.ca\/en\/research\/"},{"@type":"ListItem","position":3,"name":"Researchers","item":"https:\/\/readaptation.umontreal.ca\/en\/research\/researchers\/"},{"@type":"ListItem","position":4,"name":"Dorothy Barth\u00e9lemy, Ph.D."}]},{"@type":"WebSite","@id":"https:\/\/readaptation.umontreal.ca\/#website","url":"https:\/\/readaptation.umontreal.ca\/","name":"\u00c9cole de r\u00e9adaptation","description":"","potentialAction":[{"@type":"SearchAction","target":{"@type":"EntryPoint","urlTemplate":"https:\/\/readaptation.umontreal.ca\/?s={search_term_string}"},"query-input":{"@type":"PropertyValueSpecification","valueRequired":true,"valueName":"search_term_string"}}],"inLanguage":"en-US"}]}},"_links":{"self":[{"href":"https:\/\/readaptation.umontreal.ca\/en\/wp-json\/wp\/v2\/pages\/13849","targetHints":{"allow":["GET"]}}],"collection":[{"href":"https:\/\/readaptation.umontreal.ca\/en\/wp-json\/wp\/v2\/pages"}],"about":[{"href":"https:\/\/readaptation.umontreal.ca\/en\/wp-json\/wp\/v2\/types\/page"}],"author":[{"embeddable":true,"href":"https:\/\/readaptation.umontreal.ca\/en\/wp-json\/wp\/v2\/users\/25"}],"replies":[{"embeddable":true,"href":"https:\/\/readaptation.umontreal.ca\/en\/wp-json\/wp\/v2\/comments?post=13849"}],"version-history":[{"count":5,"href":"https:\/\/readaptation.umontreal.ca\/en\/wp-json\/wp\/v2\/pages\/13849\/revisions"}],"predecessor-version":[{"id":18334,"href":"https:\/\/readaptation.umontreal.ca\/en\/wp-json\/wp\/v2\/pages\/13849\/revisions\/18334"}],"up":[{"embeddable":true,"href":"https:\/\/readaptation.umontreal.ca\/en\/wp-json\/wp\/v2\/pages\/13845"}],"wp:attachment":[{"href":"https:\/\/readaptation.umontreal.ca\/en\/wp-json\/wp\/v2\/media?parent=13849"}],"curies":[{"name":"wp","href":"https:\/\/api.w.org\/{rel}","templated":true}]}}