{"id":13847,"date":"2017-11-09T22:33:44","date_gmt":"2017-11-09T21:33:44","guid":{"rendered":"https:\/\/readaptation.umontreal.ca\/?page_id=13847\/"},"modified":"2024-12-09T20:45:13","modified_gmt":"2024-12-09T19:45:13","slug":"claudine-auger-ph-d","status":"publish","type":"page","link":"https:\/\/readaptation.umontreal.ca\/en\/research\/researchers\/claudine-auger-ph-d\/","title":{"rendered":"Claudine Auger, Ph.D."},"content":{"rendered":"<div class=\"one-third first \">\n<span style=\"color: #ffffff\">&#8211;<\/span><br \/>\n<img loading=\"lazy\" decoding=\"async\" src=\"https:\/\/readaptation.umontreal.ca\/wp-content\/uploads\/sites\/21\/2024\/10\/ClaudineAuger_2165_H-450x300.jpg\" alt=\"\" class=\"alignnone wp-image-22869 \" width=\"341\" height=\"227\" srcset=\"https:\/\/readaptation.umontreal.ca\/wp-content\/uploads\/sites\/21\/2024\/10\/ClaudineAuger_2165_H-450x300.jpg 450w, https:\/\/readaptation.umontreal.ca\/wp-content\/uploads\/sites\/21\/2024\/10\/ClaudineAuger_2165_H-1024x683.jpg 1024w, https:\/\/readaptation.umontreal.ca\/wp-content\/uploads\/sites\/21\/2024\/10\/ClaudineAuger_2165_H-1536x1025.jpg 1536w, https:\/\/readaptation.umontreal.ca\/wp-content\/uploads\/sites\/21\/2024\/10\/ClaudineAuger_2165_H-2048x1366.jpg 2048w, https:\/\/readaptation.umontreal.ca\/wp-content\/uploads\/sites\/21\/2024\/10\/ClaudineAuger_2165_H-150x100.jpg 150w, https:\/\/readaptation.umontreal.ca\/wp-content\/uploads\/sites\/21\/2024\/10\/ClaudineAuger_2165_H-300x200.jpg 300w, https:\/\/readaptation.umontreal.ca\/wp-content\/uploads\/sites\/21\/2024\/10\/ClaudineAuger_2165_H-610x407.jpg 610w\" sizes=\"auto, (max-width: 341px) 100vw, 341px\" \/><br \/>\n<\/div>\n<div class=\"two-third  \">\n<h3>Full Professor<\/h3>\n<p><strong>Contact details (Research)<br \/>\n<\/strong>Centre de recherche interdisciplinaire en r\u00e9adaptation (CRIR) du Montr\u00e9al m\u00e9tropolitain<br \/>\nSite Institut universitaire sur la r\u00e9adaptation en d\u00e9ficience physique de Montr\u00e9al (IURDPM)<br \/>\n6363 Chemin Hudson, Pavillon Lindsay<br \/>\nMontr\u00e9al (Qu\u00e9bec) H3S 1M9<br \/>\n<strong>T<\/strong> 514-340-2085<\/p>\n<p><strong>Contact<\/strong><strong> details (School of Rehabilitation<\/strong>)<br \/>\n<strong>T<\/strong> 514-343-6111, #17266<strong><br \/>\nF<\/strong> 514-343-2105<br \/>\n<a href=\"mailto:claudine.auger@umontreal.ca\">claudine.auger@umontreal.ca<\/a><\/p>\n<p><strong>Program<\/strong><strong><br \/>\n<\/strong>Occupational Therapy<\/p>\n<\/div>\n<hr\/>\n<h2>Education<\/h2>\n<ul>\n<li>B.Sc Occupational Therapy, School of Rehabilitation, McGill University (1988)<\/li>\n<li>M.Sc Biomedical Sciences (Rehabilitation Option), Universit\u00e9 de Montr\u00e9al (2005)<\/li>\n<li>Ph.D. Biomedical Sciences (Rehabilitation Option), Universit\u00e9 de Montr\u00e9al (2009)<\/li>\n<li>Postdoctorate, Epidemiology and Biostatistics, Clinical and Health Informatics Research Group, McGill University (2010-2012)<\/li>\n<li>Postdoctorate, Rehabilitation Sciences, CanWheel Research Group, University of British Columbia (2010-2012)<\/li>\n<\/ul>\n<h2>Current research projects<\/h2>\n<ul>\n<li style=\"text-align: justify\">Computerized monitoring tools to follow-up older adults with mobility limitations through self-report or proxy-report.<\/li>\n<li style=\"text-align: justify\">Ethical and technological acceptability of complex assistive technologies (electronic decision aids, voice technologies, communication aids).<\/li>\n<\/ul>\n<h2>Selected publications<\/h2>\n<ul>\n<li style=\"text-align: justify\"><strong>Auger<\/strong>, C., <u>Guay<\/u>, C., Pysklywec*, A., Bier, N., Demers, L., Miller, W. C., <u>Gelinas-Bronsard<\/u>, D., Ahmed, S. (2022). What\u2019s behind the Dashboard? Intervention Mapping of a Mobility Outcomes Monitoring System for Rehabilitation. <em>International Journal of Environmental Research and Public Health, 19<\/em>(20), 13303. Retrieved from <a href=\"https:\/\/www.mdpi.com\/1660-4601\/19\/20\/13303\">https:\/\/www.mdpi.com\/1660-4601\/19\/20\/13303<\/a>.<\/li>\n<li style=\"text-align: justify\">Alhasani*, R., <strong>Auger<\/strong>, C., Lamontagne, A., Ahmed, S. (2022). Quality of Mobility Measures among Individuals with Acquired Brain Injury: An Umbrella Review.\u00a0 <em>Quality of life research: an international journal of quality of life aspects of treatment, care and rehabilitation, 31, 2567-2599<\/em>. <a href=\"https:\/\/doi.org\/10.1007\/s11136-022-03103-4\">https:\/\/doi.org\/10.1007\/s11136-022-03103-4<\/a><\/li>\n<li style=\"text-align: justify\">Choukou, M.-A., Shortly, T., Leclerc, N., Freier, D., Lessard*, G., Demers, L., &amp; <strong>Auger<\/strong>, C. (2021). Evaluating the acceptance of ambient assisted living technology (AALT) in rehabilitation: A scoping review. <em>International Journal of Medical Informatics<\/em>, 150: 104461. Available from: <a href=\"https:\/\/doi.org\/10.1016\/j.ijmedinf.2021.104461\">https:\/\/doi.org\/10.1016\/j.ijmedinf.2021.104461<\/a> Libre acc\u00e8s: http:\/\/hdl.handle.net\/1866\/25801<\/li>\n<li style=\"text-align: justify\">Campeau-Vallerand, C., Michaud, F., Routhier, F., Archambault, P. S., L\u00e9tourneau, D., G\u00e9linas-Bronsard, D., &amp; <strong>Auger, C.<\/strong> (2019). Development of a web-based monitoring system for power tilt-in-space wheelchairs: Formative evaluation. <em>JMIR Rehabilitation Assistive Technology, 6<\/em>(2), e13560. doi:10.2196\/13560<\/li>\n<li style=\"text-align: justify\">G\u00e9linas-Bronsard, D., Mortenson, W. B., Ahmed, S., Guay, C., &amp; <strong>Auger, C.<\/strong> (2018). Co-construction of an Internet-based intervention for older assistive technology users and their family caregivers: stakeholders\u2019 perceptions. <em>Disability and Rehabilitation: Assistive Technology<\/em>, 1-10. doi:10.1080\/17483107.2018.1499138<\/li>\n<li style=\"text-align: justify\"><strong>Auger, C.<\/strong>, Rushton, P. W., Jutai, J. W., &amp; Miller, W. C. (2018). Reliability, convergent validity and applicability of the Assistive Technology Outcome Profile for Mobility for middle-aged and older power wheelchair users. <em>Australian Occupational Therapy Journal<\/em><em>, 65<\/em>(5), 439-448. doi:10.1111\/1440-1630.12515<\/li>\n<li style=\"text-align: justify\">Chenel, V., Mortenson, W. B., Guay, M., Jutai, J.W., &amp; <strong>Auger, C.<\/strong> (2018). Cultural adaptation and validation of patient decision aids: a scoping review. <em>Patient Preferences and Adherence,\u00a012<\/em>, 321-332. <a href=\"http:\/\/doi.org\/10.2147\/PPA.S151833\">org\/10.2147\/PPA.S151833<\/a>.<\/li>\n<li style=\"text-align: justify\"><strong>Auger, C.<\/strong>, Mortenson, W. B., Chenel, V., Jutai, J., &amp; Guay, M. (2017). Cross-Cultural Adaptation of a Decision Support System for AT Selection. Dans P. Cudd et L. de Witte (dir.), <em>Harnessing the Power of Technology to Improve Lives.<\/em> (pp. 52-58). IOS Press. doi:10.3233\/978-1-61499-798-6-52<\/li>\n<li style=\"text-align: justify\">Guay, C., <strong>Auger, C.<\/strong>, Demers, L., Mortenson, W. B., Miller, W. C., G\u00e9linas-Bronsard, D., &amp; Ahmed, S. (2017). Components and Outcomes of Internet-Based Interventions for Caregivers of Older Adults: Systematic Review. <em>Journal of Medical Internet Research, 19<\/em>(9), e313. doi:10.2196\/jmir.7896<\/li>\n<\/ul>\n<h2>Research interests<\/h2>\n<ul>\n<li>Digital Health<\/li>\n<li>Rehabilitation Technologies<\/li>\n<li>Older adults<\/li>\n<li>Outcome Assessment<\/li>\n<\/ul>\n","protected":false},"excerpt":{"rendered":"<p>Education B.Sc Occupational Therapy, School of Rehabilitation, McGill University (1988) M.Sc Biomedical Sciences (Rehabilitation Option), Universit\u00e9 de Montr\u00e9al (2005) Ph.D. Biomedical Sciences (Rehabilitation Option), Universit\u00e9 de Montr\u00e9al (2009) Postdoctorate, Epidemiology [&hellip;]<\/p>\n","protected":false},"author":25,"featured_media":0,"parent":13845,"menu_order":0,"comment_status":"closed","ping_status":"closed","template":"","meta":{"footnotes":""},"class_list":["post-13847","page","type-page","status-publish","hentry"],"yoast_head":"<!-- This site is optimized with the Yoast SEO plugin v25.0 - https:\/\/yoast.com\/wordpress\/plugins\/seo\/ -->\n<title>Claudine Auger, Ph.D. - \u00c9cole de r\u00e9adaptation - Universit\u00e9 de Montr\u00e9al<\/title>\n<meta name=\"robots\" content=\"index, follow, max-snippet:-1, max-image-preview:large, max-video-preview:-1\" \/>\n<link rel=\"canonical\" href=\"https:\/\/readaptation.umontreal.ca\/en\/research\/researchers\/claudine-auger-ph-d\/\" \/>\n<meta property=\"og:locale\" content=\"en_US\" \/>\n<meta property=\"og:type\" content=\"article\" \/>\n<meta property=\"og:title\" content=\"Claudine Auger, Ph.D. - \u00c9cole de r\u00e9adaptation - Universit\u00e9 de Montr\u00e9al\" \/>\n<meta property=\"og:description\" content=\"Education B.Sc Occupational Therapy, School of Rehabilitation, McGill University (1988) M.Sc Biomedical Sciences (Rehabilitation Option), Universit\u00e9 de Montr\u00e9al (2005) Ph.D. Biomedical Sciences (Rehabilitation Option), Universit\u00e9 de Montr\u00e9al (2009) Postdoctorate, Epidemiology [&hellip;]\" \/>\n<meta property=\"og:url\" content=\"https:\/\/readaptation.umontreal.ca\/en\/research\/researchers\/claudine-auger-ph-d\/\" \/>\n<meta property=\"og:site_name\" content=\"\u00c9cole de r\u00e9adaptation\" \/>\n<meta property=\"article:modified_time\" content=\"2024-12-09T19:45:13+00:00\" \/>\n<meta property=\"og:image\" content=\"https:\/\/readaptation.umontreal.ca\/wp-content\/uploads\/sites\/21\/2024\/10\/ClaudineAuger_2165_H-450x300.jpg\" \/>\n<meta name=\"twitter:label1\" content=\"Est. reading time\" \/>\n\t<meta name=\"twitter:data1\" content=\"3 minutes\" \/>\n<script type=\"application\/ld+json\" class=\"yoast-schema-graph\">{\"@context\":\"https:\/\/schema.org\",\"@graph\":[{\"@type\":\"WebPage\",\"@id\":\"https:\/\/readaptation.umontreal.ca\/en\/research\/researchers\/claudine-auger-ph-d\/\",\"url\":\"https:\/\/readaptation.umontreal.ca\/en\/research\/researchers\/claudine-auger-ph-d\/\",\"name\":\"Claudine Auger, Ph.D. - \u00c9cole de r\u00e9adaptation - Universit\u00e9 de Montr\u00e9al\",\"isPartOf\":{\"@id\":\"https:\/\/readaptation.umontreal.ca\/#website\"},\"primaryImageOfPage\":{\"@id\":\"https:\/\/readaptation.umontreal.ca\/en\/research\/researchers\/claudine-auger-ph-d\/#primaryimage\"},\"image\":{\"@id\":\"https:\/\/readaptation.umontreal.ca\/en\/research\/researchers\/claudine-auger-ph-d\/#primaryimage\"},\"thumbnailUrl\":\"https:\/\/readaptation.umontreal.ca\/wp-content\/uploads\/sites\/21\/2024\/10\/ClaudineAuger_2165_H-450x300.jpg\",\"datePublished\":\"2017-11-09T21:33:44+00:00\",\"dateModified\":\"2024-12-09T19:45:13+00:00\",\"breadcrumb\":{\"@id\":\"https:\/\/readaptation.umontreal.ca\/en\/research\/researchers\/claudine-auger-ph-d\/#breadcrumb\"},\"inLanguage\":\"en-US\",\"potentialAction\":[{\"@type\":\"ReadAction\",\"target\":[\"https:\/\/readaptation.umontreal.ca\/en\/research\/researchers\/claudine-auger-ph-d\/\"]}]},{\"@type\":\"ImageObject\",\"inLanguage\":\"en-US\",\"@id\":\"https:\/\/readaptation.umontreal.ca\/en\/research\/researchers\/claudine-auger-ph-d\/#primaryimage\",\"url\":\"https:\/\/readaptation.umontreal.ca\/wp-content\/uploads\/sites\/21\/2024\/10\/ClaudineAuger_2165_H-450x300.jpg\",\"contentUrl\":\"https:\/\/readaptation.umontreal.ca\/wp-content\/uploads\/sites\/21\/2024\/10\/ClaudineAuger_2165_H-450x300.jpg\"},{\"@type\":\"BreadcrumbList\",\"@id\":\"https:\/\/readaptation.umontreal.ca\/en\/research\/researchers\/claudine-auger-ph-d\/#breadcrumb\",\"itemListElement\":[{\"@type\":\"ListItem\",\"position\":1,\"name\":\"Accueil\",\"item\":\"https:\/\/readaptation.umontreal.ca\/\"},{\"@type\":\"ListItem\",\"position\":2,\"name\":\"Research\",\"item\":\"https:\/\/readaptation.umontreal.ca\/en\/research\/\"},{\"@type\":\"ListItem\",\"position\":3,\"name\":\"Researchers\",\"item\":\"https:\/\/readaptation.umontreal.ca\/en\/research\/researchers\/\"},{\"@type\":\"ListItem\",\"position\":4,\"name\":\"Claudine Auger, Ph.D.\"}]},{\"@type\":\"WebSite\",\"@id\":\"https:\/\/readaptation.umontreal.ca\/#website\",\"url\":\"https:\/\/readaptation.umontreal.ca\/\",\"name\":\"\u00c9cole de r\u00e9adaptation\",\"description\":\"\",\"potentialAction\":[{\"@type\":\"SearchAction\",\"target\":{\"@type\":\"EntryPoint\",\"urlTemplate\":\"https:\/\/readaptation.umontreal.ca\/?s={search_term_string}\"},\"query-input\":{\"@type\":\"PropertyValueSpecification\",\"valueRequired\":true,\"valueName\":\"search_term_string\"}}],\"inLanguage\":\"en-US\"}]}<\/script>\n<!-- \/ Yoast SEO plugin. -->","yoast_head_json":{"title":"Claudine Auger, Ph.D. - \u00c9cole de r\u00e9adaptation - Universit\u00e9 de Montr\u00e9al","robots":{"index":"index","follow":"follow","max-snippet":"max-snippet:-1","max-image-preview":"max-image-preview:large","max-video-preview":"max-video-preview:-1"},"canonical":"https:\/\/readaptation.umontreal.ca\/en\/research\/researchers\/claudine-auger-ph-d\/","og_locale":"en_US","og_type":"article","og_title":"Claudine Auger, Ph.D. - \u00c9cole de r\u00e9adaptation - Universit\u00e9 de Montr\u00e9al","og_description":"Education B.Sc Occupational Therapy, School of Rehabilitation, McGill University (1988) M.Sc Biomedical Sciences (Rehabilitation Option), Universit\u00e9 de Montr\u00e9al (2005) Ph.D. Biomedical Sciences (Rehabilitation Option), Universit\u00e9 de Montr\u00e9al (2009) Postdoctorate, Epidemiology [&hellip;]","og_url":"https:\/\/readaptation.umontreal.ca\/en\/research\/researchers\/claudine-auger-ph-d\/","og_site_name":"\u00c9cole de r\u00e9adaptation","article_modified_time":"2024-12-09T19:45:13+00:00","og_image":[{"url":"https:\/\/readaptation.umontreal.ca\/wp-content\/uploads\/sites\/21\/2024\/10\/ClaudineAuger_2165_H-450x300.jpg","type":"","width":"","height":""}],"twitter_misc":{"Est. reading time":"3 minutes"},"schema":{"@context":"https:\/\/schema.org","@graph":[{"@type":"WebPage","@id":"https:\/\/readaptation.umontreal.ca\/en\/research\/researchers\/claudine-auger-ph-d\/","url":"https:\/\/readaptation.umontreal.ca\/en\/research\/researchers\/claudine-auger-ph-d\/","name":"Claudine Auger, Ph.D. - \u00c9cole de r\u00e9adaptation - Universit\u00e9 de Montr\u00e9al","isPartOf":{"@id":"https:\/\/readaptation.umontreal.ca\/#website"},"primaryImageOfPage":{"@id":"https:\/\/readaptation.umontreal.ca\/en\/research\/researchers\/claudine-auger-ph-d\/#primaryimage"},"image":{"@id":"https:\/\/readaptation.umontreal.ca\/en\/research\/researchers\/claudine-auger-ph-d\/#primaryimage"},"thumbnailUrl":"https:\/\/readaptation.umontreal.ca\/wp-content\/uploads\/sites\/21\/2024\/10\/ClaudineAuger_2165_H-450x300.jpg","datePublished":"2017-11-09T21:33:44+00:00","dateModified":"2024-12-09T19:45:13+00:00","breadcrumb":{"@id":"https:\/\/readaptation.umontreal.ca\/en\/research\/researchers\/claudine-auger-ph-d\/#breadcrumb"},"inLanguage":"en-US","potentialAction":[{"@type":"ReadAction","target":["https:\/\/readaptation.umontreal.ca\/en\/research\/researchers\/claudine-auger-ph-d\/"]}]},{"@type":"ImageObject","inLanguage":"en-US","@id":"https:\/\/readaptation.umontreal.ca\/en\/research\/researchers\/claudine-auger-ph-d\/#primaryimage","url":"https:\/\/readaptation.umontreal.ca\/wp-content\/uploads\/sites\/21\/2024\/10\/ClaudineAuger_2165_H-450x300.jpg","contentUrl":"https:\/\/readaptation.umontreal.ca\/wp-content\/uploads\/sites\/21\/2024\/10\/ClaudineAuger_2165_H-450x300.jpg"},{"@type":"BreadcrumbList","@id":"https:\/\/readaptation.umontreal.ca\/en\/research\/researchers\/claudine-auger-ph-d\/#breadcrumb","itemListElement":[{"@type":"ListItem","position":1,"name":"Accueil","item":"https:\/\/readaptation.umontreal.ca\/"},{"@type":"ListItem","position":2,"name":"Research","item":"https:\/\/readaptation.umontreal.ca\/en\/research\/"},{"@type":"ListItem","position":3,"name":"Researchers","item":"https:\/\/readaptation.umontreal.ca\/en\/research\/researchers\/"},{"@type":"ListItem","position":4,"name":"Claudine Auger, Ph.D."}]},{"@type":"WebSite","@id":"https:\/\/readaptation.umontreal.ca\/#website","url":"https:\/\/readaptation.umontreal.ca\/","name":"\u00c9cole de r\u00e9adaptation","description":"","potentialAction":[{"@type":"SearchAction","target":{"@type":"EntryPoint","urlTemplate":"https:\/\/readaptation.umontreal.ca\/?s={search_term_string}"},"query-input":{"@type":"PropertyValueSpecification","valueRequired":true,"valueName":"search_term_string"}}],"inLanguage":"en-US"}]}},"_links":{"self":[{"href":"https:\/\/readaptation.umontreal.ca\/en\/wp-json\/wp\/v2\/pages\/13847","targetHints":{"allow":["GET"]}}],"collection":[{"href":"https:\/\/readaptation.umontreal.ca\/en\/wp-json\/wp\/v2\/pages"}],"about":[{"href":"https:\/\/readaptation.umontreal.ca\/en\/wp-json\/wp\/v2\/types\/page"}],"author":[{"embeddable":true,"href":"https:\/\/readaptation.umontreal.ca\/en\/wp-json\/wp\/v2\/users\/25"}],"replies":[{"embeddable":true,"href":"https:\/\/readaptation.umontreal.ca\/en\/wp-json\/wp\/v2\/comments?post=13847"}],"version-history":[{"count":9,"href":"https:\/\/readaptation.umontreal.ca\/en\/wp-json\/wp\/v2\/pages\/13847\/revisions"}],"predecessor-version":[{"id":22935,"href":"https:\/\/readaptation.umontreal.ca\/en\/wp-json\/wp\/v2\/pages\/13847\/revisions\/22935"}],"up":[{"embeddable":true,"href":"https:\/\/readaptation.umontreal.ca\/en\/wp-json\/wp\/v2\/pages\/13845"}],"wp:attachment":[{"href":"https:\/\/readaptation.umontreal.ca\/en\/wp-json\/wp\/v2\/media?parent=13847"}],"curies":[{"name":"wp","href":"https:\/\/api.w.org\/{rel}","templated":true}]}}