{"id":13845,"date":"2017-11-09T22:31:18","date_gmt":"2017-11-09T21:31:18","guid":{"rendered":"https:\/\/readaptation.umontreal.ca\/?page_id=13845\/"},"modified":"2025-08-11T18:07:12","modified_gmt":"2025-08-11T17:07:12","slug":"researchers","status":"publish","type":"page","link":"https:\/\/readaptation.umontreal.ca\/en\/research\/researchers\/","title":{"rendered":"Researchers"},"content":{"rendered":"<p style=\"text-align: justify;\">Together with their Quebec colleagues, the professors at the School of Rehabilitation are leaders in the field of rehabilitation science. Since 1980, our professors have supervised more than 160 graduate students. Our researchers have received many awards and research grants from provincial and federal agencies and each year publish a significant number of scientific articles and participate in many national and international conferences.<\/p>\n<p>Below is a summary of the fields of interest of professors\/researchers from the School of Rehabilitation:<\/p>\n<table style=\"width: 100%;\" class=\" alignleft\">\n<tbody>\n<tr>\n<td style=\"width: 33%; text-align: left; vertical-align: top;\"><a href=\"https:\/\/readaptation.umontreal.ca\/en\/researchers\/claudine-auger-ph-d\/\">Auger, Claudine<\/a><\/p>\n<ul>\n<li>Digital Health<\/li>\n<li>Rehabilitation Technologies<\/li>\n<li>Older adults<\/li>\n<li>Outcome Assessment<\/li>\n<\/ul>\n<\/td>\n<td style=\"text-align: left; vertical-align: top; width: 33.8125%;\"><a href=\"https:\/\/readaptation.umontreal.ca\/en\/researchers\/dorothy-barthelemy-ph-d\/\">Barth\u00e9lemy, Dorothy<\/a><\/p>\n<ul>\n<li>Neuronal plasticity following a lesion to the central nervous system<\/li>\n<li>Use of transcranial magnetic stimulation and of electrical stimulation to assess neuronal pathways.<\/li>\n<li>Role of the motor cortex and of the vestibular system in balance and gait control<\/li>\n<\/ul>\n<\/td>\n<td style=\"width: 33%; text-align: left; vertical-align: top;\"><a href=\"https:\/\/readaptation.umontreal.ca\/en\/researchers\/nathalie-bier-ph-d\/\">Bier, Nathalie<\/a><\/p>\n<ul>\n<li>Impact of cognitive deficits on daily living activities<\/li>\n<li>Healthy and pathological cognitive aging<\/li>\n<li>Cognitive rehabilitation<\/li>\n<li>New technologies<\/li>\n<li>Aging in place<\/li>\n<li>Health services<\/li>\n<li>Community settings<\/li>\n<\/ul>\n<\/td>\n<\/tr>\n<tr>\n<td style=\"width: 33%; text-align: left; vertical-align: top;\"><a href=\"https:\/\/readaptation.umontreal.ca\/en\/research\/researchers\/carolina-bottari-ph-d-2\/\">Bottari, Carolina<\/a><\/p>\n<ul>\n<li>Cognitive Rehabilitation<\/li>\n<li>Designing an ecosystem of care to support women who are victims of domestic violence at risk of having suffered a traumatic brain injury<\/li>\n<li>Needs assessment of people living in a situation of homelessness living with the chronic sequelae of a head injury<\/li>\n<li>Co-design of cognitive assistive technologies for people with traumatic brain injuries living at home<\/li>\n<li>Implementing cognitive assistive technology to support older adults living with neurodegenerative diseases in the community<\/li>\n<\/ul>\n<\/td>\n<td style=\"text-align: left; vertical-align: top; width: 33.8125%;\"><a href=\"https:\/\/readaptation.umontreal.ca\/en\/research\/researchers\/sabrina-cavallo-ph-d\/\" target=\"_blank\" rel=\"noopener noreferrer\">Cavallo, Sabrina<\/a><\/p>\n<ul>\n<li>Pediatric rehabilitation<\/li>\n<li>Chronic disease and physical disabilities<\/li>\n<li>Promotion of leisure and physical activity<\/li>\n<li>Social participation<\/li>\n<li>Knowledge translation<\/li>\n<li>Transition from pediatric care to adult care<\/li>\n<\/ul>\n<\/td>\n<td style=\"text-align: left; vertical-align: top; width: 33%;\"><a href=\"https:\/\/readaptation.umontreal.ca\/en\/researchers\/louise-demers-ph-d\/\">Demers, Louise<\/a><\/p>\n<ul>\n<li>Assistive technology<\/li>\n<li>Older adults<\/li>\n<li>Caregivers<\/li>\n<li>Outcomes measures et psychometry<\/li>\n<li>Social participation<\/li>\n<\/ul>\n<\/td>\n<\/tr>\n<tr>\n<td style=\"text-align: left; vertical-align: top; width: 33%;\"><a href=\"https:\/\/readaptation.umontreal.ca\/en\/research\/researchers\/marika-demers-erg-phd\/\">Demers, Marika<\/a><\/p>\n<ul>\n<li>Assessment of upper limbs<\/li>\n<li>Mechanisms underlying motor recovery after stroke<\/li>\n<li>Interventions using innovative rehabilitation approaches<\/li>\n<li>New technologies in rehabilitation<\/li>\n<li>Stroke<\/li>\n<\/ul>\n<\/td>\n<td style=\"text-align: left; vertical-align: top; width: 33.8125%;\"><a href=\"https:\/\/readaptation.umontreal.ca\/en\/research\/researchers\/francois-desmeules-ph-d\/\" target=\"_blank\" rel=\"noopener noreferrer\">Desmeules, Fran\u00e7ois<\/a><\/p>\n<ul>\n<li>Orthopedic interventions and musculoskeletal rehabilitation<\/li>\n<li>Advanced practices of physiotherapy<\/li>\n<li>Shoulder and knee musculoskeletal disorders<\/li>\n<li>Epidemiology and health service research<\/li>\n<\/ul>\n<\/td>\n<td style=\"text-align: left; vertical-align: top; width: 33%;\"><a href=\"https:\/\/readaptation.umontreal.ca\/en\/research\/researchers\/cyril-duclos-ph-d\/\">Duclos, Cyril<\/a><\/p>\n<ul>\n<li>Control and rehabilitation of balance<\/li>\n<li>Proprioceptive stimulations<\/li>\n<li>Localized muscle vibration<\/li>\n<li>Motion analysis<\/li>\n<li>Inertial sensors<\/li>\n<\/ul>\n<\/td>\n<\/tr>\n<tr>\n<td style=\"text-align: left; vertical-align: top; width: 33%;\"><a target=\"_blank\" href=\"https:\/\/readaptation.umontreal.ca\/en\/researchers\/nicolas-dumont-pt-ph-d\/\" rel=\"noopener noreferrer\">Dumont, Nicolas<\/a><\/p>\n<ul>\n<li>Musculoskeletal regeneration<\/li>\n<li>Acute and chronic inflammation<\/li>\n<li>Atrophied muscle function<\/li>\n<li>Muscle dystrophies<\/li>\n<li>Tendinopathies<\/li>\n<\/ul>\n<\/td>\n<td style=\"text-align: left; vertical-align: top; width: 33.8125%;\"><a href=\"https:\/\/readaptation.umontreal.ca\/en\/researchers\/chantale-dumoulin-ph-d\/\">Dumoulin, Chantale<\/a><\/p>\n<ul>\n<li>Urinary incontinence<\/li>\n<li>Menopause<\/li>\n<li>Pelvi-perineal pain<\/li>\n<li>Pelvic floor muscles<\/li>\n<li>Aging<\/li>\n<li>Women\u2019s health<\/li>\n<\/ul>\n<\/td>\n<td style=\"text-align: left; vertical-align: top; width: 33%;\"><a href=\"https:\/\/readaptation.umontreal.ca\/en\/researchers\/joseph-omer-dyer-pht-ph-d\/\">Dyer, Joseph Omer<\/a><\/p>\n<ul>\n<li>Clinical reasoning in health professions<\/li>\n<li>E-learning<\/li>\n<li>Health sciences education<\/li>\n<li>Decision tree algorithm in healthcare<\/li>\n<li>Patient education<\/li>\n<li>Sensorimotor rehabilitation<\/li>\n<\/ul>\n<\/td>\n<\/tr>\n<tr>\n<td style=\"text-align: left; vertical-align: top; width: 33%;\"><a href=\"https:\/\/readaptation.umontreal.ca\/en\/researchers\/debbie-feldman-ph-d\/\">Feldman, Debbie<\/a><\/p>\n<ul>\n<li>Access to health services<\/li>\n<li>Rheumatology<\/li>\n<li>Epidemiology<\/li>\n<li>Chronic musculoskeletal pain<\/li>\n<\/ul>\n<\/td>\n<td style=\"text-align: left; vertical-align: top; width: 33.8125%;\"><a href=\"https:\/\/readaptation.umontreal.ca\/en\/researchers\/johanne-filiatrault-ph-d\/\">Filiatrault, Johanne<\/a><\/p>\n<ul>\n<li>Preventive and health promotion interventions for older adults<\/li>\n<li>Intergenerational initiatives<\/li>\n<li>Intergenerational cohabitation<\/li>\n<li>Promotion of social participation among older adults<\/li>\n<li>Fall prevention, fear of falling<\/li>\n<li>Volunteerism, leisure activities, and older adults\u2019 health<\/li>\n<li>Inclusive health professional practices with older adults<\/li>\n<\/ul>\n<\/td>\n<td style=\"text-align: left; vertical-align: top; width: 33%;\"><a href=\"https:\/\/readaptation.umontreal.ca\/en\/researchers\/carole-fortin-ph-d\/\">Fortin, Carole<\/a><\/p>\n<ul>\n<li>Pediatrics<\/li>\n<li>Motor control<\/li>\n<li>Idiopathic scoliosis<\/li>\n<li>Neurotraumatology<\/li>\n<li>Cerebral motor deficiencies<\/li>\n<li>Developmental coordination disorder<\/li>\n<li>Muscular and sensorimotor functions<\/li>\n<\/ul>\n<\/td>\n<\/tr>\n<tr>\n<td style=\"text-align: left; vertical-align: top; width: 33%;\"><a href=\"https:\/\/readaptation.umontreal.ca\/en\/research\/researchers\/dany-gagnon-ph-d\/\">Gagnon, Dany<\/a><\/p>\n<ul>\n<li>Biomechanics<\/li>\n<li>Exercise physiology<\/li>\n<li>Musculoskeletal imaging<\/li>\n<li>Metrological qualities<\/li>\n<li>Functional, recreational and sports activities<\/li>\n<li>New intervention and novel technologies in rehabilitation<\/li>\n<\/ul>\n<\/td>\n<td style=\"text-align: left; vertical-align: top; width: 33.8125%;\">Gosselin, Julie<\/p>\n<ul>\n<li>Neonatal care and disorders<\/li>\n<li>Child development<\/li>\n<li>Neurological sequelae<\/li>\n<\/ul>\n<\/td>\n<td style=\"text-align: left; vertical-align: top; width: 33%;\"><a href=\"https:\/\/readaptation.umontreal.ca\/en\/researchers\/johanne-higgins-ph-d\/\">Higgins, Johanne<\/a><\/p>\n<ul>\n<li>Neurophysiological mechanisms underlying recovery of the upper limb following a stroke<\/li>\n<li>Neurophysiological mechanisms of musculoskeletal conditions and pain<\/li>\n<li>Non-invasive Brain Stimulation<\/li>\n<li>Development and validation of assessment and measurement tools using contemporary statistical methodology\n<ul><\/ul>\n<\/li>\n<\/ul>\n<\/td>\n<\/tr>\n<tr>\n<td style=\"text-align: left; vertical-align: top; width: 33%;\"><a href=\"https:\/\/readaptation.umontreal.ca\/en\/research\/researchers\/quan-nha-hong-ph-d\/\" target=\"_blank\" rel=\"noopener noreferrer\">Hong, Quan Nha<\/a><\/p>\n<ul>\n<li>Work rehabilitation<\/li>\n<li>Teleworking<\/li>\n<li>Mixed methods<\/li>\n<li>Evidence-based practice<\/li>\n<li>Systematic reviews<\/li>\n<li>Knowledge translation<\/li>\n<li>Health technology assessment and assessment of social services<\/li>\n<li>Program evaluation<\/li>\n<\/ul>\n<\/td>\n<td style=\"text-align: left; vertical-align: top; width: 33.8125%;\"><a href=\"https:\/\/readaptation.umontreal.ca\/en\/research\/researchers\/anne-hudon-ph-d-2\/\" target=\"_blank\" rel=\"noopener noreferrer\">Hudon, Anne<\/a><\/p>\n<ul>\n<li>Ethical and organizational issues in rehabilitation<\/li>\n<li>Health policies and health systems<\/li>\n<li>Work-related musculoskeletal injuries<\/li>\n<li>Access to physiotherapy care and equity of care<\/li>\n<li>Innovative approaches to teaching and managing pain<\/li>\n<\/ul>\n<\/td>\n<td style=\"text-align: left; vertical-align: top; width: 33%;\"><a href=\"https:\/\/readaptation.umontreal.ca\/en\/researchers\/dahlia-kairy-ph-d\/\" style=\"font-family: inherit; font-size: inherit;\">Kairy, Dahlia<\/a><\/p>\n<ul>\n<li>Technology implementation and evaluation<\/li>\n<li>Innovative approaches in rehabilitation<\/li>\n<li>Telerehabilitation and virtual reality<\/li>\n<li>Knowledge translation<\/li>\n<li>Qualitative approaches and mixed methods<\/li>\n<\/ul>\n<\/td>\n<\/tr>\n<tr>\n<td style=\"text-align: left; vertical-align: top; width: 33%;\"><a href=\"https:\/\/readaptation.umontreal.ca\/en\/researchers\/marie-laberge-ph-d\/\">Laberge, Marie<\/a><\/p>\n<ul>\n<li>Socio-professional integration of adolescents<\/li>\n<li>Prevention of work disability<\/li>\n<li>Development, implementation, and evaluation of occupational health interventions<\/li>\n<li>Modeling of integrated knowledge translation interventions<\/li>\n<li>Development of digital technologies to support employability<\/li>\n<li>Sex- and gender-based analysis<\/li>\n<\/ul>\n<\/td>\n<td style=\"text-align: left; vertical-align: top; width: 33.8125%;\"><a href=\"https:\/\/readaptation.umontreal.ca\/en\/researchers\/shalini-lal-ph-d\/\">Lal, Shalini<\/a><\/p>\n<ul>\n<li>Youth mental health, well-being, and resilience<\/li>\n<li>Mental health services<\/li>\n<li>Health service innovations<\/li>\n<li>Knowledge translation<\/li>\n<li>eMental health<\/li>\n<li>Qualitative, participatory, and mixed-methods research<\/li>\n<\/ul>\n<ul><\/ul>\n<\/td>\n<td style=\"text-align: left; vertical-align: top; width: 33%;\"><a href=\"https:\/\/readaptation.umontreal.ca\/en\/research\/researchers\/danielle-levac-ph-d-professeure-physiotherapie-universitedemontreal-readaptaption\/\" target=\"_blank\" rel=\"noopener noreferrer\">Levac, Danielle<\/a><\/p>\n<ul>\n<li>Occupational Sciences<\/li>\n<li>Motor Learning<\/li>\n<li>Affective reactions to immersion in a virtual environment<\/li>\n<li>Participatory action research and knowledge transfer approach<\/li>\n<li>Clinical trials<\/li>\n<li>Scoping reviews<\/li>\n<\/ul>\n<\/td>\n<\/tr>\n<tr>\n<td style=\"text-align: left; vertical-align: top; width: 33%;\"><a href=\"https:\/\/readaptation.umontreal.ca\/en\/research\/researchers\/martine-levesque-ph-d\/\" target=\"_blank\" rel=\"noopener noreferrer\">L\u00e9vesque, Martine<\/a><\/p>\n<ul>\n<li>Occupational Science, occupational justice<\/li>\n<li>Indigenous Health and cultural safety<\/li>\n<li>Women with Disabilities and Intimate Partner Violence<\/li>\n<li>Occupational Participation<\/li>\n<li>Community Based Participatory Research<\/li>\n<li>Occupation-based community development<\/li>\n<li>Qualitative research<\/li>\n<li>Knowledge transfer and mobilization\n<ul><\/ul>\n<\/li>\n<\/ul>\n<\/td>\n<td style=\"text-align: left; vertical-align: top; width: 33.8125%;\"><a href=\"https:\/\/readaptation.umontreal.ca\/en\/research\/researchers\/sylvie-nadeau-ph-d\/\" target=\"_blank\" rel=\"noopener noreferrer\">Nadeau, Sylvie<\/a><\/p>\n<ul>\n<li>Walking and other functional activities<\/li>\n<li>Balance and sense of effort assessment<\/li>\n<li>Upper and lower limbs bilateral coordination<\/li>\n<li>3D movement analysis<\/li>\n<li>Hemiparesis<\/li>\n<li>New emerging approaches in locomotor rehabilitation<\/li>\n<\/ul>\n<\/td>\n<td style=\"text-align: left; vertical-align: top; width: 33%;\"><a href=\"https:\/\/readaptation.umontreal.ca\/en\/researchers\/annie-rochette-ph-d\/\">Rochette, Annie<\/a><\/p>\n<ul>\n<li>Social participation<\/li>\n<li>Stroke<\/li>\n<li>Relatives<\/li>\n<li>Pedagogy and knowledge mobilization<\/li>\n<li>Competencies development<\/li>\n<\/ul>\n<\/td>\n<\/tr>\n<tr>\n<td style=\"text-align: left; vertical-align: top; width: 33%;\"><a href=\"https:\/\/readaptation.umontreal.ca\/recherche\/researchers\/jacqueline-rousseau\/\">Rousseau, Jacqueline<\/a><\/p>\n<ul>\n<li>Measurement<\/li>\n<li>Environment: Person-environment interaction<\/li>\n<li>Gerontechnologies<\/li>\n<li>Community living, Aging-in-Place<\/li>\n<li>Universal design, inclusive design and personalized accessibility<\/li>\n<\/ul>\n<\/td>\n<td style=\"text-align: left; vertical-align: top; width: 33.8125%;\"><a href=\"https:\/\/readaptation.umontreal.ca\/en\/laurence-roy-erg-phd\/\">Roy, Laurence<\/a><\/p>\n<ul>\n<li>Occupational Therapy and Mental Health<\/li>\n<li>Mental health and Forensic Services<\/li>\n<li>Health and Rehabilitation Needs of Populations experiencing Homelessness and Residential instability<\/li>\n<li>Homelessness Prevention<\/li>\n<li>Health Inequities<\/li>\n<li>Participatory, Qualitative and Mixed Methods Research<\/li>\n<\/ul>\n<\/td>\n<td style=\"text-align: left; vertical-align: top; width: 33%;\"><a href=\"https:\/\/readaptation.umontreal.ca\/en\/research\/researchers\/paula-rushton-ph-d\/\">Rushton, Paula<\/a><\/p>\n<ul>\n<li>Wheelchair skills testing and training<\/li>\n<li>Wheelchair confidence testing and training<\/li>\n<li>Development of technologies for wheelchair skills training<\/li>\n<li>Knowledge translation of the\u00a0<em>Wheelchair Skills Program<\/em><\/li>\n<li>Training of rehabilitation professionals in the wheelchair service provision process<\/li>\n<\/ul>\n<\/td>\n<\/tr>\n<tr>\n<td style=\"text-align: left; vertical-align: top; width: 33%;\">Simard, Marie-No\u00eblle<\/p>\n<ul>\n<li>Child neurodevelopment, screening and identification of developmental delays and neurodevelopmental disorders<\/li>\n<li>At-risk populations (e.g. prematurity, congenital heart defects)<\/li>\n<li>Neurological examination in children<\/li>\n<li>Adapted physical activity programs<\/li>\n<\/ul>\n<\/td>\n<td style=\"text-align: left; vertical-align: top; width: 33.8125%;\"><a href=\"https:\/\/readaptation.umontreal.ca\/en\/research\/researchers\/bonnie-swaine-ph-d\/\" target=\"_blank\" rel=\"noopener noreferrer\">Swaine, Bonnie<\/a><\/p>\n<ul>\n<li>Quality and evaluation of rehabilitation services<\/li>\n<li>Adaptation and development of clinical practice guidelines<\/li>\n<li>Traumatic brain injury<\/li>\n<li>Living Laboratory approach<\/li>\n<li>Development of clinical measurement tools<\/li>\n<\/ul>\n<\/td>\n<td style=\"text-align: left; vertical-align: top; width: 33%;\"><a href=\"https:\/\/readaptation.umontreal.ca\/en\/research\/researchers\/brigitte-vachon-ph-d\/\" target=\"_blank\" rel=\"noopener noreferrer\">Vachon, Brigitte<\/a><\/p>\n<ul>\n<li>Knowledge translation<\/li>\n<li>Continuous health services quality improvement and practice change<\/li>\n<li>Continuing professional development<\/li>\n<li>Reflective practice<\/li>\n<li>Primary care and chronic disease management<\/li>\n<\/ul>\n<\/td>\n<\/tr>\n<tr>\n<td style=\"text-align: left; vertical-align: top; width: 33%;\"><a href=\"https:\/\/readaptation.umontreal.ca\/en\/research\/researchers\/nathalie-veillette-ph-d\/\" target=\"_blank\" rel=\"noopener noreferrer\">Veillette, Nathalie<\/a><\/p>\n<ul>\n<li>Occupational therapy in the emergency department<\/li>\n<li>Hospital discharge planning<\/li>\n<li>Assessment of the functional status<\/li>\n<li>Geriatrics<\/li>\n<\/ul>\n<\/td>\n<td style=\"width: 33.8125%; vertical-align: top;\"><a href=\"https:\/\/readaptation.umontreal.ca\/en\/research\/researchers\/diana-zidarov-ph-d\/\">Zidarov, Diana (adjunct professor)<\/a><\/p>\n<ul>\n<li>Knowledge translation<\/li>\n<li>Program and health interventions evaluation<\/li>\n<li>Implementation of best practices and health care innovations<\/li>\n<li>Quality of rehabilitation services<\/li>\n<li>Participatory, qualitative and mixed methods approaches<\/li>\n<\/ul>\n<\/td>\n<td style=\"width: 33%;\"><\/td>\n<\/tr>\n<\/tbody>\n<\/table>\n<p>&nbsp;<\/p>\n","protected":false},"excerpt":{"rendered":"<p>Together with their Quebec colleagues, the professors at the School of Rehabilitation are leaders in the field of rehabilitation science. Since 1980, our professors have supervised more than 160 graduate [&hellip;]<\/p>\n","protected":false},"author":25,"featured_media":20742,"parent":14002,"menu_order":0,"comment_status":"closed","ping_status":"closed","template":"","meta":{"footnotes":""},"class_list":["post-13845","page","type-page","status-publish","has-post-thumbnail","hentry"],"yoast_head":"<!-- This site is optimized with the Yoast SEO plugin v25.0 - https:\/\/yoast.com\/wordpress\/plugins\/seo\/ -->\n<title>Researchers - \u00c9cole de r\u00e9adaptation - Universit\u00e9 de Montr\u00e9al<\/title>\n<meta name=\"robots\" content=\"index, follow, max-snippet:-1, max-image-preview:large, max-video-preview:-1\" \/>\n<link rel=\"canonical\" href=\"https:\/\/readaptation.umontreal.ca\/en\/research\/researchers\/\" \/>\n<meta property=\"og:locale\" content=\"en_US\" \/>\n<meta property=\"og:type\" content=\"article\" \/>\n<meta property=\"og:title\" content=\"Researchers - \u00c9cole de r\u00e9adaptation - Universit\u00e9 de Montr\u00e9al\" \/>\n<meta property=\"og:description\" content=\"Together with their Quebec colleagues, the professors at the School of Rehabilitation are leaders in the field of rehabilitation science. Since 1980, our professors have supervised more than 160 graduate [&hellip;]\" \/>\n<meta property=\"og:url\" content=\"https:\/\/readaptation.umontreal.ca\/en\/research\/researchers\/\" \/>\n<meta property=\"og:site_name\" content=\"\u00c9cole de r\u00e9adaptation\" \/>\n<meta property=\"article:modified_time\" content=\"2025-08-11T17:07:12+00:00\" \/>\n<meta property=\"og:image\" content=\"https:\/\/readaptation.umontreal.ca\/wp-content\/uploads\/sites\/21\/prof-cherch.jpg\" \/>\n\t<meta property=\"og:image:width\" content=\"350\" \/>\n\t<meta property=\"og:image:height\" content=\"350\" \/>\n\t<meta property=\"og:image:type\" content=\"image\/jpeg\" \/>\n<meta name=\"twitter:label1\" content=\"Est. reading time\" \/>\n\t<meta name=\"twitter:data1\" content=\"6 minutes\" \/>\n<script type=\"application\/ld+json\" class=\"yoast-schema-graph\">{\"@context\":\"https:\/\/schema.org\",\"@graph\":[{\"@type\":\"WebPage\",\"@id\":\"https:\/\/readaptation.umontreal.ca\/en\/research\/researchers\/\",\"url\":\"https:\/\/readaptation.umontreal.ca\/en\/research\/researchers\/\",\"name\":\"Researchers - \u00c9cole de r\u00e9adaptation - Universit\u00e9 de Montr\u00e9al\",\"isPartOf\":{\"@id\":\"https:\/\/readaptation.umontreal.ca\/#website\"},\"primaryImageOfPage\":{\"@id\":\"https:\/\/readaptation.umontreal.ca\/en\/research\/researchers\/#primaryimage\"},\"image\":{\"@id\":\"https:\/\/readaptation.umontreal.ca\/en\/research\/researchers\/#primaryimage\"},\"thumbnailUrl\":\"https:\/\/readaptation.umontreal.ca\/wp-content\/uploads\/sites\/21\/prof-cherch.jpg\",\"datePublished\":\"2017-11-09T21:31:18+00:00\",\"dateModified\":\"2025-08-11T17:07:12+00:00\",\"breadcrumb\":{\"@id\":\"https:\/\/readaptation.umontreal.ca\/en\/research\/researchers\/#breadcrumb\"},\"inLanguage\":\"en-US\",\"potentialAction\":[{\"@type\":\"ReadAction\",\"target\":[\"https:\/\/readaptation.umontreal.ca\/en\/research\/researchers\/\"]}]},{\"@type\":\"ImageObject\",\"inLanguage\":\"en-US\",\"@id\":\"https:\/\/readaptation.umontreal.ca\/en\/research\/researchers\/#primaryimage\",\"url\":\"https:\/\/readaptation.umontreal.ca\/wp-content\/uploads\/sites\/21\/prof-cherch.jpg\",\"contentUrl\":\"https:\/\/readaptation.umontreal.ca\/wp-content\/uploads\/sites\/21\/prof-cherch.jpg\",\"width\":350,\"height\":350},{\"@type\":\"BreadcrumbList\",\"@id\":\"https:\/\/readaptation.umontreal.ca\/en\/research\/researchers\/#breadcrumb\",\"itemListElement\":[{\"@type\":\"ListItem\",\"position\":1,\"name\":\"Accueil\",\"item\":\"https:\/\/readaptation.umontreal.ca\/\"},{\"@type\":\"ListItem\",\"position\":2,\"name\":\"Research\",\"item\":\"https:\/\/readaptation.umontreal.ca\/en\/research\/\"},{\"@type\":\"ListItem\",\"position\":3,\"name\":\"Researchers\"}]},{\"@type\":\"WebSite\",\"@id\":\"https:\/\/readaptation.umontreal.ca\/#website\",\"url\":\"https:\/\/readaptation.umontreal.ca\/\",\"name\":\"\u00c9cole de r\u00e9adaptation\",\"description\":\"\",\"potentialAction\":[{\"@type\":\"SearchAction\",\"target\":{\"@type\":\"EntryPoint\",\"urlTemplate\":\"https:\/\/readaptation.umontreal.ca\/?s={search_term_string}\"},\"query-input\":{\"@type\":\"PropertyValueSpecification\",\"valueRequired\":true,\"valueName\":\"search_term_string\"}}],\"inLanguage\":\"en-US\"}]}<\/script>\n<!-- \/ Yoast SEO plugin. -->","yoast_head_json":{"title":"Researchers - \u00c9cole de r\u00e9adaptation - Universit\u00e9 de Montr\u00e9al","robots":{"index":"index","follow":"follow","max-snippet":"max-snippet:-1","max-image-preview":"max-image-preview:large","max-video-preview":"max-video-preview:-1"},"canonical":"https:\/\/readaptation.umontreal.ca\/en\/research\/researchers\/","og_locale":"en_US","og_type":"article","og_title":"Researchers - \u00c9cole de r\u00e9adaptation - Universit\u00e9 de Montr\u00e9al","og_description":"Together with their Quebec colleagues, the professors at the School of Rehabilitation are leaders in the field of rehabilitation science. Since 1980, our professors have supervised more than 160 graduate [&hellip;]","og_url":"https:\/\/readaptation.umontreal.ca\/en\/research\/researchers\/","og_site_name":"\u00c9cole de r\u00e9adaptation","article_modified_time":"2025-08-11T17:07:12+00:00","og_image":[{"width":350,"height":350,"url":"https:\/\/readaptation.umontreal.ca\/wp-content\/uploads\/sites\/21\/prof-cherch.jpg","type":"image\/jpeg"}],"twitter_misc":{"Est. reading time":"6 minutes"},"schema":{"@context":"https:\/\/schema.org","@graph":[{"@type":"WebPage","@id":"https:\/\/readaptation.umontreal.ca\/en\/research\/researchers\/","url":"https:\/\/readaptation.umontreal.ca\/en\/research\/researchers\/","name":"Researchers - \u00c9cole de r\u00e9adaptation - Universit\u00e9 de Montr\u00e9al","isPartOf":{"@id":"https:\/\/readaptation.umontreal.ca\/#website"},"primaryImageOfPage":{"@id":"https:\/\/readaptation.umontreal.ca\/en\/research\/researchers\/#primaryimage"},"image":{"@id":"https:\/\/readaptation.umontreal.ca\/en\/research\/researchers\/#primaryimage"},"thumbnailUrl":"https:\/\/readaptation.umontreal.ca\/wp-content\/uploads\/sites\/21\/prof-cherch.jpg","datePublished":"2017-11-09T21:31:18+00:00","dateModified":"2025-08-11T17:07:12+00:00","breadcrumb":{"@id":"https:\/\/readaptation.umontreal.ca\/en\/research\/researchers\/#breadcrumb"},"inLanguage":"en-US","potentialAction":[{"@type":"ReadAction","target":["https:\/\/readaptation.umontreal.ca\/en\/research\/researchers\/"]}]},{"@type":"ImageObject","inLanguage":"en-US","@id":"https:\/\/readaptation.umontreal.ca\/en\/research\/researchers\/#primaryimage","url":"https:\/\/readaptation.umontreal.ca\/wp-content\/uploads\/sites\/21\/prof-cherch.jpg","contentUrl":"https:\/\/readaptation.umontreal.ca\/wp-content\/uploads\/sites\/21\/prof-cherch.jpg","width":350,"height":350},{"@type":"BreadcrumbList","@id":"https:\/\/readaptation.umontreal.ca\/en\/research\/researchers\/#breadcrumb","itemListElement":[{"@type":"ListItem","position":1,"name":"Accueil","item":"https:\/\/readaptation.umontreal.ca\/"},{"@type":"ListItem","position":2,"name":"Research","item":"https:\/\/readaptation.umontreal.ca\/en\/research\/"},{"@type":"ListItem","position":3,"name":"Researchers"}]},{"@type":"WebSite","@id":"https:\/\/readaptation.umontreal.ca\/#website","url":"https:\/\/readaptation.umontreal.ca\/","name":"\u00c9cole de r\u00e9adaptation","description":"","potentialAction":[{"@type":"SearchAction","target":{"@type":"EntryPoint","urlTemplate":"https:\/\/readaptation.umontreal.ca\/?s={search_term_string}"},"query-input":{"@type":"PropertyValueSpecification","valueRequired":true,"valueName":"search_term_string"}}],"inLanguage":"en-US"}]}},"_links":{"self":[{"href":"https:\/\/readaptation.umontreal.ca\/en\/wp-json\/wp\/v2\/pages\/13845","targetHints":{"allow":["GET"]}}],"collection":[{"href":"https:\/\/readaptation.umontreal.ca\/en\/wp-json\/wp\/v2\/pages"}],"about":[{"href":"https:\/\/readaptation.umontreal.ca\/en\/wp-json\/wp\/v2\/types\/page"}],"author":[{"embeddable":true,"href":"https:\/\/readaptation.umontreal.ca\/en\/wp-json\/wp\/v2\/users\/25"}],"replies":[{"embeddable":true,"href":"https:\/\/readaptation.umontreal.ca\/en\/wp-json\/wp\/v2\/comments?post=13845"}],"version-history":[{"count":30,"href":"https:\/\/readaptation.umontreal.ca\/en\/wp-json\/wp\/v2\/pages\/13845\/revisions"}],"predecessor-version":[{"id":23674,"href":"https:\/\/readaptation.umontreal.ca\/en\/wp-json\/wp\/v2\/pages\/13845\/revisions\/23674"}],"up":[{"embeddable":true,"href":"https:\/\/readaptation.umontreal.ca\/en\/wp-json\/wp\/v2\/pages\/14002"}],"wp:featuredmedia":[{"embeddable":true,"href":"https:\/\/readaptation.umontreal.ca\/en\/wp-json\/wp\/v2\/media\/20742"}],"wp:attachment":[{"href":"https:\/\/readaptation.umontreal.ca\/en\/wp-json\/wp\/v2\/media?parent=13845"}],"curies":[{"name":"wp","href":"https:\/\/api.w.org\/{rel}","templated":true}]}}