{"id":13843,"date":"2017-11-09T22:21:16","date_gmt":"2017-11-09T21:21:16","guid":{"rendered":"https:\/\/readaptation.umontreal.ca\/?page_id=13843\/"},"modified":"2025-01-20T18:35:33","modified_gmt":"2025-01-20T17:35:33","slug":"schedule-of-continuing-edication-for-clinicians-therapists-and-supervisors-of-clinical-training","status":"publish","type":"page","link":"https:\/\/readaptation.umontreal.ca\/en\/studies\/training-in-occupational-therapy\/schedule-of-continuing-edication-for-clinicians-therapists-and-supervisors-of-clinical-training\/","title":{"rendered":"Continuing education for ot clinicians and clinical training supervisors"},"content":{"rendered":"<p>Dear colleagues,<\/p>\n<p>It is with great pleasure that the Occupational Therapy Program of the Universit\u00e9 de Montr\u00e9al presents its continuing education calendar for clinical occupational therapists and clinical education supervisors.<\/p>\n<p>Consult our catalogue for the <a href=\"https:\/\/catalogue.ergo.umontreal.ca\/\">2024-2025 programme<\/a><\/p>\n<p>Looking forward to seeing you soon,<\/p>\n<h5 style=\"text-align: justify;\"><em>\u00a0<\/em><\/h5>\n","protected":false},"excerpt":{"rendered":"<p>Dear colleagues, It is with great pleasure that the Occupational Therapy Program of the Universit\u00e9 de Montr\u00e9al presents its continuing education calendar for clinical occupational therapists and clinical education supervisors. [&hellip;]<\/p>\n","protected":false},"author":25,"featured_media":0,"parent":13969,"menu_order":3,"comment_status":"closed","ping_status":"closed","template":"","meta":{"footnotes":""},"class_list":["post-13843","page","type-page","status-publish","hentry"],"yoast_head":"<!-- This site is optimized with the Yoast SEO plugin v25.0 - https:\/\/yoast.com\/wordpress\/plugins\/seo\/ -->\n<title>Continuing education for ot clinicians and clinical training supervisors - \u00c9cole de r\u00e9adaptation - Universit\u00e9 de Montr\u00e9al<\/title>\n<meta name=\"robots\" content=\"index, follow, max-snippet:-1, max-image-preview:large, max-video-preview:-1\" \/>\n<link rel=\"canonical\" href=\"https:\/\/readaptation.umontreal.ca\/en\/studies\/training-in-occupational-therapy\/schedule-of-continuing-edication-for-clinicians-therapists-and-supervisors-of-clinical-training\/\" \/>\n<meta property=\"og:locale\" content=\"en_US\" \/>\n<meta property=\"og:type\" content=\"article\" \/>\n<meta property=\"og:title\" content=\"Continuing education for ot clinicians and clinical training supervisors - \u00c9cole de r\u00e9adaptation - Universit\u00e9 de Montr\u00e9al\" \/>\n<meta property=\"og:description\" content=\"Dear colleagues, It is with great pleasure that the Occupational Therapy Program of the Universit\u00e9 de Montr\u00e9al presents its continuing education calendar for clinical occupational therapists and clinical education supervisors. [&hellip;]\" \/>\n<meta property=\"og:url\" content=\"https:\/\/readaptation.umontreal.ca\/en\/studies\/training-in-occupational-therapy\/schedule-of-continuing-edication-for-clinicians-therapists-and-supervisors-of-clinical-training\/\" \/>\n<meta property=\"og:site_name\" content=\"\u00c9cole de r\u00e9adaptation\" \/>\n<meta property=\"article:modified_time\" content=\"2025-01-20T17:35:33+00:00\" \/>\n<meta name=\"twitter:label1\" content=\"Est. reading time\" \/>\n\t<meta name=\"twitter:data1\" content=\"1 minute\" \/>\n<script type=\"application\/ld+json\" class=\"yoast-schema-graph\">{\"@context\":\"https:\/\/schema.org\",\"@graph\":[{\"@type\":\"WebPage\",\"@id\":\"https:\/\/readaptation.umontreal.ca\/en\/studies\/training-in-occupational-therapy\/schedule-of-continuing-edication-for-clinicians-therapists-and-supervisors-of-clinical-training\/\",\"url\":\"https:\/\/readaptation.umontreal.ca\/en\/studies\/training-in-occupational-therapy\/schedule-of-continuing-edication-for-clinicians-therapists-and-supervisors-of-clinical-training\/\",\"name\":\"Continuing education for ot clinicians and clinical training supervisors - \u00c9cole de r\u00e9adaptation - Universit\u00e9 de Montr\u00e9al\",\"isPartOf\":{\"@id\":\"https:\/\/readaptation.umontreal.ca\/#website\"},\"datePublished\":\"2017-11-09T21:21:16+00:00\",\"dateModified\":\"2025-01-20T17:35:33+00:00\",\"breadcrumb\":{\"@id\":\"https:\/\/readaptation.umontreal.ca\/en\/studies\/training-in-occupational-therapy\/schedule-of-continuing-edication-for-clinicians-therapists-and-supervisors-of-clinical-training\/#breadcrumb\"},\"inLanguage\":\"en-US\",\"potentialAction\":[{\"@type\":\"ReadAction\",\"target\":[\"https:\/\/readaptation.umontreal.ca\/en\/studies\/training-in-occupational-therapy\/schedule-of-continuing-edication-for-clinicians-therapists-and-supervisors-of-clinical-training\/\"]}]},{\"@type\":\"BreadcrumbList\",\"@id\":\"https:\/\/readaptation.umontreal.ca\/en\/studies\/training-in-occupational-therapy\/schedule-of-continuing-edication-for-clinicians-therapists-and-supervisors-of-clinical-training\/#breadcrumb\",\"itemListElement\":[{\"@type\":\"ListItem\",\"position\":1,\"name\":\"Accueil\",\"item\":\"https:\/\/readaptation.umontreal.ca\/\"},{\"@type\":\"ListItem\",\"position\":2,\"name\":\"Studies\",\"item\":\"https:\/\/readaptation.umontreal.ca\/en\/studies\/\"},{\"@type\":\"ListItem\",\"position\":3,\"name\":\"Occupational therapy training\",\"item\":\"https:\/\/readaptation.umontreal.ca\/en\/studies\/training-in-occupational-therapy\/\"},{\"@type\":\"ListItem\",\"position\":4,\"name\":\"Continuing education for ot clinicians and clinical training supervisors\"}]},{\"@type\":\"WebSite\",\"@id\":\"https:\/\/readaptation.umontreal.ca\/#website\",\"url\":\"https:\/\/readaptation.umontreal.ca\/\",\"name\":\"\u00c9cole de r\u00e9adaptation\",\"description\":\"\",\"potentialAction\":[{\"@type\":\"SearchAction\",\"target\":{\"@type\":\"EntryPoint\",\"urlTemplate\":\"https:\/\/readaptation.umontreal.ca\/?s={search_term_string}\"},\"query-input\":{\"@type\":\"PropertyValueSpecification\",\"valueRequired\":true,\"valueName\":\"search_term_string\"}}],\"inLanguage\":\"en-US\"}]}<\/script>\n<!-- \/ Yoast SEO plugin. -->","yoast_head_json":{"title":"Continuing education for ot clinicians and clinical training supervisors - \u00c9cole de r\u00e9adaptation - Universit\u00e9 de Montr\u00e9al","robots":{"index":"index","follow":"follow","max-snippet":"max-snippet:-1","max-image-preview":"max-image-preview:large","max-video-preview":"max-video-preview:-1"},"canonical":"https:\/\/readaptation.umontreal.ca\/en\/studies\/training-in-occupational-therapy\/schedule-of-continuing-edication-for-clinicians-therapists-and-supervisors-of-clinical-training\/","og_locale":"en_US","og_type":"article","og_title":"Continuing education for ot clinicians and clinical training supervisors - \u00c9cole de r\u00e9adaptation - Universit\u00e9 de Montr\u00e9al","og_description":"Dear colleagues, It is with great pleasure that the Occupational Therapy Program of the Universit\u00e9 de Montr\u00e9al presents its continuing education calendar for clinical occupational therapists and clinical education supervisors. [&hellip;]","og_url":"https:\/\/readaptation.umontreal.ca\/en\/studies\/training-in-occupational-therapy\/schedule-of-continuing-edication-for-clinicians-therapists-and-supervisors-of-clinical-training\/","og_site_name":"\u00c9cole de r\u00e9adaptation","article_modified_time":"2025-01-20T17:35:33+00:00","twitter_misc":{"Est. reading time":"1 minute"},"schema":{"@context":"https:\/\/schema.org","@graph":[{"@type":"WebPage","@id":"https:\/\/readaptation.umontreal.ca\/en\/studies\/training-in-occupational-therapy\/schedule-of-continuing-edication-for-clinicians-therapists-and-supervisors-of-clinical-training\/","url":"https:\/\/readaptation.umontreal.ca\/en\/studies\/training-in-occupational-therapy\/schedule-of-continuing-edication-for-clinicians-therapists-and-supervisors-of-clinical-training\/","name":"Continuing education for ot clinicians and clinical training supervisors - \u00c9cole de r\u00e9adaptation - Universit\u00e9 de Montr\u00e9al","isPartOf":{"@id":"https:\/\/readaptation.umontreal.ca\/#website"},"datePublished":"2017-11-09T21:21:16+00:00","dateModified":"2025-01-20T17:35:33+00:00","breadcrumb":{"@id":"https:\/\/readaptation.umontreal.ca\/en\/studies\/training-in-occupational-therapy\/schedule-of-continuing-edication-for-clinicians-therapists-and-supervisors-of-clinical-training\/#breadcrumb"},"inLanguage":"en-US","potentialAction":[{"@type":"ReadAction","target":["https:\/\/readaptation.umontreal.ca\/en\/studies\/training-in-occupational-therapy\/schedule-of-continuing-edication-for-clinicians-therapists-and-supervisors-of-clinical-training\/"]}]},{"@type":"BreadcrumbList","@id":"https:\/\/readaptation.umontreal.ca\/en\/studies\/training-in-occupational-therapy\/schedule-of-continuing-edication-for-clinicians-therapists-and-supervisors-of-clinical-training\/#breadcrumb","itemListElement":[{"@type":"ListItem","position":1,"name":"Accueil","item":"https:\/\/readaptation.umontreal.ca\/"},{"@type":"ListItem","position":2,"name":"Studies","item":"https:\/\/readaptation.umontreal.ca\/en\/studies\/"},{"@type":"ListItem","position":3,"name":"Occupational therapy training","item":"https:\/\/readaptation.umontreal.ca\/en\/studies\/training-in-occupational-therapy\/"},{"@type":"ListItem","position":4,"name":"Continuing education for ot clinicians and clinical training supervisors"}]},{"@type":"WebSite","@id":"https:\/\/readaptation.umontreal.ca\/#website","url":"https:\/\/readaptation.umontreal.ca\/","name":"\u00c9cole de r\u00e9adaptation","description":"","potentialAction":[{"@type":"SearchAction","target":{"@type":"EntryPoint","urlTemplate":"https:\/\/readaptation.umontreal.ca\/?s={search_term_string}"},"query-input":{"@type":"PropertyValueSpecification","valueRequired":true,"valueName":"search_term_string"}}],"inLanguage":"en-US"}]}},"_links":{"self":[{"href":"https:\/\/readaptation.umontreal.ca\/en\/wp-json\/wp\/v2\/pages\/13843","targetHints":{"allow":["GET"]}}],"collection":[{"href":"https:\/\/readaptation.umontreal.ca\/en\/wp-json\/wp\/v2\/pages"}],"about":[{"href":"https:\/\/readaptation.umontreal.ca\/en\/wp-json\/wp\/v2\/types\/page"}],"author":[{"embeddable":true,"href":"https:\/\/readaptation.umontreal.ca\/en\/wp-json\/wp\/v2\/users\/25"}],"replies":[{"embeddable":true,"href":"https:\/\/readaptation.umontreal.ca\/en\/wp-json\/wp\/v2\/comments?post=13843"}],"version-history":[{"count":17,"href":"https:\/\/readaptation.umontreal.ca\/en\/wp-json\/wp\/v2\/pages\/13843\/revisions"}],"predecessor-version":[{"id":22969,"href":"https:\/\/readaptation.umontreal.ca\/en\/wp-json\/wp\/v2\/pages\/13843\/revisions\/22969"}],"up":[{"embeddable":true,"href":"https:\/\/readaptation.umontreal.ca\/en\/wp-json\/wp\/v2\/pages\/13969"}],"wp:attachment":[{"href":"https:\/\/readaptation.umontreal.ca\/en\/wp-json\/wp\/v2\/media?parent=13843"}],"curies":[{"name":"wp","href":"https:\/\/api.w.org\/{rel}","templated":true}]}}