{"id":13796,"date":"2017-10-31T19:50:42","date_gmt":"2017-10-31T18:50:42","guid":{"rendered":"https:\/\/readaptation.umontreal.ca\/?page_id=13796\/"},"modified":"2019-05-24T20:40:06","modified_gmt":"2019-05-24T19:40:06","slug":"ph-d-rehabilitation-science","status":"publish","type":"page","link":"https:\/\/readaptation.umontreal.ca\/en\/studies\/rehabilitation-science\/ph-d-rehabilitation-science\/","title":{"rendered":"Ph.D. rehabilitation science"},"content":{"rendered":"<div class=\"side-box right  \">\n<p>For more information<\/p>\n<ul>\n<li><a href=\"http:\/\/www.etudes.umontreal.ca\/index_fiche_prog\/374310_struc.html\">Description officielle du programme<\/a><br \/>\n<a href=\"http:\/\/www.etudes.umontreal.ca\/index_fiche_prog\/374310_desc.html\"><\/a><\/li>\n<li><a href=\"http:\/\/www.etudes.umontreal.ca\/index_fiche_prog\/374310_desc.html\">Conditions d\u2019admission<\/a><\/li>\n<li><a href=\"https:\/\/admission.umontreal.ca\/admission\/cycles-superieurs\/demande-dadmission\/\">Pour remplir une demande d\u2019admission<\/a><\/li>\n<\/ul>\n<\/div>\n<h2>Objectives<\/h2>\n<p>The doctoral program is designed to train students to be independent researchers in the field of rehabilitation science. At the end of their training, our students are able to assume leadership roles in rehabilitation science research in a wide range of academic and clinical settings as well as in the health system.<\/p>\n<h2>Structure<\/h2>\n<p>The doctoral program includes a total of 90 credits which are distributed as follows:<\/p>\n<ul>\n<li>required course (3 cr.)\u00a0;<\/li>\n<li>optional courses (minimum 3cr.) and electives for a total of 9 cr. ;<\/li>\n<li>research project and thesis (78 credits).<\/li>\n<\/ul>\n<h2>Comprehensive Doctoral exam<\/h2>\n<p>The candidate must undergo a comprehensive examination with a written and an oral test, no later than by the end of the sixth semester. This examination is held before a jury. The candidate must demonstrate a good knowledge of his\/her field of study and a thorough knowledge of the research subject under study. The jury declares whether the candidate has passed or failed the exam. The jury may decide to adjourn the examination, in which case, the applicant may retake the exam within a maximal delay of six months.<\/p>\n","protected":false},"excerpt":{"rendered":"<p>Objectives The doctoral program is designed to train students to be independent researchers in the field of rehabilitation science. At the end of their training, our students are able to [&hellip;]<\/p>\n","protected":false},"author":25,"featured_media":0,"parent":17072,"menu_order":0,"comment_status":"closed","ping_status":"closed","template":"","meta":{"footnotes":""},"class_list":["post-13796","page","type-page","status-publish","hentry"],"yoast_head":"<!-- This site is optimized with the Yoast SEO plugin v25.0 - https:\/\/yoast.com\/wordpress\/plugins\/seo\/ -->\n<title>Ph.D. rehabilitation science - \u00c9cole de r\u00e9adaptation - Universit\u00e9 de Montr\u00e9al<\/title>\n<meta name=\"robots\" content=\"index, follow, max-snippet:-1, max-image-preview:large, max-video-preview:-1\" \/>\n<link rel=\"canonical\" href=\"https:\/\/readaptation.umontreal.ca\/en\/studies\/rehabilitation-science\/ph-d-rehabilitation-science\/\" \/>\n<meta property=\"og:locale\" content=\"en_US\" \/>\n<meta property=\"og:type\" content=\"article\" \/>\n<meta property=\"og:title\" content=\"Ph.D. rehabilitation science - \u00c9cole de r\u00e9adaptation - Universit\u00e9 de Montr\u00e9al\" \/>\n<meta property=\"og:description\" content=\"Objectives The doctoral program is designed to train students to be independent researchers in the field of rehabilitation science. At the end of their training, our students are able to [&hellip;]\" \/>\n<meta property=\"og:url\" content=\"https:\/\/readaptation.umontreal.ca\/en\/studies\/rehabilitation-science\/ph-d-rehabilitation-science\/\" \/>\n<meta property=\"og:site_name\" content=\"\u00c9cole de r\u00e9adaptation\" \/>\n<meta property=\"article:modified_time\" content=\"2019-05-24T19:40:06+00:00\" \/>\n<meta name=\"twitter:label1\" content=\"Est. reading time\" \/>\n\t<meta name=\"twitter:data1\" content=\"1 minute\" \/>\n<script type=\"application\/ld+json\" class=\"yoast-schema-graph\">{\"@context\":\"https:\/\/schema.org\",\"@graph\":[{\"@type\":\"WebPage\",\"@id\":\"https:\/\/readaptation.umontreal.ca\/en\/studies\/rehabilitation-science\/ph-d-rehabilitation-science\/\",\"url\":\"https:\/\/readaptation.umontreal.ca\/en\/studies\/rehabilitation-science\/ph-d-rehabilitation-science\/\",\"name\":\"Ph.D. rehabilitation science - \u00c9cole de r\u00e9adaptation - Universit\u00e9 de Montr\u00e9al\",\"isPartOf\":{\"@id\":\"https:\/\/readaptation.umontreal.ca\/#website\"},\"datePublished\":\"2017-10-31T18:50:42+00:00\",\"dateModified\":\"2019-05-24T19:40:06+00:00\",\"breadcrumb\":{\"@id\":\"https:\/\/readaptation.umontreal.ca\/en\/studies\/rehabilitation-science\/ph-d-rehabilitation-science\/#breadcrumb\"},\"inLanguage\":\"en-US\",\"potentialAction\":[{\"@type\":\"ReadAction\",\"target\":[\"https:\/\/readaptation.umontreal.ca\/en\/studies\/rehabilitation-science\/ph-d-rehabilitation-science\/\"]}]},{\"@type\":\"BreadcrumbList\",\"@id\":\"https:\/\/readaptation.umontreal.ca\/en\/studies\/rehabilitation-science\/ph-d-rehabilitation-science\/#breadcrumb\",\"itemListElement\":[{\"@type\":\"ListItem\",\"position\":1,\"name\":\"Accueil\",\"item\":\"https:\/\/readaptation.umontreal.ca\/\"},{\"@type\":\"ListItem\",\"position\":2,\"name\":\"Studies\",\"item\":\"https:\/\/readaptation.umontreal.ca\/en\/studies\/\"},{\"@type\":\"ListItem\",\"position\":3,\"name\":\"Rehabilitation science\",\"item\":\"https:\/\/readaptation.umontreal.ca\/en\/studies\/rehabilitation-science\/\"},{\"@type\":\"ListItem\",\"position\":4,\"name\":\"Ph.D. rehabilitation science\"}]},{\"@type\":\"WebSite\",\"@id\":\"https:\/\/readaptation.umontreal.ca\/#website\",\"url\":\"https:\/\/readaptation.umontreal.ca\/\",\"name\":\"\u00c9cole de r\u00e9adaptation\",\"description\":\"\",\"potentialAction\":[{\"@type\":\"SearchAction\",\"target\":{\"@type\":\"EntryPoint\",\"urlTemplate\":\"https:\/\/readaptation.umontreal.ca\/?s={search_term_string}\"},\"query-input\":{\"@type\":\"PropertyValueSpecification\",\"valueRequired\":true,\"valueName\":\"search_term_string\"}}],\"inLanguage\":\"en-US\"}]}<\/script>\n<!-- \/ Yoast SEO plugin. -->","yoast_head_json":{"title":"Ph.D. rehabilitation science - \u00c9cole de r\u00e9adaptation - Universit\u00e9 de Montr\u00e9al","robots":{"index":"index","follow":"follow","max-snippet":"max-snippet:-1","max-image-preview":"max-image-preview:large","max-video-preview":"max-video-preview:-1"},"canonical":"https:\/\/readaptation.umontreal.ca\/en\/studies\/rehabilitation-science\/ph-d-rehabilitation-science\/","og_locale":"en_US","og_type":"article","og_title":"Ph.D. rehabilitation science - \u00c9cole de r\u00e9adaptation - Universit\u00e9 de Montr\u00e9al","og_description":"Objectives The doctoral program is designed to train students to be independent researchers in the field of rehabilitation science. At the end of their training, our students are able to [&hellip;]","og_url":"https:\/\/readaptation.umontreal.ca\/en\/studies\/rehabilitation-science\/ph-d-rehabilitation-science\/","og_site_name":"\u00c9cole de r\u00e9adaptation","article_modified_time":"2019-05-24T19:40:06+00:00","twitter_misc":{"Est. reading time":"1 minute"},"schema":{"@context":"https:\/\/schema.org","@graph":[{"@type":"WebPage","@id":"https:\/\/readaptation.umontreal.ca\/en\/studies\/rehabilitation-science\/ph-d-rehabilitation-science\/","url":"https:\/\/readaptation.umontreal.ca\/en\/studies\/rehabilitation-science\/ph-d-rehabilitation-science\/","name":"Ph.D. rehabilitation science - \u00c9cole de r\u00e9adaptation - Universit\u00e9 de Montr\u00e9al","isPartOf":{"@id":"https:\/\/readaptation.umontreal.ca\/#website"},"datePublished":"2017-10-31T18:50:42+00:00","dateModified":"2019-05-24T19:40:06+00:00","breadcrumb":{"@id":"https:\/\/readaptation.umontreal.ca\/en\/studies\/rehabilitation-science\/ph-d-rehabilitation-science\/#breadcrumb"},"inLanguage":"en-US","potentialAction":[{"@type":"ReadAction","target":["https:\/\/readaptation.umontreal.ca\/en\/studies\/rehabilitation-science\/ph-d-rehabilitation-science\/"]}]},{"@type":"BreadcrumbList","@id":"https:\/\/readaptation.umontreal.ca\/en\/studies\/rehabilitation-science\/ph-d-rehabilitation-science\/#breadcrumb","itemListElement":[{"@type":"ListItem","position":1,"name":"Accueil","item":"https:\/\/readaptation.umontreal.ca\/"},{"@type":"ListItem","position":2,"name":"Studies","item":"https:\/\/readaptation.umontreal.ca\/en\/studies\/"},{"@type":"ListItem","position":3,"name":"Rehabilitation science","item":"https:\/\/readaptation.umontreal.ca\/en\/studies\/rehabilitation-science\/"},{"@type":"ListItem","position":4,"name":"Ph.D. rehabilitation science"}]},{"@type":"WebSite","@id":"https:\/\/readaptation.umontreal.ca\/#website","url":"https:\/\/readaptation.umontreal.ca\/","name":"\u00c9cole de r\u00e9adaptation","description":"","potentialAction":[{"@type":"SearchAction","target":{"@type":"EntryPoint","urlTemplate":"https:\/\/readaptation.umontreal.ca\/?s={search_term_string}"},"query-input":{"@type":"PropertyValueSpecification","valueRequired":true,"valueName":"search_term_string"}}],"inLanguage":"en-US"}]}},"_links":{"self":[{"href":"https:\/\/readaptation.umontreal.ca\/en\/wp-json\/wp\/v2\/pages\/13796","targetHints":{"allow":["GET"]}}],"collection":[{"href":"https:\/\/readaptation.umontreal.ca\/en\/wp-json\/wp\/v2\/pages"}],"about":[{"href":"https:\/\/readaptation.umontreal.ca\/en\/wp-json\/wp\/v2\/types\/page"}],"author":[{"embeddable":true,"href":"https:\/\/readaptation.umontreal.ca\/en\/wp-json\/wp\/v2\/users\/25"}],"replies":[{"embeddable":true,"href":"https:\/\/readaptation.umontreal.ca\/en\/wp-json\/wp\/v2\/comments?post=13796"}],"version-history":[{"count":4,"href":"https:\/\/readaptation.umontreal.ca\/en\/wp-json\/wp\/v2\/pages\/13796\/revisions"}],"predecessor-version":[{"id":16527,"href":"https:\/\/readaptation.umontreal.ca\/en\/wp-json\/wp\/v2\/pages\/13796\/revisions\/16527"}],"up":[{"embeddable":true,"href":"https:\/\/readaptation.umontreal.ca\/en\/wp-json\/wp\/v2\/pages\/17072"}],"wp:attachment":[{"href":"https:\/\/readaptation.umontreal.ca\/en\/wp-json\/wp\/v2\/media?parent=13796"}],"curies":[{"name":"wp","href":"https:\/\/api.w.org\/{rel}","templated":true}]}}