{"id":13794,"date":"2017-10-31T19:49:47","date_gmt":"2017-10-31T18:49:47","guid":{"rendered":"https:\/\/readaptation.umontreal.ca\/?page_id=13794\/"},"modified":"2019-03-01T21:14:22","modified_gmt":"2019-03-01T20:14:22","slug":"admission","status":"publish","type":"page","link":"https:\/\/readaptation.umontreal.ca\/en\/studies\/rehabilitation-science\/admission\/","title":{"rendered":"Admission"},"content":{"rendered":"<h2>STUDENT SUPERVISION<\/h2>\n<p>Professors who supervise or co-supervise graduate students have been approved by the Faculty of Graduate and Post-doctoral Studies (Facult\u00e9 des \u00e9tudes sup\u00e9rieures et postdoctorales) of the Universit\u00e9 de Montr\u00e9al. The director must have the academic title of full, associate or assistant professor at the \u00c9cole de r\u00e9adaptation. A co-director can be an invited or clinical professor or else be affiliated with another university.<\/p>\n<h2>RESEARCH DIRECTORS AND RESEARCH CENTRES<\/h2>\n<p>The graduate programs of Rehabilitation Science are focused on conducting research activities supervised by directors who are generally affiliated with a research centre. As a result, students are strongly encouraged to identify their\u00a0<a href=\"https:\/\/readaptation.umontreal.ca\/recherche\/professeurs-chercheurs\/\">research director<\/a>\u00a0as soon as possible, and in so doing, establish their program of study.<\/p>\n<p>Our graduate students are asked to become student members of their research centre and possibly of an established network of researchers such as the\u00a0<a href=\"http:\/\/www.frqs.gouv.qc.ca\/\"><\/a>This type of affiliation offers the research director with various financial advantages (conference expenses) as well as support services (ex. statistical analysis and article translations) that could be helpful to the student.<\/p>\n<h2>Bursaries<\/h2>\n<p>Students enrolled in our graduate programs can apply for various bursaries during their studies in order to obtain financial support. For more information, please consult the Web site of the\u00a0<a href=\"http:\/\/www.fesp.umontreal.ca\/fr\/accueil.html\">Facult\u00e9 des \u00e9tudes sup\u00e9rieures et postdoctorales<\/a>.<\/p>\n<h2>Deadlines<\/h2>\n<p>Since the deadlines for submitting an application for graduate student bursaries are usually in the fall semester preceding their effective date, it is strongly recommended that the student plan and prepare the application and all the required documents as soon as possible. Therefore, it is of critical importance for the student to choose early on his or her director.<\/p>\n<p>Reflecting the success of our programs, our graduate students are becoming increasingly competitive in the competition for bursaries. Both at the provincial and national levels, they have obtained scholarships from recognized funding organizations, such as the FRQ-S, CRSH, IRSC, IRSST as well as the professional associations.<\/p>\n<div class=\"box left  \">\n<h2>Application for admission<\/h2>\n<ul>\n<li><a title=\"M.Sc. Sciences de la r\u00e9adaptation\" href=\"https:\/\/readaptation.umontreal.ca\/etudes\/sciences-de-la-readaptation\/msc-sciences-de-la-readaptation\/\">Programme de M.Sc. Sciences de la r\u00e9adaptation<\/a><\/li>\n<li><a title=\"Ph.D. Sciences de la r\u00e9adaptation\" href=\"https:\/\/readaptation.umontreal.ca\/etudes\/sciences-de-la-readaptation\/phd-sciences-de-la-readaptation\/\">Programme de Ph.D. Sciences de la r\u00e9adaptation<\/a><\/li>\n<\/ul>\n<\/div><div class=\"clear\"><\/div>\n","protected":false},"excerpt":{"rendered":"<p>STUDENT SUPERVISION Professors who supervise or co-supervise graduate students have been approved by the Faculty of Graduate and Post-doctoral Studies (Facult\u00e9 des \u00e9tudes sup\u00e9rieures et postdoctorales) of the Universit\u00e9 de [&hellip;]<\/p>\n","protected":false},"author":25,"featured_media":0,"parent":17072,"menu_order":0,"comment_status":"closed","ping_status":"closed","template":"","meta":{"footnotes":""},"class_list":["post-13794","page","type-page","status-publish","hentry"],"yoast_head":"<!-- This site is optimized with the Yoast SEO plugin v25.0 - https:\/\/yoast.com\/wordpress\/plugins\/seo\/ -->\n<title>Admission - \u00c9cole de r\u00e9adaptation - Universit\u00e9 de Montr\u00e9al<\/title>\n<meta name=\"robots\" content=\"index, follow, max-snippet:-1, max-image-preview:large, max-video-preview:-1\" \/>\n<link rel=\"canonical\" href=\"https:\/\/readaptation.umontreal.ca\/en\/studies\/rehabilitation-science\/admission\/\" \/>\n<meta property=\"og:locale\" content=\"en_US\" \/>\n<meta property=\"og:type\" content=\"article\" \/>\n<meta property=\"og:title\" content=\"Admission - \u00c9cole de r\u00e9adaptation - Universit\u00e9 de Montr\u00e9al\" \/>\n<meta property=\"og:description\" content=\"STUDENT SUPERVISION Professors who supervise or co-supervise graduate students have been approved by the Faculty of Graduate and Post-doctoral Studies (Facult\u00e9 des \u00e9tudes sup\u00e9rieures et postdoctorales) of the Universit\u00e9 de [&hellip;]\" \/>\n<meta property=\"og:url\" content=\"https:\/\/readaptation.umontreal.ca\/en\/studies\/rehabilitation-science\/admission\/\" \/>\n<meta property=\"og:site_name\" content=\"\u00c9cole de r\u00e9adaptation\" \/>\n<meta property=\"article:modified_time\" content=\"2019-03-01T20:14:22+00:00\" \/>\n<meta name=\"twitter:label1\" content=\"Est. reading time\" \/>\n\t<meta name=\"twitter:data1\" content=\"2 minutes\" \/>\n<script type=\"application\/ld+json\" class=\"yoast-schema-graph\">{\"@context\":\"https:\/\/schema.org\",\"@graph\":[{\"@type\":\"WebPage\",\"@id\":\"https:\/\/readaptation.umontreal.ca\/en\/studies\/rehabilitation-science\/admission\/\",\"url\":\"https:\/\/readaptation.umontreal.ca\/en\/studies\/rehabilitation-science\/admission\/\",\"name\":\"Admission - \u00c9cole de r\u00e9adaptation - Universit\u00e9 de Montr\u00e9al\",\"isPartOf\":{\"@id\":\"https:\/\/readaptation.umontreal.ca\/#website\"},\"datePublished\":\"2017-10-31T18:49:47+00:00\",\"dateModified\":\"2019-03-01T20:14:22+00:00\",\"breadcrumb\":{\"@id\":\"https:\/\/readaptation.umontreal.ca\/en\/studies\/rehabilitation-science\/admission\/#breadcrumb\"},\"inLanguage\":\"en-US\",\"potentialAction\":[{\"@type\":\"ReadAction\",\"target\":[\"https:\/\/readaptation.umontreal.ca\/en\/studies\/rehabilitation-science\/admission\/\"]}]},{\"@type\":\"BreadcrumbList\",\"@id\":\"https:\/\/readaptation.umontreal.ca\/en\/studies\/rehabilitation-science\/admission\/#breadcrumb\",\"itemListElement\":[{\"@type\":\"ListItem\",\"position\":1,\"name\":\"Accueil\",\"item\":\"https:\/\/readaptation.umontreal.ca\/\"},{\"@type\":\"ListItem\",\"position\":2,\"name\":\"Studies\",\"item\":\"https:\/\/readaptation.umontreal.ca\/en\/studies\/\"},{\"@type\":\"ListItem\",\"position\":3,\"name\":\"Rehabilitation science\",\"item\":\"https:\/\/readaptation.umontreal.ca\/en\/studies\/rehabilitation-science\/\"},{\"@type\":\"ListItem\",\"position\":4,\"name\":\"Admission\"}]},{\"@type\":\"WebSite\",\"@id\":\"https:\/\/readaptation.umontreal.ca\/#website\",\"url\":\"https:\/\/readaptation.umontreal.ca\/\",\"name\":\"\u00c9cole de r\u00e9adaptation\",\"description\":\"\",\"potentialAction\":[{\"@type\":\"SearchAction\",\"target\":{\"@type\":\"EntryPoint\",\"urlTemplate\":\"https:\/\/readaptation.umontreal.ca\/?s={search_term_string}\"},\"query-input\":{\"@type\":\"PropertyValueSpecification\",\"valueRequired\":true,\"valueName\":\"search_term_string\"}}],\"inLanguage\":\"en-US\"}]}<\/script>\n<!-- \/ Yoast SEO plugin. -->","yoast_head_json":{"title":"Admission - \u00c9cole de r\u00e9adaptation - Universit\u00e9 de Montr\u00e9al","robots":{"index":"index","follow":"follow","max-snippet":"max-snippet:-1","max-image-preview":"max-image-preview:large","max-video-preview":"max-video-preview:-1"},"canonical":"https:\/\/readaptation.umontreal.ca\/en\/studies\/rehabilitation-science\/admission\/","og_locale":"en_US","og_type":"article","og_title":"Admission - \u00c9cole de r\u00e9adaptation - Universit\u00e9 de Montr\u00e9al","og_description":"STUDENT SUPERVISION Professors who supervise or co-supervise graduate students have been approved by the Faculty of Graduate and Post-doctoral Studies (Facult\u00e9 des \u00e9tudes sup\u00e9rieures et postdoctorales) of the Universit\u00e9 de [&hellip;]","og_url":"https:\/\/readaptation.umontreal.ca\/en\/studies\/rehabilitation-science\/admission\/","og_site_name":"\u00c9cole de r\u00e9adaptation","article_modified_time":"2019-03-01T20:14:22+00:00","twitter_misc":{"Est. reading time":"2 minutes"},"schema":{"@context":"https:\/\/schema.org","@graph":[{"@type":"WebPage","@id":"https:\/\/readaptation.umontreal.ca\/en\/studies\/rehabilitation-science\/admission\/","url":"https:\/\/readaptation.umontreal.ca\/en\/studies\/rehabilitation-science\/admission\/","name":"Admission - \u00c9cole de r\u00e9adaptation - Universit\u00e9 de Montr\u00e9al","isPartOf":{"@id":"https:\/\/readaptation.umontreal.ca\/#website"},"datePublished":"2017-10-31T18:49:47+00:00","dateModified":"2019-03-01T20:14:22+00:00","breadcrumb":{"@id":"https:\/\/readaptation.umontreal.ca\/en\/studies\/rehabilitation-science\/admission\/#breadcrumb"},"inLanguage":"en-US","potentialAction":[{"@type":"ReadAction","target":["https:\/\/readaptation.umontreal.ca\/en\/studies\/rehabilitation-science\/admission\/"]}]},{"@type":"BreadcrumbList","@id":"https:\/\/readaptation.umontreal.ca\/en\/studies\/rehabilitation-science\/admission\/#breadcrumb","itemListElement":[{"@type":"ListItem","position":1,"name":"Accueil","item":"https:\/\/readaptation.umontreal.ca\/"},{"@type":"ListItem","position":2,"name":"Studies","item":"https:\/\/readaptation.umontreal.ca\/en\/studies\/"},{"@type":"ListItem","position":3,"name":"Rehabilitation science","item":"https:\/\/readaptation.umontreal.ca\/en\/studies\/rehabilitation-science\/"},{"@type":"ListItem","position":4,"name":"Admission"}]},{"@type":"WebSite","@id":"https:\/\/readaptation.umontreal.ca\/#website","url":"https:\/\/readaptation.umontreal.ca\/","name":"\u00c9cole de r\u00e9adaptation","description":"","potentialAction":[{"@type":"SearchAction","target":{"@type":"EntryPoint","urlTemplate":"https:\/\/readaptation.umontreal.ca\/?s={search_term_string}"},"query-input":{"@type":"PropertyValueSpecification","valueRequired":true,"valueName":"search_term_string"}}],"inLanguage":"en-US"}]}},"_links":{"self":[{"href":"https:\/\/readaptation.umontreal.ca\/en\/wp-json\/wp\/v2\/pages\/13794","targetHints":{"allow":["GET"]}}],"collection":[{"href":"https:\/\/readaptation.umontreal.ca\/en\/wp-json\/wp\/v2\/pages"}],"about":[{"href":"https:\/\/readaptation.umontreal.ca\/en\/wp-json\/wp\/v2\/types\/page"}],"author":[{"embeddable":true,"href":"https:\/\/readaptation.umontreal.ca\/en\/wp-json\/wp\/v2\/users\/25"}],"replies":[{"embeddable":true,"href":"https:\/\/readaptation.umontreal.ca\/en\/wp-json\/wp\/v2\/comments?post=13794"}],"version-history":[{"count":3,"href":"https:\/\/readaptation.umontreal.ca\/en\/wp-json\/wp\/v2\/pages\/13794\/revisions"}],"predecessor-version":[{"id":15772,"href":"https:\/\/readaptation.umontreal.ca\/en\/wp-json\/wp\/v2\/pages\/13794\/revisions\/15772"}],"up":[{"embeddable":true,"href":"https:\/\/readaptation.umontreal.ca\/en\/wp-json\/wp\/v2\/pages\/17072"}],"wp:attachment":[{"href":"https:\/\/readaptation.umontreal.ca\/en\/wp-json\/wp\/v2\/media?parent=13794"}],"curies":[{"name":"wp","href":"https:\/\/api.w.org\/{rel}","templated":true}]}}