{"id":13771,"date":"2017-10-31T19:16:43","date_gmt":"2017-10-31T18:16:43","guid":{"rendered":"https:\/\/readaptation.umontreal.ca\/?page_id=13771\/"},"modified":"2019-03-01T20:36:52","modified_gmt":"2019-03-01T19:36:52","slug":"professional-qualification-program-for-physiotherapists-qpp","status":"publish","type":"page","link":"https:\/\/readaptation.umontreal.ca\/en\/studies\/physiotherapy-training\/professional-qualification-program-for-physiotherapists-qpp\/","title":{"rendered":"Professional qualification program for physiotherapists (QPP in french)"},"content":{"rendered":"<h2>Program presentation<\/h2>\n<div class=\"side-box right  \">\n<p><strong>For more information (in French):<\/strong><\/p>\n<p><a href=\"https:\/\/admission.umontreal.ca\/programmes\/certificat-en-physiotherapie-diplome-de-qualification\/\">Official description of the program<\/a><\/p>\n<\/div>\n<p>The Professional qualification program for physiotherapists (QPP) is designed for physiotherapy professionals trained outside of Canada. It allows candidates to obtain the additional training necessary to practise physiotherapy in the province of Quebec. The program is comprised of 54 credits over a 16-month period, from January to May of the following year. The training occurs during four trimesters: Winter, Summer, Fall and Winter with a 6-week break during summer. The last Winter trimester comprises full-time clinical placements. Admission capacity is limited to 26 students.<\/p>\n<p>&nbsp;<\/p>\n","protected":false},"excerpt":{"rendered":"<p>Program presentation The Professional qualification program for physiotherapists (QPP) is designed for physiotherapy professionals trained outside of Canada. It allows candidates to obtain the additional training necessary to practise physiotherapy [&hellip;]<\/p>\n","protected":false},"author":25,"featured_media":0,"parent":13752,"menu_order":4,"comment_status":"closed","ping_status":"closed","template":"","meta":{"footnotes":""},"class_list":["post-13771","page","type-page","status-publish","hentry"],"yoast_head":"<!-- This site is optimized with the Yoast SEO plugin v25.0 - https:\/\/yoast.com\/wordpress\/plugins\/seo\/ -->\n<title>Professional qualification program for physiotherapists (QPP in french) - \u00c9cole de r\u00e9adaptation - Universit\u00e9 de Montr\u00e9al<\/title>\n<meta name=\"robots\" content=\"index, follow, max-snippet:-1, max-image-preview:large, max-video-preview:-1\" \/>\n<link rel=\"canonical\" href=\"https:\/\/readaptation.umontreal.ca\/en\/studies\/physiotherapy-training\/professional-qualification-program-for-physiotherapists-qpp\/\" \/>\n<meta property=\"og:locale\" content=\"en_US\" \/>\n<meta property=\"og:type\" content=\"article\" \/>\n<meta property=\"og:title\" content=\"Professional qualification program for physiotherapists (QPP in french) - \u00c9cole de r\u00e9adaptation - Universit\u00e9 de Montr\u00e9al\" \/>\n<meta property=\"og:description\" content=\"Program presentation The Professional qualification program for physiotherapists (QPP) is designed for physiotherapy professionals trained outside of Canada. It allows candidates to obtain the additional training necessary to practise physiotherapy [&hellip;]\" \/>\n<meta property=\"og:url\" content=\"https:\/\/readaptation.umontreal.ca\/en\/studies\/physiotherapy-training\/professional-qualification-program-for-physiotherapists-qpp\/\" \/>\n<meta property=\"og:site_name\" content=\"\u00c9cole de r\u00e9adaptation\" \/>\n<meta property=\"article:modified_time\" content=\"2019-03-01T19:36:52+00:00\" \/>\n<script type=\"application\/ld+json\" class=\"yoast-schema-graph\">{\"@context\":\"https:\/\/schema.org\",\"@graph\":[{\"@type\":\"WebPage\",\"@id\":\"https:\/\/readaptation.umontreal.ca\/en\/studies\/physiotherapy-training\/professional-qualification-program-for-physiotherapists-qpp\/\",\"url\":\"https:\/\/readaptation.umontreal.ca\/en\/studies\/physiotherapy-training\/professional-qualification-program-for-physiotherapists-qpp\/\",\"name\":\"Professional qualification program for physiotherapists (QPP in french) - \u00c9cole de r\u00e9adaptation - Universit\u00e9 de Montr\u00e9al\",\"isPartOf\":{\"@id\":\"https:\/\/readaptation.umontreal.ca\/#website\"},\"datePublished\":\"2017-10-31T18:16:43+00:00\",\"dateModified\":\"2019-03-01T19:36:52+00:00\",\"breadcrumb\":{\"@id\":\"https:\/\/readaptation.umontreal.ca\/en\/studies\/physiotherapy-training\/professional-qualification-program-for-physiotherapists-qpp\/#breadcrumb\"},\"inLanguage\":\"en-US\",\"potentialAction\":[{\"@type\":\"ReadAction\",\"target\":[\"https:\/\/readaptation.umontreal.ca\/en\/studies\/physiotherapy-training\/professional-qualification-program-for-physiotherapists-qpp\/\"]}]},{\"@type\":\"BreadcrumbList\",\"@id\":\"https:\/\/readaptation.umontreal.ca\/en\/studies\/physiotherapy-training\/professional-qualification-program-for-physiotherapists-qpp\/#breadcrumb\",\"itemListElement\":[{\"@type\":\"ListItem\",\"position\":1,\"name\":\"Accueil\",\"item\":\"https:\/\/readaptation.umontreal.ca\/\"},{\"@type\":\"ListItem\",\"position\":2,\"name\":\"Studies\",\"item\":\"https:\/\/readaptation.umontreal.ca\/en\/studies\/\"},{\"@type\":\"ListItem\",\"position\":3,\"name\":\"Physiotherapy training\",\"item\":\"https:\/\/readaptation.umontreal.ca\/en\/studies\/physiotherapy-training\/\"},{\"@type\":\"ListItem\",\"position\":4,\"name\":\"Professional qualification program for physiotherapists (QPP in french)\"}]},{\"@type\":\"WebSite\",\"@id\":\"https:\/\/readaptation.umontreal.ca\/#website\",\"url\":\"https:\/\/readaptation.umontreal.ca\/\",\"name\":\"\u00c9cole de r\u00e9adaptation\",\"description\":\"\",\"potentialAction\":[{\"@type\":\"SearchAction\",\"target\":{\"@type\":\"EntryPoint\",\"urlTemplate\":\"https:\/\/readaptation.umontreal.ca\/?s={search_term_string}\"},\"query-input\":{\"@type\":\"PropertyValueSpecification\",\"valueRequired\":true,\"valueName\":\"search_term_string\"}}],\"inLanguage\":\"en-US\"}]}<\/script>\n<!-- \/ Yoast SEO plugin. -->","yoast_head_json":{"title":"Professional qualification program for physiotherapists (QPP in french) - \u00c9cole de r\u00e9adaptation - Universit\u00e9 de Montr\u00e9al","robots":{"index":"index","follow":"follow","max-snippet":"max-snippet:-1","max-image-preview":"max-image-preview:large","max-video-preview":"max-video-preview:-1"},"canonical":"https:\/\/readaptation.umontreal.ca\/en\/studies\/physiotherapy-training\/professional-qualification-program-for-physiotherapists-qpp\/","og_locale":"en_US","og_type":"article","og_title":"Professional qualification program for physiotherapists (QPP in french) - \u00c9cole de r\u00e9adaptation - Universit\u00e9 de Montr\u00e9al","og_description":"Program presentation The Professional qualification program for physiotherapists (QPP) is designed for physiotherapy professionals trained outside of Canada. It allows candidates to obtain the additional training necessary to practise physiotherapy [&hellip;]","og_url":"https:\/\/readaptation.umontreal.ca\/en\/studies\/physiotherapy-training\/professional-qualification-program-for-physiotherapists-qpp\/","og_site_name":"\u00c9cole de r\u00e9adaptation","article_modified_time":"2019-03-01T19:36:52+00:00","schema":{"@context":"https:\/\/schema.org","@graph":[{"@type":"WebPage","@id":"https:\/\/readaptation.umontreal.ca\/en\/studies\/physiotherapy-training\/professional-qualification-program-for-physiotherapists-qpp\/","url":"https:\/\/readaptation.umontreal.ca\/en\/studies\/physiotherapy-training\/professional-qualification-program-for-physiotherapists-qpp\/","name":"Professional qualification program for physiotherapists (QPP in french) - \u00c9cole de r\u00e9adaptation - Universit\u00e9 de Montr\u00e9al","isPartOf":{"@id":"https:\/\/readaptation.umontreal.ca\/#website"},"datePublished":"2017-10-31T18:16:43+00:00","dateModified":"2019-03-01T19:36:52+00:00","breadcrumb":{"@id":"https:\/\/readaptation.umontreal.ca\/en\/studies\/physiotherapy-training\/professional-qualification-program-for-physiotherapists-qpp\/#breadcrumb"},"inLanguage":"en-US","potentialAction":[{"@type":"ReadAction","target":["https:\/\/readaptation.umontreal.ca\/en\/studies\/physiotherapy-training\/professional-qualification-program-for-physiotherapists-qpp\/"]}]},{"@type":"BreadcrumbList","@id":"https:\/\/readaptation.umontreal.ca\/en\/studies\/physiotherapy-training\/professional-qualification-program-for-physiotherapists-qpp\/#breadcrumb","itemListElement":[{"@type":"ListItem","position":1,"name":"Accueil","item":"https:\/\/readaptation.umontreal.ca\/"},{"@type":"ListItem","position":2,"name":"Studies","item":"https:\/\/readaptation.umontreal.ca\/en\/studies\/"},{"@type":"ListItem","position":3,"name":"Physiotherapy training","item":"https:\/\/readaptation.umontreal.ca\/en\/studies\/physiotherapy-training\/"},{"@type":"ListItem","position":4,"name":"Professional qualification program for physiotherapists (QPP in french)"}]},{"@type":"WebSite","@id":"https:\/\/readaptation.umontreal.ca\/#website","url":"https:\/\/readaptation.umontreal.ca\/","name":"\u00c9cole de r\u00e9adaptation","description":"","potentialAction":[{"@type":"SearchAction","target":{"@type":"EntryPoint","urlTemplate":"https:\/\/readaptation.umontreal.ca\/?s={search_term_string}"},"query-input":{"@type":"PropertyValueSpecification","valueRequired":true,"valueName":"search_term_string"}}],"inLanguage":"en-US"}]}},"_links":{"self":[{"href":"https:\/\/readaptation.umontreal.ca\/en\/wp-json\/wp\/v2\/pages\/13771","targetHints":{"allow":["GET"]}}],"collection":[{"href":"https:\/\/readaptation.umontreal.ca\/en\/wp-json\/wp\/v2\/pages"}],"about":[{"href":"https:\/\/readaptation.umontreal.ca\/en\/wp-json\/wp\/v2\/types\/page"}],"author":[{"embeddable":true,"href":"https:\/\/readaptation.umontreal.ca\/en\/wp-json\/wp\/v2\/users\/25"}],"replies":[{"embeddable":true,"href":"https:\/\/readaptation.umontreal.ca\/en\/wp-json\/wp\/v2\/comments?post=13771"}],"version-history":[{"count":4,"href":"https:\/\/readaptation.umontreal.ca\/en\/wp-json\/wp\/v2\/pages\/13771\/revisions"}],"predecessor-version":[{"id":15761,"href":"https:\/\/readaptation.umontreal.ca\/en\/wp-json\/wp\/v2\/pages\/13771\/revisions\/15761"}],"up":[{"embeddable":true,"href":"https:\/\/readaptation.umontreal.ca\/en\/wp-json\/wp\/v2\/pages\/13752"}],"wp:attachment":[{"href":"https:\/\/readaptation.umontreal.ca\/en\/wp-json\/wp\/v2\/media?parent=13771"}],"curies":[{"name":"wp","href":"https:\/\/api.w.org\/{rel}","templated":true}]}}