{"id":13756,"date":"2017-10-31T19:03:39","date_gmt":"2017-10-31T18:03:39","guid":{"rendered":"https:\/\/readaptation.umontreal.ca\/?page_id=13756\/"},"modified":"2019-03-01T20:27:57","modified_gmt":"2019-03-01T19:27:57","slug":"graduate-microprogram-in-perineal-and-pelvic-rehabilitation","status":"publish","type":"page","link":"https:\/\/readaptation.umontreal.ca\/en\/studies\/physiotherapy-training\/graduate-microprogram-in-perineal-and-pelvic-rehabilitation\/","title":{"rendered":"Short Graduate program in perineal and pelvic rehabilitation"},"content":{"rendered":"<h2>Program presentation<\/h2>\n<p>This 15-credit post-graduate level program is intended for practising physiotherapists.\u00a0 The student registers on a regular part-time basis. The program is offered during weekends (from two to four days), four to five times during the year (fall, winter and summer trimesters). The students must complete the program within a period of six (2.5 years) to eight (4 years) trimesters. An absence of more than four consecutive trimesters puts an end to the student\u2019s enrollment, as per the academic regulations of the University.<\/p>\n<p>All the courses of this program comprise a theoretical component and an obligatory practical component, in order to develop the clinical and professional competencies required of physiotherapists practising in perineal and pelvic rehabilitation.<\/p>\n<p>For more information on the program (in French):<\/p>\n<p>&nbsp;<\/p>\n<ul>\n<li><a href=\"https:\/\/admission.umontreal.ca\/programmes\/microprogramme-en-reeducation-perineale-et-pelvienne\/\">Official description of the program<\/a><\/li>\n<li><a href=\"http:\/\/admission.umontreal.ca\/admission\/cycles-superieurs\/demande-dadmission\/choix-de-programmes\/\">To submit an application<\/a><\/li>\n<\/ul>\n","protected":false},"excerpt":{"rendered":"<p>Program presentation This 15-credit post-graduate level program is intended for practising physiotherapists.\u00a0 The student registers on a regular part-time basis. The program is offered during weekends (from two to four [&hellip;]<\/p>\n","protected":false},"author":25,"featured_media":0,"parent":13752,"menu_order":15,"comment_status":"closed","ping_status":"closed","template":"","meta":{"footnotes":""},"class_list":["post-13756","page","type-page","status-publish","hentry"],"yoast_head":"<!-- This site is optimized with the Yoast SEO plugin v25.0 - https:\/\/yoast.com\/wordpress\/plugins\/seo\/ -->\n<title>Short Graduate program in perineal and pelvic rehabilitation - \u00c9cole de r\u00e9adaptation - Universit\u00e9 de Montr\u00e9al<\/title>\n<meta name=\"robots\" content=\"index, follow, max-snippet:-1, max-image-preview:large, max-video-preview:-1\" \/>\n<link rel=\"canonical\" href=\"https:\/\/readaptation.umontreal.ca\/en\/studies\/physiotherapy-training\/graduate-microprogram-in-perineal-and-pelvic-rehabilitation\/\" \/>\n<meta property=\"og:locale\" content=\"en_US\" \/>\n<meta property=\"og:type\" content=\"article\" \/>\n<meta property=\"og:title\" content=\"Short Graduate program in perineal and pelvic rehabilitation - \u00c9cole de r\u00e9adaptation - Universit\u00e9 de Montr\u00e9al\" \/>\n<meta property=\"og:description\" content=\"Program presentation This 15-credit post-graduate level program is intended for practising physiotherapists.\u00a0 The student registers on a regular part-time basis. The program is offered during weekends (from two to four [&hellip;]\" \/>\n<meta property=\"og:url\" content=\"https:\/\/readaptation.umontreal.ca\/en\/studies\/physiotherapy-training\/graduate-microprogram-in-perineal-and-pelvic-rehabilitation\/\" \/>\n<meta property=\"og:site_name\" content=\"\u00c9cole de r\u00e9adaptation\" \/>\n<meta property=\"article:modified_time\" content=\"2019-03-01T19:27:57+00:00\" \/>\n<meta name=\"twitter:label1\" content=\"Est. reading time\" \/>\n\t<meta name=\"twitter:data1\" content=\"1 minute\" \/>\n<script type=\"application\/ld+json\" class=\"yoast-schema-graph\">{\"@context\":\"https:\/\/schema.org\",\"@graph\":[{\"@type\":\"WebPage\",\"@id\":\"https:\/\/readaptation.umontreal.ca\/en\/studies\/physiotherapy-training\/graduate-microprogram-in-perineal-and-pelvic-rehabilitation\/\",\"url\":\"https:\/\/readaptation.umontreal.ca\/en\/studies\/physiotherapy-training\/graduate-microprogram-in-perineal-and-pelvic-rehabilitation\/\",\"name\":\"Short Graduate program in perineal and pelvic rehabilitation - \u00c9cole de r\u00e9adaptation - Universit\u00e9 de Montr\u00e9al\",\"isPartOf\":{\"@id\":\"https:\/\/readaptation.umontreal.ca\/#website\"},\"datePublished\":\"2017-10-31T18:03:39+00:00\",\"dateModified\":\"2019-03-01T19:27:57+00:00\",\"breadcrumb\":{\"@id\":\"https:\/\/readaptation.umontreal.ca\/en\/studies\/physiotherapy-training\/graduate-microprogram-in-perineal-and-pelvic-rehabilitation\/#breadcrumb\"},\"inLanguage\":\"en-US\",\"potentialAction\":[{\"@type\":\"ReadAction\",\"target\":[\"https:\/\/readaptation.umontreal.ca\/en\/studies\/physiotherapy-training\/graduate-microprogram-in-perineal-and-pelvic-rehabilitation\/\"]}]},{\"@type\":\"BreadcrumbList\",\"@id\":\"https:\/\/readaptation.umontreal.ca\/en\/studies\/physiotherapy-training\/graduate-microprogram-in-perineal-and-pelvic-rehabilitation\/#breadcrumb\",\"itemListElement\":[{\"@type\":\"ListItem\",\"position\":1,\"name\":\"Accueil\",\"item\":\"https:\/\/readaptation.umontreal.ca\/\"},{\"@type\":\"ListItem\",\"position\":2,\"name\":\"Studies\",\"item\":\"https:\/\/readaptation.umontreal.ca\/en\/studies\/\"},{\"@type\":\"ListItem\",\"position\":3,\"name\":\"Physiotherapy training\",\"item\":\"https:\/\/readaptation.umontreal.ca\/en\/studies\/physiotherapy-training\/\"},{\"@type\":\"ListItem\",\"position\":4,\"name\":\"Short Graduate program in perineal and pelvic rehabilitation\"}]},{\"@type\":\"WebSite\",\"@id\":\"https:\/\/readaptation.umontreal.ca\/#website\",\"url\":\"https:\/\/readaptation.umontreal.ca\/\",\"name\":\"\u00c9cole de r\u00e9adaptation\",\"description\":\"\",\"potentialAction\":[{\"@type\":\"SearchAction\",\"target\":{\"@type\":\"EntryPoint\",\"urlTemplate\":\"https:\/\/readaptation.umontreal.ca\/?s={search_term_string}\"},\"query-input\":{\"@type\":\"PropertyValueSpecification\",\"valueRequired\":true,\"valueName\":\"search_term_string\"}}],\"inLanguage\":\"en-US\"}]}<\/script>\n<!-- \/ Yoast SEO plugin. -->","yoast_head_json":{"title":"Short Graduate program in perineal and pelvic rehabilitation - \u00c9cole de r\u00e9adaptation - Universit\u00e9 de Montr\u00e9al","robots":{"index":"index","follow":"follow","max-snippet":"max-snippet:-1","max-image-preview":"max-image-preview:large","max-video-preview":"max-video-preview:-1"},"canonical":"https:\/\/readaptation.umontreal.ca\/en\/studies\/physiotherapy-training\/graduate-microprogram-in-perineal-and-pelvic-rehabilitation\/","og_locale":"en_US","og_type":"article","og_title":"Short Graduate program in perineal and pelvic rehabilitation - \u00c9cole de r\u00e9adaptation - Universit\u00e9 de Montr\u00e9al","og_description":"Program presentation This 15-credit post-graduate level program is intended for practising physiotherapists.\u00a0 The student registers on a regular part-time basis. The program is offered during weekends (from two to four [&hellip;]","og_url":"https:\/\/readaptation.umontreal.ca\/en\/studies\/physiotherapy-training\/graduate-microprogram-in-perineal-and-pelvic-rehabilitation\/","og_site_name":"\u00c9cole de r\u00e9adaptation","article_modified_time":"2019-03-01T19:27:57+00:00","twitter_misc":{"Est. reading time":"1 minute"},"schema":{"@context":"https:\/\/schema.org","@graph":[{"@type":"WebPage","@id":"https:\/\/readaptation.umontreal.ca\/en\/studies\/physiotherapy-training\/graduate-microprogram-in-perineal-and-pelvic-rehabilitation\/","url":"https:\/\/readaptation.umontreal.ca\/en\/studies\/physiotherapy-training\/graduate-microprogram-in-perineal-and-pelvic-rehabilitation\/","name":"Short Graduate program in perineal and pelvic rehabilitation - \u00c9cole de r\u00e9adaptation - Universit\u00e9 de Montr\u00e9al","isPartOf":{"@id":"https:\/\/readaptation.umontreal.ca\/#website"},"datePublished":"2017-10-31T18:03:39+00:00","dateModified":"2019-03-01T19:27:57+00:00","breadcrumb":{"@id":"https:\/\/readaptation.umontreal.ca\/en\/studies\/physiotherapy-training\/graduate-microprogram-in-perineal-and-pelvic-rehabilitation\/#breadcrumb"},"inLanguage":"en-US","potentialAction":[{"@type":"ReadAction","target":["https:\/\/readaptation.umontreal.ca\/en\/studies\/physiotherapy-training\/graduate-microprogram-in-perineal-and-pelvic-rehabilitation\/"]}]},{"@type":"BreadcrumbList","@id":"https:\/\/readaptation.umontreal.ca\/en\/studies\/physiotherapy-training\/graduate-microprogram-in-perineal-and-pelvic-rehabilitation\/#breadcrumb","itemListElement":[{"@type":"ListItem","position":1,"name":"Accueil","item":"https:\/\/readaptation.umontreal.ca\/"},{"@type":"ListItem","position":2,"name":"Studies","item":"https:\/\/readaptation.umontreal.ca\/en\/studies\/"},{"@type":"ListItem","position":3,"name":"Physiotherapy training","item":"https:\/\/readaptation.umontreal.ca\/en\/studies\/physiotherapy-training\/"},{"@type":"ListItem","position":4,"name":"Short Graduate program in perineal and pelvic rehabilitation"}]},{"@type":"WebSite","@id":"https:\/\/readaptation.umontreal.ca\/#website","url":"https:\/\/readaptation.umontreal.ca\/","name":"\u00c9cole de r\u00e9adaptation","description":"","potentialAction":[{"@type":"SearchAction","target":{"@type":"EntryPoint","urlTemplate":"https:\/\/readaptation.umontreal.ca\/?s={search_term_string}"},"query-input":{"@type":"PropertyValueSpecification","valueRequired":true,"valueName":"search_term_string"}}],"inLanguage":"en-US"}]}},"_links":{"self":[{"href":"https:\/\/readaptation.umontreal.ca\/en\/wp-json\/wp\/v2\/pages\/13756","targetHints":{"allow":["GET"]}}],"collection":[{"href":"https:\/\/readaptation.umontreal.ca\/en\/wp-json\/wp\/v2\/pages"}],"about":[{"href":"https:\/\/readaptation.umontreal.ca\/en\/wp-json\/wp\/v2\/types\/page"}],"author":[{"embeddable":true,"href":"https:\/\/readaptation.umontreal.ca\/en\/wp-json\/wp\/v2\/users\/25"}],"replies":[{"embeddable":true,"href":"https:\/\/readaptation.umontreal.ca\/en\/wp-json\/wp\/v2\/comments?post=13756"}],"version-history":[{"count":2,"href":"https:\/\/readaptation.umontreal.ca\/en\/wp-json\/wp\/v2\/pages\/13756\/revisions"}],"predecessor-version":[{"id":15759,"href":"https:\/\/readaptation.umontreal.ca\/en\/wp-json\/wp\/v2\/pages\/13756\/revisions\/15759"}],"up":[{"embeddable":true,"href":"https:\/\/readaptation.umontreal.ca\/en\/wp-json\/wp\/v2\/pages\/13752"}],"wp:attachment":[{"href":"https:\/\/readaptation.umontreal.ca\/en\/wp-json\/wp\/v2\/media?parent=13756"}],"curies":[{"name":"wp","href":"https:\/\/api.w.org\/{rel}","templated":true}]}}