{"id":13752,"date":"2017-10-31T19:00:57","date_gmt":"2017-10-31T18:00:57","guid":{"rendered":"https:\/\/readaptation.umontreal.ca\/?page_id=13752\/"},"modified":"2019-03-04T20:56:02","modified_gmt":"2019-03-04T19:56:02","slug":"physiotherapy-training","status":"publish","type":"page","link":"https:\/\/readaptation.umontreal.ca\/en\/studies\/physiotherapy-training\/","title":{"rendered":"Physiotherapy training"},"content":{"rendered":"<p>The objective of the\u00a0<a href=\"https:\/\/readaptation.umontreal.ca\/etudes\/formation-en-physiotherapie\/le-continuum-baccalaureat-maitrise\/\" target=\"_blank\" rel=\"noopener noreferrer\">Bachelor-master\u2019s continuum in physiotherapy<\/a>\u00a0is to train\u00a0students for them to meet the requirements of the Ordre professionnel de la physioth\u00e9rapie du Qu\u00e9bec (OPPQ) and of the national and international organizations responsible for accreditation of physiotherapy programs. The mission of this continuum of education is to train future autonomous generalist physiotherapists qualified to work in frontline healthcare. These future physiotherapists will be able to prevent, assess, perform a physiotherapy diagnosis and treat conditions affecting the musculoskeletal, neurological, cardiovascular and respiratory systems of clients of all ages. Because their training is based on clinical reasoning, best practices, scientific knowledge and clinical evidence, our students acquire the essential competencies to become clinicians, consultants, teachers, managers or research collaborators. The program\u2019s clinical training prioritizes the acquisition of professional competencies with diversified client populations in an interdisciplinary clinical context.<\/p>\n<p>Several training programs are also offered for practising physiotherapists who wish to acquire new knowledge:<\/p>\n<ul>\n<li><u><a href=\"https:\/\/readaptation.umontreal.ca\/en\/studies\/physiotherapy-training\/masters-degree-for-practising-physiotherapists\/\" target=\"_blank\" rel=\"noopener noreferrer\">Professional master\u2019s degree for physiotherapists<\/a><\/u> (profile B) is designed for practising physiotherapists who wish to acquire new knowledge based on factual evidence, as well as develop new skills and competencies relating to physiotherapy.<\/li>\n<li>The\u00a0short <a href=\"https:\/\/readaptation.umontreal.ca\/en\/studies\/physiotherapy-training\/graduate-microprogram-in-perineal-and-pelvic-rehabilitation\/\" target=\"_blank\" rel=\"noopener noreferrer\">graduate progam in perineal and pelvic rehabilitation<\/a> is intended for practising physiotherapists who wish to develop essential skills necessary to assess and treat varied perineal and pelvic issues in diverse client populations.<\/li>\n<li>The\u00a0<u><a href=\"https:\/\/readaptation.umontreal.ca\/en\/studies\/physiotherapy-training\/continuing-education-for-physiotherapists\/\" target=\"_blank\" rel=\"noopener noreferrer\">continuing education program<\/a><\/u> is mainly intended for clinical preceptors as well as practising physiotherapists who wish to acquire new knowledge in the field of physiotherapy.<\/li>\n<li>The\u00a0<a href=\"https:\/\/readaptation.umontreal.ca\/en\/studies\/physiotherapy-training\/professional-qualification-program-for-physiotherapists-qpp\/\" target=\"_blank\" rel=\"noopener noreferrer\">Professional Qualification Program for physiotherapists (PQP)<\/a> is designed for physiotherapy professionals trained outside of Canada. It allows candidates to obtain the additional training necessary to practise physiotherapy in the province of Quebec, where physiotherapists are autonomous generalists qualified to work in frontline healthcare and direct access settings.<\/li>\n<\/ul>\n<p>&nbsp;<\/p>\n","protected":false},"excerpt":{"rendered":"<p>The objective of the\u00a0Bachelor-master\u2019s continuum in physiotherapy\u00a0is to train\u00a0students for them to meet the requirements of the Ordre professionnel de la physioth\u00e9rapie du Qu\u00e9bec (OPPQ) and of the national and [&hellip;]<\/p>\n","protected":false},"author":25,"featured_media":20711,"parent":13988,"menu_order":2,"comment_status":"closed","ping_status":"closed","template":"","meta":{"footnotes":""},"class_list":["post-13752","page","type-page","status-publish","has-post-thumbnail","hentry"],"yoast_head":"<!-- This site is optimized with the Yoast SEO plugin v25.0 - https:\/\/yoast.com\/wordpress\/plugins\/seo\/ -->\n<title>Physiotherapy training - \u00c9cole de r\u00e9adaptation - Universit\u00e9 de Montr\u00e9al<\/title>\n<meta name=\"robots\" content=\"index, follow, max-snippet:-1, max-image-preview:large, max-video-preview:-1\" \/>\n<link rel=\"canonical\" href=\"https:\/\/readaptation.umontreal.ca\/en\/studies\/physiotherapy-training\/\" \/>\n<meta property=\"og:locale\" content=\"en_US\" \/>\n<meta property=\"og:type\" content=\"article\" \/>\n<meta property=\"og:title\" content=\"Physiotherapy training - \u00c9cole de r\u00e9adaptation - Universit\u00e9 de Montr\u00e9al\" \/>\n<meta property=\"og:description\" content=\"The objective of the\u00a0Bachelor-master\u2019s continuum in physiotherapy\u00a0is to train\u00a0students for them to meet the requirements of the Ordre professionnel de la physioth\u00e9rapie du Qu\u00e9bec (OPPQ) and of the national and [&hellip;]\" \/>\n<meta property=\"og:url\" content=\"https:\/\/readaptation.umontreal.ca\/en\/studies\/physiotherapy-training\/\" \/>\n<meta property=\"og:site_name\" content=\"\u00c9cole de r\u00e9adaptation\" \/>\n<meta property=\"article:modified_time\" content=\"2019-03-04T19:56:02+00:00\" \/>\n<meta property=\"og:image\" content=\"https:\/\/readaptation.umontreal.ca\/wp-content\/uploads\/sites\/21\/sciences_readap.jpg\" \/>\n\t<meta property=\"og:image:width\" content=\"350\" \/>\n\t<meta property=\"og:image:height\" content=\"350\" \/>\n\t<meta property=\"og:image:type\" content=\"image\/jpeg\" \/>\n<meta name=\"twitter:label1\" content=\"Est. reading time\" \/>\n\t<meta name=\"twitter:data1\" content=\"2 minutes\" \/>\n<script type=\"application\/ld+json\" class=\"yoast-schema-graph\">{\"@context\":\"https:\/\/schema.org\",\"@graph\":[{\"@type\":\"WebPage\",\"@id\":\"https:\/\/readaptation.umontreal.ca\/en\/studies\/physiotherapy-training\/\",\"url\":\"https:\/\/readaptation.umontreal.ca\/en\/studies\/physiotherapy-training\/\",\"name\":\"Physiotherapy training - \u00c9cole de r\u00e9adaptation - Universit\u00e9 de Montr\u00e9al\",\"isPartOf\":{\"@id\":\"https:\/\/readaptation.umontreal.ca\/#website\"},\"primaryImageOfPage\":{\"@id\":\"https:\/\/readaptation.umontreal.ca\/en\/studies\/physiotherapy-training\/#primaryimage\"},\"image\":{\"@id\":\"https:\/\/readaptation.umontreal.ca\/en\/studies\/physiotherapy-training\/#primaryimage\"},\"thumbnailUrl\":\"https:\/\/readaptation.umontreal.ca\/wp-content\/uploads\/sites\/21\/sciences_readap.jpg\",\"datePublished\":\"2017-10-31T18:00:57+00:00\",\"dateModified\":\"2019-03-04T19:56:02+00:00\",\"breadcrumb\":{\"@id\":\"https:\/\/readaptation.umontreal.ca\/en\/studies\/physiotherapy-training\/#breadcrumb\"},\"inLanguage\":\"en-US\",\"potentialAction\":[{\"@type\":\"ReadAction\",\"target\":[\"https:\/\/readaptation.umontreal.ca\/en\/studies\/physiotherapy-training\/\"]}]},{\"@type\":\"ImageObject\",\"inLanguage\":\"en-US\",\"@id\":\"https:\/\/readaptation.umontreal.ca\/en\/studies\/physiotherapy-training\/#primaryimage\",\"url\":\"https:\/\/readaptation.umontreal.ca\/wp-content\/uploads\/sites\/21\/sciences_readap.jpg\",\"contentUrl\":\"https:\/\/readaptation.umontreal.ca\/wp-content\/uploads\/sites\/21\/sciences_readap.jpg\",\"width\":350,\"height\":350},{\"@type\":\"BreadcrumbList\",\"@id\":\"https:\/\/readaptation.umontreal.ca\/en\/studies\/physiotherapy-training\/#breadcrumb\",\"itemListElement\":[{\"@type\":\"ListItem\",\"position\":1,\"name\":\"Accueil\",\"item\":\"https:\/\/readaptation.umontreal.ca\/\"},{\"@type\":\"ListItem\",\"position\":2,\"name\":\"Studies\",\"item\":\"https:\/\/readaptation.umontreal.ca\/en\/studies\/\"},{\"@type\":\"ListItem\",\"position\":3,\"name\":\"Physiotherapy training\"}]},{\"@type\":\"WebSite\",\"@id\":\"https:\/\/readaptation.umontreal.ca\/#website\",\"url\":\"https:\/\/readaptation.umontreal.ca\/\",\"name\":\"\u00c9cole de r\u00e9adaptation\",\"description\":\"\",\"potentialAction\":[{\"@type\":\"SearchAction\",\"target\":{\"@type\":\"EntryPoint\",\"urlTemplate\":\"https:\/\/readaptation.umontreal.ca\/?s={search_term_string}\"},\"query-input\":{\"@type\":\"PropertyValueSpecification\",\"valueRequired\":true,\"valueName\":\"search_term_string\"}}],\"inLanguage\":\"en-US\"}]}<\/script>\n<!-- \/ Yoast SEO plugin. -->","yoast_head_json":{"title":"Physiotherapy training - \u00c9cole de r\u00e9adaptation - Universit\u00e9 de Montr\u00e9al","robots":{"index":"index","follow":"follow","max-snippet":"max-snippet:-1","max-image-preview":"max-image-preview:large","max-video-preview":"max-video-preview:-1"},"canonical":"https:\/\/readaptation.umontreal.ca\/en\/studies\/physiotherapy-training\/","og_locale":"en_US","og_type":"article","og_title":"Physiotherapy training - \u00c9cole de r\u00e9adaptation - Universit\u00e9 de Montr\u00e9al","og_description":"The objective of the\u00a0Bachelor-master\u2019s continuum in physiotherapy\u00a0is to train\u00a0students for them to meet the requirements of the Ordre professionnel de la physioth\u00e9rapie du Qu\u00e9bec (OPPQ) and of the national and [&hellip;]","og_url":"https:\/\/readaptation.umontreal.ca\/en\/studies\/physiotherapy-training\/","og_site_name":"\u00c9cole de r\u00e9adaptation","article_modified_time":"2019-03-04T19:56:02+00:00","og_image":[{"width":350,"height":350,"url":"https:\/\/readaptation.umontreal.ca\/wp-content\/uploads\/sites\/21\/sciences_readap.jpg","type":"image\/jpeg"}],"twitter_misc":{"Est. reading time":"2 minutes"},"schema":{"@context":"https:\/\/schema.org","@graph":[{"@type":"WebPage","@id":"https:\/\/readaptation.umontreal.ca\/en\/studies\/physiotherapy-training\/","url":"https:\/\/readaptation.umontreal.ca\/en\/studies\/physiotherapy-training\/","name":"Physiotherapy training - \u00c9cole de r\u00e9adaptation - Universit\u00e9 de Montr\u00e9al","isPartOf":{"@id":"https:\/\/readaptation.umontreal.ca\/#website"},"primaryImageOfPage":{"@id":"https:\/\/readaptation.umontreal.ca\/en\/studies\/physiotherapy-training\/#primaryimage"},"image":{"@id":"https:\/\/readaptation.umontreal.ca\/en\/studies\/physiotherapy-training\/#primaryimage"},"thumbnailUrl":"https:\/\/readaptation.umontreal.ca\/wp-content\/uploads\/sites\/21\/sciences_readap.jpg","datePublished":"2017-10-31T18:00:57+00:00","dateModified":"2019-03-04T19:56:02+00:00","breadcrumb":{"@id":"https:\/\/readaptation.umontreal.ca\/en\/studies\/physiotherapy-training\/#breadcrumb"},"inLanguage":"en-US","potentialAction":[{"@type":"ReadAction","target":["https:\/\/readaptation.umontreal.ca\/en\/studies\/physiotherapy-training\/"]}]},{"@type":"ImageObject","inLanguage":"en-US","@id":"https:\/\/readaptation.umontreal.ca\/en\/studies\/physiotherapy-training\/#primaryimage","url":"https:\/\/readaptation.umontreal.ca\/wp-content\/uploads\/sites\/21\/sciences_readap.jpg","contentUrl":"https:\/\/readaptation.umontreal.ca\/wp-content\/uploads\/sites\/21\/sciences_readap.jpg","width":350,"height":350},{"@type":"BreadcrumbList","@id":"https:\/\/readaptation.umontreal.ca\/en\/studies\/physiotherapy-training\/#breadcrumb","itemListElement":[{"@type":"ListItem","position":1,"name":"Accueil","item":"https:\/\/readaptation.umontreal.ca\/"},{"@type":"ListItem","position":2,"name":"Studies","item":"https:\/\/readaptation.umontreal.ca\/en\/studies\/"},{"@type":"ListItem","position":3,"name":"Physiotherapy training"}]},{"@type":"WebSite","@id":"https:\/\/readaptation.umontreal.ca\/#website","url":"https:\/\/readaptation.umontreal.ca\/","name":"\u00c9cole de r\u00e9adaptation","description":"","potentialAction":[{"@type":"SearchAction","target":{"@type":"EntryPoint","urlTemplate":"https:\/\/readaptation.umontreal.ca\/?s={search_term_string}"},"query-input":{"@type":"PropertyValueSpecification","valueRequired":true,"valueName":"search_term_string"}}],"inLanguage":"en-US"}]}},"_links":{"self":[{"href":"https:\/\/readaptation.umontreal.ca\/en\/wp-json\/wp\/v2\/pages\/13752","targetHints":{"allow":["GET"]}}],"collection":[{"href":"https:\/\/readaptation.umontreal.ca\/en\/wp-json\/wp\/v2\/pages"}],"about":[{"href":"https:\/\/readaptation.umontreal.ca\/en\/wp-json\/wp\/v2\/types\/page"}],"author":[{"embeddable":true,"href":"https:\/\/readaptation.umontreal.ca\/en\/wp-json\/wp\/v2\/users\/25"}],"replies":[{"embeddable":true,"href":"https:\/\/readaptation.umontreal.ca\/en\/wp-json\/wp\/v2\/comments?post=13752"}],"version-history":[{"count":4,"href":"https:\/\/readaptation.umontreal.ca\/en\/wp-json\/wp\/v2\/pages\/13752\/revisions"}],"predecessor-version":[{"id":15777,"href":"https:\/\/readaptation.umontreal.ca\/en\/wp-json\/wp\/v2\/pages\/13752\/revisions\/15777"}],"up":[{"embeddable":true,"href":"https:\/\/readaptation.umontreal.ca\/en\/wp-json\/wp\/v2\/pages\/13988"}],"wp:featuredmedia":[{"embeddable":true,"href":"https:\/\/readaptation.umontreal.ca\/en\/wp-json\/wp\/v2\/media\/20711"}],"wp:attachment":[{"href":"https:\/\/readaptation.umontreal.ca\/en\/wp-json\/wp\/v2\/media?parent=13752"}],"curies":[{"name":"wp","href":"https:\/\/api.w.org\/{rel}","templated":true}]}}