{"id":13749,"date":"2017-10-31T18:59:46","date_gmt":"2017-10-31T17:59:46","guid":{"rendered":"https:\/\/readaptation.umontreal.ca\/?page_id=13749\/"},"modified":"2019-03-01T20:29:03","modified_gmt":"2019-03-01T19:29:03","slug":"continuing-education-for-physiotherapists","status":"publish","type":"page","link":"https:\/\/readaptation.umontreal.ca\/en\/studies\/physiotherapy-training\/continuing-education-for-physiotherapists\/","title":{"rendered":"Continuing education for physiotherapists"},"content":{"rendered":"<p>The Universit\u00e9 de Montr\u00e9al\u2019s physiotherapy program offers continuing education courses primarily dedicated to its clinical preceptors as well as practising physiotherapists who wish to acquire new knowledge in the field of physiotherapy. These courses are held at the School of Rehabilitation, located at 7077 Parc Avenue. All credits are recognized as continuing education credits (HFC) with the Ordre professionnel de la physioth\u00e9rapie du Qu\u00e9bec (OPPQ).<\/p>\n<p>For more information<\/p>\n<p>Laura Galiana, 514-343-6111 ext.33245<\/p>\n","protected":false},"excerpt":{"rendered":"<p>The Universit\u00e9 de Montr\u00e9al\u2019s physiotherapy program offers continuing education courses primarily dedicated to its clinical preceptors as well as practising physiotherapists who wish to acquire new knowledge in the field [&hellip;]<\/p>\n","protected":false},"author":25,"featured_media":0,"parent":13752,"menu_order":15,"comment_status":"closed","ping_status":"closed","template":"","meta":{"footnotes":""},"class_list":["post-13749","page","type-page","status-publish","hentry"],"yoast_head":"<!-- This site is optimized with the Yoast SEO plugin v25.0 - https:\/\/yoast.com\/wordpress\/plugins\/seo\/ -->\n<title>Continuing education for physiotherapists - \u00c9cole de r\u00e9adaptation - Universit\u00e9 de Montr\u00e9al<\/title>\n<meta name=\"robots\" content=\"index, follow, max-snippet:-1, max-image-preview:large, max-video-preview:-1\" \/>\n<link rel=\"canonical\" href=\"https:\/\/readaptation.umontreal.ca\/en\/studies\/physiotherapy-training\/continuing-education-for-physiotherapists\/\" \/>\n<meta property=\"og:locale\" content=\"en_US\" \/>\n<meta property=\"og:type\" content=\"article\" \/>\n<meta property=\"og:title\" content=\"Continuing education for physiotherapists - \u00c9cole de r\u00e9adaptation - Universit\u00e9 de Montr\u00e9al\" \/>\n<meta property=\"og:description\" content=\"The Universit\u00e9 de Montr\u00e9al\u2019s physiotherapy program offers continuing education courses primarily dedicated to its clinical preceptors as well as practising physiotherapists who wish to acquire new knowledge in the field [&hellip;]\" \/>\n<meta property=\"og:url\" content=\"https:\/\/readaptation.umontreal.ca\/en\/studies\/physiotherapy-training\/continuing-education-for-physiotherapists\/\" \/>\n<meta property=\"og:site_name\" content=\"\u00c9cole de r\u00e9adaptation\" \/>\n<meta property=\"article:modified_time\" content=\"2019-03-01T19:29:03+00:00\" \/>\n<script type=\"application\/ld+json\" class=\"yoast-schema-graph\">{\"@context\":\"https:\/\/schema.org\",\"@graph\":[{\"@type\":\"WebPage\",\"@id\":\"https:\/\/readaptation.umontreal.ca\/en\/studies\/physiotherapy-training\/continuing-education-for-physiotherapists\/\",\"url\":\"https:\/\/readaptation.umontreal.ca\/en\/studies\/physiotherapy-training\/continuing-education-for-physiotherapists\/\",\"name\":\"Continuing education for physiotherapists - \u00c9cole de r\u00e9adaptation - Universit\u00e9 de Montr\u00e9al\",\"isPartOf\":{\"@id\":\"https:\/\/readaptation.umontreal.ca\/#website\"},\"datePublished\":\"2017-10-31T17:59:46+00:00\",\"dateModified\":\"2019-03-01T19:29:03+00:00\",\"breadcrumb\":{\"@id\":\"https:\/\/readaptation.umontreal.ca\/en\/studies\/physiotherapy-training\/continuing-education-for-physiotherapists\/#breadcrumb\"},\"inLanguage\":\"en-US\",\"potentialAction\":[{\"@type\":\"ReadAction\",\"target\":[\"https:\/\/readaptation.umontreal.ca\/en\/studies\/physiotherapy-training\/continuing-education-for-physiotherapists\/\"]}]},{\"@type\":\"BreadcrumbList\",\"@id\":\"https:\/\/readaptation.umontreal.ca\/en\/studies\/physiotherapy-training\/continuing-education-for-physiotherapists\/#breadcrumb\",\"itemListElement\":[{\"@type\":\"ListItem\",\"position\":1,\"name\":\"Accueil\",\"item\":\"https:\/\/readaptation.umontreal.ca\/\"},{\"@type\":\"ListItem\",\"position\":2,\"name\":\"Studies\",\"item\":\"https:\/\/readaptation.umontreal.ca\/en\/studies\/\"},{\"@type\":\"ListItem\",\"position\":3,\"name\":\"Physiotherapy training\",\"item\":\"https:\/\/readaptation.umontreal.ca\/en\/studies\/physiotherapy-training\/\"},{\"@type\":\"ListItem\",\"position\":4,\"name\":\"Continuing education for physiotherapists\"}]},{\"@type\":\"WebSite\",\"@id\":\"https:\/\/readaptation.umontreal.ca\/#website\",\"url\":\"https:\/\/readaptation.umontreal.ca\/\",\"name\":\"\u00c9cole de r\u00e9adaptation\",\"description\":\"\",\"potentialAction\":[{\"@type\":\"SearchAction\",\"target\":{\"@type\":\"EntryPoint\",\"urlTemplate\":\"https:\/\/readaptation.umontreal.ca\/?s={search_term_string}\"},\"query-input\":{\"@type\":\"PropertyValueSpecification\",\"valueRequired\":true,\"valueName\":\"search_term_string\"}}],\"inLanguage\":\"en-US\"}]}<\/script>\n<!-- \/ Yoast SEO plugin. -->","yoast_head_json":{"title":"Continuing education for physiotherapists - \u00c9cole de r\u00e9adaptation - Universit\u00e9 de Montr\u00e9al","robots":{"index":"index","follow":"follow","max-snippet":"max-snippet:-1","max-image-preview":"max-image-preview:large","max-video-preview":"max-video-preview:-1"},"canonical":"https:\/\/readaptation.umontreal.ca\/en\/studies\/physiotherapy-training\/continuing-education-for-physiotherapists\/","og_locale":"en_US","og_type":"article","og_title":"Continuing education for physiotherapists - \u00c9cole de r\u00e9adaptation - Universit\u00e9 de Montr\u00e9al","og_description":"The Universit\u00e9 de Montr\u00e9al\u2019s physiotherapy program offers continuing education courses primarily dedicated to its clinical preceptors as well as practising physiotherapists who wish to acquire new knowledge in the field [&hellip;]","og_url":"https:\/\/readaptation.umontreal.ca\/en\/studies\/physiotherapy-training\/continuing-education-for-physiotherapists\/","og_site_name":"\u00c9cole de r\u00e9adaptation","article_modified_time":"2019-03-01T19:29:03+00:00","schema":{"@context":"https:\/\/schema.org","@graph":[{"@type":"WebPage","@id":"https:\/\/readaptation.umontreal.ca\/en\/studies\/physiotherapy-training\/continuing-education-for-physiotherapists\/","url":"https:\/\/readaptation.umontreal.ca\/en\/studies\/physiotherapy-training\/continuing-education-for-physiotherapists\/","name":"Continuing education for physiotherapists - \u00c9cole de r\u00e9adaptation - Universit\u00e9 de Montr\u00e9al","isPartOf":{"@id":"https:\/\/readaptation.umontreal.ca\/#website"},"datePublished":"2017-10-31T17:59:46+00:00","dateModified":"2019-03-01T19:29:03+00:00","breadcrumb":{"@id":"https:\/\/readaptation.umontreal.ca\/en\/studies\/physiotherapy-training\/continuing-education-for-physiotherapists\/#breadcrumb"},"inLanguage":"en-US","potentialAction":[{"@type":"ReadAction","target":["https:\/\/readaptation.umontreal.ca\/en\/studies\/physiotherapy-training\/continuing-education-for-physiotherapists\/"]}]},{"@type":"BreadcrumbList","@id":"https:\/\/readaptation.umontreal.ca\/en\/studies\/physiotherapy-training\/continuing-education-for-physiotherapists\/#breadcrumb","itemListElement":[{"@type":"ListItem","position":1,"name":"Accueil","item":"https:\/\/readaptation.umontreal.ca\/"},{"@type":"ListItem","position":2,"name":"Studies","item":"https:\/\/readaptation.umontreal.ca\/en\/studies\/"},{"@type":"ListItem","position":3,"name":"Physiotherapy training","item":"https:\/\/readaptation.umontreal.ca\/en\/studies\/physiotherapy-training\/"},{"@type":"ListItem","position":4,"name":"Continuing education for physiotherapists"}]},{"@type":"WebSite","@id":"https:\/\/readaptation.umontreal.ca\/#website","url":"https:\/\/readaptation.umontreal.ca\/","name":"\u00c9cole de r\u00e9adaptation","description":"","potentialAction":[{"@type":"SearchAction","target":{"@type":"EntryPoint","urlTemplate":"https:\/\/readaptation.umontreal.ca\/?s={search_term_string}"},"query-input":{"@type":"PropertyValueSpecification","valueRequired":true,"valueName":"search_term_string"}}],"inLanguage":"en-US"}]}},"_links":{"self":[{"href":"https:\/\/readaptation.umontreal.ca\/en\/wp-json\/wp\/v2\/pages\/13749","targetHints":{"allow":["GET"]}}],"collection":[{"href":"https:\/\/readaptation.umontreal.ca\/en\/wp-json\/wp\/v2\/pages"}],"about":[{"href":"https:\/\/readaptation.umontreal.ca\/en\/wp-json\/wp\/v2\/types\/page"}],"author":[{"embeddable":true,"href":"https:\/\/readaptation.umontreal.ca\/en\/wp-json\/wp\/v2\/users\/25"}],"replies":[{"embeddable":true,"href":"https:\/\/readaptation.umontreal.ca\/en\/wp-json\/wp\/v2\/comments?post=13749"}],"version-history":[{"count":2,"href":"https:\/\/readaptation.umontreal.ca\/en\/wp-json\/wp\/v2\/pages\/13749\/revisions"}],"predecessor-version":[{"id":15760,"href":"https:\/\/readaptation.umontreal.ca\/en\/wp-json\/wp\/v2\/pages\/13749\/revisions\/15760"}],"up":[{"embeddable":true,"href":"https:\/\/readaptation.umontreal.ca\/en\/wp-json\/wp\/v2\/pages\/13752"}],"wp:attachment":[{"href":"https:\/\/readaptation.umontreal.ca\/en\/wp-json\/wp\/v2\/media?parent=13749"}],"curies":[{"name":"wp","href":"https:\/\/api.w.org\/{rel}","templated":true}]}}