{"id":13741,"date":"2017-10-31T18:52:16","date_gmt":"2017-10-31T17:52:16","guid":{"rendered":"https:\/\/readaptation.umontreal.ca\/?page_id=13741\/"},"modified":"2019-03-01T20:54:21","modified_gmt":"2019-03-01T19:54:21","slug":"awards-and-bursaries","status":"publish","type":"page","link":"https:\/\/readaptation.umontreal.ca\/en\/studies\/physiotherapy-training\/awards-and-bursaries\/","title":{"rendered":"Awards and Bursaries"},"content":{"rendered":"<h2>Description of awards<\/h2>\n<h3><strong>For students<\/strong><\/h3>\n<ul>\n<li>Canadian Physiotherapy Assocation (CPA) Award<br \/>\nThis prize is awarded to the student with the highest overall GPA during his\/her studies. The selection of the candidate is based on academic results from courses and placements.<\/li>\n<li>Award from l\u2019Ordre professionnel de la physioth\u00e9rapie du Qu\u00e9bec (OPPQ)<br \/>\nThis prize is awarded to the student who excels in his\/her clinical placements. The candidate is chosen by the program\u2019s clinical training committee<\/li>\n<li>Martine-Chabot Award<br \/>\nThis prize is awarded to a student for his\/her determination, courage and tenacity during their course of studies. The candidate is recommended among his peers and approved by the program and the Chabot family.<br \/>\n<a href=\"https:\/\/readaptation.umontreal.ca\/wp-content\/uploads\/sites\/21\/FormDon_FdsMartineChabot.pdf\">To donate to the Martine-Chabot<\/a>\u00a0Award<\/li>\n<li>Fran\u00e7oise Savard-Goulet Award<br \/>\nThis prize is awarded to a student for excellent academic results, professionalism and contribution to the School\u2019s activities. The candidate is chosen among his peers and approved by the program.<\/li>\n<li>Andr\u00e9e Forget Award<br \/>\nThis award encourages the development of rehabilitation at the international level. It was created to promote and finance student activities and the School of Rehabilitation teachers\u2019 initiatives for rehabilitation in developing countries. All financing requests must be submitted to the director of the School of Rehabilitation and information requests should be directed to the director of the physiotherapy program<\/li>\n<li>Award of excellence in cardiorespiratory physiotherapy (Canadian Physiotherapy Association)<br \/>\nThis prize is awarded to the student that stands out in this field at an academic and clinical level and that demonstrates an interest for this field.<\/li>\n<li>Award from the Canadian Academy of Manual Therapy<br \/>\nThis prize is awarded to the student that stands out in the practice of manual therapy during the course Advanced MSK physiotherapy (PHT-6006)<\/li>\n<li>Excellence in Leadership Award (Canadian Physiotherapy Association)<br \/>\nThis award aims at recognizing a student that demonstrates exceptional leadership qualities in the promotion of the physiotherapy profession.<\/li>\n<li>Pediatric Division Award (Canadian Physiotherapy Association)<br \/>\nThis prize is awarded to the student for excellence in pediatric physiotherapy. The candidate is selected by a teacher\u2019s committee.<\/li>\n<li>Action Sport Physio Bursary<br \/>\nThis bursary is awarded to a graduating student to highlight academic excellence in a sport-study program or involvement with athletic teams.<\/li>\n<\/ul>\n<h3><strong>For clinical preceptors<\/strong><\/h3>\n<ul>\n<li>Ath\u00e9na Award<br \/>\nThis prize is awarded to a clinical preceptor for their remarkable contribution and involvement in clinical training of students.<br \/>\nTo donate to the Ath\u00e9na Award<\/li>\n<li>Atlas M\u00e9dic Award<br \/>\nThis prize is awarded to a clinical site\u2019s team of physiotherapists for their excellence in teaching<\/li>\n<\/ul>\n<h3><strong>For teachers<\/strong><\/h3>\n<ul>\n<li>Atlas Award<br \/>\nThis prize is awarded by the graduating class of the program to a professor who excels in teaching. The selection of the professor is managed entirely by the students in the program.<\/li>\n<\/ul>\n","protected":false},"excerpt":{"rendered":"<p>Description of awards For students Canadian Physiotherapy Assocation (CPA) Award This prize is awarded to the student with the highest overall GPA during his\/her studies. The selection of the candidate [&hellip;]<\/p>\n","protected":false},"author":25,"featured_media":0,"parent":13752,"menu_order":15,"comment_status":"closed","ping_status":"closed","template":"","meta":{"footnotes":""},"class_list":["post-13741","page","type-page","status-publish","hentry"],"yoast_head":"<!-- This site is optimized with the Yoast SEO plugin v25.0 - https:\/\/yoast.com\/wordpress\/plugins\/seo\/ -->\n<title>Awards and Bursaries - \u00c9cole de r\u00e9adaptation - Universit\u00e9 de Montr\u00e9al<\/title>\n<meta name=\"robots\" content=\"index, follow, max-snippet:-1, max-image-preview:large, max-video-preview:-1\" \/>\n<link rel=\"canonical\" href=\"https:\/\/readaptation.umontreal.ca\/en\/studies\/physiotherapy-training\/awards-and-bursaries\/\" \/>\n<meta property=\"og:locale\" content=\"en_US\" \/>\n<meta property=\"og:type\" content=\"article\" \/>\n<meta property=\"og:title\" content=\"Awards and Bursaries - \u00c9cole de r\u00e9adaptation - Universit\u00e9 de Montr\u00e9al\" \/>\n<meta property=\"og:description\" content=\"Description of awards For students Canadian Physiotherapy Assocation (CPA) Award This prize is awarded to the student with the highest overall GPA during his\/her studies. The selection of the candidate [&hellip;]\" \/>\n<meta property=\"og:url\" content=\"https:\/\/readaptation.umontreal.ca\/en\/studies\/physiotherapy-training\/awards-and-bursaries\/\" \/>\n<meta property=\"og:site_name\" content=\"\u00c9cole de r\u00e9adaptation\" \/>\n<meta property=\"article:modified_time\" content=\"2019-03-01T19:54:21+00:00\" \/>\n<meta name=\"twitter:label1\" content=\"Est. reading time\" \/>\n\t<meta name=\"twitter:data1\" content=\"2 minutes\" \/>\n<script type=\"application\/ld+json\" class=\"yoast-schema-graph\">{\"@context\":\"https:\/\/schema.org\",\"@graph\":[{\"@type\":\"WebPage\",\"@id\":\"https:\/\/readaptation.umontreal.ca\/en\/studies\/physiotherapy-training\/awards-and-bursaries\/\",\"url\":\"https:\/\/readaptation.umontreal.ca\/en\/studies\/physiotherapy-training\/awards-and-bursaries\/\",\"name\":\"Awards and Bursaries - \u00c9cole de r\u00e9adaptation - Universit\u00e9 de Montr\u00e9al\",\"isPartOf\":{\"@id\":\"https:\/\/readaptation.umontreal.ca\/#website\"},\"datePublished\":\"2017-10-31T17:52:16+00:00\",\"dateModified\":\"2019-03-01T19:54:21+00:00\",\"breadcrumb\":{\"@id\":\"https:\/\/readaptation.umontreal.ca\/en\/studies\/physiotherapy-training\/awards-and-bursaries\/#breadcrumb\"},\"inLanguage\":\"en-US\",\"potentialAction\":[{\"@type\":\"ReadAction\",\"target\":[\"https:\/\/readaptation.umontreal.ca\/en\/studies\/physiotherapy-training\/awards-and-bursaries\/\"]}]},{\"@type\":\"BreadcrumbList\",\"@id\":\"https:\/\/readaptation.umontreal.ca\/en\/studies\/physiotherapy-training\/awards-and-bursaries\/#breadcrumb\",\"itemListElement\":[{\"@type\":\"ListItem\",\"position\":1,\"name\":\"Accueil\",\"item\":\"https:\/\/readaptation.umontreal.ca\/\"},{\"@type\":\"ListItem\",\"position\":2,\"name\":\"Studies\",\"item\":\"https:\/\/readaptation.umontreal.ca\/en\/studies\/\"},{\"@type\":\"ListItem\",\"position\":3,\"name\":\"Physiotherapy training\",\"item\":\"https:\/\/readaptation.umontreal.ca\/en\/studies\/physiotherapy-training\/\"},{\"@type\":\"ListItem\",\"position\":4,\"name\":\"Awards and Bursaries\"}]},{\"@type\":\"WebSite\",\"@id\":\"https:\/\/readaptation.umontreal.ca\/#website\",\"url\":\"https:\/\/readaptation.umontreal.ca\/\",\"name\":\"\u00c9cole de r\u00e9adaptation\",\"description\":\"\",\"potentialAction\":[{\"@type\":\"SearchAction\",\"target\":{\"@type\":\"EntryPoint\",\"urlTemplate\":\"https:\/\/readaptation.umontreal.ca\/?s={search_term_string}\"},\"query-input\":{\"@type\":\"PropertyValueSpecification\",\"valueRequired\":true,\"valueName\":\"search_term_string\"}}],\"inLanguage\":\"en-US\"}]}<\/script>\n<!-- \/ Yoast SEO plugin. -->","yoast_head_json":{"title":"Awards and Bursaries - \u00c9cole de r\u00e9adaptation - Universit\u00e9 de Montr\u00e9al","robots":{"index":"index","follow":"follow","max-snippet":"max-snippet:-1","max-image-preview":"max-image-preview:large","max-video-preview":"max-video-preview:-1"},"canonical":"https:\/\/readaptation.umontreal.ca\/en\/studies\/physiotherapy-training\/awards-and-bursaries\/","og_locale":"en_US","og_type":"article","og_title":"Awards and Bursaries - \u00c9cole de r\u00e9adaptation - Universit\u00e9 de Montr\u00e9al","og_description":"Description of awards For students Canadian Physiotherapy Assocation (CPA) Award This prize is awarded to the student with the highest overall GPA during his\/her studies. The selection of the candidate [&hellip;]","og_url":"https:\/\/readaptation.umontreal.ca\/en\/studies\/physiotherapy-training\/awards-and-bursaries\/","og_site_name":"\u00c9cole de r\u00e9adaptation","article_modified_time":"2019-03-01T19:54:21+00:00","twitter_misc":{"Est. reading time":"2 minutes"},"schema":{"@context":"https:\/\/schema.org","@graph":[{"@type":"WebPage","@id":"https:\/\/readaptation.umontreal.ca\/en\/studies\/physiotherapy-training\/awards-and-bursaries\/","url":"https:\/\/readaptation.umontreal.ca\/en\/studies\/physiotherapy-training\/awards-and-bursaries\/","name":"Awards and Bursaries - \u00c9cole de r\u00e9adaptation - Universit\u00e9 de Montr\u00e9al","isPartOf":{"@id":"https:\/\/readaptation.umontreal.ca\/#website"},"datePublished":"2017-10-31T17:52:16+00:00","dateModified":"2019-03-01T19:54:21+00:00","breadcrumb":{"@id":"https:\/\/readaptation.umontreal.ca\/en\/studies\/physiotherapy-training\/awards-and-bursaries\/#breadcrumb"},"inLanguage":"en-US","potentialAction":[{"@type":"ReadAction","target":["https:\/\/readaptation.umontreal.ca\/en\/studies\/physiotherapy-training\/awards-and-bursaries\/"]}]},{"@type":"BreadcrumbList","@id":"https:\/\/readaptation.umontreal.ca\/en\/studies\/physiotherapy-training\/awards-and-bursaries\/#breadcrumb","itemListElement":[{"@type":"ListItem","position":1,"name":"Accueil","item":"https:\/\/readaptation.umontreal.ca\/"},{"@type":"ListItem","position":2,"name":"Studies","item":"https:\/\/readaptation.umontreal.ca\/en\/studies\/"},{"@type":"ListItem","position":3,"name":"Physiotherapy training","item":"https:\/\/readaptation.umontreal.ca\/en\/studies\/physiotherapy-training\/"},{"@type":"ListItem","position":4,"name":"Awards and Bursaries"}]},{"@type":"WebSite","@id":"https:\/\/readaptation.umontreal.ca\/#website","url":"https:\/\/readaptation.umontreal.ca\/","name":"\u00c9cole de r\u00e9adaptation","description":"","potentialAction":[{"@type":"SearchAction","target":{"@type":"EntryPoint","urlTemplate":"https:\/\/readaptation.umontreal.ca\/?s={search_term_string}"},"query-input":{"@type":"PropertyValueSpecification","valueRequired":true,"valueName":"search_term_string"}}],"inLanguage":"en-US"}]}},"_links":{"self":[{"href":"https:\/\/readaptation.umontreal.ca\/en\/wp-json\/wp\/v2\/pages\/13741","targetHints":{"allow":["GET"]}}],"collection":[{"href":"https:\/\/readaptation.umontreal.ca\/en\/wp-json\/wp\/v2\/pages"}],"about":[{"href":"https:\/\/readaptation.umontreal.ca\/en\/wp-json\/wp\/v2\/types\/page"}],"author":[{"embeddable":true,"href":"https:\/\/readaptation.umontreal.ca\/en\/wp-json\/wp\/v2\/users\/25"}],"replies":[{"embeddable":true,"href":"https:\/\/readaptation.umontreal.ca\/en\/wp-json\/wp\/v2\/comments?post=13741"}],"version-history":[{"count":4,"href":"https:\/\/readaptation.umontreal.ca\/en\/wp-json\/wp\/v2\/pages\/13741\/revisions"}],"predecessor-version":[{"id":15764,"href":"https:\/\/readaptation.umontreal.ca\/en\/wp-json\/wp\/v2\/pages\/13741\/revisions\/15764"}],"up":[{"embeddable":true,"href":"https:\/\/readaptation.umontreal.ca\/en\/wp-json\/wp\/v2\/pages\/13752"}],"wp:attachment":[{"href":"https:\/\/readaptation.umontreal.ca\/en\/wp-json\/wp\/v2\/media?parent=13741"}],"curies":[{"name":"wp","href":"https:\/\/api.w.org\/{rel}","templated":true}]}}